{"id":5076,"date":"2021-02-05T18:14:49","date_gmt":"2021-02-05T16:14:49","guid":{"rendered":"https:\/\/eklandwood.com\/tall\/"},"modified":"2024-05-15T10:11:11","modified_gmt":"2024-05-15T07:11:11","slug":"tall","status":"publish","type":"page","link":"https:\/\/eklandwood.com\/sv\/tall\/","title":{"rendered":"TALL"},"content":{"rendered":"<div  style='height:10px' class='hr hr-invisible   avia-builder-el-0  el_before_av_section  avia-builder-el-no-sibling '><span class='hr-inner ' ><span class='hr-inner-style'><\/span><\/span><\/div>\n<\/div><\/div><\/div><!-- close content main div --><\/div><\/div><div id='av_section_1'  class='avia-section main_color avia-section-default avia-no-border-styling  avia-bg-style-scroll  avia-builder-el-1  el_after_av_hr  el_before_av_hr   container_wrap sidebar_right' style='background-color: #f6f2ef;  '  ><div class='container' ><div class='template-page content  av-content-small alpha units'><div class='post-entry post-entry-type-page post-entry-5076'><div class='entry-content-wrapper clearfix'>\n<div class='flex_column_table av-equal-height-column-flextable -flextable' style='margin-top:0px; margin-bottom:0px; '><div class=\"flex_column av_one_half  no_margin flex_column_table_cell av-equal-height-column av-align-middle first  avia-builder-el-2  el_before_av_one_half  avia-builder-el-first  mobile-padding \" style='padding:0px 100px 0px 100px ; border-radius:0px; '><p><div  style='height:100px' class='hr hr-invisible   avia-builder-el-3  el_before_av_textblock  avia-builder-el-first '><span class='hr-inner ' ><span class='hr-inner-style'><\/span><\/span><\/div><br \/>\n<section class=\"av_textblock_section \"  itemscope=\"itemscope\" itemtype=\"https:\/\/schema.org\/CreativeWork\" ><div class='avia_textblock  '   itemprop=\"text\" ><h2 style=\"text-align: center;\">TALL<\/h2>\n<\/div><\/section><br \/>\n<div  style=' margin-top:10px; margin-bottom:10px;'  class='hr hr-custom hr-center hr-icon-no   avia-builder-el-5  el_after_av_textblock  el_before_av_textblock '><span class='hr-inner  inner-border-av-border-fat' style=' width:180px; border-color:#000000;' ><span class='hr-inner-style'><\/span><\/span><\/div><br \/>\n<section class=\"av_textblock_section \"  itemscope=\"itemscope\" itemtype=\"https:\/\/schema.org\/CreativeWork\" ><div class='avia_textblock  '   itemprop=\"text\" ><section class=\"av_textblock_section \">\n<div class=\"avia_textblock \">\n<p style=\"text-align: center;\">Termo-tall \u00a0kombinerar det rustika utseendet p\u00e5 vanlig tall med ett mer l\u00e5ngvarigt och h\u00e5llbart resultat.\u00a0Termisk modifiering \u00f6kar den biologiska h\u00e5llbarheten hos Tall (Klass 2), vilket \u00e4r extremt viktigt f\u00f6r utomhusbruk.<\/p>\n<p style=\"text-align: center;\">Termiskt modifierat tr\u00e4 har en l\u00e4gre fuktabsorptionsf\u00f6rm\u00e5ga och mindre fuktinducerad deformation som ett resultat. Det \u00e4r d\u00e4rf\u00f6r ett utm\u00e4rkt val f\u00f6r utomhusbruk.<\/p>\n<p style=\"text-align: center;\">Modifieringsprocessen l\u00e4gger till en vacker gyllenbrun ton till tall.\u00a0<span class=\"JLqJ4b\" data-language-for-alternatives=\"sv\" data-language-to-translate-into=\"en\" data-phrase-index=\"1\"><span class=\"JLqJ4b ChMk0b\" data-language-for-alternatives=\"sv\" data-language-to-translate-into=\"en\" data-phrase-index=\"2\">F\u00f6rutom att det \u00e4r h\u00e5llbart \u00e4r termiskt modifierade tall milj\u00f6v\u00e4nlig eftersom den termiska modifieringen \u00e4r kemikaliefri och det avfall som genereras inte \u00e4r skadligt f\u00f6r milj\u00f6n.\u00a0<\/span><\/span><span class=\"JLqJ4b\" data-language-for-alternatives=\"sv\" data-language-to-translate-into=\"en\" data-phrase-index=\"1\"><span class=\"JLqJ4b ChMk0b\" data-language-for-alternatives=\"sv\" data-language-to-translate-into=\"en\" data-phrase-index=\"2\">Fritt fr\u00e5n kemikalier och \u00e4r extremt h\u00e5llbart n\u00e4r det anv\u00e4nds utomhus.<\/span><\/span><\/p>\n<\/div>\n<\/section>\n<\/div><\/section><br \/>\n<div  style='height:30px' class='hr hr-invisible  av-desktop-hide av-medium-hide  avia-builder-el-7  el_after_av_textblock  el_before_av_hr '><span class='hr-inner ' ><span class='hr-inner-style'><\/span><\/span><\/div><br \/>\n<div  style='height:50px' class='hr hr-invisible  av-small-hide av-mini-hide  avia-builder-el-8  el_after_av_hr  avia-builder-el-last '><span class='hr-inner ' ><span class='hr-inner-style'><\/span><\/span><\/div><\/p><\/div><div class=\"flex_column av_one_half  no_margin flex_column_table_cell av-equal-height-column av-align-middle av-zero-column-padding   avia-builder-el-9  el_after_av_one_half  avia-builder-el-last  \" style='border-radius:0px; '><section class=\"av_textblock_section \"  itemscope=\"itemscope\" itemtype=\"https:\/\/schema.org\/CreativeWork\" ><div class='avia_textblock  '   itemprop=\"text\" ><h2 style=\"text-align: center;\">F\u00c4RG\u00c5LDERSUTVECKLING AV TALL UTAN OLJEBEHANDLING<\/h2>\n<\/div><\/section><br \/>\n<div  style=' margin-top:20px; margin-bottom:30px;'  class='hr hr-custom hr-center hr-icon-no   avia-builder-el-11  el_after_av_textblock  el_before_av_image '><span class='hr-inner  inner-border-av-border-fat' style=' width:180px; border-color:#000000;' ><span class='hr-inner-style'><\/span><\/span><\/div><br \/>\n<div  class='avia-image-container  av-styling-    avia-builder-el-12  el_after_av_hr  avia-builder-el-last  avia-align-center '  itemprop=\"image\" itemscope=\"itemscope\" itemtype=\"https:\/\/schema.org\/ImageObject\"  ><div class='avia-image-container-inner'><div class='avia-image-overlay-wrap'><img decoding=\"async\" class='wp-image-4077 avia-img-lazy-loading-not-4077 avia_image' src=\"https:\/\/eklandwood.com\/wp-content\/uploads\/2020\/11\/Pine-Colour-Evolution-Chart-1030x148.jpg\" alt='Pine Colour Evolution Chart' title='Pine Colour Evolution Chart' height=\"148\" width=\"1030\"  itemprop=\"thumbnailUrl\" srcset=\"https:\/\/eklandwood.com\/wp-content\/uploads\/2020\/11\/Pine-Colour-Evolution-Chart-1030x148.jpg 1030w, https:\/\/eklandwood.com\/wp-content\/uploads\/2020\/11\/Pine-Colour-Evolution-Chart-300x43.jpg 300w, https:\/\/eklandwood.com\/wp-content\/uploads\/2020\/11\/Pine-Colour-Evolution-Chart-768x110.jpg 768w, https:\/\/eklandwood.com\/wp-content\/uploads\/2020\/11\/Pine-Colour-Evolution-Chart-1536x220.jpg 1536w, https:\/\/eklandwood.com\/wp-content\/uploads\/2020\/11\/Pine-Colour-Evolution-Chart-1500x215.jpg 1500w, https:\/\/eklandwood.com\/wp-content\/uploads\/2020\/11\/Pine-Colour-Evolution-Chart-705x101.jpg 705w, https:\/\/eklandwood.com\/wp-content\/uploads\/2020\/11\/Pine-Colour-Evolution-Chart.jpg 1627w\" sizes=\"(max-width: 1030px) 100vw, 1030px\" \/><\/div><\/div><\/div><\/p><\/div><\/div><!--close column table wrapper. Autoclose: 1 -->\n<\/div><\/div><\/div><!-- close content main div --><\/div><\/div><div id='after_section_1'  class='main_color av_default_container_wrap container_wrap sidebar_right' style=' '  ><div class='container' ><div class='template-page content  av-content-small alpha units'><div class='post-entry post-entry-type-page post-entry-5076'><div class='entry-content-wrapper clearfix'>\n<div  style='height:10px' class='hr hr-invisible   avia-builder-el-13  el_after_av_section  el_before_av_section  avia-builder-el-no-sibling '><span class='hr-inner ' ><span class='hr-inner-style'><\/span><\/span><\/div>\n<\/div><\/div><\/div><!-- close content main div --><\/div><\/div><div id='av_section_2'  class='avia-section main_color avia-section-default avia-no-border-styling  avia-bg-style-scroll  avia-builder-el-14  el_after_av_hr  el_before_av_hr   container_wrap sidebar_right' style='background-color: #f6f2ef;  '  ><div class='container' ><div class='template-page content  av-content-small alpha units'><div class='post-entry post-entry-type-page post-entry-5076'><div class='entry-content-wrapper clearfix'>\n<div class='flex_column_table av-equal-height-column-flextable -flextable' style='margin-top:0px; margin-bottom:0px; '><div class=\"flex_column av_one_half  avia-full-stretch no_margin flex_column_table_cell av-equal-height-column av-align-middle av-zero-column-padding first  avia-builder-el-15  el_before_av_one_half  avia-builder-el-first  mobile-img \" style='background:url(https:\/\/eklandwood.com\/wp-content\/uploads\/2023\/06\/Paide-riigigumnaasium-4-1030x773.jpg) center center no-repeat  #fdf1e0; background-color:#fdf1e0; border-radius:0px; '><\/div><div class=\"flex_column av_one_half  no_margin flex_column_table_cell av-equal-height-column av-align-middle   avia-builder-el-16  el_after_av_one_half  avia-builder-el-last  mobile-padding \" style='padding:0px 100px 0px 100px ; border-radius:0px; '><p><div  style='height:10px' class='hr hr-invisible   avia-builder-el-17  el_before_av_hr  avia-builder-el-first '><span class='hr-inner ' ><span class='hr-inner-style'><\/span><\/span><\/div><br \/>\n<div  style='height:10px' class='hr hr-invisible   avia-builder-el-18  el_after_av_hr  el_before_av_hr '><span class='hr-inner ' ><span class='hr-inner-style'><\/span><\/span><\/div><br \/>\n<div  style='height:10px' class='hr hr-invisible   avia-builder-el-19  el_after_av_hr  el_before_av_textblock '><span class='hr-inner ' ><span class='hr-inner-style'><\/span><\/span><\/div><br \/>\n<section class=\"av_textblock_section \"  itemscope=\"itemscope\" itemtype=\"https:\/\/schema.org\/CreativeWork\" ><div class='avia_textblock  '   itemprop=\"text\" ><section class=\"av_textblock_section \">\n<div class=\"avia_textblock  \">\n<p style=\"text-align: left;\">Naturligt ljus f\u00e4rg, distinkta kvistar med h\u00f6gsta niv\u00e5 eller ruttningsbest\u00e4ndighet (Klass 2 h\u00e5llbarhet 20+ \u00e5r) p\u00e5 barrvedsmarknaden.<\/p>\n<p style=\"text-align: left;\"><strong>Ursprung<\/strong>: Skandinavien<\/p>\n<p style=\"text-align: left;\"><strong>Anv\u00e4ndningsomr\u00e5den<\/strong>:\u00a0 Br\u00e4dbel\u00e4ggning och fasadbekl\u00e4dning<\/p>\n<p style=\"text-align: left;\"><strong>Ytfinish<\/strong>: hyvlad, borstad, avs\u00e5gad<\/p>\n<p style=\"text-align: left;\"><strong>Oljebehandling<\/strong>: F\u00f6roljade br\u00e4dor \u00e4r tillg\u00e4ngliga<\/p>\n<p style=\"text-align: left;\"><strong>Color Ageing Evolution<\/strong>: Solljus och regn p\u00e5verkar den hastighet som produkter \u00e5ldras p\u00e5. N\u00e4r den l\u00e4mnas obehandlad blir tall \u00e5ldrad till en platinagr\u00e5 f\u00e4rg.<\/p>\n<\/div>\n<\/section>\n<\/div><\/section><br \/>\n<div  style='height:10px' class='hr hr-invisible  av-desktop-hide av-medium-hide  avia-builder-el-21  el_after_av_textblock  el_before_av_hr '><span class='hr-inner ' ><span class='hr-inner-style'><\/span><\/span><\/div><br \/>\n<div  style='height:100px' class='hr hr-invisible  av-small-hide av-mini-hide  avia-builder-el-22  el_after_av_hr  avia-builder-el-last '><span class='hr-inner ' ><span class='hr-inner-style'><\/span><\/span><\/div><\/p><\/div><\/div><!--close column table wrapper. Autoclose: 1 --><\/div><\/div><\/div><!-- close content main div --><\/div><\/div><div id='after_section_2'  class='main_color av_default_container_wrap container_wrap sidebar_right' style=' '  ><div class='container' ><div class='template-page content  av-content-small alpha units'><div class='post-entry post-entry-type-page post-entry-5076'><div class='entry-content-wrapper clearfix'><div  style='height:10px' class='hr hr-invisible   avia-builder-el-23  el_after_av_section  avia-builder-el-no-sibling '><span class='hr-inner ' ><span class='hr-inner-style'><\/span><\/span><\/div><\/p>\n","protected":false},"excerpt":{"rendered":"","protected":false},"author":3,"featured_media":0,"parent":0,"menu_order":0,"comment_status":"closed","ping_status":"closed","template":"","meta":{"inline_featured_image":false,"footnotes":""},"class_list":["post-5076","page","type-page","status-publish","hentry"],"_links":{"self":[{"href":"https:\/\/eklandwood.com\/sv\/wp-json\/wp\/v2\/pages\/5076","targetHints":{"allow":["GET"]}}],"collection":[{"href":"https:\/\/eklandwood.com\/sv\/wp-json\/wp\/v2\/pages"}],"about":[{"href":"https:\/\/eklandwood.com\/sv\/wp-json\/wp\/v2\/types\/page"}],"author":[{"embeddable":true,"href":"https:\/\/eklandwood.com\/sv\/wp-json\/wp\/v2\/users\/3"}],"replies":[{"embeddable":true,"href":"https:\/\/eklandwood.com\/sv\/wp-json\/wp\/v2\/comments?post=5076"}],"version-history":[{"count":29,"href":"https:\/\/eklandwood.com\/sv\/wp-json\/wp\/v2\/pages\/5076\/revisions"}],"predecessor-version":[{"id":11102,"href":"https:\/\/eklandwood.com\/sv\/wp-json\/wp\/v2\/pages\/5076\/revisions\/11102"}],"wp:attachment":[{"href":"https:\/\/eklandwood.com\/sv\/wp-json\/wp\/v2\/media?parent=5076"}],"curies":[{"name":"wp","href":"https:\/\/api.w.org\/{rel}","templated":true}]}}