{"id":5058,"date":"2021-02-05T17:56:27","date_gmt":"2021-02-05T15:56:27","guid":{"rendered":"https:\/\/eklandwood.com\/golv\/"},"modified":"2025-08-18T11:20:40","modified_gmt":"2025-08-18T08:20:40","slug":"golv","status":"publish","type":"page","link":"https:\/\/eklandwood.com\/sv\/golv\/","title":{"rendered":"GOLV"},"content":{"rendered":"<div  style='height:10px' class='hr hr-invisible   avia-builder-el-0  el_before_av_section  avia-builder-el-no-sibling '><span class='hr-inner ' ><span class='hr-inner-style'><\/span><\/span><\/div>\n<\/div><\/div><\/div><!-- close content main div --><\/div><\/div><div id='av_section_1'  class='avia-section main_color avia-section-default avia-no-border-styling  avia-bg-style-scroll  avia-builder-el-1  el_after_av_hr  el_before_av_hr   container_wrap sidebar_right' style='background-color: #f6f2ef;  '  ><div class='container' ><div class='template-page content  av-content-small alpha units'><div class='post-entry post-entry-type-page post-entry-5058'><div class='entry-content-wrapper clearfix'>\n<div class='flex_column_table av-equal-height-column-flextable -flextable' style='margin-top:0px; margin-bottom:0px; '><div class=\"flex_column av_one_half  no_margin flex_column_table_cell av-equal-height-column av-align-middle first  avia-builder-el-2  el_before_av_one_half  avia-builder-el-first  mobile-padding \" style='padding:0px 100px 0px 100px ; border-radius:0px; '><p><div  style='height:100px' class='hr hr-invisible   avia-builder-el-3  el_before_av_textblock  avia-builder-el-first '><span class='hr-inner ' ><span class='hr-inner-style'><\/span><\/span><\/div><br \/>\n<section class=\"av_textblock_section \"  itemscope=\"itemscope\" itemtype=\"https:\/\/schema.org\/CreativeWork\" ><div class='avia_textblock  '   itemprop=\"text\" ><h2 style=\"text-align: center;\">Golv<\/h2>\n<\/div><\/section><br \/>\n<div  style=' margin-top:10px; margin-bottom:10px;'  class='hr hr-custom hr-center hr-icon-no   avia-builder-el-5  el_after_av_textblock  el_before_av_textblock '><span class='hr-inner  inner-border-av-border-fat' style=' width:180px; border-color:#000000;' ><span class='hr-inner-style'><\/span><\/span><\/div><br \/>\n<section class=\"av_textblock_section \"  itemscope=\"itemscope\" itemtype=\"https:\/\/schema.org\/CreativeWork\" ><div class='avia_textblock  '   itemprop=\"text\" ><p style=\"text-align: center;\">Thermory termiskt modifierade askgolv levereras ofullbordat och ger dig valet av oljor och lacker f\u00f6r att uppn\u00e5 din \u00f6nskade estetik.<\/p>\n<p style=\"text-align: center;\">Askgolv \u00e4r kompatibla med golvv\u00e4rmesystem p\u00e5 grund av dess stabilitet tack vare termisk modifiering. F\u00f6r ytterligare stabilitet best\u00e5r v\u00e5ra konstruerade av 245 mm br\u00e4dor av mediumbehandlad Thermo-Ask p\u00e5 en bas av h\u00f6gkvalitativ plywood.<\/p>\n<p style=\"text-align: center;\">Askgolv \u00e4r l\u00e4mpliga f\u00f6r omr\u00e5den med h\u00f6g trafik inklusive hotell, restauranger och f\u00f6retagsbyggnader.<\/p>\n<p style=\"text-align: center;\"><strong>Profiler:<\/strong> 245 mm bredd x 18 mm tjocklek.<\/p>\n<\/div><\/section><br \/>\n<div  style='height:10px' class='hr hr-invisible  av-desktop-hide av-medium-hide  avia-builder-el-7  el_after_av_textblock  el_before_av_hr '><span class='hr-inner ' ><span class='hr-inner-style'><\/span><\/span><\/div><br \/>\n<div  style='height:100px' class='hr hr-invisible  av-small-hide av-mini-hide  avia-builder-el-8  el_after_av_hr  avia-builder-el-last '><span class='hr-inner ' ><span class='hr-inner-style'><\/span><\/span><\/div><\/p><\/div><div class=\"flex_column av_one_half  no_margin flex_column_table_cell av-equal-height-column av-align-middle   avia-builder-el-9  el_after_av_one_half  avia-builder-el-last  mobile-padding \" style='padding:0px 100px 0px 100px ; border-radius:0px; '><div  class='avia-gallery  avia-gallery-1 avia_lazyload avia-gallery-animate avia_animate_when_visible  avia-builder-el-10  avia-builder-el-no-sibling '  itemprop=\"image\" itemscope=\"itemscope\" itemtype=\"https:\/\/schema.org\/ImageObject\" ><div class='avia-gallery-thumb'> <a href='https:\/\/eklandwood.com\/wp-content\/uploads\/2020\/11\/1-Flooring-1-1030x687.jpg' data-rel='gallery-1' data-prev-img='https:\/\/eklandwood.com\/wp-content\/uploads\/2020\/11\/1-Flooring-1-495x400.jpg' class='first_thumb lightbox ' data-onclick='1' title=''  itemprop=\"thumbnailUrl\"  ><img decoding=\"async\" class=\"wp-image-4501 avia-img-lazy-loading-not-4501\"  data-avia-tooltip='Thermory Flooring' src=\"https:\/\/eklandwood.com\/wp-content\/uploads\/2020\/11\/1-Flooring-1-1030x687.jpg\" width=\"1030\" height=\"687\"  title='Thermory Flooring' alt='Thermory Flooring' srcset=\"https:\/\/eklandwood.com\/wp-content\/uploads\/2020\/11\/1-Flooring-1-1030x687.jpg 1030w, https:\/\/eklandwood.com\/wp-content\/uploads\/2020\/11\/1-Flooring-1-300x200.jpg 300w, https:\/\/eklandwood.com\/wp-content\/uploads\/2020\/11\/1-Flooring-1-768x512.jpg 768w, https:\/\/eklandwood.com\/wp-content\/uploads\/2020\/11\/1-Flooring-1-705x470.jpg 705w, https:\/\/eklandwood.com\/wp-content\/uploads\/2020\/11\/1-Flooring-1-900x600.jpg 900w, https:\/\/eklandwood.com\/wp-content\/uploads\/2020\/11\/1-Flooring-1.jpg 1200w\" sizes=\"(max-width: 1030px) 100vw, 1030px\" \/><\/a> <a href='https:\/\/eklandwood.com\/wp-content\/uploads\/2020\/11\/01-Thermory-Flooring-1-1030x687.jpg' data-rel='gallery-1' data-prev-img='https:\/\/eklandwood.com\/wp-content\/uploads\/2020\/11\/01-Thermory-Flooring-1-495x400.jpg' class='lightbox ' data-onclick='2' title=''  itemprop=\"thumbnailUrl\"  ><img decoding=\"async\" class=\"wp-image-4499 avia-img-lazy-loading-not-4499\"  data-avia-tooltip='Thermory Flooring' src=\"https:\/\/eklandwood.com\/wp-content\/uploads\/2020\/11\/01-Thermory-Flooring-1-1030x687.jpg\" width=\"1030\" height=\"687\"  title='Thermory Flooring' alt='Thermory Flooring' srcset=\"https:\/\/eklandwood.com\/wp-content\/uploads\/2020\/11\/01-Thermory-Flooring-1-1030x687.jpg 1030w, https:\/\/eklandwood.com\/wp-content\/uploads\/2020\/11\/01-Thermory-Flooring-1-300x200.jpg 300w, https:\/\/eklandwood.com\/wp-content\/uploads\/2020\/11\/01-Thermory-Flooring-1-768x512.jpg 768w, https:\/\/eklandwood.com\/wp-content\/uploads\/2020\/11\/01-Thermory-Flooring-1-705x470.jpg 705w, https:\/\/eklandwood.com\/wp-content\/uploads\/2020\/11\/01-Thermory-Flooring-1-900x600.jpg 900w, https:\/\/eklandwood.com\/wp-content\/uploads\/2020\/11\/01-Thermory-Flooring-1.jpg 1200w\" sizes=\"(max-width: 1030px) 100vw, 1030px\" \/><\/a> <a href='https:\/\/eklandwood.com\/wp-content\/uploads\/2020\/11\/Thermory-Wood-Floor-Installation-1-1030x686.jpg' data-rel='gallery-1' data-prev-img='https:\/\/eklandwood.com\/wp-content\/uploads\/2020\/11\/Thermory-Wood-Floor-Installation-1-495x400.jpg' class='first_thumb lightbox ' data-onclick='3' title=''  itemprop=\"thumbnailUrl\"  ><img decoding=\"async\" class=\"wp-image-4287 avia-img-lazy-loading-not-4287\"  data-avia-tooltip='Thermory Flooring Installation' src=\"https:\/\/eklandwood.com\/wp-content\/uploads\/2020\/11\/Thermory-Wood-Floor-Installation-1-1030x686.jpg\" width=\"1030\" height=\"686\"  title='Thermory Wood Floor Installation' alt='' srcset=\"https:\/\/eklandwood.com\/wp-content\/uploads\/2020\/11\/Thermory-Wood-Floor-Installation-1-1030x686.jpg 1030w, https:\/\/eklandwood.com\/wp-content\/uploads\/2020\/11\/Thermory-Wood-Floor-Installation-1-300x200.jpg 300w, https:\/\/eklandwood.com\/wp-content\/uploads\/2020\/11\/Thermory-Wood-Floor-Installation-1-768x512.jpg 768w, https:\/\/eklandwood.com\/wp-content\/uploads\/2020\/11\/Thermory-Wood-Floor-Installation-1-1536x1024.jpg 1536w, https:\/\/eklandwood.com\/wp-content\/uploads\/2020\/11\/Thermory-Wood-Floor-Installation-1-1500x1000.jpg 1500w, https:\/\/eklandwood.com\/wp-content\/uploads\/2020\/11\/Thermory-Wood-Floor-Installation-1-705x470.jpg 705w, https:\/\/eklandwood.com\/wp-content\/uploads\/2020\/11\/Thermory-Wood-Floor-Installation-1-900x600.jpg 900w, https:\/\/eklandwood.com\/wp-content\/uploads\/2020\/11\/Thermory-Wood-Floor-Installation-1.jpg 2048w\" sizes=\"(max-width: 1030px) 100vw, 1030px\" \/><\/a> <a href='https:\/\/eklandwood.com\/wp-content\/uploads\/2020\/11\/11-Flooring-1-1030x783.jpg' data-rel='gallery-1' data-prev-img='https:\/\/eklandwood.com\/wp-content\/uploads\/2020\/11\/11-Flooring-1-495x400.jpg' class='lightbox ' data-onclick='4' title=''  itemprop=\"thumbnailUrl\"  ><img decoding=\"async\" class=\"wp-image-4521 avia-img-lazy-loading-not-4521\"  data-avia-tooltip='Thermory thermo-ash industrial flooring, Interior Architect: Einar Salomonson, Photo: Andrei Ozdoba' src=\"https:\/\/eklandwood.com\/wp-content\/uploads\/2020\/11\/11-Flooring-1-1030x783.jpg\" width=\"1030\" height=\"783\"  title='Restaurant Tuljak, Tallinn. Photo: Andreas Jupits' alt='Restaurant Tuljak, Tallinn. Photo: Andreas Jupits' srcset=\"https:\/\/eklandwood.com\/wp-content\/uploads\/2020\/11\/11-Flooring-1-1030x783.jpg 1030w, https:\/\/eklandwood.com\/wp-content\/uploads\/2020\/11\/11-Flooring-1-300x228.jpg 300w, https:\/\/eklandwood.com\/wp-content\/uploads\/2020\/11\/11-Flooring-1-768x584.jpg 768w, https:\/\/eklandwood.com\/wp-content\/uploads\/2020\/11\/11-Flooring-1-1536x1167.jpg 1536w, https:\/\/eklandwood.com\/wp-content\/uploads\/2020\/11\/11-Flooring-1-2048x1556.jpg 2048w, https:\/\/eklandwood.com\/wp-content\/uploads\/2020\/11\/11-Flooring-1-1500x1140.jpg 1500w, https:\/\/eklandwood.com\/wp-content\/uploads\/2020\/11\/11-Flooring-1-705x536.jpg 705w\" sizes=\"(max-width: 1030px) 100vw, 1030px\" \/><\/a><\/div><\/div><\/div><\/div><!--close column table wrapper. Autoclose: 1 --><\/div><\/div><\/div><!-- close content main div --><\/div><\/div><div id='after_section_1'  class='main_color av_default_container_wrap container_wrap sidebar_right' style=' '  ><div class='container' ><div class='template-page content  av-content-small alpha units'><div class='post-entry post-entry-type-page post-entry-5058'><div class='entry-content-wrapper clearfix'><div  style='height:10px' class='hr hr-invisible   avia-builder-el-11  el_after_av_section  el_before_av_section  avia-builder-el-no-sibling '><span class='hr-inner ' ><span class='hr-inner-style'><\/span><\/span><\/div><\/p>\n<\/div><\/div><\/div><!-- close content main div --><\/div><\/div><div id='av_section_2'  class='avia-section main_color avia-section-default avia-no-border-styling  avia-bg-style-scroll  avia-builder-el-12  el_after_av_hr  el_before_av_hr   container_wrap sidebar_right' style='background-color: #f6f2ef;  '  ><div class='container' ><div class='template-page content  av-content-small alpha units'><div class='post-entry post-entry-type-page post-entry-5058'><div class='entry-content-wrapper clearfix'>\n<div class='flex_column_table av-equal-height-column-flextable -flextable' style='margin-top:0px; margin-bottom:0px; '><div class=\"flex_column av_one_half  no_margin flex_column_table_cell av-equal-height-column av-align-middle first  avia-builder-el-13  el_before_av_one_half  avia-builder-el-first  mobile-padding mobile-img \" style='background:url(https:\/\/eklandwood.com\/wp-content\/uploads\/2020\/11\/Noya-1jpg-1-495x400.jpg) center center no-repeat ; padding:0px 100px 0px 100px ; border-radius:0px; '><\/div><div class=\"flex_column av_one_half  no_margin flex_column_table_cell av-equal-height-column av-align-middle   avia-builder-el-14  el_after_av_one_half  avia-builder-el-last  mobile-padding \" style='padding:0px 100px 0px 100px ; border-radius:0px; '><p><div  style='height:100px' class='hr hr-invisible   avia-builder-el-15  el_before_av_textblock  avia-builder-el-first '><span class='hr-inner ' ><span class='hr-inner-style'><\/span><\/span><\/div><br \/>\n<section class=\"av_textblock_section \"  itemscope=\"itemscope\" itemtype=\"https:\/\/schema.org\/CreativeWork\" ><div class='avia_textblock  '   itemprop=\"text\" ><h2 style=\"text-align: center;\">Thermory\u00a0INDUSTRIELLT GOLV<\/h2>\n<\/div><\/section><br \/>\n<div  style=' margin-top:10px; margin-bottom:10px;'  class='hr hr-custom hr-center hr-icon-no   avia-builder-el-17  el_after_av_textblock  el_before_av_textblock '><span class='hr-inner  inner-border-av-border-fat' style=' width:180px; border-color:#000000;' ><span class='hr-inner-style'><\/span><\/span><\/div><br \/>\n<section class=\"av_textblock_section \"  itemscope=\"itemscope\" itemtype=\"https:\/\/schema.org\/CreativeWork\" ><div class='avia_textblock  '   itemprop=\"text\" ><p style=\"text-align: center;\">Thermory industriella golv \u00e4r l\u00e4mpliga f\u00f6r b\u00e5de hem och h\u00f6gtrafikerade omr\u00e5den som gym och offentliga platser. Industrigolv best\u00e5r av massiva l\u00f6vtr\u00e4remsor p\u00e5 14 x 20 mm som h\u00e5lls samman av transparent tejp. Dessa rutor kan limmas ner med vanligt parkettlim.<\/p>\n<p style=\"text-align: center;\">Golvet \u00e4r redan slipat, s\u00e5 efter installationen beh\u00f6vs endast olja eller lack.<\/p>\n<p style=\"text-align: center;\">Thermory industrigolv finns i b\u00e5de m\u00f6rk och ljusbrun.<\/p>\n<p style=\"text-align: center;\"><img loading=\"lazy\" decoding=\"async\" class=\"alignnone size-medium wp-image-8899\" src=\"https:\/\/eklandwood.com\/wp-content\/uploads\/2023\/08\/Thermory_logotype_pos-300x93.png\" alt=\"Thermory logo\" width=\"300\" height=\"93\" srcset=\"https:\/\/eklandwood.com\/wp-content\/uploads\/2023\/08\/Thermory_logotype_pos-300x93.png 300w, https:\/\/eklandwood.com\/wp-content\/uploads\/2023\/08\/Thermory_logotype_pos-1030x320.png 1030w, https:\/\/eklandwood.com\/wp-content\/uploads\/2023\/08\/Thermory_logotype_pos-768x239.png 768w, https:\/\/eklandwood.com\/wp-content\/uploads\/2023\/08\/Thermory_logotype_pos-1536x477.png 1536w, https:\/\/eklandwood.com\/wp-content\/uploads\/2023\/08\/Thermory_logotype_pos-1500x466.png 1500w, https:\/\/eklandwood.com\/wp-content\/uploads\/2023\/08\/Thermory_logotype_pos-705x219.png 705w, https:\/\/eklandwood.com\/wp-content\/uploads\/2023\/08\/Thermory_logotype_pos.png 1902w\" sizes=\"auto, (max-width: 300px) 100vw, 300px\" \/><\/p>\n<\/div><\/section><br \/>\n<div  style='height:10px' class='hr hr-invisible  av-desktop-hide av-medium-hide  avia-builder-el-19  el_after_av_textblock  el_before_av_hr '><span class='hr-inner ' ><span class='hr-inner-style'><\/span><\/span><\/div><br \/>\n<div  style='height:100px' class='hr hr-invisible  av-small-hide av-mini-hide  avia-builder-el-20  el_after_av_hr  avia-builder-el-last '><span class='hr-inner ' ><span class='hr-inner-style'><\/span><\/span><\/div><\/p><\/div><\/div><!--close column table wrapper. Autoclose: 1 -->\n<\/div><\/div><\/div><!-- close content main div --><\/div><\/div><div id='after_section_2'  class='main_color av_default_container_wrap container_wrap sidebar_right' style=' '  ><div class='container' ><div class='template-page content  av-content-small alpha units'><div class='post-entry post-entry-type-page post-entry-5058'><div class='entry-content-wrapper clearfix'>\n<div  style='height:10px' class='hr hr-invisible  av-small-hide av-mini-hide  avia-builder-el-21  el_after_av_section  avia-builder-el-no-sibling '><span class='hr-inner ' ><span class='hr-inner-style'><\/span><\/span><\/div>\n","protected":false},"excerpt":{"rendered":"","protected":false},"author":3,"featured_media":4229,"parent":0,"menu_order":0,"comment_status":"closed","ping_status":"closed","template":"","meta":{"inline_featured_image":false,"footnotes":""},"class_list":["post-5058","page","type-page","status-publish","has-post-thumbnail","hentry"],"_links":{"self":[{"href":"https:\/\/eklandwood.com\/sv\/wp-json\/wp\/v2\/pages\/5058","targetHints":{"allow":["GET"]}}],"collection":[{"href":"https:\/\/eklandwood.com\/sv\/wp-json\/wp\/v2\/pages"}],"about":[{"href":"https:\/\/eklandwood.com\/sv\/wp-json\/wp\/v2\/types\/page"}],"author":[{"embeddable":true,"href":"https:\/\/eklandwood.com\/sv\/wp-json\/wp\/v2\/users\/3"}],"replies":[{"embeddable":true,"href":"https:\/\/eklandwood.com\/sv\/wp-json\/wp\/v2\/comments?post=5058"}],"version-history":[{"count":12,"href":"https:\/\/eklandwood.com\/sv\/wp-json\/wp\/v2\/pages\/5058\/revisions"}],"predecessor-version":[{"id":11526,"href":"https:\/\/eklandwood.com\/sv\/wp-json\/wp\/v2\/pages\/5058\/revisions\/11526"}],"wp:featuredmedia":[{"embeddable":true,"href":"https:\/\/eklandwood.com\/sv\/wp-json\/wp\/v2\/media\/4229"}],"wp:attachment":[{"href":"https:\/\/eklandwood.com\/sv\/wp-json\/wp\/v2\/media?parent=5058"}],"curies":[{"name":"wp","href":"https:\/\/api.w.org\/{rel}","templated":true}]}}