{"id":5043,"date":"2021-02-05T17:41:09","date_gmt":"2021-02-05T15:41:09","guid":{"rendered":"https:\/\/eklandwood.com\/klar-tall-kvistfri-furu\/"},"modified":"2025-12-16T09:03:12","modified_gmt":"2025-12-16T07:03:12","slug":"klar-tall-kvistfri-furu","status":"publish","type":"page","link":"https:\/\/eklandwood.com\/sv\/klar-tall-kvistfri-furu\/","title":{"rendered":"KLAR TALL (Kvistfri Furu)"},"content":{"rendered":"<div  style='height:10px' class='hr hr-invisible   avia-builder-el-0  el_before_av_section  avia-builder-el-no-sibling '><span class='hr-inner ' ><span class='hr-inner-style'><\/span><\/span><\/div>\n<\/div><\/div><\/div><!-- close content main div --><\/div><\/div><div id='av_section_1'  class='avia-section main_color avia-section-default avia-no-border-styling  avia-bg-style-scroll  avia-builder-el-1  el_after_av_hr  el_before_av_hr   container_wrap sidebar_right' style='background-color: #f6f2ef;  '  ><div class='container' ><div class='template-page content  av-content-small alpha units'><div class='post-entry post-entry-type-page post-entry-5043'><div class='entry-content-wrapper clearfix'>\n<div class='flex_column_table av-equal-height-column-flextable -flextable' style='margin-top:0px; margin-bottom:0px; '><div class=\"flex_column av_one_half  no_margin flex_column_table_cell av-equal-height-column av-align-middle first  avia-builder-el-2  el_before_av_one_half  avia-builder-el-first  mobile-padding \" style='padding:0px 100px 0px 100px ; border-radius:0px; '><p><div  style='height:100px' class='hr hr-invisible   avia-builder-el-3  el_before_av_textblock  avia-builder-el-first '><span class='hr-inner ' ><span class='hr-inner-style'><\/span><\/span><\/div><br \/>\n<section class=\"av_textblock_section \"  itemscope=\"itemscope\" itemtype=\"https:\/\/schema.org\/CreativeWork\" ><div class='avia_textblock  '   itemprop=\"text\" ><h2 style=\"text-align: center;\">KLAR TALL (Kvistfri Furu)<\/h2>\n<\/div><\/section><br \/>\n<div  style=' margin-top:10px; margin-bottom:10px;'  class='hr hr-custom hr-center hr-icon-no   avia-builder-el-5  el_after_av_textblock  el_before_av_textblock '><span class='hr-inner  inner-border-av-border-fat' style=' width:180px; border-color:#000000;' ><span class='hr-inner-style'><\/span><\/span><\/div><br \/>\n<section class=\"av_textblock_section \"  itemscope=\"itemscope\" itemtype=\"https:\/\/schema.org\/CreativeWork\" ><div class='avia_textblock  '   itemprop=\"text\" ><section class=\"av_textblock_section \">\n<div class=\"avia_textblock \">\n<p style=\"text-align: center;\">Klar Tall \u00e4r den mest kvistfria bland all barrved med h\u00f6ga niv\u00e5er av ruttmotst\u00e5d (Klass 2 h\u00e5llbarhetsgrad 20+ \u00e5r). Termiskt modifierad Klar Tall anv\u00e4nds ofta f\u00f6r v\u00e4ggbekl\u00e4dnad eftersom den \u00e4r knutfri och v\u00e4derbest\u00e4ndig i alla klimat.<\/p>\n<p style=\"text-align: center;\">Termisk modifiering \u00f6kar den biologiska h\u00e5llbarheten hos Klar Tall (<a href=\"https:\/\/eklandwood.com\/wp-content\/uploads\/2020\/11\/ce-pine-exterior.pdf\">klass 2<\/a>), vilket \u00e4r extremt viktigt utomhus. V\u00e4rmebehandlingen av tr\u00e4et s\u00e4nker dess fuktabsorptionsf\u00f6rm\u00e5ga vilket g\u00f6r det ruttningsbest\u00e4ndigt vilket g\u00f6r det till ett idealiskt val f\u00f6r utomhusbruk.<\/p>\n<p style=\"text-align: center;\">F\u00f6rutom att vara h\u00e5llbart \u00e4r v\u00e5r termiskt modifierade Klar Tall milj\u00f6v\u00e4nlig eftersom termisk modifiering \u00e4r kemikaliefri och det avfall som genereras inte \u00e4r skadligt f\u00f6r milj\u00f6n. Termisk modifiering l\u00e4gger ocks\u00e5 till en guldbrun ton till Klar Tall.<\/p>\n<\/div>\n<\/section>\n<\/div><\/section><br \/>\n<div  style='height:10px' class='hr hr-invisible  av-desktop-hide av-medium-hide  avia-builder-el-7  el_after_av_textblock  el_before_av_hr '><span class='hr-inner ' ><span class='hr-inner-style'><\/span><\/span><\/div><br \/>\n<div  style='height:50px' class='hr hr-invisible   avia-builder-el-8  el_after_av_hr  avia-builder-el-last '><span class='hr-inner ' ><span class='hr-inner-style'><\/span><\/span><\/div><\/p><\/div><div class=\"flex_column av_one_half  no_margin flex_column_table_cell av-equal-height-column av-align-middle av-zero-column-padding   avia-builder-el-9  el_after_av_one_half  avia-builder-el-last  \" style='border-radius:0px; '><section class=\"av_textblock_section \"  itemscope=\"itemscope\" itemtype=\"https:\/\/schema.org\/CreativeWork\" ><div class='avia_textblock  '   itemprop=\"text\" ><h2 style=\"text-align: center;\">F\u00c4RG\u00c5LDERSUTVECKLING AV KLAR TALL UTAN OLJNING<\/h2>\n<\/div><\/section><br \/>\n<div  style=' margin-top:10px; margin-bottom:30px;'  class='hr hr-custom hr-center hr-icon-no   avia-builder-el-11  el_after_av_textblock  el_before_av_image '><span class='hr-inner  inner-border-av-border-fat' style=' width:180px; border-color:#000000;' ><span class='hr-inner-style'><\/span><\/span><\/div><br \/>\n<div  class='avia-image-container  av-styling-no-styling    avia-builder-el-12  el_after_av_hr  el_before_av_hr  avia-align-center '  itemprop=\"image\" itemscope=\"itemscope\" itemtype=\"https:\/\/schema.org\/ImageObject\"  ><div class='avia-image-container-inner'><div class='avia-image-overlay-wrap'><img decoding=\"async\" class='wp-image-4083 avia-img-lazy-loading-not-4083 avia_image' src=\"https:\/\/eklandwood.com\/wp-content\/uploads\/2020\/11\/Clear-Pine-Colour-Evolution-Photo-1030x147.jpg\" alt='Clear Pine Colour Evolution' title='Clear Pine Colour Evolution' height=\"147\" width=\"1030\"  itemprop=\"thumbnailUrl\" srcset=\"https:\/\/eklandwood.com\/wp-content\/uploads\/2020\/11\/Clear-Pine-Colour-Evolution-Photo-1030x147.jpg 1030w, https:\/\/eklandwood.com\/wp-content\/uploads\/2020\/11\/Clear-Pine-Colour-Evolution-Photo-300x43.jpg 300w, https:\/\/eklandwood.com\/wp-content\/uploads\/2020\/11\/Clear-Pine-Colour-Evolution-Photo-768x110.jpg 768w, https:\/\/eklandwood.com\/wp-content\/uploads\/2020\/11\/Clear-Pine-Colour-Evolution-Photo-1536x219.jpg 1536w, https:\/\/eklandwood.com\/wp-content\/uploads\/2020\/11\/Clear-Pine-Colour-Evolution-Photo-1500x214.jpg 1500w, https:\/\/eklandwood.com\/wp-content\/uploads\/2020\/11\/Clear-Pine-Colour-Evolution-Photo-705x101.jpg 705w, https:\/\/eklandwood.com\/wp-content\/uploads\/2020\/11\/Clear-Pine-Colour-Evolution-Photo.jpg 1626w\" sizes=\"(max-width: 1030px) 100vw, 1030px\" \/><\/div><\/div><\/div><br \/>\n<div  style='height:50px' class='hr hr-invisible   avia-builder-el-13  el_after_av_image  avia-builder-el-last '><span class='hr-inner ' ><span class='hr-inner-style'><\/span><\/span><\/div><\/p><\/div><\/div><!--close column table wrapper. Autoclose: 1 --><\/div><\/div><\/div><!-- close content main div --><\/div><\/div><div id='after_section_1'  class='main_color av_default_container_wrap container_wrap sidebar_right' style=' '  ><div class='container' ><div class='template-page content  av-content-small alpha units'><div class='post-entry post-entry-type-page post-entry-5043'><div class='entry-content-wrapper clearfix'><div  style='height:10px' class='hr hr-invisible   avia-builder-el-14  el_after_av_section  el_before_av_section  avia-builder-el-no-sibling '><span class='hr-inner ' ><span class='hr-inner-style'><\/span><\/span><\/div><\/p>\n<\/div><\/div><\/div><!-- close content main div --><\/div><\/div><div id='av_section_2'  class='avia-section main_color avia-section-default avia-no-border-styling  avia-bg-style-scroll  avia-builder-el-15  el_after_av_hr  el_before_av_hr   container_wrap sidebar_right' style='background-color: #f6f2ef;  '  ><div class='container' ><div class='template-page content  av-content-small alpha units'><div class='post-entry post-entry-type-page post-entry-5043'><div class='entry-content-wrapper clearfix'>\n<div class='flex_column_table av-equal-height-column-flextable -flextable' style='margin-top:0px; margin-bottom:0px; '><div class=\"flex_column av_one_half  avia-full-stretch no_margin flex_column_table_cell av-equal-height-column av-align-middle av-zero-column-padding first  avia-builder-el-16  el_before_av_one_half  avia-builder-el-first  mobile-img \" style='background:url(https:\/\/eklandwood.com\/wp-content\/uploads\/2023\/07\/3.-New-Zealand-background_credit.jpg) bottom right no-repeat  #fdf1e0; background-color:#fdf1e0; border-radius:0px; '><\/div><div class=\"flex_column av_one_half  no_margin flex_column_table_cell av-equal-height-column av-align-middle   avia-builder-el-17  el_after_av_one_half  avia-builder-el-last  mobile-padding \" style='padding:0px 100px 0px 100px ; border-radius:0px; '><p><div  style='height:10px' class='hr hr-invisible   avia-builder-el-18  el_before_av_hr  avia-builder-el-first '><span class='hr-inner ' ><span class='hr-inner-style'><\/span><\/span><\/div><br \/>\n<div  style='height:10px' class='hr hr-invisible   avia-builder-el-19  el_after_av_hr  el_before_av_hr '><span class='hr-inner ' ><span class='hr-inner-style'><\/span><\/span><\/div><br \/>\n<div  style='height:10px' class='hr hr-invisible   avia-builder-el-20  el_after_av_hr  el_before_av_textblock '><span class='hr-inner ' ><span class='hr-inner-style'><\/span><\/span><\/div><br \/>\n<section class=\"av_textblock_section \"  itemscope=\"itemscope\" itemtype=\"https:\/\/schema.org\/CreativeWork\" ><div class='avia_textblock  '   itemprop=\"text\" ><section class=\"av_textblock_section \">\n<div class=\"avia_textblock \">\n<p>N\u00e4r korrekt installationsteknik har anv\u00e4nts \u00e4r Klar Tall motst\u00e5ndskraftig mot r\u00f6ta i upp till 25 \u00e5r. F\u00f6r att s\u00e4kerst\u00e4lla b\u00e4ttre h\u00e5llbarhet rekommenderar vi att man behandlar v\u00e4ggbekl\u00e4dnad av Kvistfri furu f\u00f6re installation med olja p\u00e5 alla fyra sidor.<\/p>\n<p><strong>Ursprung<\/strong>: Nya\u00a0 Zeeland<\/p>\n<p><strong>Anv\u00e4ndningsomr\u00e5de<\/strong>: Fasadbekl\u00e4dning \/\u00a0<u>Tr\u00e4bekl\u00e4dning<\/u>\u00a0\/ Bekl\u00e4dning<\/p>\n<p><strong>Ytfinish<\/strong>: hyvlad, borstad<\/p>\n<p><strong>Oljebehandling<\/strong>: F\u00f6roljade br\u00e4dor \u00e4r tillg\u00e4ngliga<\/p>\n<p><strong>F\u00e4rg\u00e5ldrande utveckling:<\/strong> Solljus och regn p\u00e5verkar den hastighet som produkter \u00e5ldras p\u00e5. N\u00e4r den l\u00e4mnas obehandlad blir tall \u00e5ldrad till en platinagr\u00e5 f\u00e4rg.<\/p>\n<\/div>\n<\/section>\n<\/div><\/section><br \/>\n<div  style='height:10px' class='hr hr-invisible  av-desktop-hide av-medium-hide  avia-builder-el-22  el_after_av_textblock  el_before_av_hr '><span class='hr-inner ' ><span class='hr-inner-style'><\/span><\/span><\/div><br \/>\n<div  style='height:100px' class='hr hr-invisible  av-small-hide av-mini-hide  avia-builder-el-23  el_after_av_hr  avia-builder-el-last '><span class='hr-inner ' ><span class='hr-inner-style'><\/span><\/span><\/div><\/p><\/div><\/div><!--close column table wrapper. Autoclose: 1 -->\n<\/div><\/div><\/div><!-- close content main div --><\/div><\/div><div id='after_section_2'  class='main_color av_default_container_wrap container_wrap sidebar_right' style=' '  ><div class='container' ><div class='template-page content  av-content-small alpha units'><div class='post-entry post-entry-type-page post-entry-5043'><div class='entry-content-wrapper clearfix'>\n<div  style='height:10px' class='hr hr-invisible   avia-builder-el-24  el_after_av_section  avia-builder-el-no-sibling '><span class='hr-inner ' ><span class='hr-inner-style'><\/span><\/span><\/div>\n","protected":false},"excerpt":{"rendered":"","protected":false},"author":3,"featured_media":0,"parent":0,"menu_order":0,"comment_status":"closed","ping_status":"closed","template":"","meta":{"inline_featured_image":false,"footnotes":""},"class_list":["post-5043","page","type-page","status-publish","hentry"],"_links":{"self":[{"href":"https:\/\/eklandwood.com\/sv\/wp-json\/wp\/v2\/pages\/5043","targetHints":{"allow":["GET"]}}],"collection":[{"href":"https:\/\/eklandwood.com\/sv\/wp-json\/wp\/v2\/pages"}],"about":[{"href":"https:\/\/eklandwood.com\/sv\/wp-json\/wp\/v2\/types\/page"}],"author":[{"embeddable":true,"href":"https:\/\/eklandwood.com\/sv\/wp-json\/wp\/v2\/users\/3"}],"replies":[{"embeddable":true,"href":"https:\/\/eklandwood.com\/sv\/wp-json\/wp\/v2\/comments?post=5043"}],"version-history":[{"count":27,"href":"https:\/\/eklandwood.com\/sv\/wp-json\/wp\/v2\/pages\/5043\/revisions"}],"predecessor-version":[{"id":12536,"href":"https:\/\/eklandwood.com\/sv\/wp-json\/wp\/v2\/pages\/5043\/revisions\/12536"}],"wp:attachment":[{"href":"https:\/\/eklandwood.com\/sv\/wp-json\/wp\/v2\/media?parent=5043"}],"curies":[{"name":"wp","href":"https:\/\/api.w.org\/{rel}","templated":true}]}}