{"id":5031,"date":"2021-02-05T17:28:56","date_gmt":"2021-02-05T15:28:56","guid":{"rendered":"https:\/\/eklandwood.com\/om-oss\/"},"modified":"2023-09-01T10:21:38","modified_gmt":"2023-09-01T07:21:38","slug":"om-oss","status":"publish","type":"page","link":"https:\/\/eklandwood.com\/sv\/om-oss\/","title":{"rendered":"Om oss"},"content":{"rendered":"<div  style='height:10px' class='hr hr-invisible   avia-builder-el-0  el_before_av_section  avia-builder-el-no-sibling '><span class='hr-inner ' ><span class='hr-inner-style'><\/span><\/span><\/div>\n<\/div><\/div><\/div><!-- close content main div --><\/div><\/div><div id='av_section_1'  class='avia-section main_color avia-section-default avia-no-border-styling  avia-bg-style-scroll  avia-builder-el-1  el_after_av_hr  el_before_av_hr   container_wrap sidebar_right' style='background-color: #f6f2ef;  '  ><div class='container' ><div class='template-page content  av-content-small alpha units'><div class='post-entry post-entry-type-page post-entry-5031'><div class='entry-content-wrapper clearfix'>\n<div class='flex_column_table av-equal-height-column-flextable -flextable' style='margin-top:0px; margin-bottom:0px; '><div class=\"flex_column av_one_half  no_margin flex_column_table_cell av-equal-height-column av-align-middle first  avia-builder-el-2  el_before_av_one_half  avia-builder-el-first  mobile-padding \" style='padding:0px 100px 0px 100px ; border-radius:0px; '><p><div  style='height:100px' class='hr hr-invisible  av-small-hide av-mini-hide  avia-builder-el-3  el_before_av_hr  avia-builder-el-first '><span class='hr-inner ' ><span class='hr-inner-style'><\/span><\/span><\/div><br \/>\n<div  style='height:20px' class='hr hr-invisible  av-desktop-hide av-medium-hide  avia-builder-el-4  el_after_av_hr  el_before_av_textblock '><span class='hr-inner ' ><span class='hr-inner-style'><\/span><\/span><\/div><br \/>\n<section class=\"av_textblock_section \"  itemscope=\"itemscope\" itemtype=\"https:\/\/schema.org\/CreativeWork\" ><div class='avia_textblock  '   itemprop=\"text\" ><h2 style=\"text-align: center;\">Introduktion<\/h2>\n<\/div><\/section><br \/>\n<div  style=' margin-top:10px; margin-bottom:10px;'  class='hr hr-custom hr-center hr-icon-no   avia-builder-el-6  el_after_av_textblock  el_before_av_textblock '><span class='hr-inner  inner-border-av-border-fat' style=' width:180px; border-color:#000000;' ><span class='hr-inner-style'><\/span><\/span><\/div><br \/>\n<section class=\"av_textblock_section \"  itemscope=\"itemscope\" itemtype=\"https:\/\/schema.org\/CreativeWork\" ><div class='avia_textblock  '   itemprop=\"text\" ><p style=\"text-align: center;\">Ekland Wood \u00e4r ett familje\u00e4gt f\u00f6retag som specialiserar sig p\u00e5 termiskt modifierade tr\u00e4l\u00f6sningar f\u00f6r bostads- och kommersiella byggnader i Skandinavien och Storbritannien.<\/p>\n<p style=\"text-align: center;\">Termiskt modifierat tr\u00e4 \u00e4r resultatet av kemisk fri \u00e5ngbehandling av tr\u00e4 som g\u00f6r det mer h\u00e5llbart och dimensionellt stabilt. Processen resulterar ocks\u00e5 i att tr\u00e4t f\u00e5r en djupare brun f\u00e4rg beroende p\u00e5 vilken v\u00e4rmeintensitet som anv\u00e4nds.<\/p>\n<p style=\"text-align: center;\">Thermory termiskt modifierade\u00a0<a href=\"https:\/\/eklandwood.com\/wp-content\/uploads\/2023\/09\/NORDIC_SWAN_ECOLABEL_certificate_thermory_valid31122023_EN.pdf\">Nordic Swan Ecolabel<\/a>. Detta inneb\u00e4r att virket kommer fr\u00e5n ansvarsfullt f\u00f6rvaltade skogar, \u00e4r helt fritt fr\u00e5n kemikalier och \u00e4r extremt h\u00e5llbart n\u00e4r det anv\u00e4nds utomhus. Askeved kommer fr\u00e5n Nordamerika och Europa med kriterier baserade p\u00e5 h\u00f6gsta kvalitet med l\u00e4gsta milj\u00f6p\u00e5verkan.<\/p>\n<p style=\"text-align: center;\">Vi arbetar genom arkitekter och inredningsarkitekter i hela Skandinavien och Storbritannien d\u00e4r v\u00e4rmebehandlat tr\u00e4 med ansvarsfullt ursprung blir allt popul\u00e4rare f\u00f6r anv\u00e4ndning i hem och offentliga byggnader.<\/p>\n<\/div><\/section><br \/>\n<div  style='height:10px' class='hr hr-invisible  av-desktop-hide av-medium-hide  avia-builder-el-8  el_after_av_textblock  el_before_av_hr '><span class='hr-inner ' ><span class='hr-inner-style'><\/span><\/span><\/div><br \/>\n<div  style='height:100px' class='hr hr-invisible  av-small-hide av-mini-hide  avia-builder-el-9  el_after_av_hr  avia-builder-el-last '><span class='hr-inner ' ><span class='hr-inner-style'><\/span><\/span><\/div><\/p><\/div><div class=\"flex_column av_one_half  avia-full-stretch no_margin flex_column_table_cell av-equal-height-column av-align-middle av-zero-column-padding   avia-builder-el-10  el_after_av_one_half  avia-builder-el-last  mobile-img \" style='background:url(https:\/\/eklandwood.com\/wp-content\/uploads\/2023\/01\/Kiikri6-2-1030x687.jpg) center center no-repeat  #fdf1e0; background-color:#fdf1e0; border-radius:0px; '><\/div><\/div><!--close column table wrapper. Autoclose: 1 --><\/div><\/div><\/div><!-- close content main div --><\/div><\/div><div id='after_section_1'  class='main_color av_default_container_wrap container_wrap sidebar_right' style=' '  ><div class='container' ><div class='template-page content  av-content-small alpha units'><div class='post-entry post-entry-type-page post-entry-5031'><div class='entry-content-wrapper clearfix'><div  style='height:10px' class='hr hr-invisible   avia-builder-el-11  el_after_av_section  avia-builder-el-no-sibling '><span class='hr-inner ' ><span class='hr-inner-style'><\/span><\/span><\/div><\/p>\n","protected":false},"excerpt":{"rendered":"","protected":false},"author":3,"featured_media":0,"parent":0,"menu_order":0,"comment_status":"closed","ping_status":"closed","template":"","meta":{"inline_featured_image":false,"footnotes":""},"class_list":["post-5031","page","type-page","status-publish","hentry"],"_links":{"self":[{"href":"https:\/\/eklandwood.com\/sv\/wp-json\/wp\/v2\/pages\/5031","targetHints":{"allow":["GET"]}}],"collection":[{"href":"https:\/\/eklandwood.com\/sv\/wp-json\/wp\/v2\/pages"}],"about":[{"href":"https:\/\/eklandwood.com\/sv\/wp-json\/wp\/v2\/types\/page"}],"author":[{"embeddable":true,"href":"https:\/\/eklandwood.com\/sv\/wp-json\/wp\/v2\/users\/3"}],"replies":[{"embeddable":true,"href":"https:\/\/eklandwood.com\/sv\/wp-json\/wp\/v2\/comments?post=5031"}],"version-history":[{"count":12,"href":"https:\/\/eklandwood.com\/sv\/wp-json\/wp\/v2\/pages\/5031\/revisions"}],"predecessor-version":[{"id":9762,"href":"https:\/\/eklandwood.com\/sv\/wp-json\/wp\/v2\/pages\/5031\/revisions\/9762"}],"wp:attachment":[{"href":"https:\/\/eklandwood.com\/sv\/wp-json\/wp\/v2\/media?parent=5031"}],"curies":[{"name":"wp","href":"https:\/\/api.w.org\/{rel}","templated":true}]}}