{"id":5016,"date":"2021-02-05T16:57:39","date_gmt":"2021-02-05T14:57:39","guid":{"rendered":"https:\/\/eklandwood.com\/ursprung\/"},"modified":"2024-04-26T09:06:23","modified_gmt":"2024-04-26T06:06:23","slug":"ursprung","status":"publish","type":"page","link":"https:\/\/eklandwood.com\/sv\/ursprung\/","title":{"rendered":"URSPRUNG"},"content":{"rendered":"<div  style='height:10px' class='hr hr-invisible   avia-builder-el-0  el_before_av_section  avia-builder-el-no-sibling '><span class='hr-inner ' ><span class='hr-inner-style'><\/span><\/span><\/div>\n<\/div><\/div><\/div><!-- close content main div --><\/div><\/div><div id='av_section_1'  class='avia-section main_color avia-section-default avia-no-border-styling  avia-bg-style-scroll  avia-builder-el-1  el_after_av_hr  el_before_av_hr   container_wrap sidebar_right' style='background-color: #f6f2ef;  '  ><div class='container' ><div class='template-page content  av-content-small alpha units'><div class='post-entry post-entry-type-page post-entry-5016'><div class='entry-content-wrapper clearfix'>\n<div class='flex_column_table av-equal-height-column-flextable -flextable' style='margin-top:0px; margin-bottom:0px; '><div class=\"flex_column av_one_half  no_margin flex_column_table_cell av-equal-height-column av-align-middle first  avia-builder-el-2  el_before_av_one_half  avia-builder-el-first  mobile-padding \" style='padding:0px 100px 0px 100px ; border-radius:0px; '><p><div  style='height:100px' class='hr hr-invisible  av-small-hide av-mini-hide  avia-builder-el-3  el_before_av_hr  avia-builder-el-first '><span class='hr-inner ' ><span class='hr-inner-style'><\/span><\/span><\/div><br \/>\n<div  style='height:20px' class='hr hr-invisible  av-desktop-hide av-medium-hide  avia-builder-el-4  el_after_av_hr  el_before_av_textblock '><span class='hr-inner ' ><span class='hr-inner-style'><\/span><\/span><\/div><br \/>\n<section class=\"av_textblock_section \"  itemscope=\"itemscope\" itemtype=\"https:\/\/schema.org\/CreativeWork\" ><div class='avia_textblock  '   itemprop=\"text\" ><h2 style=\"text-align: center;\">URSPRUNG<\/h2>\n<\/div><\/section><br \/>\n<div  style=' margin-top:10px; margin-bottom:10px;'  class='hr hr-custom hr-center hr-icon-no   avia-builder-el-6  el_after_av_textblock  el_before_av_textblock '><span class='hr-inner  inner-border-av-border-fat' style=' width:180px; border-color:#000000;' ><span class='hr-inner-style'><\/span><\/span><\/div><br \/>\n<section class=\"av_textblock_section \"  itemscope=\"itemscope\" itemtype=\"https:\/\/schema.org\/CreativeWork\" ><div class='avia_textblock  '   itemprop=\"text\" ><p style=\"text-align: center;\">Alla v\u00e5ra produkter kommer fr\u00e5n och v\u00e4ljs f\u00f6r att bevara skogarna.<\/p>\n<p style=\"text-align: center;\">Thermory termo-tall innehar <a href=\"https:\/\/eklandwood.com\/wp-content\/uploads\/2020\/11\/Nordic-Swan-EcoLabel.pdf\">Svanenm\u00e4rkning<\/a>, vilket inneb\u00e4r att virket kommer fr\u00e5n ansvarsfullt f\u00f6rvaltade skogar, \u00e4r fritt fr\u00e5n kemikalier och \u00e4r extremt h\u00e5llbart n\u00e4r det anv\u00e4nds f\u00f6r utomhusbruk.<\/p>\n<p style=\"text-align: center;\">Ask kommer fr\u00e5n Nordamerika och Europa med ink\u00f6pskriterier baserade f\u00f6r h\u00f6gsta kvalitet med l\u00e4gsta m\u00f6jliga milj\u00f6p\u00e5verkan.<\/p>\n<p style=\"text-align: center;\">Inget tropiskt tr\u00e4 eller regnskog anv\u00e4nds n\u00e5gonsin i v\u00e5r produktionsprocess.<\/p>\n<p style=\"text-align: center;\">Ekland Wood bryr sig djupt om v\u00e5r planets framtid. Vi bidrar till en h\u00e5llbar skogsf\u00f6rvaltning och str\u00e4var efter att ha minsta m\u00f6jliga ekologiska fotavtryck som tillverkare.<\/p>\n<p style=\"text-align: center;\">Inga tillsatta kemikalier eller plast. Bara 100% \u00e4kta tr\u00e4!<\/p>\n<\/div><\/section><br \/>\n<div  style='height:10px' class='hr hr-invisible  av-desktop-hide av-medium-hide  avia-builder-el-8  el_after_av_textblock  el_before_av_hr '><span class='hr-inner ' ><span class='hr-inner-style'><\/span><\/span><\/div><br \/>\n<div  style='height:100px' class='hr hr-invisible  av-small-hide av-mini-hide  avia-builder-el-9  el_after_av_hr  avia-builder-el-last '><span class='hr-inner ' ><span class='hr-inner-style'><\/span><\/span><\/div><\/p><\/div><div class=\"flex_column av_one_half  avia-full-stretch no_margin flex_column_table_cell av-equal-height-column av-align-middle av-zero-column-padding   avia-builder-el-10  el_after_av_one_half  avia-builder-el-last  mobile-img \" style='background:url(https:\/\/eklandwood.com\/wp-content\/uploads\/2023\/06\/spruce-forest-min-1030x687.jpg) center center no-repeat  #fdf1e0; background-color:#fdf1e0; border-radius:0px; '><\/div><\/div><!--close column table wrapper. Autoclose: 1 --><\/div><\/div><\/div><!-- close content main div --><\/div><\/div><div id='after_section_1'  class='main_color av_default_container_wrap container_wrap sidebar_right' style=' '  ><div class='container' ><div class='template-page content  av-content-small alpha units'><div class='post-entry post-entry-type-page post-entry-5016'><div class='entry-content-wrapper clearfix'><div  style='height:10px' class='hr hr-invisible   avia-builder-el-11  el_after_av_section  avia-builder-el-no-sibling '><span class='hr-inner ' ><span class='hr-inner-style'><\/span><\/span><\/div><\/p>\n","protected":false},"excerpt":{"rendered":"","protected":false},"author":3,"featured_media":0,"parent":0,"menu_order":0,"comment_status":"closed","ping_status":"closed","template":"","meta":{"inline_featured_image":false,"footnotes":""},"class_list":["post-5016","page","type-page","status-publish","hentry"],"_links":{"self":[{"href":"https:\/\/eklandwood.com\/sv\/wp-json\/wp\/v2\/pages\/5016","targetHints":{"allow":["GET"]}}],"collection":[{"href":"https:\/\/eklandwood.com\/sv\/wp-json\/wp\/v2\/pages"}],"about":[{"href":"https:\/\/eklandwood.com\/sv\/wp-json\/wp\/v2\/types\/page"}],"author":[{"embeddable":true,"href":"https:\/\/eklandwood.com\/sv\/wp-json\/wp\/v2\/users\/3"}],"replies":[{"embeddable":true,"href":"https:\/\/eklandwood.com\/sv\/wp-json\/wp\/v2\/comments?post=5016"}],"version-history":[{"count":10,"href":"https:\/\/eklandwood.com\/sv\/wp-json\/wp\/v2\/pages\/5016\/revisions"}],"predecessor-version":[{"id":10873,"href":"https:\/\/eklandwood.com\/sv\/wp-json\/wp\/v2\/pages\/5016\/revisions\/10873"}],"wp:attachment":[{"href":"https:\/\/eklandwood.com\/sv\/wp-json\/wp\/v2\/media?parent=5016"}],"curies":[{"name":"wp","href":"https:\/\/api.w.org\/{rel}","templated":true}]}}