{"id":12660,"date":"2026-02-13T11:19:38","date_gmt":"2026-02-13T09:19:38","guid":{"rendered":"https:\/\/eklandwood.com\/tradgardsrum\/"},"modified":"2026-02-18T10:50:26","modified_gmt":"2026-02-18T08:50:26","slug":"attefallshus","status":"publish","type":"page","link":"https:\/\/eklandwood.com\/sv\/attefallshus\/","title":{"rendered":"Attefallshus"},"content":{"rendered":"<div  style='height:10px' class='hr hr-invisible   avia-builder-el-0  el_before_av_section  avia-builder-el-no-sibling '><span class='hr-inner ' ><span class='hr-inner-style'><\/span><\/span><\/div>\n<\/div><\/div><\/div><!-- close content main div --><\/div><\/div><div id='av_section_1'  class='avia-section main_color avia-section-default avia-no-border-styling  avia-bg-style-scroll  avia-builder-el-1  el_after_av_hr  el_before_av_hr   container_wrap sidebar_right' style='background-color: #f6f2ef;  '  ><div class='container' ><div class='template-page content  av-content-small alpha units'><div class='post-entry post-entry-type-page post-entry-12660'><div class='entry-content-wrapper clearfix'>\n<div class='flex_column_table av-equal-height-column-flextable -flextable' style='margin-top:0px; margin-bottom:0px; '><div class=\"flex_column av_one_half  no_margin flex_column_table_cell av-equal-height-column av-align-middle first  avia-builder-el-2  el_before_av_one_half  avia-builder-el-first  mobile-padding \" style='padding:0px 100px 0px 100px ; border-radius:0px; '><p><div  style='height:100px' class='hr hr-invisible   avia-builder-el-3  el_before_av_textblock  avia-builder-el-first '><span class='hr-inner ' ><span class='hr-inner-style'><\/span><\/span><\/div><br \/>\n<section class=\"av_textblock_section \"  itemscope=\"itemscope\" itemtype=\"https:\/\/schema.org\/CreativeWork\" ><div class='avia_textblock  '   itemprop=\"text\" ><h2 style=\"text-align: center;\">Attefallshus<\/h2>\n<\/div><\/section><br \/>\n<div  style=' margin-top:10px; margin-bottom:10px;'  class='hr hr-custom hr-center hr-icon-no   avia-builder-el-5  el_after_av_textblock  el_before_av_textblock '><span class='hr-inner  inner-border-av-border-fat' style=' width:180px; border-color:#000000;' ><span class='hr-inner-style'><\/span><\/span><\/div><br \/>\n<section class=\"av_textblock_section \"  itemscope=\"itemscope\" itemtype=\"https:\/\/schema.org\/CreativeWork\" ><div class='avia_textblock  '   itemprop=\"text\" ><p style=\"text-align: center;\">V\u00e5ra alternativ i v\u00e4rmebehandlat tr\u00e4 och br\u00e4nt tr\u00e4 \u00e4r idealiska som fasadbekl\u00e4dnad f\u00f6r tr\u00e4dg\u00e5rdsstudios och hemmakontor.<\/p>\n<p style=\"text-align: center;\">Dessa praktiska utrymmen kan anv\u00e4ndas f\u00f6r att umg\u00e5s med familj och v\u00e4nner, som hobbyrum, g\u00e4strum eller lekrum f\u00f6r barn.<\/p>\n<p style=\"text-align: center;\">I samarbete med den v\u00e4lrenommerade arkitektbyr\u00e5n George &amp; James Architects levererade vi v\u00e5r br\u00e4nda och borstade \u00f6sterrikiska l\u00e4rk till ett tr\u00e4dg\u00e5rdsstudioprojekt n\u00e4ra Godalming. Projektet visas p\u00e5 bilden till h\u00f6ger.<\/p>\n<\/div><\/section><br \/>\n<div  style='height:30px' class='hr hr-invisible  av-desktop-hide av-medium-hide  avia-builder-el-7  el_after_av_textblock  el_before_av_hr '><span class='hr-inner ' ><span class='hr-inner-style'><\/span><\/span><\/div><br \/>\n<div  style='height:50px' class='hr hr-invisible  av-small-hide av-mini-hide  avia-builder-el-8  el_after_av_hr  avia-builder-el-last '><span class='hr-inner ' ><span class='hr-inner-style'><\/span><\/span><\/div><\/p><\/div><div class=\"flex_column av_one_half  no_margin flex_column_table_cell av-equal-height-column av-align-middle av-zero-column-padding   avia-builder-el-9  el_after_av_one_half  avia-builder-el-last  \" style='border-radius:0px; '><div  class='avia-gallery  avia-gallery-1 avia_lazyload avia-gallery-animate avia_animate_when_visible  avia-builder-el-10  avia-builder-el-no-sibling '  itemprop=\"image\" itemscope=\"itemscope\" itemtype=\"https:\/\/schema.org\/ImageObject\" ><div class='avia-gallery-thumb'> <a href='https:\/\/eklandwood.com\/wp-content\/uploads\/2025\/03\/George-and-James-charred-wood-project-1-e1742197281832.jpeg' data-rel='gallery-1' data-prev-img='https:\/\/eklandwood.com\/wp-content\/uploads\/2025\/03\/George-and-James-charred-wood-project-1-495x400.jpeg' class='first_thumb lightbox ' data-onclick='1' title='Produkt: \u00d6sterrikisk l\u00e4rk, f\u00f6rkolnad, borstad och oljad. Arkitekter: George &#038; James Architects'  itemprop=\"thumbnailUrl\"  ><img decoding=\"async\" class=\"wp-image-11168 avia-img-lazy-loading-not-11168\"  data-avia-tooltip='Produkt: \u00d6sterrikisk l\u00e4rk, f\u00f6rkolnad, borstad och oljad. Arkitekter: George &#038; James Architects' src=\"https:\/\/eklandwood.com\/wp-content\/uploads\/2025\/03\/George-and-James-charred-wood-project-1-710x375.jpeg\" width=\"710\" height=\"375\"  title='Produkt: \u00d6sterrikisk l\u00e4rk, f\u00f6rkolnad, borstad och oljad. Arkitekter: George &amp; James Architects' alt='' \/><\/a> <a href='https:\/\/eklandwood.com\/wp-content\/uploads\/2025\/11\/Charred-Austrian-Larch-Garden-Room-833x1030.jpeg' data-rel='gallery-1' data-prev-img='https:\/\/eklandwood.com\/wp-content\/uploads\/2025\/11\/Charred-Austrian-Larch-Garden-Room-495x400.jpeg' class='lightbox ' data-onclick='2' title='Produkt: \u00d6sterrikisk l\u00e4rk, f\u00f6rkolnad, borstad och oljad. Arkitekter: George &amp; James Architects'  itemprop=\"thumbnailUrl\"  ><img decoding=\"async\" class=\"wp-image-12654 avia-img-lazy-loading-not-12654\"   src=\"https:\/\/eklandwood.com\/wp-content\/uploads\/2025\/11\/Charred-Austrian-Larch-Garden-Room-710x375.jpeg\" width=\"710\" height=\"375\"  title='Produkt: \u00d6sterrikisk l\u00e4rk, f\u00f6rkolnad, borstad och oljad. Arkitekter: George &amp; James Architects' alt='' \/><\/a> <a href='https:\/\/eklandwood.com\/wp-content\/uploads\/2025\/11\/Charred-Austrian-Larch-Garden-Room-close-up-825x1030.jpeg' data-rel='gallery-1' data-prev-img='https:\/\/eklandwood.com\/wp-content\/uploads\/2025\/11\/Charred-Austrian-Larch-Garden-Room-close-up-495x400.jpeg' class='first_thumb lightbox ' data-onclick='3' title='Produkt: \u00d6sterrikisk l\u00e4rk, f\u00f6rkolnad, borstad och oljad. Arkitekter: George &#038; James Architects'  itemprop=\"thumbnailUrl\"  ><img decoding=\"async\" class=\"wp-image-12655 avia-img-lazy-loading-not-12655\"  data-avia-tooltip='Produkt: \u00d6sterrikisk l\u00e4rk, f\u00f6rkolnad, borstad och oljad. Arkitekter: George &#038; James Architects' src=\"https:\/\/eklandwood.com\/wp-content\/uploads\/2025\/11\/Charred-Austrian-Larch-Garden-Room-close-up-710x375.jpeg\" width=\"710\" height=\"375\"  title='Produkt: \u00d6sterrikisk l\u00e4rk, f\u00f6rkolnad, borstad och oljad. Arkitekter: George &amp; James Architects' alt='' \/><\/a> <a href='https:\/\/eklandwood.com\/wp-content\/uploads\/2025\/03\/Garden-room-Surrey-England.jpg' data-rel='gallery-1' data-prev-img='https:\/\/eklandwood.com\/wp-content\/uploads\/2025\/03\/Garden-room-Surrey-England-495x400.jpg' class='lightbox ' data-onclick='4' title='Product: Austrian Larch, charred, brushed and oiled. Architects: George &#038; James Architects'  itemprop=\"thumbnailUrl\"  ><img decoding=\"async\" class=\"wp-image-11202 avia-img-lazy-loading-not-11202\"  data-avia-tooltip='Product: Austrian Larch, charred, brushed and oiled. Architects: George &#038; James Architects' src=\"https:\/\/eklandwood.com\/wp-content\/uploads\/2025\/03\/Garden-room-Surrey-England-710x375.jpg\" width=\"710\" height=\"375\"  title='Produkt: \u00d6sterrikisk l\u00e4rk, f\u00f6rkolnad, borstad och oljad. Arkitekter: George &amp; James Architects' alt='' \/><\/a><\/div><\/div><\/div><\/div><!--close column table wrapper. Autoclose: 1 --><\/div><\/div><\/div><!-- close content main div --><\/div><\/div><div id='after_section_1'  class='main_color av_default_container_wrap container_wrap sidebar_right' style=' '  ><div class='container' ><div class='template-page content  av-content-small alpha units'><div class='post-entry post-entry-type-page post-entry-12660'><div class='entry-content-wrapper clearfix'><div  style='height:10px' class='hr hr-invisible   avia-builder-el-11  el_after_av_section  el_before_av_section  avia-builder-el-no-sibling '><span class='hr-inner ' ><span class='hr-inner-style'><\/span><\/span><\/div><\/p>\n<\/div><\/div><\/div><!-- close content main div --><\/div><\/div><div id='av_section_2'  class='avia-section main_color avia-section-default avia-no-border-styling  avia-bg-style-scroll  avia-builder-el-12  el_after_av_hr  el_before_av_hr   container_wrap sidebar_right' style='background-color: #f6f2ef;  '  ><div class='container' ><div class='template-page content  av-content-small alpha units'><div class='post-entry post-entry-type-page post-entry-12660'><div class='entry-content-wrapper clearfix'>\n<div class='flex_column_table av-equal-height-column-flextable -flextable' style='margin-top:0px; margin-bottom:0px; '><div class=\"flex_column av_one_half  avia-full-stretch no_margin flex_column_table_cell av-equal-height-column av-align-middle first  avia-builder-el-13  el_before_av_one_half  avia-builder-el-first  mobile-img \" style='padding:0px 0px 0px 25px ; border-radius:0px; '><div  class='avia-image-container  av-styling-  av-has-copyright av-copyright-always   avia-builder-el-14  avia-builder-el-no-sibling  avia-align-center '  itemprop=\"image\" itemscope=\"itemscope\" itemtype=\"https:\/\/schema.org\/ImageObject\"  ><div class='avia-image-container-inner'><div class='avia-image-overlay-wrap'><img decoding=\"async\" class='wp-image-12653 avia-img-lazy-loading-not-12653 avia_image' src=\"https:\/\/eklandwood.com\/wp-content\/uploads\/2025\/11\/Benchmark-thermo-pine-cladding-and-decking.-Architect-Mari-Hunt.-Photo-Maria-Ilves-900x600.jpg\" alt='' title='Produkt: Thermory Benchmark termofurubekl\u00e4dnad och trall. Arkitekt: Mari Hunt. Foto: Maria Ilves' height=\"600\" width=\"900\"  itemprop=\"thumbnailUrl\"  \/><\/div><small class='avia-copyright'>Produkt: Thermory Benchmark termofurubekl\u00e4dnad och trall. Arkitekt: Mari Hunt. Foto: Maria Ilves<\/small><\/div><\/div><\/div><div class=\"flex_column av_one_half  no_margin flex_column_table_cell av-equal-height-column av-align-middle   avia-builder-el-15  el_after_av_one_half  avia-builder-el-last  mobile-padding \" style='padding:0px 100px 0px 100px ; border-radius:0px; '><p><div  style='height:10px' class='hr hr-invisible   avia-builder-el-16  el_before_av_hr  avia-builder-el-first '><span class='hr-inner ' ><span class='hr-inner-style'><\/span><\/span><\/div><br \/>\n<div  style='height:10px' class='hr hr-invisible   avia-builder-el-17  el_after_av_hr  el_before_av_hr '><span class='hr-inner ' ><span class='hr-inner-style'><\/span><\/span><\/div><br \/>\n<div  style='height:10px' class='hr hr-invisible   avia-builder-el-18  el_after_av_hr  el_before_av_textblock '><span class='hr-inner ' ><span class='hr-inner-style'><\/span><\/span><\/div><br \/>\n<section class=\"av_textblock_section \"  itemscope=\"itemscope\" itemtype=\"https:\/\/schema.org\/CreativeWork\" ><div class='avia_textblock  '   itemprop=\"text\" ><h2 style=\"text-align: center;\">Hemmakontor<\/h2>\n<\/div><\/section><br \/>\n<div  style=' margin-top:10px; margin-bottom:10px;'  class='hr hr-custom hr-center hr-icon-no   avia-builder-el-20  el_after_av_textblock  el_before_av_textblock '><span class='hr-inner  inner-border-av-border-fat' style=' width:180px; border-color:#000000;' ><span class='hr-inner-style'><\/span><\/span><\/div><br \/>\n<section class=\"av_textblock_section \"  itemscope=\"itemscope\" itemtype=\"https:\/\/schema.org\/CreativeWork\" ><div class='avia_textblock  '   itemprop=\"text\" ><p><span style=\"font-weight: 400;\">Tr\u00e4dg\u00e5rdsrum tillf\u00f6r ett betydande merv\u00e4rde till bostaden och erbjuder dessutom m\u00f6jligheten att arbeta hemifr\u00e5n i lugn och ro.<\/span><\/p>\n<p><span style=\"font-weight: 400;\">Stugan som visas p\u00e5 bilden till v\u00e4nster byggdes f\u00f6r en skandinavisk kund och omfattar 17 m\u00b2 anv\u00e4ndbar golvyta samt en mindre sovloft ovanf\u00f6r. V\u00e5r v\u00e4rmebehandlade furupanel anv\u00e4ndes b\u00e5de inv\u00e4ndigt och utv\u00e4ndigt. De utv\u00e4ndiga panelerna l\u00e4mnades medvetet obehandlade med olja, vilket g\u00f6r att de med tiden f\u00e5r en vacker silvergr\u00e5 patina.<\/span><\/p>\n<p><span style=\"font-weight: 400;\">Vi erbjuder fasadpanel i v\u00e4rmebehandlad ask, furu, kvistfri furu och gran samt alternativ i br\u00e4nd \u00f6sterrikisk l\u00e4rk och furu.<\/span><\/p>\n<p><b>Tr\u00e4slag:<\/b><span style=\"font-weight: 400;\"> Thermo ask, furu och gran. Br\u00e4nd l\u00e4rk och gran.<\/span><\/p>\n<\/div><\/section><br \/>\n<div  style='height:10px' class='hr hr-invisible  av-desktop-hide av-medium-hide  avia-builder-el-22  el_after_av_textblock  el_before_av_hr '><span class='hr-inner ' ><span class='hr-inner-style'><\/span><\/span><\/div><br \/>\n<div  style='height:100px' class='hr hr-invisible  av-small-hide av-mini-hide  avia-builder-el-23  el_after_av_hr  avia-builder-el-last '><span class='hr-inner ' ><span class='hr-inner-style'><\/span><\/span><\/div><\/p><\/div><\/div><!--close column table wrapper. Autoclose: 1 -->\n<\/div><\/div><\/div><!-- close content main div --><\/div><\/div><div id='after_section_2'  class='main_color av_default_container_wrap container_wrap sidebar_right' style=' '  ><div class='container' ><div class='template-page content  av-content-small alpha units'><div class='post-entry post-entry-type-page post-entry-12660'><div class='entry-content-wrapper clearfix'>\n<div  style='height:10px' class='hr hr-invisible   avia-builder-el-24  el_after_av_section  avia-builder-el-no-sibling '><span class='hr-inner ' ><span class='hr-inner-style'><\/span><\/span><\/div>\n","protected":false},"excerpt":{"rendered":"","protected":false},"author":4,"featured_media":12654,"parent":0,"menu_order":0,"comment_status":"closed","ping_status":"closed","template":"","meta":{"inline_featured_image":false,"footnotes":""},"class_list":["post-12660","page","type-page","status-publish","has-post-thumbnail","hentry"],"_links":{"self":[{"href":"https:\/\/eklandwood.com\/sv\/wp-json\/wp\/v2\/pages\/12660","targetHints":{"allow":["GET"]}}],"collection":[{"href":"https:\/\/eklandwood.com\/sv\/wp-json\/wp\/v2\/pages"}],"about":[{"href":"https:\/\/eklandwood.com\/sv\/wp-json\/wp\/v2\/types\/page"}],"author":[{"embeddable":true,"href":"https:\/\/eklandwood.com\/sv\/wp-json\/wp\/v2\/users\/4"}],"replies":[{"embeddable":true,"href":"https:\/\/eklandwood.com\/sv\/wp-json\/wp\/v2\/comments?post=12660"}],"version-history":[{"count":7,"href":"https:\/\/eklandwood.com\/sv\/wp-json\/wp\/v2\/pages\/12660\/revisions"}],"predecessor-version":[{"id":12737,"href":"https:\/\/eklandwood.com\/sv\/wp-json\/wp\/v2\/pages\/12660\/revisions\/12737"}],"wp:featuredmedia":[{"embeddable":true,"href":"https:\/\/eklandwood.com\/sv\/wp-json\/wp\/v2\/media\/12654"}],"wp:attachment":[{"href":"https:\/\/eklandwood.com\/sv\/wp-json\/wp\/v2\/media?parent=12660"}],"curies":[{"name":"wp","href":"https:\/\/api.w.org\/{rel}","templated":true}]}}