{"id":11235,"date":"2025-04-11T09:19:07","date_gmt":"2025-04-11T06:19:07","guid":{"rendered":"https:\/\/eklandwood.com\/passivhaus\/"},"modified":"2025-04-11T09:19:07","modified_gmt":"2025-04-11T06:19:07","slug":"passivhaus","status":"publish","type":"page","link":"https:\/\/eklandwood.com\/sv\/passivhaus\/","title":{"rendered":"Passivhaus"},"content":{"rendered":"<div  style='height:10px' class='hr hr-invisible   avia-builder-el-0  el_before_av_section  avia-builder-el-no-sibling '><span class='hr-inner ' ><span class='hr-inner-style'><\/span><\/span><\/div>\n<\/div><\/div><\/div><!-- close content main div --><\/div><\/div><div id='av_section_1'  class='avia-section main_color avia-section-default avia-no-border-styling  avia-bg-style-scroll  avia-builder-el-1  el_after_av_hr  el_before_av_hr   container_wrap sidebar_right' style='background-color: #f6f2ef;  '  ><div class='container' ><div class='template-page content  av-content-small alpha units'><div class='post-entry post-entry-type-page post-entry-11235'><div class='entry-content-wrapper clearfix'>\n<div class='flex_column_table av-equal-height-column-flextable -flextable' style='margin-top:0px; margin-bottom:0px; '><div class=\"flex_column av_one_half  no_margin flex_column_table_cell av-equal-height-column av-align-middle first  avia-builder-el-2  el_before_av_one_half  avia-builder-el-first  mobile-padding \" style='padding:0px 100px 0px 100px ; border-radius:0px; '><p><div  style='height:100px' class='hr hr-invisible   avia-builder-el-3  el_before_av_textblock  avia-builder-el-first '><span class='hr-inner ' ><span class='hr-inner-style'><\/span><\/span><\/div><br \/>\n<section class=\"av_textblock_section \"  itemscope=\"itemscope\" itemtype=\"https:\/\/schema.org\/CreativeWork\" ><div class='avia_textblock  '   itemprop=\"text\" ><h2 style=\"text-align: center;\">Passivhaus<\/h2>\n<\/div><\/section><br \/>\n<div  style=' margin-top:10px; margin-bottom:10px;'  class='hr hr-custom hr-center hr-icon-no   avia-builder-el-5  el_after_av_textblock  el_before_av_textblock '><span class='hr-inner  inner-border-av-border-fat' style=' width:180px; border-color:#000000;' ><span class='hr-inner-style'><\/span><\/span><\/div><br \/>\n<section class=\"av_textblock_section \"  itemscope=\"itemscope\" itemtype=\"https:\/\/schema.org\/CreativeWork\" ><div class='avia_textblock  '   itemprop=\"text\" ><p style=\"text-align: center;\">Passivhausstandarden \u00e4r en frivillig standard f\u00f6r byggnaders energieffektivitet i syfte att minska byggnaders koldioxidavtryck.<br \/>\nN\u00e4r dessa standarder f\u00f6ljs f\u00e5r vi s.k. ultral\u00e5genergibyggnader som kr\u00e4ver mindre energi f\u00f6r husets uppv\u00e4rmning eller kylning. Passivhausstandarder finns framtagna f\u00f6r bostadshus, kontorsbyggnader, skolor, f\u00f6rskolor och stormarknader.<br \/>\nN\u00e4r man i utformningen av en byggnad anv\u00e4nder material som sl\u00e4pper ut mindre koldioxid minskar byggnadens koldioxidavtryck. Att anv\u00e4nda tr\u00e4bekl\u00e4dnad i nybyggda hus \u00e4r ett effektivt s\u00e4tt att minska husets koldioxidavtryck. Det beror p\u00e5 att bearbetningsprocessen f\u00f6r tr\u00e4produkter sl\u00e4pper ut mycket l\u00e4gre niv\u00e5er av CO\u2082 \u00e4n tillverkningsprocesserna f\u00f6r b\u00e5de st\u00e5l och betong.<br \/>\nRegeringspolicyn WEP (Wood Encouragement Policy) f\u00f6respr\u00e5kar anv\u00e4ndningen av tr\u00e4 ist\u00e4llet f\u00f6r betong och st\u00e5l vid byggande av offentliga byggnader d\u00e4r det \u00e4r m\u00f6jligt, med huvudm\u00e5let att minska de totala koldioxidutsl\u00e4ppen.<br \/>\nAtt anv\u00e4nda tr\u00e4bekl\u00e4dnader i nybyggnation bidrar i h\u00f6g grad till att uppn\u00e5 passivhusstandarden, vilket i sin tur hj\u00e4lper att skapa l\u00e5genergibyggnader med kraftigt minskade koldioxidavtryck.<\/p>\n<\/div><\/section><br \/>\n<div  style='height:10px' class='hr hr-invisible  av-desktop-hide av-medium-hide  avia-builder-el-7  el_after_av_textblock  el_before_av_hr '><span class='hr-inner ' ><span class='hr-inner-style'><\/span><\/span><\/div><br \/>\n<div  style='height:100px' class='hr hr-invisible  av-small-hide av-mini-hide  avia-builder-el-8  el_after_av_hr  avia-builder-el-last '><span class='hr-inner ' ><span class='hr-inner-style'><\/span><\/span><\/div><\/p><\/div><div class=\"flex_column av_one_half  avia-full-stretch no_margin flex_column_table_cell av-equal-height-column av-align-middle av-zero-column-padding   avia-builder-el-9  el_after_av_one_half  avia-builder-el-last  mobile-img \" style='background:url(https:\/\/eklandwood.com\/wp-content\/uploads\/2023\/11\/Toomu-talu_015-1030x687.jpg) center center no-repeat  #fdf1e0; background-color:#fdf1e0; border-radius:0px; '><\/div><\/div><!--close column table wrapper. Autoclose: 1 --><\/div><\/div><\/div><!-- close content main div --><\/div><\/div><div id='after_section_1'  class='main_color av_default_container_wrap container_wrap sidebar_right' style=' '  ><div class='container' ><div class='template-page content  av-content-small alpha units'><div class='post-entry post-entry-type-page post-entry-11235'><div class='entry-content-wrapper clearfix'><div  style='height:10px' class='hr hr-invisible   avia-builder-el-10  el_after_av_section  el_before_av_section  avia-builder-el-no-sibling '><span class='hr-inner ' ><span class='hr-inner-style'><\/span><\/span><\/div><\/p>\n<\/div><\/div><\/div><!-- close content main div --><\/div><\/div><div id='av_section_2'  class='avia-section main_color avia-section-default avia-no-border-styling  avia-bg-style-scroll  avia-builder-el-11  el_after_av_hr  el_before_av_hr   container_wrap sidebar_right' style='background-color: #f6f2ef;  '  ><div class='container' ><div class='template-page content  av-content-small alpha units'><div class='post-entry post-entry-type-page post-entry-11235'><div class='entry-content-wrapper clearfix'>\n<div  class='av-horizontal-gallery av-horizontal-gallery-large-gap av-horizontal-gallery--effect av-horizontal-gallery-1  avia-builder-el-12  avia-builder-el-no-sibling  pacs-slider av-control-default '  itemprop=\"image\" itemscope=\"itemscope\" itemtype=\"https:\/\/schema.org\/ImageObject\"   ><div class='avia-slideshow-arrows avia-slideshow-controls'><a href='#prev' class='prev-slide av-horizontal-gallery-prev' aria-hidden='true' data-av_icon='\ue87c' data-av_iconfont='entypo-fontello'>F\u00f6reg\u00e5ende<\/a><a href='#next' class='next-slide av-horizontal-gallery-next' aria-hidden='true' data-av_icon='\ue87d' data-av_iconfont='entypo-fontello'>N\u00e4sta <\/a><\/div><div class='av-horizontal-gallery-inner' style='padding-bottom:20%' data-av-height='20'><div class='av-horizontal-gallery-slider'><div class='av-horizontal-gallery-wrap noHover'><img decoding=\"async\" class='wp-image-10143 avia-img-lazy-loading-not-10143 av-horizontal-gallery-img' width=\"1030\" height=\"686\" src=\"https:\/\/eklandwood.com\/wp-content\/uploads\/2023\/11\/Toomu-talu_023-1030x686.jpg\" title='Toomu talu, Private House, Estonia' alt='Toomu talu, Private House, Estonia' srcset=\"https:\/\/eklandwood.com\/wp-content\/uploads\/2023\/11\/Toomu-talu_023-1030x686.jpg 1030w, https:\/\/eklandwood.com\/wp-content\/uploads\/2023\/11\/Toomu-talu_023-300x200.jpg 300w, https:\/\/eklandwood.com\/wp-content\/uploads\/2023\/11\/Toomu-talu_023-768x512.jpg 768w, https:\/\/eklandwood.com\/wp-content\/uploads\/2023\/11\/Toomu-talu_023-1536x1023.jpg 1536w, https:\/\/eklandwood.com\/wp-content\/uploads\/2023\/11\/Toomu-talu_023-2048x1364.jpg 2048w, https:\/\/eklandwood.com\/wp-content\/uploads\/2023\/11\/Toomu-talu_023-1500x999.jpg 1500w, https:\/\/eklandwood.com\/wp-content\/uploads\/2023\/11\/Toomu-talu_023-705x470.jpg 705w, https:\/\/eklandwood.com\/wp-content\/uploads\/2023\/11\/Toomu-talu_023-900x600.jpg 900w\" sizes=\"(max-width: 1030px) 100vw, 1030px\" \/><a href='https:\/\/eklandwood.com\/wp-content\/uploads\/2023\/11\/Toomu-talu_023-1030x686.jpg' class='av-horizontal-gallery-link' aria-hidden='true' data-av_icon='\ue869' data-av_iconfont='entypo-fontello' title='' alt='Toomu talu, Private House, Estonia'><\/a><\/div><div class='av-horizontal-gallery-wrap noHover'><img decoding=\"async\" class='wp-image-10139 avia-img-lazy-loading-not-10139 av-horizontal-gallery-img' width=\"1030\" height=\"687\" src=\"https:\/\/eklandwood.com\/wp-content\/uploads\/2023\/11\/Toomu-talu_022-1030x687.jpg\" title='Toomu talu, Private House, Estonia' alt='Toomu talu, Private House, Estonia' srcset=\"https:\/\/eklandwood.com\/wp-content\/uploads\/2023\/11\/Toomu-talu_022-1030x687.jpg 1030w, https:\/\/eklandwood.com\/wp-content\/uploads\/2023\/11\/Toomu-talu_022-300x200.jpg 300w, https:\/\/eklandwood.com\/wp-content\/uploads\/2023\/11\/Toomu-talu_022-768x512.jpg 768w, https:\/\/eklandwood.com\/wp-content\/uploads\/2023\/11\/Toomu-talu_022-1536x1025.jpg 1536w, https:\/\/eklandwood.com\/wp-content\/uploads\/2023\/11\/Toomu-talu_022-2048x1366.jpg 2048w, https:\/\/eklandwood.com\/wp-content\/uploads\/2023\/11\/Toomu-talu_022-1500x1001.jpg 1500w, https:\/\/eklandwood.com\/wp-content\/uploads\/2023\/11\/Toomu-talu_022-705x470.jpg 705w, https:\/\/eklandwood.com\/wp-content\/uploads\/2023\/11\/Toomu-talu_022-900x600.jpg 900w\" sizes=\"(max-width: 1030px) 100vw, 1030px\" \/><a href='https:\/\/eklandwood.com\/wp-content\/uploads\/2023\/11\/Toomu-talu_022-1030x687.jpg' class='av-horizontal-gallery-link' aria-hidden='true' data-av_icon='\ue869' data-av_iconfont='entypo-fontello' title='' alt='Toomu talu, Private House, Estonia'><\/a><\/div><div class='av-horizontal-gallery-wrap noHover'><img decoding=\"async\" class='wp-image-10135 avia-img-lazy-loading-not-10135 av-horizontal-gallery-img' width=\"1030\" height=\"687\" src=\"https:\/\/eklandwood.com\/wp-content\/uploads\/2023\/11\/Toomu-talu_020-1030x687.jpg\" title='Toomu talu, Private House, Estonia' alt='Toomu talu, Private House, Estonia' srcset=\"https:\/\/eklandwood.com\/wp-content\/uploads\/2023\/11\/Toomu-talu_020-1030x687.jpg 1030w, https:\/\/eklandwood.com\/wp-content\/uploads\/2023\/11\/Toomu-talu_020-300x200.jpg 300w, https:\/\/eklandwood.com\/wp-content\/uploads\/2023\/11\/Toomu-talu_020-768x512.jpg 768w, https:\/\/eklandwood.com\/wp-content\/uploads\/2023\/11\/Toomu-talu_020-1536x1025.jpg 1536w, https:\/\/eklandwood.com\/wp-content\/uploads\/2023\/11\/Toomu-talu_020-2048x1366.jpg 2048w, https:\/\/eklandwood.com\/wp-content\/uploads\/2023\/11\/Toomu-talu_020-1500x1001.jpg 1500w, https:\/\/eklandwood.com\/wp-content\/uploads\/2023\/11\/Toomu-talu_020-705x470.jpg 705w, https:\/\/eklandwood.com\/wp-content\/uploads\/2023\/11\/Toomu-talu_020-900x600.jpg 900w\" sizes=\"(max-width: 1030px) 100vw, 1030px\" \/><a href='https:\/\/eklandwood.com\/wp-content\/uploads\/2023\/11\/Toomu-talu_020-1030x687.jpg' class='av-horizontal-gallery-link' aria-hidden='true' data-av_icon='\ue869' data-av_iconfont='entypo-fontello' title='' alt='Toomu talu, Private House, Estonia'><\/a><\/div><div class='av-horizontal-gallery-wrap noHover'><img decoding=\"async\" class='wp-image-10131 avia-img-lazy-loading-not-10131 av-horizontal-gallery-img' width=\"1030\" height=\"687\" src=\"https:\/\/eklandwood.com\/wp-content\/uploads\/2023\/11\/Toomu-talu_019-1030x687.jpg\" title='Toomu talu, Private House, Estonia' alt='Toomu talu, Private House, Estonia' srcset=\"https:\/\/eklandwood.com\/wp-content\/uploads\/2023\/11\/Toomu-talu_019-1030x687.jpg 1030w, https:\/\/eklandwood.com\/wp-content\/uploads\/2023\/11\/Toomu-talu_019-300x200.jpg 300w, https:\/\/eklandwood.com\/wp-content\/uploads\/2023\/11\/Toomu-talu_019-768x512.jpg 768w, https:\/\/eklandwood.com\/wp-content\/uploads\/2023\/11\/Toomu-talu_019-1536x1025.jpg 1536w, https:\/\/eklandwood.com\/wp-content\/uploads\/2023\/11\/Toomu-talu_019-2048x1366.jpg 2048w, https:\/\/eklandwood.com\/wp-content\/uploads\/2023\/11\/Toomu-talu_019-1500x1001.jpg 1500w, https:\/\/eklandwood.com\/wp-content\/uploads\/2023\/11\/Toomu-talu_019-705x470.jpg 705w, https:\/\/eklandwood.com\/wp-content\/uploads\/2023\/11\/Toomu-talu_019-900x600.jpg 900w\" sizes=\"(max-width: 1030px) 100vw, 1030px\" \/><a href='https:\/\/eklandwood.com\/wp-content\/uploads\/2023\/11\/Toomu-talu_019-1030x687.jpg' class='av-horizontal-gallery-link' aria-hidden='true' data-av_icon='\ue869' data-av_iconfont='entypo-fontello' title='' alt='Toomu talu, Private House, Estonia'><\/a><\/div><div class='av-horizontal-gallery-wrap noHover'><img decoding=\"async\" class='wp-image-10123 avia-img-lazy-loading-not-10123 av-horizontal-gallery-img' width=\"1030\" height=\"687\" src=\"https:\/\/eklandwood.com\/wp-content\/uploads\/2023\/11\/Toomu-talu_011-1030x687.jpg\" title='Toomu talu, Private House, Estonia' alt='Toomu talu, Private House, Estonia' srcset=\"https:\/\/eklandwood.com\/wp-content\/uploads\/2023\/11\/Toomu-talu_011-1030x687.jpg 1030w, https:\/\/eklandwood.com\/wp-content\/uploads\/2023\/11\/Toomu-talu_011-300x200.jpg 300w, https:\/\/eklandwood.com\/wp-content\/uploads\/2023\/11\/Toomu-talu_011-768x512.jpg 768w, https:\/\/eklandwood.com\/wp-content\/uploads\/2023\/11\/Toomu-talu_011-1536x1025.jpg 1536w, https:\/\/eklandwood.com\/wp-content\/uploads\/2023\/11\/Toomu-talu_011-2048x1366.jpg 2048w, https:\/\/eklandwood.com\/wp-content\/uploads\/2023\/11\/Toomu-talu_011-1500x1001.jpg 1500w, https:\/\/eklandwood.com\/wp-content\/uploads\/2023\/11\/Toomu-talu_011-705x470.jpg 705w, https:\/\/eklandwood.com\/wp-content\/uploads\/2023\/11\/Toomu-talu_011-900x600.jpg 900w\" sizes=\"(max-width: 1030px) 100vw, 1030px\" \/><a href='https:\/\/eklandwood.com\/wp-content\/uploads\/2023\/11\/Toomu-talu_011-1030x687.jpg' class='av-horizontal-gallery-link' aria-hidden='true' data-av_icon='\ue869' data-av_iconfont='entypo-fontello' title='' alt='Toomu talu, Private House, Estonia'><\/a><\/div><div class='av-horizontal-gallery-wrap noHover'><img decoding=\"async\" class='wp-image-10119 avia-img-lazy-loading-not-10119 av-horizontal-gallery-img' width=\"1030\" height=\"687\" src=\"https:\/\/eklandwood.com\/wp-content\/uploads\/2023\/11\/Toomu-talu_010-1030x687.jpg\" title='Toomu talu, Private House, Estonia' alt='Toomu talu, Private House, Estonia' srcset=\"https:\/\/eklandwood.com\/wp-content\/uploads\/2023\/11\/Toomu-talu_010-1030x687.jpg 1030w, https:\/\/eklandwood.com\/wp-content\/uploads\/2023\/11\/Toomu-talu_010-300x200.jpg 300w, https:\/\/eklandwood.com\/wp-content\/uploads\/2023\/11\/Toomu-talu_010-768x512.jpg 768w, https:\/\/eklandwood.com\/wp-content\/uploads\/2023\/11\/Toomu-talu_010-1536x1025.jpg 1536w, https:\/\/eklandwood.com\/wp-content\/uploads\/2023\/11\/Toomu-talu_010-2048x1366.jpg 2048w, https:\/\/eklandwood.com\/wp-content\/uploads\/2023\/11\/Toomu-talu_010-1500x1001.jpg 1500w, https:\/\/eklandwood.com\/wp-content\/uploads\/2023\/11\/Toomu-talu_010-705x470.jpg 705w, https:\/\/eklandwood.com\/wp-content\/uploads\/2023\/11\/Toomu-talu_010-900x600.jpg 900w\" sizes=\"(max-width: 1030px) 100vw, 1030px\" \/><a href='https:\/\/eklandwood.com\/wp-content\/uploads\/2023\/11\/Toomu-talu_010-1030x687.jpg' class='av-horizontal-gallery-link' aria-hidden='true' data-av_icon='\ue869' data-av_iconfont='entypo-fontello' title='' alt='Toomu talu, Private House, Estonia'><\/a><\/div><div class='av-horizontal-gallery-wrap noHover'><img decoding=\"async\" class='wp-image-10115 avia-img-lazy-loading-not-10115 av-horizontal-gallery-img' width=\"687\" height=\"1030\" src=\"https:\/\/eklandwood.com\/wp-content\/uploads\/2023\/11\/Toomu-talu_009-687x1030.jpg\" title='Toomu talu, Private House, Estonia' alt='Toomu talu, Private House, Estonia' srcset=\"https:\/\/eklandwood.com\/wp-content\/uploads\/2023\/11\/Toomu-talu_009-687x1030.jpg 687w, https:\/\/eklandwood.com\/wp-content\/uploads\/2023\/11\/Toomu-talu_009-200x300.jpg 200w, https:\/\/eklandwood.com\/wp-content\/uploads\/2023\/11\/Toomu-talu_009-768x1151.jpg 768w, https:\/\/eklandwood.com\/wp-content\/uploads\/2023\/11\/Toomu-talu_009-1025x1536.jpg 1025w, https:\/\/eklandwood.com\/wp-content\/uploads\/2023\/11\/Toomu-talu_009-1366x2048.jpg 1366w, https:\/\/eklandwood.com\/wp-content\/uploads\/2023\/11\/Toomu-talu_009-1001x1500.jpg 1001w, https:\/\/eklandwood.com\/wp-content\/uploads\/2023\/11\/Toomu-talu_009-470x705.jpg 470w, https:\/\/eklandwood.com\/wp-content\/uploads\/2023\/11\/Toomu-talu_009-scaled.jpg 1708w\" sizes=\"(max-width: 687px) 100vw, 687px\" \/><a href='https:\/\/eklandwood.com\/wp-content\/uploads\/2023\/11\/Toomu-talu_009-687x1030.jpg' class='av-horizontal-gallery-link' aria-hidden='true' data-av_icon='\ue869' data-av_iconfont='entypo-fontello' title='' alt='Toomu talu, Private House, Estonia'><\/a><\/div><div class='av-horizontal-gallery-wrap noHover'><img decoding=\"async\" class='wp-image-10111 avia-img-lazy-loading-not-10111 av-horizontal-gallery-img' width=\"1030\" height=\"687\" src=\"https:\/\/eklandwood.com\/wp-content\/uploads\/2023\/11\/Toomu-talu_008-1030x687.jpg\" title='Toomu talu, Private House, Estonia' alt='Toomu talu, Private House, Estonia' srcset=\"https:\/\/eklandwood.com\/wp-content\/uploads\/2023\/11\/Toomu-talu_008-1030x687.jpg 1030w, https:\/\/eklandwood.com\/wp-content\/uploads\/2023\/11\/Toomu-talu_008-300x200.jpg 300w, https:\/\/eklandwood.com\/wp-content\/uploads\/2023\/11\/Toomu-talu_008-768x512.jpg 768w, https:\/\/eklandwood.com\/wp-content\/uploads\/2023\/11\/Toomu-talu_008-1536x1025.jpg 1536w, https:\/\/eklandwood.com\/wp-content\/uploads\/2023\/11\/Toomu-talu_008-2048x1366.jpg 2048w, https:\/\/eklandwood.com\/wp-content\/uploads\/2023\/11\/Toomu-talu_008-1500x1001.jpg 1500w, https:\/\/eklandwood.com\/wp-content\/uploads\/2023\/11\/Toomu-talu_008-705x470.jpg 705w, https:\/\/eklandwood.com\/wp-content\/uploads\/2023\/11\/Toomu-talu_008-900x600.jpg 900w\" sizes=\"(max-width: 1030px) 100vw, 1030px\" \/><a href='https:\/\/eklandwood.com\/wp-content\/uploads\/2023\/11\/Toomu-talu_008-1030x687.jpg' class='av-horizontal-gallery-link' aria-hidden='true' data-av_icon='\ue869' data-av_iconfont='entypo-fontello' title='' alt='Toomu talu, Private House, Estonia'><\/a><\/div><div class='av-horizontal-gallery-wrap noHover'><img decoding=\"async\" class='wp-image-10107 avia-img-lazy-loading-not-10107 av-horizontal-gallery-img' width=\"1030\" height=\"687\" src=\"https:\/\/eklandwood.com\/wp-content\/uploads\/2023\/11\/Toomu-talu_007-1030x687.jpg\" title='Toomu talu, Private House, Estonia' alt='Toomu talu, Private House, Estonia' srcset=\"https:\/\/eklandwood.com\/wp-content\/uploads\/2023\/11\/Toomu-talu_007-1030x687.jpg 1030w, https:\/\/eklandwood.com\/wp-content\/uploads\/2023\/11\/Toomu-talu_007-300x200.jpg 300w, https:\/\/eklandwood.com\/wp-content\/uploads\/2023\/11\/Toomu-talu_007-768x512.jpg 768w, https:\/\/eklandwood.com\/wp-content\/uploads\/2023\/11\/Toomu-talu_007-1536x1025.jpg 1536w, https:\/\/eklandwood.com\/wp-content\/uploads\/2023\/11\/Toomu-talu_007-2048x1366.jpg 2048w, https:\/\/eklandwood.com\/wp-content\/uploads\/2023\/11\/Toomu-talu_007-1500x1001.jpg 1500w, https:\/\/eklandwood.com\/wp-content\/uploads\/2023\/11\/Toomu-talu_007-705x470.jpg 705w, https:\/\/eklandwood.com\/wp-content\/uploads\/2023\/11\/Toomu-talu_007-900x600.jpg 900w\" sizes=\"(max-width: 1030px) 100vw, 1030px\" \/><a href='https:\/\/eklandwood.com\/wp-content\/uploads\/2023\/11\/Toomu-talu_007-1030x687.jpg' class='av-horizontal-gallery-link' aria-hidden='true' data-av_icon='\ue869' data-av_iconfont='entypo-fontello' title='' alt='Toomu talu, Private House, Estonia'><\/a><\/div><div class='av-horizontal-gallery-wrap noHover'><img decoding=\"async\" class='wp-image-10103 avia-img-lazy-loading-not-10103 av-horizontal-gallery-img' width=\"687\" height=\"1030\" src=\"https:\/\/eklandwood.com\/wp-content\/uploads\/2023\/11\/Toomu-talu_006-687x1030.jpg\" title='Toomu talu, Private House, Estonia' alt='Toomu talu, Private House, Estonia' srcset=\"https:\/\/eklandwood.com\/wp-content\/uploads\/2023\/11\/Toomu-talu_006-687x1030.jpg 687w, https:\/\/eklandwood.com\/wp-content\/uploads\/2023\/11\/Toomu-talu_006-200x300.jpg 200w, https:\/\/eklandwood.com\/wp-content\/uploads\/2023\/11\/Toomu-talu_006-768x1151.jpg 768w, https:\/\/eklandwood.com\/wp-content\/uploads\/2023\/11\/Toomu-talu_006-1025x1536.jpg 1025w, https:\/\/eklandwood.com\/wp-content\/uploads\/2023\/11\/Toomu-talu_006-1366x2048.jpg 1366w, https:\/\/eklandwood.com\/wp-content\/uploads\/2023\/11\/Toomu-talu_006-1001x1500.jpg 1001w, https:\/\/eklandwood.com\/wp-content\/uploads\/2023\/11\/Toomu-talu_006-470x705.jpg 470w, https:\/\/eklandwood.com\/wp-content\/uploads\/2023\/11\/Toomu-talu_006-scaled.jpg 1708w\" sizes=\"(max-width: 687px) 100vw, 687px\" \/><a href='https:\/\/eklandwood.com\/wp-content\/uploads\/2023\/11\/Toomu-talu_006-687x1030.jpg' class='av-horizontal-gallery-link' aria-hidden='true' data-av_icon='\ue869' data-av_iconfont='entypo-fontello' title='' alt='Toomu talu, Private House, Estonia'><\/a><\/div><div class='av-horizontal-gallery-wrap noHover'><img decoding=\"async\" class='wp-image-10099 avia-img-lazy-loading-not-10099 av-horizontal-gallery-img' width=\"687\" height=\"1030\" src=\"https:\/\/eklandwood.com\/wp-content\/uploads\/2023\/11\/Toomu-talu_005-687x1030.jpg\" title='Toomu talu, Private House, Estonia' alt='Toomu talu, Private House, Estonia' srcset=\"https:\/\/eklandwood.com\/wp-content\/uploads\/2023\/11\/Toomu-talu_005-687x1030.jpg 687w, https:\/\/eklandwood.com\/wp-content\/uploads\/2023\/11\/Toomu-talu_005-200x300.jpg 200w, https:\/\/eklandwood.com\/wp-content\/uploads\/2023\/11\/Toomu-talu_005-768x1151.jpg 768w, https:\/\/eklandwood.com\/wp-content\/uploads\/2023\/11\/Toomu-talu_005-1025x1536.jpg 1025w, https:\/\/eklandwood.com\/wp-content\/uploads\/2023\/11\/Toomu-talu_005-1366x2048.jpg 1366w, https:\/\/eklandwood.com\/wp-content\/uploads\/2023\/11\/Toomu-talu_005-1001x1500.jpg 1001w, https:\/\/eklandwood.com\/wp-content\/uploads\/2023\/11\/Toomu-talu_005-470x705.jpg 470w, https:\/\/eklandwood.com\/wp-content\/uploads\/2023\/11\/Toomu-talu_005-scaled.jpg 1708w\" sizes=\"(max-width: 687px) 100vw, 687px\" \/><a href='https:\/\/eklandwood.com\/wp-content\/uploads\/2023\/11\/Toomu-talu_005-687x1030.jpg' class='av-horizontal-gallery-link' aria-hidden='true' data-av_icon='\ue869' data-av_iconfont='entypo-fontello' title='' alt='Toomu talu, Private House, Estonia'><\/a><\/div><div class='av-horizontal-gallery-wrap noHover'><img decoding=\"async\" class='wp-image-10095 avia-img-lazy-loading-not-10095 av-horizontal-gallery-img' width=\"687\" height=\"1030\" src=\"https:\/\/eklandwood.com\/wp-content\/uploads\/2023\/11\/Toomu-talu_004-687x1030.jpg\" title='Toomu talu, Private House, Estonia' alt='Toomu talu, Private House, Estonia' srcset=\"https:\/\/eklandwood.com\/wp-content\/uploads\/2023\/11\/Toomu-talu_004-687x1030.jpg 687w, https:\/\/eklandwood.com\/wp-content\/uploads\/2023\/11\/Toomu-talu_004-200x300.jpg 200w, https:\/\/eklandwood.com\/wp-content\/uploads\/2023\/11\/Toomu-talu_004-768x1151.jpg 768w, https:\/\/eklandwood.com\/wp-content\/uploads\/2023\/11\/Toomu-talu_004-1025x1536.jpg 1025w, https:\/\/eklandwood.com\/wp-content\/uploads\/2023\/11\/Toomu-talu_004-1366x2048.jpg 1366w, https:\/\/eklandwood.com\/wp-content\/uploads\/2023\/11\/Toomu-talu_004-1001x1500.jpg 1001w, https:\/\/eklandwood.com\/wp-content\/uploads\/2023\/11\/Toomu-talu_004-470x705.jpg 470w, https:\/\/eklandwood.com\/wp-content\/uploads\/2023\/11\/Toomu-talu_004-scaled.jpg 1708w\" sizes=\"(max-width: 687px) 100vw, 687px\" \/><a href='https:\/\/eklandwood.com\/wp-content\/uploads\/2023\/11\/Toomu-talu_004-687x1030.jpg' class='av-horizontal-gallery-link' aria-hidden='true' data-av_icon='\ue869' data-av_iconfont='entypo-fontello' title='' alt='Toomu talu, Private House, Estonia'><\/a><\/div><div class='av-horizontal-gallery-wrap noHover'><img decoding=\"async\" class='wp-image-10091 avia-img-lazy-loading-not-10091 av-horizontal-gallery-img' width=\"1030\" height=\"687\" src=\"https:\/\/eklandwood.com\/wp-content\/uploads\/2023\/11\/Toomu-talu_003-1030x687.jpg\" title='Toomu talu, Private House, Estonia' alt='Toomu talu, Private House, Estonia' srcset=\"https:\/\/eklandwood.com\/wp-content\/uploads\/2023\/11\/Toomu-talu_003-1030x687.jpg 1030w, https:\/\/eklandwood.com\/wp-content\/uploads\/2023\/11\/Toomu-talu_003-300x200.jpg 300w, https:\/\/eklandwood.com\/wp-content\/uploads\/2023\/11\/Toomu-talu_003-768x512.jpg 768w, https:\/\/eklandwood.com\/wp-content\/uploads\/2023\/11\/Toomu-talu_003-1536x1025.jpg 1536w, https:\/\/eklandwood.com\/wp-content\/uploads\/2023\/11\/Toomu-talu_003-2048x1366.jpg 2048w, https:\/\/eklandwood.com\/wp-content\/uploads\/2023\/11\/Toomu-talu_003-1500x1001.jpg 1500w, https:\/\/eklandwood.com\/wp-content\/uploads\/2023\/11\/Toomu-talu_003-705x470.jpg 705w, https:\/\/eklandwood.com\/wp-content\/uploads\/2023\/11\/Toomu-talu_003-900x600.jpg 900w\" sizes=\"(max-width: 1030px) 100vw, 1030px\" \/><a href='https:\/\/eklandwood.com\/wp-content\/uploads\/2023\/11\/Toomu-talu_003-1030x687.jpg' class='av-horizontal-gallery-link' aria-hidden='true' data-av_icon='\ue869' data-av_iconfont='entypo-fontello' title='' alt='Toomu talu, Private House, Estonia'><\/a><\/div><\/div><\/div><\/div>\n<\/div><\/div><\/div><!-- close content main div --><\/div><\/div><div id='after_section_2'  class='main_color av_default_container_wrap container_wrap sidebar_right' style=' '  ><div class='container' ><div class='template-page content  av-content-small alpha units'><div class='post-entry post-entry-type-page post-entry-11235'><div class='entry-content-wrapper clearfix'>\n<div  style='height:10px' class='hr hr-invisible  av-small-hide av-mini-hide  avia-builder-el-13  el_after_av_section  avia-builder-el-no-sibling '><span class='hr-inner ' ><span class='hr-inner-style'><\/span><\/span><\/div>\n","protected":false},"excerpt":{"rendered":"","protected":false},"author":4,"featured_media":0,"parent":0,"menu_order":0,"comment_status":"closed","ping_status":"closed","template":"","meta":{"inline_featured_image":false,"footnotes":""},"class_list":["post-11235","page","type-page","status-publish","hentry"],"_links":{"self":[{"href":"https:\/\/eklandwood.com\/sv\/wp-json\/wp\/v2\/pages\/11235","targetHints":{"allow":["GET"]}}],"collection":[{"href":"https:\/\/eklandwood.com\/sv\/wp-json\/wp\/v2\/pages"}],"about":[{"href":"https:\/\/eklandwood.com\/sv\/wp-json\/wp\/v2\/types\/page"}],"author":[{"embeddable":true,"href":"https:\/\/eklandwood.com\/sv\/wp-json\/wp\/v2\/users\/4"}],"replies":[{"embeddable":true,"href":"https:\/\/eklandwood.com\/sv\/wp-json\/wp\/v2\/comments?post=11235"}],"version-history":[{"count":2,"href":"https:\/\/eklandwood.com\/sv\/wp-json\/wp\/v2\/pages\/11235\/revisions"}],"predecessor-version":[{"id":11237,"href":"https:\/\/eklandwood.com\/sv\/wp-json\/wp\/v2\/pages\/11235\/revisions\/11237"}],"wp:attachment":[{"href":"https:\/\/eklandwood.com\/sv\/wp-json\/wp\/v2\/media?parent=11235"}],"curies":[{"name":"wp","href":"https:\/\/api.w.org\/{rel}","templated":true}]}}