{"id":13361,"date":"2026-05-14T10:51:03","date_gmt":"2026-05-14T07:51:03","guid":{"rendered":"https:\/\/eklandwood.com\/deski-tarasowe-accoya\/"},"modified":"2026-05-14T10:51:03","modified_gmt":"2026-05-14T07:51:03","slug":"deski-tarasowe-accoya","status":"publish","type":"page","link":"https:\/\/eklandwood.com\/pl\/deski-tarasowe-accoya\/","title":{"rendered":"Deski tarasowe Accoya"},"content":{"rendered":"<div  style='height:10px' class='hr hr-invisible   avia-builder-el-0  el_before_av_section  avia-builder-el-no-sibling '><span class='hr-inner ' ><span class='hr-inner-style'><\/span><\/span><\/div>\n<\/div><\/div><\/div><!-- close content main div --><\/div><\/div><div id='av_section_1'  class='avia-section main_color avia-section-default avia-no-border-styling  avia-bg-style-scroll  avia-builder-el-1  el_after_av_hr  el_before_av_hr   container_wrap sidebar_right' style='background-color: #f6f2ef;  '  ><div class='container' ><div class='template-page content  av-content-small alpha units'><div class='post-entry post-entry-type-page post-entry-13361'><div class='entry-content-wrapper clearfix'>\n<div class='flex_column_table av-equal-height-column-flextable -flextable' style='margin-top:0px; margin-bottom:0px; '><div class=\"flex_column av_one_half  no_margin flex_column_table_cell av-equal-height-column av-align-middle first  avia-builder-el-2  el_before_av_one_half  avia-builder-el-first  mobile-padding \" style='padding:0px 100px 0px 100px ; border-radius:0px; '><p><div  style='height:50px' class='hr hr-invisible   avia-builder-el-3  el_before_av_textblock  avia-builder-el-first '><span class='hr-inner ' ><span class='hr-inner-style'><\/span><\/span><\/div><br \/>\n<section class=\"av_textblock_section \"  itemscope=\"itemscope\" itemtype=\"https:\/\/schema.org\/CreativeWork\" ><div class='avia_textblock  '   itemprop=\"text\" ><h2 style=\"text-align: center;\">Czym jest Accoya?<\/h2>\n<\/div><\/section><br \/>\n<div  style=' margin-top:10px; margin-bottom:10px;'  class='hr hr-custom hr-center hr-icon-no   avia-builder-el-5  el_after_av_textblock  el_before_av_textblock '><span class='hr-inner  inner-border-av-border-fat' style=' width:180px; border-color:#000000;' ><span class='hr-inner-style'><\/span><\/span><\/div><br \/>\n<section class=\"av_textblock_section \"  itemscope=\"itemscope\" itemtype=\"https:\/\/schema.org\/CreativeWork\" ><div class='avia_textblock  '   itemprop=\"text\" ><p style=\"text-align: center;\" data-start=\"2657\" data-end=\"3014\">Accoya to wysokowydajne, pozyskiwane w spos\u00f3b zr\u00f3wnowa\u017cony, przezroczyste drewno sosnowe (sosna radiata), modyfikowane nietoksycznym procesem acetylacji (z u\u017cyciem bezwodnika octowego, podobnie jak w occie), dzi\u0119ki czemu staje si\u0119 wyj\u0105tkowo trwa\u0142e, stabilne wymiarowo i odporne na gnicie. Accoya przewy\u017csza drewno egzotyczne i wymaga minimalnej konserwacji.<\/p>\n<p style=\"text-align: center;\" data-start=\"3016\" data-end=\"3360\">Wysoka stabilno\u015b\u0107 wymiarowa naszych szerokich desek tarasowych Accoya sprawia, \u017ce nie kurcz\u0105 si\u0119, nie wypaczaj\u0105 ani nie wyginaj\u0105 z up\u0142ywem czasu. Modyfikowane drewno Accoya jest bardzo trwa\u0142e i stabilne, dzi\u0119ki czemu doskonale sprawdza si\u0119 w wymagaj\u0105cych zastosowaniach, takich jak tarasy basenowe, elewacje zewn\u0119trzne oraz drewniane okiennice.<\/p>\n<\/div><\/section><br \/>\n<div  style='height:30px' class='hr hr-invisible  av-desktop-hide av-medium-hide  avia-builder-el-7  el_after_av_textblock  el_before_av_hr '><span class='hr-inner ' ><span class='hr-inner-style'><\/span><\/span><\/div><br \/>\n<div  style='height:50px' class='hr hr-invisible  av-small-hide av-mini-hide  avia-builder-el-8  el_after_av_hr  avia-builder-el-last '><span class='hr-inner ' ><span class='hr-inner-style'><\/span><\/span><\/div><\/p><\/div><div class=\"flex_column av_one_half  no_margin flex_column_table_cell av-equal-height-column av-align-middle av-zero-column-padding   avia-builder-el-9  el_after_av_one_half  avia-builder-el-last  \" style='border-radius:0px; '><div  class='avia-image-container  av-styling-  av-has-copyright av-copyright-always   avia-builder-el-10  avia-builder-el-no-sibling  avia-align-center '  itemprop=\"image\" itemscope=\"itemscope\" itemtype=\"https:\/\/schema.org\/ImageObject\"  ><div class='avia-image-container-inner'><div class='avia-image-overlay-wrap'><img decoding=\"async\" class='wp-image-13355 avia-img-lazy-loading-not-13355 avia_image' src=\"https:\/\/eklandwood.com\/wp-content\/uploads\/2025\/12\/Accoya-decking-1-900x600.jpg\" alt='' title='Deski tarasowe Accoya' height=\"600\" width=\"900\"  itemprop=\"thumbnailUrl\"  \/><\/div><small class='avia-copyright'>Produkt: Deski tarasowe Accoya, \u015bwie\u017co zainstalowane, z czasem naturalnie patynuj\u0105 na srebrnoszary kolor.<\/small><\/div><\/div><\/div><\/div><!--close column table wrapper. Autoclose: 1 --><\/div><\/div><\/div><!-- close content main div --><\/div><\/div><div id='after_section_1'  class='main_color av_default_container_wrap container_wrap sidebar_right' style=' '  ><div class='container' ><div class='template-page content  av-content-small alpha units'><div class='post-entry post-entry-type-page post-entry-13361'><div class='entry-content-wrapper clearfix'><div  style='height:10px' class='hr hr-invisible   avia-builder-el-11  el_after_av_section  el_before_av_section  avia-builder-el-no-sibling '><span class='hr-inner ' ><span class='hr-inner-style'><\/span><\/span><\/div><\/p>\n<\/div><\/div><\/div><!-- close content main div --><\/div><\/div><div id='av_section_2'  class='avia-section main_color avia-section-default avia-no-border-styling  avia-bg-style-scroll  avia-builder-el-12  el_after_av_hr  el_before_av_hr   container_wrap sidebar_right' style='background-color: #f6f2ef;  '  ><div class='container' ><div class='template-page content  av-content-small alpha units'><div class='post-entry post-entry-type-page post-entry-13361'><div class='entry-content-wrapper clearfix'>\n<div class='flex_column_table av-equal-height-column-flextable -flextable' style='margin-top:0px; margin-bottom:0px; '><div class=\"flex_column av_one_half  avia-full-stretch no_margin flex_column_table_cell av-equal-height-column av-align-middle first  avia-builder-el-13  el_before_av_one_half  avia-builder-el-first  mobile-img \" style='padding:0px 0px 0px 25px ; border-radius:0px; '><div  class='avia-image-container  av-styling-  av-has-copyright av-copyright-always   avia-builder-el-14  avia-builder-el-no-sibling  avia-align-center '  itemprop=\"image\" itemscope=\"itemscope\" itemtype=\"https:\/\/schema.org\/ImageObject\"  ><div class='avia-image-container-inner'><div class='avia-image-overlay-wrap'><img decoding=\"async\" class='wp-image-13356 avia-img-lazy-loading-not-13356 avia_image' src=\"https:\/\/eklandwood.com\/wp-content\/uploads\/2025\/12\/Accoya-decking-4-900x600.jpg\" alt='' title='Deski tarasowe Accoya' height=\"600\" width=\"900\"  itemprop=\"thumbnailUrl\"  \/><\/div><small class='avia-copyright'>Produkt: Deski tarasowe Accoya, \u015bwie\u017co zainstalowane, z czasem naturalnie patynuj\u0105 na srebrnoszary kolor.<\/small><\/div><\/div><\/div><div class=\"flex_column av_one_half  no_margin flex_column_table_cell av-equal-height-column av-align-middle   avia-builder-el-15  el_after_av_one_half  avia-builder-el-last  mobile-padding \" style='padding:0px 100px 0px 100px ; border-radius:0px; '><p><div  style='height:10px' class='hr hr-invisible   avia-builder-el-16  el_before_av_hr  avia-builder-el-first '><span class='hr-inner ' ><span class='hr-inner-style'><\/span><\/span><\/div><br \/>\n<div  style='height:10px' class='hr hr-invisible   avia-builder-el-17  el_after_av_hr  el_before_av_hr '><span class='hr-inner ' ><span class='hr-inner-style'><\/span><\/span><\/div><br \/>\n<div  style='height:10px' class='hr hr-invisible   avia-builder-el-18  el_after_av_hr  el_before_av_textblock '><span class='hr-inner ' ><span class='hr-inner-style'><\/span><\/span><\/div><br \/>\n<section class=\"av_textblock_section \"  itemscope=\"itemscope\" itemtype=\"https:\/\/schema.org\/CreativeWork\" ><div class='avia_textblock  '   itemprop=\"text\" ><h2 style=\"text-align: center;\">Materia\u0142 certyfikowany<\/h2>\n<\/div><\/section><br \/>\n<div  style=' margin-top:10px; margin-bottom:10px;'  class='hr hr-custom hr-center hr-icon-no   avia-builder-el-20  el_after_av_textblock  el_before_av_textblock '><span class='hr-inner  inner-border-av-border-fat' style=' width:180px; border-color:#000000;' ><span class='hr-inner-style'><\/span><\/span><\/div><br \/>\n<section class=\"av_textblock_section \"  itemscope=\"itemscope\" itemtype=\"https:\/\/schema.org\/CreativeWork\" ><div class='avia_textblock  '   itemprop=\"text\" ><p style=\"text-align: center;\">Materia\u0142 posiada certyfikat FSC oraz Cradle to Cradle Gold, a tak\u017ce jest jedynym materia\u0142em budowlanym na \u015bwiecie posiadaj\u0105cym certyfikat Cradle to Cradle Platinum w kategorii zdrowia materia\u0142owego. Dzi\u0119ki niskiemu \u015bladowi w\u0119glowemu pomaga ogranicza\u0107 emisje CO\u2082 i wspiera zdrowsze \u015brodowisko. Accoya jest r\u00f3wnie\u017c nietoksyczna, dzi\u0119ki czemu jest bezpieczna dla ludzi, zwierz\u0105t i \u015brodowiska.<\/p>\n<\/div><\/section><br \/>\n<div  style='height:10px' class='hr hr-invisible  av-desktop-hide av-medium-hide  avia-builder-el-22  el_after_av_textblock  el_before_av_button '><span class='hr-inner ' ><span class='hr-inner-style'><\/span><\/span><\/div><br \/>\n<div  class='avia-button-wrap avia-button-center  avia-builder-el-23  el_after_av_hr  el_before_av_hr ' ><a href='https:\/\/eklandwood.com\/pl\/kontakt\/'  class='avia-button  avia-color-dark   avia-icon_select-yes-left-icon avia-size-small avia-position-center '  target=\"_blank\"  rel=\"noopener noreferrer\"  ><span class='avia_button_icon avia_button_icon_left ' aria-hidden='true' data-av_icon='\ue83b' data-av_iconfont='entypo-fontello'><\/span><span class='avia_iconbox_title' >Skontaktuj si\u0119 z nami, aby dowiedzie\u0107 si\u0119 wi\u0119cej<\/span><\/a><\/div><br \/>\n<div  style='height:100px' class='hr hr-invisible  av-small-hide av-mini-hide  avia-builder-el-24  el_after_av_button  avia-builder-el-last '><span class='hr-inner ' ><span class='hr-inner-style'><\/span><\/span><\/div><\/p><\/div><\/div><!--close column table wrapper. Autoclose: 1 -->\n<\/div><\/div><\/div><!-- close content main div --><\/div><\/div><div id='after_section_2'  class='main_color av_default_container_wrap container_wrap sidebar_right' style=' '  ><div class='container' ><div class='template-page content  av-content-small alpha units'><div class='post-entry post-entry-type-page post-entry-13361'><div class='entry-content-wrapper clearfix'>\n<div  style='height:10px' class='hr hr-invisible   avia-builder-el-25  el_after_av_section  el_before_av_section  avia-builder-el-no-sibling '><span class='hr-inner ' ><span class='hr-inner-style'><\/span><\/span><\/div>\n<\/div><\/div><\/div><!-- close content main div --><\/div><\/div><div id='av_section_3'  class='avia-section main_color avia-section-small avia-no-border-styling  avia-bg-style-scroll  avia-builder-el-26  el_after_av_hr  el_before_av_hr   container_wrap sidebar_right' style='background-color: #f6f2ef;  margin-top:0; margin-bottom:0; '  ><div class='container' ><div class='template-page content  av-content-small alpha units'><div class='post-entry post-entry-type-page post-entry-13361'><div class='entry-content-wrapper clearfix'>\n<div class='flex_column_table av-equal-height-column-flextable -flextable' style='margin-top:10px; margin-bottom:0px; '><div class=\"flex_column av_one_full  avia-full-stretch no_margin flex_column_table_cell av-equal-height-column av-align-middle first  avia-builder-el-27  avia-builder-el-no-sibling  mobile-img \" style='padding:0px 0px 0px 25px ; border-radius:0px; '><section class=\"av_textblock_section \"  itemscope=\"itemscope\" itemtype=\"https:\/\/schema.org\/CreativeWork\" ><div class='avia_textblock  '   itemprop=\"text\" ><h2 style=\"text-align: center;\">Galeria<\/h2>\n<\/div><\/section><br \/>\n<div  style=' margin-top:10px; margin-bottom:10px;'  class='hr hr-custom hr-center hr-icon-no   avia-builder-el-29  el_after_av_textblock  el_before_av_horizontal_gallery  avia-builder-el-last '><span class='hr-inner  inner-border-av-border-fat' style=' width:180px; border-color:#000000;' ><span class='hr-inner-style'><\/span><\/span><\/div><br \/>\n<div  class='av-horizontal-gallery av-horizontal-gallery-large-gap av-horizontal-gallery-enlarge-effect av-horizontal-gallery-1  avia-builder-el-30  el_after_av_hr  avia-builder-el-last  av-control-default '  itemprop=\"image\" itemscope=\"itemscope\" itemtype=\"https:\/\/schema.org\/ImageObject\"  style='padding: 3.75% 0px;' data-av-enlarge='1.3'  ><div class='avia-slideshow-arrows avia-slideshow-controls'><a href='#prev' class='prev-slide av-horizontal-gallery-prev' aria-hidden='true' data-av_icon='\ue87c' data-av_iconfont='entypo-fontello'>Previous<\/a><a href='#next' class='next-slide av-horizontal-gallery-next' aria-hidden='true' data-av_icon='\ue87d' data-av_iconfont='entypo-fontello'>Next <\/a><\/div><div class='av-horizontal-gallery-inner' style='padding-bottom:25%' data-av-height='25'><div class='av-horizontal-gallery-slider'><div class='av-horizontal-gallery-wrap noHover'><img decoding=\"async\" class='wp-image-13357 avia-img-lazy-loading-not-13357 av-horizontal-gallery-img' width=\"900\" height=\"500\" src=\"https:\/\/eklandwood.com\/wp-content\/uploads\/2025\/12\/Accoya-decking-5.jpg\" title='Deski tarasowe Accoya' alt='' srcset=\"https:\/\/eklandwood.com\/wp-content\/uploads\/2025\/12\/Accoya-decking-5.jpg 900w, https:\/\/eklandwood.com\/wp-content\/uploads\/2025\/12\/Accoya-decking-5-300x167.jpg 300w, https:\/\/eklandwood.com\/wp-content\/uploads\/2025\/12\/Accoya-decking-5-768x427.jpg 768w, https:\/\/eklandwood.com\/wp-content\/uploads\/2025\/12\/Accoya-decking-5-705x392.jpg 705w\" sizes=\"(max-width: 900px) 100vw, 900px\" \/><a href='https:\/\/eklandwood.com\/wp-content\/uploads\/2025\/12\/Accoya-decking-5.jpg' class='av-horizontal-gallery-link' aria-hidden='true' data-av_icon='\ue869' data-av_iconfont='entypo-fontello' title='Deski tarasowe Accoya' alt=''><\/a><\/div><div class='av-horizontal-gallery-wrap noHover'><img decoding=\"async\" class='wp-image-13358 avia-img-lazy-loading-not-13358 av-horizontal-gallery-img' width=\"1030\" height=\"774\" src=\"https:\/\/eklandwood.com\/wp-content\/uploads\/2025\/12\/Accoya-decking-3-1030x774.jpg\" title='Deski tarasowe Accoya' alt='' srcset=\"https:\/\/eklandwood.com\/wp-content\/uploads\/2025\/12\/Accoya-decking-3-1030x774.jpg 1030w, https:\/\/eklandwood.com\/wp-content\/uploads\/2025\/12\/Accoya-decking-3-300x225.jpg 300w, https:\/\/eklandwood.com\/wp-content\/uploads\/2025\/12\/Accoya-decking-3-768x577.jpg 768w, https:\/\/eklandwood.com\/wp-content\/uploads\/2025\/12\/Accoya-decking-3-1536x1154.jpg 1536w, https:\/\/eklandwood.com\/wp-content\/uploads\/2025\/12\/Accoya-decking-3-2048x1538.jpg 2048w, https:\/\/eklandwood.com\/wp-content\/uploads\/2025\/12\/Accoya-decking-3-1500x1127.jpg 1500w, https:\/\/eklandwood.com\/wp-content\/uploads\/2025\/12\/Accoya-decking-3-705x529.jpg 705w\" sizes=\"(max-width: 1030px) 100vw, 1030px\" \/><a href='https:\/\/eklandwood.com\/wp-content\/uploads\/2025\/12\/Accoya-decking-3-1030x774.jpg' class='av-horizontal-gallery-link' aria-hidden='true' data-av_icon='\ue869' data-av_iconfont='entypo-fontello' title='Deski tarasowe Accoya' alt=''><\/a><\/div><div class='av-horizontal-gallery-wrap noHover'><img decoding=\"async\" class='wp-image-13359 avia-img-lazy-loading-not-13359 av-horizontal-gallery-img' width=\"960\" height=\"540\" src=\"https:\/\/eklandwood.com\/wp-content\/uploads\/2025\/12\/Accoya-decking-2.jpg\" title='Deski tarasowe Accoya' alt='' srcset=\"https:\/\/eklandwood.com\/wp-content\/uploads\/2025\/12\/Accoya-decking-2.jpg 960w, https:\/\/eklandwood.com\/wp-content\/uploads\/2025\/12\/Accoya-decking-2-300x169.jpg 300w, https:\/\/eklandwood.com\/wp-content\/uploads\/2025\/12\/Accoya-decking-2-768x432.jpg 768w, https:\/\/eklandwood.com\/wp-content\/uploads\/2025\/12\/Accoya-decking-2-705x397.jpg 705w\" sizes=\"(max-width: 960px) 100vw, 960px\" \/><a href='https:\/\/eklandwood.com\/wp-content\/uploads\/2025\/12\/Accoya-decking-2.jpg' class='av-horizontal-gallery-link' aria-hidden='true' data-av_icon='\ue869' data-av_iconfont='entypo-fontello' title='Deski tarasowe Accoya' alt=''><\/a><\/div><div class='av-horizontal-gallery-wrap noHover'><img decoding=\"async\" class='wp-image-13360 avia-img-lazy-loading-not-13360 av-horizontal-gallery-img' width=\"579\" height=\"1030\" src=\"https:\/\/eklandwood.com\/wp-content\/uploads\/2025\/12\/Accoya-decking-6-579x1030.jpg\" title='Deski tarasowe Accoya' alt='' srcset=\"https:\/\/eklandwood.com\/wp-content\/uploads\/2025\/12\/Accoya-decking-6-579x1030.jpg 579w, https:\/\/eklandwood.com\/wp-content\/uploads\/2025\/12\/Accoya-decking-6-169x300.jpg 169w, https:\/\/eklandwood.com\/wp-content\/uploads\/2025\/12\/Accoya-decking-6-768x1366.jpg 768w, https:\/\/eklandwood.com\/wp-content\/uploads\/2025\/12\/Accoya-decking-6-864x1536.jpg 864w, https:\/\/eklandwood.com\/wp-content\/uploads\/2025\/12\/Accoya-decking-6-843x1500.jpg 843w, https:\/\/eklandwood.com\/wp-content\/uploads\/2025\/12\/Accoya-decking-6-396x705.jpg 396w, https:\/\/eklandwood.com\/wp-content\/uploads\/2025\/12\/Accoya-decking-6.jpg 899w\" sizes=\"(max-width: 579px) 100vw, 579px\" \/><a href='https:\/\/eklandwood.com\/wp-content\/uploads\/2025\/12\/Accoya-decking-6-579x1030.jpg' class='av-horizontal-gallery-link' aria-hidden='true' data-av_icon='\ue869' data-av_iconfont='entypo-fontello' title='Deski tarasowe Accoya' alt=''><\/a><\/div><\/div><\/div><\/div><\/p><\/div><\/div><!--close column table wrapper. Autoclose: 1 -->\n<\/div><\/div><\/div><!-- close content main div --><\/div><\/div><div id='after_section_3'  class='main_color av_default_container_wrap container_wrap sidebar_right' style=' '  ><div class='container' ><div class='template-page content  av-content-small alpha units'><div class='post-entry post-entry-type-page post-entry-13361'><div class='entry-content-wrapper clearfix'>\n<div  style='height:10px' class='hr hr-invisible   avia-builder-el-31  el_after_av_section  avia-builder-el-no-sibling '><span class='hr-inner ' ><span class='hr-inner-style'><\/span><\/span><\/div>\n","protected":false},"excerpt":{"rendered":"","protected":false},"author":4,"featured_media":13357,"parent":0,"menu_order":0,"comment_status":"closed","ping_status":"closed","template":"","meta":{"inline_featured_image":false,"footnotes":""},"class_list":["post-13361","page","type-page","status-publish","has-post-thumbnail","hentry"],"_links":{"self":[{"href":"https:\/\/eklandwood.com\/pl\/wp-json\/wp\/v2\/pages\/13361","targetHints":{"allow":["GET"]}}],"collection":[{"href":"https:\/\/eklandwood.com\/pl\/wp-json\/wp\/v2\/pages"}],"about":[{"href":"https:\/\/eklandwood.com\/pl\/wp-json\/wp\/v2\/types\/page"}],"author":[{"embeddable":true,"href":"https:\/\/eklandwood.com\/pl\/wp-json\/wp\/v2\/users\/4"}],"replies":[{"embeddable":true,"href":"https:\/\/eklandwood.com\/pl\/wp-json\/wp\/v2\/comments?post=13361"}],"version-history":[{"count":3,"href":"https:\/\/eklandwood.com\/pl\/wp-json\/wp\/v2\/pages\/13361\/revisions"}],"predecessor-version":[{"id":13364,"href":"https:\/\/eklandwood.com\/pl\/wp-json\/wp\/v2\/pages\/13361\/revisions\/13364"}],"wp:featuredmedia":[{"embeddable":true,"href":"https:\/\/eklandwood.com\/pl\/wp-json\/wp\/v2\/media\/13357"}],"wp:attachment":[{"href":"https:\/\/eklandwood.com\/pl\/wp-json\/wp\/v2\/media?parent=13361"}],"curies":[{"name":"wp","href":"https:\/\/api.w.org\/{rel}","templated":true}]}}