{"id":13282,"date":"2026-05-14T09:45:45","date_gmt":"2026-05-14T06:45:45","guid":{"rendered":"https:\/\/eklandwood.com\/passivhaus\/"},"modified":"2026-05-14T09:45:45","modified_gmt":"2026-05-14T06:45:45","slug":"passivhaus","status":"publish","type":"page","link":"https:\/\/eklandwood.com\/pl\/passivhaus\/","title":{"rendered":"Passivhaus"},"content":{"rendered":"<div  style='height:10px' class='hr hr-invisible   avia-builder-el-0  el_before_av_section  avia-builder-el-no-sibling '><span class='hr-inner ' ><span class='hr-inner-style'><\/span><\/span><\/div>\n<\/div><\/div><\/div><!-- close content main div --><\/div><\/div><div id='av_section_1'  class='avia-section main_color avia-section-default avia-no-border-styling  avia-bg-style-scroll  avia-builder-el-1  el_after_av_hr  el_before_av_hr   container_wrap sidebar_right' style='background-color: #f6f2ef;  '  ><div class='container' ><div class='template-page content  av-content-small alpha units'><div class='post-entry post-entry-type-page post-entry-13282'><div class='entry-content-wrapper clearfix'>\n<div class='flex_column_table av-equal-height-column-flextable -flextable' style='margin-top:0px; margin-bottom:0px; '><div class=\"flex_column av_one_half  no_margin flex_column_table_cell av-equal-height-column av-align-middle first  avia-builder-el-2  el_before_av_one_half  avia-builder-el-first  mobile-padding \" style='padding:0px 100px 0px 100px ; border-radius:0px; '><p><div  style='height:100px' class='hr hr-invisible   avia-builder-el-3  el_before_av_textblock  avia-builder-el-first '><span class='hr-inner ' ><span class='hr-inner-style'><\/span><\/span><\/div><br \/>\n<section class=\"av_textblock_section \"  itemscope=\"itemscope\" itemtype=\"https:\/\/schema.org\/CreativeWork\" ><div class='avia_textblock  '   itemprop=\"text\" ><h2 style=\"text-align: center;\">Zr\u00f3wnowa\u017cone budownictwo z wykorzystaniem standardu Passivhaus i drewna termicznego<\/h2>\n<\/div><\/section><br \/>\n<div  style=' margin-top:10px; margin-bottom:10px;'  class='hr hr-custom hr-center hr-icon-no   avia-builder-el-5  el_after_av_textblock  el_before_av_textblock '><span class='hr-inner  inner-border-av-border-fat' style=' width:180px; border-color:#000000;' ><span class='hr-inner-style'><\/span><\/span><\/div><br \/>\n<section class=\"av_textblock_section \"  itemscope=\"itemscope\" itemtype=\"https:\/\/schema.org\/CreativeWork\" ><div class='avia_textblock  '   itemprop=\"text\" ><p style=\"text-align: center;\" data-start=\"137\" data-end=\"256\">Passivhaus to dobrowolny standard efektywno\u015bci energetycznej budynk\u00f3w, kt\u00f3ry pozwala ograniczy\u0107 \u015blad w\u0119glowy budynku.<\/p>\n<p style=\"text-align: center;\" data-start=\"258\" data-end=\"531\">Spe\u0142nienie tych standard\u00f3w prowadzi do powstawania budynk\u00f3w o ultra niskim zu\u017cyciu energii, wymagaj\u0105cych znacznie mniej energii do ogrzewania i ch\u0142odzenia. Standardy Passivhaus s\u0105 stosowane w budynkach mieszkalnych, biurowych, szko\u0142ach, przedszkolach oraz supermarketach.<\/p>\n<p style=\"text-align: center;\" data-start=\"533\" data-end=\"894\">Wykorzystanie w projekcie budynku materia\u0142\u00f3w emituj\u0105cych ni\u017csze ilo\u015bci CO\u2082 przyczynia si\u0119 do zmniejszenia jego \u015bladu w\u0119glowego. Zastosowanie drewnianych ok\u0142adzin elewacyjnych w nowych budynkach jest skutecznym sposobem na redukcj\u0119 emisji CO\u2082. Wynika to z faktu, \u017ce proces produkcji wyrob\u00f3w drewnianych generuje znacznie mniej CO\u2082 ni\u017c produkcja stali i betonu.<\/p>\n<p style=\"text-align: center;\" data-start=\"896\" data-end=\"1158\">Rz\u0105dowa polityka wspierania wykorzystania drewna (Wood Encouragement Policy \u2013 WEP) zak\u0142ada stosowanie drewna tam, gdzie to mo\u017cliwe, przy budowie budynk\u00f3w publicznych zamiast betonu i stali. Jej g\u0142\u00f3wnym celem jest ograniczenie ca\u0142kowitej emisji dwutlenku w\u0119gla.<\/p>\n<p style=\"text-align: center;\" data-start=\"1160\" data-end=\"1378\">Zastosowanie drewnianych elewacji w projektowaniu nowych budynk\u00f3w w znacznym stopniu wspiera osi\u0105gni\u0119cie standard\u00f3w Passivhaus, co prowadzi do tworzenia energooszcz\u0119dnych budynk\u00f3w o znacznie ni\u017cszym \u015bladzie w\u0119glowym.<\/p>\n<\/div><\/section><br \/>\n<div  style='height:10px' class='hr hr-invisible  av-desktop-hide av-medium-hide  avia-builder-el-7  el_after_av_textblock  el_before_av_hr '><span class='hr-inner ' ><span class='hr-inner-style'><\/span><\/span><\/div><br \/>\n<div  style='height:100px' class='hr hr-invisible  av-small-hide av-mini-hide  avia-builder-el-8  el_after_av_hr  avia-builder-el-last '><span class='hr-inner ' ><span class='hr-inner-style'><\/span><\/span><\/div><\/p><\/div><div class=\"flex_column av_one_half  avia-full-stretch no_margin flex_column_table_cell av-equal-height-column av-align-middle av-zero-column-padding   avia-builder-el-9  el_after_av_one_half  avia-builder-el-last  mobile-img \" style='background:url(https:\/\/eklandwood.com\/wp-content\/uploads\/2023\/11\/Toomu-talu_015-1030x687.jpg) center center no-repeat  #fdf1e0; background-color:#fdf1e0; border-radius:0px; '><\/div><\/div><!--close column table wrapper. Autoclose: 1 --><\/div><\/div><\/div><!-- close content main div --><\/div><\/div><div id='after_section_1'  class='main_color av_default_container_wrap container_wrap sidebar_right' style=' '  ><div class='container' ><div class='template-page content  av-content-small alpha units'><div class='post-entry post-entry-type-page post-entry-13282'><div class='entry-content-wrapper clearfix'><div  style='height:10px' class='hr hr-invisible   avia-builder-el-10  el_after_av_section  el_before_av_section  avia-builder-el-no-sibling '><span class='hr-inner ' ><span class='hr-inner-style'><\/span><\/span><\/div><\/p>\n<\/div><\/div><\/div><!-- close content main div --><\/div><\/div><div id='av_section_2'  class='avia-section main_color avia-section-default avia-no-border-styling  avia-bg-style-scroll  avia-builder-el-11  el_after_av_hr  el_before_av_hr   container_wrap sidebar_right' style='background-color: #f6f2ef;  '  ><div class='container' ><div class='template-page content  av-content-small alpha units'><div class='post-entry post-entry-type-page post-entry-13282'><div class='entry-content-wrapper clearfix'>\n<div  class='av-horizontal-gallery av-horizontal-gallery-large-gap av-horizontal-gallery--effect av-horizontal-gallery-1  avia-builder-el-12  avia-builder-el-no-sibling  pacs-slider av-control-default '  itemprop=\"image\" itemscope=\"itemscope\" itemtype=\"https:\/\/schema.org\/ImageObject\"   ><div class='avia-slideshow-arrows avia-slideshow-controls'><a href='#prev' class='prev-slide av-horizontal-gallery-prev' aria-hidden='true' data-av_icon='\ue87c' data-av_iconfont='entypo-fontello'>Previous<\/a><a href='#next' class='next-slide av-horizontal-gallery-next' aria-hidden='true' data-av_icon='\ue87d' data-av_iconfont='entypo-fontello'>Next <\/a><\/div><div class='av-horizontal-gallery-inner' style='padding-bottom:20%' data-av-height='20'><div class='av-horizontal-gallery-slider'><div class='av-horizontal-gallery-wrap noHover'><img decoding=\"async\" class='wp-image-11937 avia-img-lazy-loading-not-11937 av-horizontal-gallery-img' width=\"1030\" height=\"686\" src=\"https:\/\/eklandwood.com\/wp-content\/uploads\/2023\/11\/Toomu-talu_023-1030x686.jpg\" title='Toomu talu, Private House, Estonia' alt='Toomu talu, Private House, Estonia' srcset=\"https:\/\/eklandwood.com\/wp-content\/uploads\/2023\/11\/Toomu-talu_023-1030x686.jpg 1030w, https:\/\/eklandwood.com\/wp-content\/uploads\/2023\/11\/Toomu-talu_023-300x200.jpg 300w, https:\/\/eklandwood.com\/wp-content\/uploads\/2023\/11\/Toomu-talu_023-768x512.jpg 768w, https:\/\/eklandwood.com\/wp-content\/uploads\/2023\/11\/Toomu-talu_023-1536x1023.jpg 1536w, https:\/\/eklandwood.com\/wp-content\/uploads\/2023\/11\/Toomu-talu_023-2048x1364.jpg 2048w, https:\/\/eklandwood.com\/wp-content\/uploads\/2023\/11\/Toomu-talu_023-1500x999.jpg 1500w, https:\/\/eklandwood.com\/wp-content\/uploads\/2023\/11\/Toomu-talu_023-705x470.jpg 705w, https:\/\/eklandwood.com\/wp-content\/uploads\/2023\/11\/Toomu-talu_023-900x600.jpg 900w\" sizes=\"(max-width: 1030px) 100vw, 1030px\" \/><a href='https:\/\/eklandwood.com\/wp-content\/uploads\/2023\/11\/Toomu-talu_023-1030x686.jpg' class='av-horizontal-gallery-link' aria-hidden='true' data-av_icon='\ue869' data-av_iconfont='entypo-fontello' title='' alt='Toomu talu, Private House, Estonia'><\/a><\/div><div class='av-horizontal-gallery-wrap noHover'><img decoding=\"async\" class='wp-image-11938 avia-img-lazy-loading-not-11938 av-horizontal-gallery-img' width=\"1030\" height=\"687\" src=\"https:\/\/eklandwood.com\/wp-content\/uploads\/2023\/11\/Toomu-talu_022-1030x687.jpg\" title='Toomu talu, Private House, Estonia' alt='Toomu talu, Private House, Estonia' srcset=\"https:\/\/eklandwood.com\/wp-content\/uploads\/2023\/11\/Toomu-talu_022-1030x687.jpg 1030w, https:\/\/eklandwood.com\/wp-content\/uploads\/2023\/11\/Toomu-talu_022-300x200.jpg 300w, https:\/\/eklandwood.com\/wp-content\/uploads\/2023\/11\/Toomu-talu_022-768x512.jpg 768w, https:\/\/eklandwood.com\/wp-content\/uploads\/2023\/11\/Toomu-talu_022-1536x1025.jpg 1536w, https:\/\/eklandwood.com\/wp-content\/uploads\/2023\/11\/Toomu-talu_022-2048x1366.jpg 2048w, https:\/\/eklandwood.com\/wp-content\/uploads\/2023\/11\/Toomu-talu_022-1500x1001.jpg 1500w, https:\/\/eklandwood.com\/wp-content\/uploads\/2023\/11\/Toomu-talu_022-705x470.jpg 705w, https:\/\/eklandwood.com\/wp-content\/uploads\/2023\/11\/Toomu-talu_022-900x600.jpg 900w\" sizes=\"(max-width: 1030px) 100vw, 1030px\" \/><a href='https:\/\/eklandwood.com\/wp-content\/uploads\/2023\/11\/Toomu-talu_022-1030x687.jpg' class='av-horizontal-gallery-link' aria-hidden='true' data-av_icon='\ue869' data-av_iconfont='entypo-fontello' title='' alt='Toomu talu, Private House, Estonia'><\/a><\/div><div class='av-horizontal-gallery-wrap noHover'><img decoding=\"async\" class='wp-image-11939 avia-img-lazy-loading-not-11939 av-horizontal-gallery-img' width=\"1030\" height=\"687\" src=\"https:\/\/eklandwood.com\/wp-content\/uploads\/2023\/11\/Toomu-talu_020-1030x687.jpg\" title='Toomu talu, Private House, Estonia' alt='Toomu talu, Private House, Estonia' srcset=\"https:\/\/eklandwood.com\/wp-content\/uploads\/2023\/11\/Toomu-talu_020-1030x687.jpg 1030w, https:\/\/eklandwood.com\/wp-content\/uploads\/2023\/11\/Toomu-talu_020-300x200.jpg 300w, https:\/\/eklandwood.com\/wp-content\/uploads\/2023\/11\/Toomu-talu_020-768x512.jpg 768w, https:\/\/eklandwood.com\/wp-content\/uploads\/2023\/11\/Toomu-talu_020-1536x1025.jpg 1536w, https:\/\/eklandwood.com\/wp-content\/uploads\/2023\/11\/Toomu-talu_020-2048x1366.jpg 2048w, https:\/\/eklandwood.com\/wp-content\/uploads\/2023\/11\/Toomu-talu_020-1500x1001.jpg 1500w, https:\/\/eklandwood.com\/wp-content\/uploads\/2023\/11\/Toomu-talu_020-705x470.jpg 705w, https:\/\/eklandwood.com\/wp-content\/uploads\/2023\/11\/Toomu-talu_020-900x600.jpg 900w\" sizes=\"(max-width: 1030px) 100vw, 1030px\" \/><a href='https:\/\/eklandwood.com\/wp-content\/uploads\/2023\/11\/Toomu-talu_020-1030x687.jpg' class='av-horizontal-gallery-link' aria-hidden='true' data-av_icon='\ue869' data-av_iconfont='entypo-fontello' title='' alt='Toomu talu, Private House, Estonia'><\/a><\/div><div class='av-horizontal-gallery-wrap noHover'><img decoding=\"async\" class='wp-image-11940 avia-img-lazy-loading-not-11940 av-horizontal-gallery-img' width=\"1030\" height=\"687\" src=\"https:\/\/eklandwood.com\/wp-content\/uploads\/2023\/11\/Toomu-talu_019-1030x687.jpg\" title='Toomu talu, Private House, Estonia' alt='Toomu talu, Private House, Estonia' srcset=\"https:\/\/eklandwood.com\/wp-content\/uploads\/2023\/11\/Toomu-talu_019-1030x687.jpg 1030w, https:\/\/eklandwood.com\/wp-content\/uploads\/2023\/11\/Toomu-talu_019-300x200.jpg 300w, https:\/\/eklandwood.com\/wp-content\/uploads\/2023\/11\/Toomu-talu_019-768x512.jpg 768w, https:\/\/eklandwood.com\/wp-content\/uploads\/2023\/11\/Toomu-talu_019-1536x1025.jpg 1536w, https:\/\/eklandwood.com\/wp-content\/uploads\/2023\/11\/Toomu-talu_019-2048x1366.jpg 2048w, https:\/\/eklandwood.com\/wp-content\/uploads\/2023\/11\/Toomu-talu_019-1500x1001.jpg 1500w, https:\/\/eklandwood.com\/wp-content\/uploads\/2023\/11\/Toomu-talu_019-705x470.jpg 705w, https:\/\/eklandwood.com\/wp-content\/uploads\/2023\/11\/Toomu-talu_019-900x600.jpg 900w\" sizes=\"(max-width: 1030px) 100vw, 1030px\" \/><a href='https:\/\/eklandwood.com\/wp-content\/uploads\/2023\/11\/Toomu-talu_019-1030x687.jpg' class='av-horizontal-gallery-link' aria-hidden='true' data-av_icon='\ue869' data-av_iconfont='entypo-fontello' title='' alt='Toomu talu, Private House, Estonia'><\/a><\/div><div class='av-horizontal-gallery-wrap noHover'><img decoding=\"async\" class='wp-image-11942 avia-img-lazy-loading-not-11942 av-horizontal-gallery-img' width=\"1030\" height=\"687\" src=\"https:\/\/eklandwood.com\/wp-content\/uploads\/2023\/11\/Toomu-talu_011-1030x687.jpg\" title='Toomu talu, Private House, Estonia' alt='Toomu talu, Private House, Estonia' srcset=\"https:\/\/eklandwood.com\/wp-content\/uploads\/2023\/11\/Toomu-talu_011-1030x687.jpg 1030w, https:\/\/eklandwood.com\/wp-content\/uploads\/2023\/11\/Toomu-talu_011-300x200.jpg 300w, https:\/\/eklandwood.com\/wp-content\/uploads\/2023\/11\/Toomu-talu_011-768x512.jpg 768w, https:\/\/eklandwood.com\/wp-content\/uploads\/2023\/11\/Toomu-talu_011-1536x1025.jpg 1536w, https:\/\/eklandwood.com\/wp-content\/uploads\/2023\/11\/Toomu-talu_011-2048x1366.jpg 2048w, https:\/\/eklandwood.com\/wp-content\/uploads\/2023\/11\/Toomu-talu_011-1500x1001.jpg 1500w, https:\/\/eklandwood.com\/wp-content\/uploads\/2023\/11\/Toomu-talu_011-705x470.jpg 705w, https:\/\/eklandwood.com\/wp-content\/uploads\/2023\/11\/Toomu-talu_011-900x600.jpg 900w\" sizes=\"(max-width: 1030px) 100vw, 1030px\" \/><a href='https:\/\/eklandwood.com\/wp-content\/uploads\/2023\/11\/Toomu-talu_011-1030x687.jpg' class='av-horizontal-gallery-link' aria-hidden='true' data-av_icon='\ue869' data-av_iconfont='entypo-fontello' title='' alt='Toomu talu, Private House, Estonia'><\/a><\/div><div class='av-horizontal-gallery-wrap noHover'><img decoding=\"async\" class='wp-image-11943 avia-img-lazy-loading-not-11943 av-horizontal-gallery-img' width=\"1030\" height=\"687\" src=\"https:\/\/eklandwood.com\/wp-content\/uploads\/2023\/11\/Toomu-talu_010-1030x687.jpg\" title='Toomu talu, Private House, Estonia' alt='Toomu talu, Private House, Estonia' srcset=\"https:\/\/eklandwood.com\/wp-content\/uploads\/2023\/11\/Toomu-talu_010-1030x687.jpg 1030w, https:\/\/eklandwood.com\/wp-content\/uploads\/2023\/11\/Toomu-talu_010-300x200.jpg 300w, https:\/\/eklandwood.com\/wp-content\/uploads\/2023\/11\/Toomu-talu_010-768x512.jpg 768w, https:\/\/eklandwood.com\/wp-content\/uploads\/2023\/11\/Toomu-talu_010-1536x1025.jpg 1536w, https:\/\/eklandwood.com\/wp-content\/uploads\/2023\/11\/Toomu-talu_010-2048x1366.jpg 2048w, https:\/\/eklandwood.com\/wp-content\/uploads\/2023\/11\/Toomu-talu_010-1500x1001.jpg 1500w, https:\/\/eklandwood.com\/wp-content\/uploads\/2023\/11\/Toomu-talu_010-705x470.jpg 705w, https:\/\/eklandwood.com\/wp-content\/uploads\/2023\/11\/Toomu-talu_010-900x600.jpg 900w\" sizes=\"(max-width: 1030px) 100vw, 1030px\" \/><a href='https:\/\/eklandwood.com\/wp-content\/uploads\/2023\/11\/Toomu-talu_010-1030x687.jpg' class='av-horizontal-gallery-link' aria-hidden='true' data-av_icon='\ue869' data-av_iconfont='entypo-fontello' title='' alt='Toomu talu, Private House, Estonia'><\/a><\/div><div class='av-horizontal-gallery-wrap noHover'><img decoding=\"async\" class='wp-image-11944 avia-img-lazy-loading-not-11944 av-horizontal-gallery-img' width=\"687\" height=\"1030\" src=\"https:\/\/eklandwood.com\/wp-content\/uploads\/2023\/11\/Toomu-talu_009-687x1030.jpg\" title='Toomu talu, Private House, Estonia' alt='Toomu talu, Private House, Estonia' srcset=\"https:\/\/eklandwood.com\/wp-content\/uploads\/2023\/11\/Toomu-talu_009-687x1030.jpg 687w, https:\/\/eklandwood.com\/wp-content\/uploads\/2023\/11\/Toomu-talu_009-200x300.jpg 200w, https:\/\/eklandwood.com\/wp-content\/uploads\/2023\/11\/Toomu-talu_009-768x1151.jpg 768w, https:\/\/eklandwood.com\/wp-content\/uploads\/2023\/11\/Toomu-talu_009-1025x1536.jpg 1025w, https:\/\/eklandwood.com\/wp-content\/uploads\/2023\/11\/Toomu-talu_009-1366x2048.jpg 1366w, https:\/\/eklandwood.com\/wp-content\/uploads\/2023\/11\/Toomu-talu_009-1001x1500.jpg 1001w, https:\/\/eklandwood.com\/wp-content\/uploads\/2023\/11\/Toomu-talu_009-470x705.jpg 470w, https:\/\/eklandwood.com\/wp-content\/uploads\/2023\/11\/Toomu-talu_009-scaled.jpg 1708w\" sizes=\"(max-width: 687px) 100vw, 687px\" \/><a href='https:\/\/eklandwood.com\/wp-content\/uploads\/2023\/11\/Toomu-talu_009-687x1030.jpg' class='av-horizontal-gallery-link' aria-hidden='true' data-av_icon='\ue869' data-av_iconfont='entypo-fontello' title='' alt='Toomu talu, Private House, Estonia'><\/a><\/div><div class='av-horizontal-gallery-wrap noHover'><img decoding=\"async\" class='wp-image-11945 avia-img-lazy-loading-not-11945 av-horizontal-gallery-img' width=\"1030\" height=\"687\" src=\"https:\/\/eklandwood.com\/wp-content\/uploads\/2023\/11\/Toomu-talu_008-1030x687.jpg\" title='Toomu talu, Private House, Estonia' alt='Toomu talu, Private House, Estonia' srcset=\"https:\/\/eklandwood.com\/wp-content\/uploads\/2023\/11\/Toomu-talu_008-1030x687.jpg 1030w, https:\/\/eklandwood.com\/wp-content\/uploads\/2023\/11\/Toomu-talu_008-300x200.jpg 300w, https:\/\/eklandwood.com\/wp-content\/uploads\/2023\/11\/Toomu-talu_008-768x512.jpg 768w, https:\/\/eklandwood.com\/wp-content\/uploads\/2023\/11\/Toomu-talu_008-1536x1025.jpg 1536w, https:\/\/eklandwood.com\/wp-content\/uploads\/2023\/11\/Toomu-talu_008-2048x1366.jpg 2048w, https:\/\/eklandwood.com\/wp-content\/uploads\/2023\/11\/Toomu-talu_008-1500x1001.jpg 1500w, https:\/\/eklandwood.com\/wp-content\/uploads\/2023\/11\/Toomu-talu_008-705x470.jpg 705w, https:\/\/eklandwood.com\/wp-content\/uploads\/2023\/11\/Toomu-talu_008-900x600.jpg 900w\" sizes=\"(max-width: 1030px) 100vw, 1030px\" \/><a href='https:\/\/eklandwood.com\/wp-content\/uploads\/2023\/11\/Toomu-talu_008-1030x687.jpg' class='av-horizontal-gallery-link' aria-hidden='true' data-av_icon='\ue869' data-av_iconfont='entypo-fontello' title='' alt='Toomu talu, Private House, Estonia'><\/a><\/div><div class='av-horizontal-gallery-wrap noHover'><img decoding=\"async\" class='wp-image-11946 avia-img-lazy-loading-not-11946 av-horizontal-gallery-img' width=\"1030\" height=\"687\" src=\"https:\/\/eklandwood.com\/wp-content\/uploads\/2023\/11\/Toomu-talu_007-1030x687.jpg\" title='Toomu talu, Private House, Estonia' alt='Toomu talu, Private House, Estonia' srcset=\"https:\/\/eklandwood.com\/wp-content\/uploads\/2023\/11\/Toomu-talu_007-1030x687.jpg 1030w, https:\/\/eklandwood.com\/wp-content\/uploads\/2023\/11\/Toomu-talu_007-300x200.jpg 300w, https:\/\/eklandwood.com\/wp-content\/uploads\/2023\/11\/Toomu-talu_007-768x512.jpg 768w, https:\/\/eklandwood.com\/wp-content\/uploads\/2023\/11\/Toomu-talu_007-1536x1025.jpg 1536w, https:\/\/eklandwood.com\/wp-content\/uploads\/2023\/11\/Toomu-talu_007-2048x1366.jpg 2048w, https:\/\/eklandwood.com\/wp-content\/uploads\/2023\/11\/Toomu-talu_007-1500x1001.jpg 1500w, https:\/\/eklandwood.com\/wp-content\/uploads\/2023\/11\/Toomu-talu_007-705x470.jpg 705w, https:\/\/eklandwood.com\/wp-content\/uploads\/2023\/11\/Toomu-talu_007-900x600.jpg 900w\" sizes=\"(max-width: 1030px) 100vw, 1030px\" \/><a href='https:\/\/eklandwood.com\/wp-content\/uploads\/2023\/11\/Toomu-talu_007-1030x687.jpg' class='av-horizontal-gallery-link' aria-hidden='true' data-av_icon='\ue869' data-av_iconfont='entypo-fontello' title='' alt='Toomu talu, Private House, Estonia'><\/a><\/div><div class='av-horizontal-gallery-wrap noHover'><img decoding=\"async\" class='wp-image-11947 avia-img-lazy-loading-not-11947 av-horizontal-gallery-img' width=\"687\" height=\"1030\" src=\"https:\/\/eklandwood.com\/wp-content\/uploads\/2023\/11\/Toomu-talu_006-687x1030.jpg\" title='Toomu talu, Private House, Estonia' alt='Toomu talu, Private House, Estonia' srcset=\"https:\/\/eklandwood.com\/wp-content\/uploads\/2023\/11\/Toomu-talu_006-687x1030.jpg 687w, https:\/\/eklandwood.com\/wp-content\/uploads\/2023\/11\/Toomu-talu_006-200x300.jpg 200w, https:\/\/eklandwood.com\/wp-content\/uploads\/2023\/11\/Toomu-talu_006-768x1151.jpg 768w, https:\/\/eklandwood.com\/wp-content\/uploads\/2023\/11\/Toomu-talu_006-1025x1536.jpg 1025w, https:\/\/eklandwood.com\/wp-content\/uploads\/2023\/11\/Toomu-talu_006-1366x2048.jpg 1366w, https:\/\/eklandwood.com\/wp-content\/uploads\/2023\/11\/Toomu-talu_006-1001x1500.jpg 1001w, https:\/\/eklandwood.com\/wp-content\/uploads\/2023\/11\/Toomu-talu_006-470x705.jpg 470w, https:\/\/eklandwood.com\/wp-content\/uploads\/2023\/11\/Toomu-talu_006-scaled.jpg 1708w\" sizes=\"(max-width: 687px) 100vw, 687px\" \/><a href='https:\/\/eklandwood.com\/wp-content\/uploads\/2023\/11\/Toomu-talu_006-687x1030.jpg' class='av-horizontal-gallery-link' aria-hidden='true' data-av_icon='\ue869' data-av_iconfont='entypo-fontello' title='' alt='Toomu talu, Private House, Estonia'><\/a><\/div><div class='av-horizontal-gallery-wrap noHover'><img decoding=\"async\" class='wp-image-11948 avia-img-lazy-loading-not-11948 av-horizontal-gallery-img' width=\"687\" height=\"1030\" src=\"https:\/\/eklandwood.com\/wp-content\/uploads\/2023\/11\/Toomu-talu_005-687x1030.jpg\" title='Toomu talu, Private House, Estonia' alt='Toomu talu, Private House, Estonia' srcset=\"https:\/\/eklandwood.com\/wp-content\/uploads\/2023\/11\/Toomu-talu_005-687x1030.jpg 687w, https:\/\/eklandwood.com\/wp-content\/uploads\/2023\/11\/Toomu-talu_005-200x300.jpg 200w, https:\/\/eklandwood.com\/wp-content\/uploads\/2023\/11\/Toomu-talu_005-768x1151.jpg 768w, https:\/\/eklandwood.com\/wp-content\/uploads\/2023\/11\/Toomu-talu_005-1025x1536.jpg 1025w, https:\/\/eklandwood.com\/wp-content\/uploads\/2023\/11\/Toomu-talu_005-1366x2048.jpg 1366w, https:\/\/eklandwood.com\/wp-content\/uploads\/2023\/11\/Toomu-talu_005-1001x1500.jpg 1001w, https:\/\/eklandwood.com\/wp-content\/uploads\/2023\/11\/Toomu-talu_005-470x705.jpg 470w, https:\/\/eklandwood.com\/wp-content\/uploads\/2023\/11\/Toomu-talu_005-scaled.jpg 1708w\" sizes=\"(max-width: 687px) 100vw, 687px\" \/><a href='https:\/\/eklandwood.com\/wp-content\/uploads\/2023\/11\/Toomu-talu_005-687x1030.jpg' class='av-horizontal-gallery-link' aria-hidden='true' data-av_icon='\ue869' data-av_iconfont='entypo-fontello' title='' alt='Toomu talu, Private House, Estonia'><\/a><\/div><div class='av-horizontal-gallery-wrap noHover'><img decoding=\"async\" class='wp-image-11949 avia-img-lazy-loading-not-11949 av-horizontal-gallery-img' width=\"687\" height=\"1030\" src=\"https:\/\/eklandwood.com\/wp-content\/uploads\/2023\/11\/Toomu-talu_004-687x1030.jpg\" title='Toomu talu, Private House, Estonia' alt='Toomu talu, Private House, Estonia' srcset=\"https:\/\/eklandwood.com\/wp-content\/uploads\/2023\/11\/Toomu-talu_004-687x1030.jpg 687w, https:\/\/eklandwood.com\/wp-content\/uploads\/2023\/11\/Toomu-talu_004-200x300.jpg 200w, https:\/\/eklandwood.com\/wp-content\/uploads\/2023\/11\/Toomu-talu_004-768x1151.jpg 768w, https:\/\/eklandwood.com\/wp-content\/uploads\/2023\/11\/Toomu-talu_004-1025x1536.jpg 1025w, https:\/\/eklandwood.com\/wp-content\/uploads\/2023\/11\/Toomu-talu_004-1366x2048.jpg 1366w, https:\/\/eklandwood.com\/wp-content\/uploads\/2023\/11\/Toomu-talu_004-1001x1500.jpg 1001w, https:\/\/eklandwood.com\/wp-content\/uploads\/2023\/11\/Toomu-talu_004-470x705.jpg 470w, https:\/\/eklandwood.com\/wp-content\/uploads\/2023\/11\/Toomu-talu_004-scaled.jpg 1708w\" sizes=\"(max-width: 687px) 100vw, 687px\" \/><a href='https:\/\/eklandwood.com\/wp-content\/uploads\/2023\/11\/Toomu-talu_004-687x1030.jpg' class='av-horizontal-gallery-link' aria-hidden='true' data-av_icon='\ue869' data-av_iconfont='entypo-fontello' title='' alt='Toomu talu, Private House, Estonia'><\/a><\/div><div class='av-horizontal-gallery-wrap noHover'><img decoding=\"async\" class='wp-image-11950 avia-img-lazy-loading-not-11950 av-horizontal-gallery-img' width=\"1030\" height=\"687\" src=\"https:\/\/eklandwood.com\/wp-content\/uploads\/2023\/11\/Toomu-talu_003-1030x687.jpg\" title='Toomu talu, Private House, Estonia' alt='Toomu talu, Private House, Estonia' srcset=\"https:\/\/eklandwood.com\/wp-content\/uploads\/2023\/11\/Toomu-talu_003-1030x687.jpg 1030w, https:\/\/eklandwood.com\/wp-content\/uploads\/2023\/11\/Toomu-talu_003-300x200.jpg 300w, https:\/\/eklandwood.com\/wp-content\/uploads\/2023\/11\/Toomu-talu_003-768x512.jpg 768w, https:\/\/eklandwood.com\/wp-content\/uploads\/2023\/11\/Toomu-talu_003-1536x1025.jpg 1536w, https:\/\/eklandwood.com\/wp-content\/uploads\/2023\/11\/Toomu-talu_003-2048x1366.jpg 2048w, https:\/\/eklandwood.com\/wp-content\/uploads\/2023\/11\/Toomu-talu_003-1500x1001.jpg 1500w, https:\/\/eklandwood.com\/wp-content\/uploads\/2023\/11\/Toomu-talu_003-705x470.jpg 705w, https:\/\/eklandwood.com\/wp-content\/uploads\/2023\/11\/Toomu-talu_003-900x600.jpg 900w\" sizes=\"(max-width: 1030px) 100vw, 1030px\" \/><a href='https:\/\/eklandwood.com\/wp-content\/uploads\/2023\/11\/Toomu-talu_003-1030x687.jpg' class='av-horizontal-gallery-link' aria-hidden='true' data-av_icon='\ue869' data-av_iconfont='entypo-fontello' title='' alt='Toomu talu, Private House, Estonia'><\/a><\/div><\/div><\/div><\/div>\n<\/div><\/div><\/div><!-- close content main div --><\/div><\/div><div id='after_section_2'  class='main_color av_default_container_wrap container_wrap sidebar_right' style=' '  ><div class='container' ><div class='template-page content  av-content-small alpha units'><div class='post-entry post-entry-type-page post-entry-13282'><div class='entry-content-wrapper clearfix'>\n<div  style='height:10px' class='hr hr-invisible  av-small-hide av-mini-hide  avia-builder-el-13  el_after_av_section  avia-builder-el-no-sibling '><span class='hr-inner ' ><span class='hr-inner-style'><\/span><\/span><\/div>\n","protected":false},"excerpt":{"rendered":"","protected":false},"author":4,"featured_media":0,"parent":0,"menu_order":0,"comment_status":"closed","ping_status":"closed","template":"","meta":{"inline_featured_image":false,"footnotes":""},"class_list":["post-13282","page","type-page","status-publish","hentry"],"_links":{"self":[{"href":"https:\/\/eklandwood.com\/pl\/wp-json\/wp\/v2\/pages\/13282","targetHints":{"allow":["GET"]}}],"collection":[{"href":"https:\/\/eklandwood.com\/pl\/wp-json\/wp\/v2\/pages"}],"about":[{"href":"https:\/\/eklandwood.com\/pl\/wp-json\/wp\/v2\/types\/page"}],"author":[{"embeddable":true,"href":"https:\/\/eklandwood.com\/pl\/wp-json\/wp\/v2\/users\/4"}],"replies":[{"embeddable":true,"href":"https:\/\/eklandwood.com\/pl\/wp-json\/wp\/v2\/comments?post=13282"}],"version-history":[{"count":3,"href":"https:\/\/eklandwood.com\/pl\/wp-json\/wp\/v2\/pages\/13282\/revisions"}],"predecessor-version":[{"id":13285,"href":"https:\/\/eklandwood.com\/pl\/wp-json\/wp\/v2\/pages\/13282\/revisions\/13285"}],"wp:attachment":[{"href":"https:\/\/eklandwood.com\/pl\/wp-json\/wp\/v2\/media?parent=13282"}],"curies":[{"name":"wp","href":"https:\/\/api.w.org\/{rel}","templated":true}]}}