{"id":13266,"date":"2026-05-14T09:34:37","date_gmt":"2026-05-14T06:34:37","guid":{"rendered":"https:\/\/eklandwood.com\/pomieszczenia-ogrodowe\/"},"modified":"2026-05-14T09:34:37","modified_gmt":"2026-05-14T06:34:37","slug":"pomieszczenia-ogrodowe","status":"publish","type":"page","link":"https:\/\/eklandwood.com\/pl\/pomieszczenia-ogrodowe\/","title":{"rendered":"Pomieszczenia ogrodowe"},"content":{"rendered":"<div  style='height:10px' class='hr hr-invisible   avia-builder-el-0  el_before_av_section  avia-builder-el-no-sibling '><span class='hr-inner ' ><span class='hr-inner-style'><\/span><\/span><\/div>\n<\/div><\/div><\/div><!-- close content main div --><\/div><\/div><div id='av_section_1'  class='avia-section main_color avia-section-default avia-no-border-styling  avia-bg-style-scroll  avia-builder-el-1  el_after_av_hr  el_before_av_hr   container_wrap sidebar_right' style='background-color: #f6f2ef;  '  ><div class='container' ><div class='template-page content  av-content-small alpha units'><div class='post-entry post-entry-type-page post-entry-13266'><div class='entry-content-wrapper clearfix'>\n<div class='flex_column_table av-equal-height-column-flextable -flextable' style='margin-top:0px; margin-bottom:0px; '><div class=\"flex_column av_one_half  no_margin flex_column_table_cell av-equal-height-column av-align-middle first  avia-builder-el-2  el_before_av_one_half  avia-builder-el-first  mobile-padding \" style='padding:0px 100px 0px 100px ; border-radius:0px; '><p><div  style='height:100px' class='hr hr-invisible   avia-builder-el-3  el_before_av_textblock  avia-builder-el-first '><span class='hr-inner ' ><span class='hr-inner-style'><\/span><\/span><\/div><br \/>\n<section class=\"av_textblock_section \"  itemscope=\"itemscope\" itemtype=\"https:\/\/schema.org\/CreativeWork\" ><div class='avia_textblock  '   itemprop=\"text\" ><h2 style=\"text-align: center;\">Pomieszczenia ogrodowe<\/h2>\n<\/div><\/section><br \/>\n<div  style=' margin-top:10px; margin-bottom:10px;'  class='hr hr-custom hr-center hr-icon-no   avia-builder-el-5  el_after_av_textblock  el_before_av_textblock '><span class='hr-inner  inner-border-av-border-fat' style=' width:180px; border-color:#000000;' ><span class='hr-inner-style'><\/span><\/span><\/div><br \/>\n<section class=\"av_textblock_section \"  itemscope=\"itemscope\" itemtype=\"https:\/\/schema.org\/CreativeWork\" ><div class='avia_textblock  '   itemprop=\"text\" ><p style=\"text-align: center;\" data-start=\"27\" data-end=\"189\">Nasze drewno modyfikowane termicznie oraz drewno opalane doskonale nadaj\u0105 si\u0119 jako materia\u0142 elewacyjny do ogrodowych studi\u00f3w, biur domowych i domk\u00f3w ogrodowych.<\/p>\n<p style=\"text-align: center;\" data-start=\"191\" data-end=\"339\">Te funkcjonalne przestrzenie mog\u0105 s\u0142u\u017cy\u0107 do spotka\u0144 z rodzin\u0105 i przyjaci\u00f3\u0142mi, jako pokoje hobby, apartamenty go\u015bcinne lub pokoje zabaw dla dzieci.<\/p>\n<p style=\"text-align: center;\" data-start=\"341\" data-end=\"661\">We wsp\u00f3\u0142pracy z renomowan\u0105 pracowni\u0105 architektoniczn\u0105 <span class=\"hover:entity-accent entity-underline inline cursor-pointer align-baseline\"><span class=\"whitespace-normal\">George &amp; James Architects<\/span><\/span> z <span class=\"hover:entity-accent entity-underline inline cursor-pointer align-baseline\"><span class=\"whitespace-normal\">West Sussex<\/span><\/span> dostarczyli\u015bmy nasz opalany i szczotkowany modrzew austriacki do projektu studia ogrodowego w pobli\u017cu <span class=\"hover:entity-accent entity-underline inline cursor-pointer align-baseline\"><span class=\"whitespace-normal\">Godalming<\/span><\/span>, przedstawionego na zdj\u0119ciu po prawej stronie.<\/p>\n<\/div><\/section><br \/>\n<div  style='height:30px' class='hr hr-invisible  av-desktop-hide av-medium-hide  avia-builder-el-7  el_after_av_textblock  el_before_av_hr '><span class='hr-inner ' ><span class='hr-inner-style'><\/span><\/span><\/div><br \/>\n<div  style='height:50px' class='hr hr-invisible  av-small-hide av-mini-hide  avia-builder-el-8  el_after_av_hr  avia-builder-el-last '><span class='hr-inner ' ><span class='hr-inner-style'><\/span><\/span><\/div><\/p><\/div><div class=\"flex_column av_one_half  no_margin flex_column_table_cell av-equal-height-column av-align-middle av-zero-column-padding   avia-builder-el-9  el_after_av_one_half  avia-builder-el-last  \" style='border-radius:0px; '><div  class='avia-gallery  avia-gallery-1 avia_lazyload avia-gallery-animate avia_animate_when_visible  avia-builder-el-10  avia-builder-el-no-sibling '  itemprop=\"image\" itemscope=\"itemscope\" itemtype=\"https:\/\/schema.org\/ImageObject\" ><div class='avia-gallery-thumb'> <a href='https:\/\/eklandwood.com\/wp-content\/uploads\/2025\/03\/George-and-James-charred-wood-project-1-e1742197281832.jpeg' data-rel='gallery-1' data-prev-img='https:\/\/eklandwood.com\/wp-content\/uploads\/2025\/03\/George-and-James-charred-wood-project-1-495x400.jpeg' class='first_thumb lightbox ' data-onclick='1' title='Product: Austrian Larch, charred, brushed and oiled. Architects: George &#038; James Architects'  itemprop=\"thumbnailUrl\"  ><img decoding=\"async\" class=\"wp-image-11853 avia-img-lazy-loading-not-11853\"  data-avia-tooltip='Product: Austrian Larch, charred, brushed and oiled. Architects: George &#038; James Architects' src=\"https:\/\/eklandwood.com\/wp-content\/uploads\/2025\/03\/George-and-James-charred-wood-project-1-710x375.jpeg\" width=\"710\" height=\"375\"  title='Product: Austrian Larch, charred, brushed and oiled. Architects: George &amp; James Architects' alt='' \/><\/a> <a href='https:\/\/eklandwood.com\/wp-content\/uploads\/2025\/11\/Charred-Austrian-Larch-Garden-Room-833x1030.jpeg' data-rel='gallery-1' data-prev-img='https:\/\/eklandwood.com\/wp-content\/uploads\/2025\/11\/Charred-Austrian-Larch-Garden-Room-495x400.jpeg' class='lightbox ' data-onclick='2' title='Product: Austrian Larch, charred, brushed and oiled. Architects: George &amp; James Architects'  itemprop=\"thumbnailUrl\"  ><img decoding=\"async\" class=\"wp-image-13264 avia-img-lazy-loading-not-13264\"   src=\"https:\/\/eklandwood.com\/wp-content\/uploads\/2025\/11\/Charred-Austrian-Larch-Garden-Room-710x375.jpeg\" width=\"710\" height=\"375\"  title='Product: Austrian Larch, charred, brushed and oiled. Architects: George &amp; James Architects' alt='' \/><\/a> <a href='https:\/\/eklandwood.com\/wp-content\/uploads\/2025\/11\/Charred-Austrian-Larch-Garden-Room-close-up-825x1030.jpeg' data-rel='gallery-1' data-prev-img='https:\/\/eklandwood.com\/wp-content\/uploads\/2025\/11\/Charred-Austrian-Larch-Garden-Room-close-up-495x400.jpeg' class='first_thumb lightbox ' data-onclick='3' title='Product: Austrian Larch, charred, brushed and oiled. Architects: George &#038; James Architects'  itemprop=\"thumbnailUrl\"  ><img decoding=\"async\" class=\"wp-image-13265 avia-img-lazy-loading-not-13265\"  data-avia-tooltip='Product: Austrian Larch, charred, brushed and oiled. Architects: George &#038; James Architects' src=\"https:\/\/eklandwood.com\/wp-content\/uploads\/2025\/11\/Charred-Austrian-Larch-Garden-Room-close-up-710x375.jpeg\" width=\"710\" height=\"375\"  title='Product: Austrian Larch, charred, brushed and oiled. Architects: George &amp; James Architects' alt='' \/><\/a> <a href='https:\/\/eklandwood.com\/wp-content\/uploads\/2025\/03\/Garden-room-Surrey-England.jpg' data-rel='gallery-1' data-prev-img='https:\/\/eklandwood.com\/wp-content\/uploads\/2025\/03\/Garden-room-Surrey-England-495x400.jpg' class='lightbox ' data-onclick='4' title='Product: Austrian Larch, charred, brushed and oiled. Architects: George &#038; James Architects'  itemprop=\"thumbnailUrl\"  ><img decoding=\"async\" class=\"wp-image-11846 avia-img-lazy-loading-not-11846\"  data-avia-tooltip='Product: Austrian Larch, charred, brushed and oiled. Architects: George &#038; James Architects' src=\"https:\/\/eklandwood.com\/wp-content\/uploads\/2025\/03\/Garden-room-Surrey-England-710x375.jpg\" width=\"710\" height=\"375\"  title='Product: Austrian Larch, charred, brushed and oiled. Architects: George &amp; James Architects' alt='' \/><\/a><\/div><\/div><\/div><\/div><!--close column table wrapper. Autoclose: 1 --><\/div><\/div><\/div><!-- close content main div --><\/div><\/div><div id='after_section_1'  class='main_color av_default_container_wrap container_wrap sidebar_right' style=' '  ><div class='container' ><div class='template-page content  av-content-small alpha units'><div class='post-entry post-entry-type-page post-entry-13266'><div class='entry-content-wrapper clearfix'><div  style='height:10px' class='hr hr-invisible   avia-builder-el-11  el_after_av_section  el_before_av_section  avia-builder-el-no-sibling '><span class='hr-inner ' ><span class='hr-inner-style'><\/span><\/span><\/div><\/p>\n<\/div><\/div><\/div><!-- close content main div --><\/div><\/div><div id='av_section_2'  class='avia-section main_color avia-section-default avia-no-border-styling  avia-bg-style-scroll  avia-builder-el-12  el_after_av_hr  el_before_av_hr   container_wrap sidebar_right' style='background-color: #f6f2ef;  '  ><div class='container' ><div class='template-page content  av-content-small alpha units'><div class='post-entry post-entry-type-page post-entry-13266'><div class='entry-content-wrapper clearfix'>\n<div class='flex_column_table av-equal-height-column-flextable -flextable' style='margin-top:0px; margin-bottom:0px; '><div class=\"flex_column av_one_half  avia-full-stretch no_margin flex_column_table_cell av-equal-height-column av-align-middle first  avia-builder-el-13  el_before_av_one_half  avia-builder-el-first  mobile-img \" style='padding:0px 0px 0px 25px ; border-radius:0px; '><div  class='avia-image-container  av-styling-  av-has-copyright av-copyright-always   avia-builder-el-14  avia-builder-el-no-sibling  avia-align-center '  itemprop=\"image\" itemscope=\"itemscope\" itemtype=\"https:\/\/schema.org\/ImageObject\"  ><div class='avia-image-container-inner'><div class='avia-image-overlay-wrap'><img decoding=\"async\" class='wp-image-13263 avia-img-lazy-loading-not-13263 avia_image' src=\"https:\/\/eklandwood.com\/wp-content\/uploads\/2025\/11\/Benchmark-thermo-pine-cladding-and-decking.-Architect-Mari-Hunt.-Photo-Maria-Ilves-900x600.jpg\" alt='' title='Product: Thermory Benchmark thermo-pine cladding and decking. Architect: Mari Hunt. Photo: Maria Ilves' height=\"600\" width=\"900\"  itemprop=\"thumbnailUrl\"  \/><\/div><small class='avia-copyright'>Product: Thermory Benchmark thermo-pine cladding and decking. Architect: Mari Hunt. Photo: Maria Ilves<\/small><\/div><\/div><\/div><div class=\"flex_column av_one_half  no_margin flex_column_table_cell av-equal-height-column av-align-middle   avia-builder-el-15  el_after_av_one_half  avia-builder-el-last  mobile-padding \" style='padding:0px 100px 0px 100px ; border-radius:0px; '><p><div  style='height:10px' class='hr hr-invisible   avia-builder-el-16  el_before_av_hr  avia-builder-el-first '><span class='hr-inner ' ><span class='hr-inner-style'><\/span><\/span><\/div><br \/>\n<div  style='height:10px' class='hr hr-invisible   avia-builder-el-17  el_after_av_hr  el_before_av_hr '><span class='hr-inner ' ><span class='hr-inner-style'><\/span><\/span><\/div><br \/>\n<div  style='height:10px' class='hr hr-invisible   avia-builder-el-18  el_after_av_hr  el_before_av_textblock '><span class='hr-inner ' ><span class='hr-inner-style'><\/span><\/span><\/div><br \/>\n<section class=\"av_textblock_section \"  itemscope=\"itemscope\" itemtype=\"https:\/\/schema.org\/CreativeWork\" ><div class='avia_textblock  '   itemprop=\"text\" ><h2 style=\"text-align: center;\">Biura domowe w ogrodzie<\/h2>\n<\/div><\/section><br \/>\n<div  style=' margin-top:10px; margin-bottom:10px;'  class='hr hr-custom hr-center hr-icon-no   avia-builder-el-20  el_after_av_textblock  el_before_av_textblock '><span class='hr-inner  inner-border-av-border-fat' style=' width:180px; border-color:#000000;' ><span class='hr-inner-style'><\/span><\/span><\/div><br \/>\n<section class=\"av_textblock_section \"  itemscope=\"itemscope\" itemtype=\"https:\/\/schema.org\/CreativeWork\" ><div class='avia_textblock  '   itemprop=\"text\" ><p data-start=\"696\" data-end=\"835\">Pomieszczenia ogrodowe znacz\u0105co podnosz\u0105 warto\u015b\u0107 nieruchomo\u015bci, a jednocze\u015bnie zapewniaj\u0105 mo\u017cliwo\u015b\u0107 spokojnej i komfortowej pracy z domu.<\/p>\n<p data-start=\"837\" data-end=\"1238\">Domek pokazany na zdj\u0119ciu po lewej stronie zosta\u0142 zbudowany dla klienta ze Skandynawii i oferuje 17 m\u00b2 powierzchni u\u017cytkowej na parterze oraz niewielk\u0105 antresol\u0119 sypialnian\u0105 powy\u017cej. Nasza ok\u0142adzina z sosny modyfikowanej termicznie zosta\u0142a zastosowana zar\u00f3wno we wn\u0119trzu, jak i na zewn\u0105trz. Zewn\u0119trzne panele pozostawiono celowo bez olejowania, dzi\u0119ki czemu z czasem nabior\u0105 srebrzystoszarej patyny.<\/p>\n<p data-start=\"1240\" data-end=\"1402\">Oferujemy deski elewacyjne z jesionu, sosny, bezs\u0119cznej sosny i \u015bwierku modyfikowanych termicznie, a tak\u017ce warianty z opalanego modrzewia austriackiego i sosny.<\/p>\n<p data-start=\"1404\" data-end=\"1478\" data-is-last-node=\"\" data-is-only-node=\"\"><strong data-start=\"1404\" data-end=\"1423\">Gatunki drewna:<\/strong> termojesion, sosna i \u015bwierk. Opalany modrzew i \u015bwierk.<\/p>\n<\/div><\/section><br \/>\n<div  style='height:10px' class='hr hr-invisible  av-desktop-hide av-medium-hide  avia-builder-el-22  el_after_av_textblock  el_before_av_hr '><span class='hr-inner ' ><span class='hr-inner-style'><\/span><\/span><\/div><br \/>\n<div  style='height:100px' class='hr hr-invisible  av-small-hide av-mini-hide  avia-builder-el-23  el_after_av_hr  avia-builder-el-last '><span class='hr-inner ' ><span class='hr-inner-style'><\/span><\/span><\/div><\/p><\/div><\/div><!--close column table wrapper. Autoclose: 1 --><\/div><\/div><\/div><!-- close content main div --><\/div><\/div><div id='after_section_2'  class='main_color av_default_container_wrap container_wrap sidebar_right' style=' '  ><div class='container' ><div class='template-page content  av-content-small alpha units'><div class='post-entry post-entry-type-page post-entry-13266'><div class='entry-content-wrapper clearfix'><div  style='height:10px' class='hr hr-invisible   avia-builder-el-24  el_after_av_section  avia-builder-el-no-sibling '><span class='hr-inner ' ><span class='hr-inner-style'><\/span><\/span><\/div><\/p>\n","protected":false},"excerpt":{"rendered":"","protected":false},"author":4,"featured_media":13264,"parent":0,"menu_order":0,"comment_status":"closed","ping_status":"closed","template":"","meta":{"inline_featured_image":false,"footnotes":""},"class_list":["post-13266","page","type-page","status-publish","has-post-thumbnail","hentry"],"_links":{"self":[{"href":"https:\/\/eklandwood.com\/pl\/wp-json\/wp\/v2\/pages\/13266","targetHints":{"allow":["GET"]}}],"collection":[{"href":"https:\/\/eklandwood.com\/pl\/wp-json\/wp\/v2\/pages"}],"about":[{"href":"https:\/\/eklandwood.com\/pl\/wp-json\/wp\/v2\/types\/page"}],"author":[{"embeddable":true,"href":"https:\/\/eklandwood.com\/pl\/wp-json\/wp\/v2\/users\/4"}],"replies":[{"embeddable":true,"href":"https:\/\/eklandwood.com\/pl\/wp-json\/wp\/v2\/comments?post=13266"}],"version-history":[{"count":3,"href":"https:\/\/eklandwood.com\/pl\/wp-json\/wp\/v2\/pages\/13266\/revisions"}],"predecessor-version":[{"id":13269,"href":"https:\/\/eklandwood.com\/pl\/wp-json\/wp\/v2\/pages\/13266\/revisions\/13269"}],"wp:featuredmedia":[{"embeddable":true,"href":"https:\/\/eklandwood.com\/pl\/wp-json\/wp\/v2\/media\/13264"}],"wp:attachment":[{"href":"https:\/\/eklandwood.com\/pl\/wp-json\/wp\/v2\/media?parent=13266"}],"curies":[{"name":"wp","href":"https:\/\/api.w.org\/{rel}","templated":true}]}}