{"id":11527,"date":"2025-08-18T11:24:10","date_gmt":"2025-08-18T08:24:10","guid":{"rendered":"https:\/\/eklandwood.com\/parkiety\/"},"modified":"2025-08-19T09:19:19","modified_gmt":"2025-08-19T06:19:19","slug":"parkiety","status":"publish","type":"page","link":"https:\/\/eklandwood.com\/pl\/parkiety\/","title":{"rendered":"Parkiety"},"content":{"rendered":"<div  style='height:10px' class='hr hr-invisible   avia-builder-el-0  el_before_av_section  avia-builder-el-no-sibling '><span class='hr-inner ' ><span class='hr-inner-style'><\/span><\/span><\/div>\n<\/div><\/div><\/div><!-- close content main div --><\/div><\/div><div id='av_section_1'  class='avia-section main_color avia-section-default avia-no-border-styling  avia-bg-style-scroll  avia-builder-el-1  el_after_av_hr  el_before_av_hr   container_wrap sidebar_right' style='background-color: #f6f2ef;  '  ><div class='container' ><div class='template-page content  av-content-small alpha units'><div class='post-entry post-entry-type-page post-entry-11527'><div class='entry-content-wrapper clearfix'>\n<div class='flex_column_table av-equal-height-column-flextable -flextable' style='margin-top:0px; margin-bottom:0px; '><div class=\"flex_column av_one_half  no_margin flex_column_table_cell av-equal-height-column av-align-middle first  avia-builder-el-2  el_before_av_one_half  avia-builder-el-first  mobile-padding \" style='padding:0px 100px 0px 100px ; border-radius:0px; '><p><div  style='height:100px' class='hr hr-invisible   avia-builder-el-3  el_before_av_textblock  avia-builder-el-first '><span class='hr-inner ' ><span class='hr-inner-style'><\/span><\/span><\/div><br \/>\n<section class=\"av_textblock_section \"  itemscope=\"itemscope\" itemtype=\"https:\/\/schema.org\/CreativeWork\" ><div class='avia_textblock  '   itemprop=\"text\" ><h2 style=\"text-align: center;\">Parkiety<\/h2>\n<\/div><\/section><br \/>\n<div  style=' margin-top:10px; margin-bottom:10px;'  class='hr hr-custom hr-center hr-icon-no   avia-builder-el-5  el_after_av_textblock  el_before_av_textblock '><span class='hr-inner  inner-border-av-border-fat' style=' width:180px; border-color:#000000;' ><span class='hr-inner-style'><\/span><\/span><\/div><br \/>\n<section class=\"av_textblock_section \"  itemscope=\"itemscope\" itemtype=\"https:\/\/schema.org\/CreativeWork\" ><div class='avia_textblock  '   itemprop=\"text\" ><p style=\"text-align: center;\">Parkiety z termicznie modyfikowanego jesionu dostarczamy w stanie niewyko\u0144czonym, aby ka\u017cdy klient m\u00f3g\u0142 wybra\u0107 oleje lub lakiery zgodnie z w\u0142asn\u0105 estetyk\u0105.<\/p>\n<p style=\"text-align: center;\">Nasze deski pod\u0142ogowe z jesionu s\u0105 odpowiednie do zastosowania przy ogrzewaniu pod\u0142ogowym dzi\u0119ki osi\u0105gni\u0119tej w procesie modyfikacji termicznej stabilno\u015bci. Aby zapewni\u0107 dodatkow\u0105 stabilno\u015b\u0107 oferujemy deski z drewna in\u017cynieryjnego o szeroko\u015bci 245 mm sk\u0142adaj\u0105ce si\u0119 z termojesionu poddanego \u015brednio intensywnej modyfikacji na bazie z wysokiej jako\u015bci sklejki.<br \/>\nNasze jesionowe parkiety s\u0105 odpowiednie w miejscach o du\u017cym nat\u0119\u017ceniu ruchu, takich jak hotele, restauracje i budynki komercyjne.<\/p>\n<p style=\"text-align: center;\"><strong>Profile:<\/strong> 245 mm szeroko\u015bci x 18 mm grubo\u015bci.<\/p>\n<\/div><\/section><br \/>\n<div  style='height:10px' class='hr hr-invisible  av-desktop-hide av-medium-hide  avia-builder-el-7  el_after_av_textblock  el_before_av_hr '><span class='hr-inner ' ><span class='hr-inner-style'><\/span><\/span><\/div><br \/>\n<div  style='height:100px' class='hr hr-invisible  av-small-hide av-mini-hide  avia-builder-el-8  el_after_av_hr  avia-builder-el-last '><span class='hr-inner ' ><span class='hr-inner-style'><\/span><\/span><\/div><\/p><\/div><div class=\"flex_column av_one_half  no_margin flex_column_table_cell av-equal-height-column av-align-middle   avia-builder-el-9  el_after_av_one_half  avia-builder-el-last  mobile-padding \" style='padding:0px 100px 0px 100px ; border-radius:0px; '><div  class='avia-gallery  avia-gallery-1 avia_lazyload avia-gallery-animate avia_animate_when_visible  avia-builder-el-10  avia-builder-el-no-sibling '  itemprop=\"image\" itemscope=\"itemscope\" itemtype=\"https:\/\/schema.org\/ImageObject\" ><div class='avia-gallery-thumb'> <a href='https:\/\/eklandwood.com\/wp-content\/uploads\/2020\/11\/1-Flooring-1-1030x687.jpg' data-rel='gallery-1' data-prev-img='https:\/\/eklandwood.com\/wp-content\/uploads\/2020\/11\/1-Flooring-1-495x400.jpg' class='first_thumb lightbox ' data-onclick='1' title=''  itemprop=\"thumbnailUrl\"  ><img decoding=\"async\" class=\"wp-image-11330 avia-img-lazy-loading-not-11330\"  data-avia-tooltip='Thermory Flooring' src=\"https:\/\/eklandwood.com\/wp-content\/uploads\/2020\/11\/1-Flooring-1-1030x687.jpg\" width=\"1030\" height=\"687\"  title='Thermory Flooring' alt='' srcset=\"https:\/\/eklandwood.com\/wp-content\/uploads\/2020\/11\/1-Flooring-1-1030x687.jpg 1030w, https:\/\/eklandwood.com\/wp-content\/uploads\/2020\/11\/1-Flooring-1-300x200.jpg 300w, https:\/\/eklandwood.com\/wp-content\/uploads\/2020\/11\/1-Flooring-1-768x512.jpg 768w, https:\/\/eklandwood.com\/wp-content\/uploads\/2020\/11\/1-Flooring-1-705x470.jpg 705w, https:\/\/eklandwood.com\/wp-content\/uploads\/2020\/11\/1-Flooring-1-900x600.jpg 900w, https:\/\/eklandwood.com\/wp-content\/uploads\/2020\/11\/1-Flooring-1.jpg 1200w\" sizes=\"(max-width: 1030px) 100vw, 1030px\" \/><\/a> <a href='https:\/\/eklandwood.com\/wp-content\/uploads\/2020\/11\/01-Thermory-Flooring-1-1030x687.jpg' data-rel='gallery-1' data-prev-img='https:\/\/eklandwood.com\/wp-content\/uploads\/2020\/11\/01-Thermory-Flooring-1-495x400.jpg' class='lightbox ' data-onclick='2' title=''  itemprop=\"thumbnailUrl\"  ><img decoding=\"async\" class=\"wp-image-11329 avia-img-lazy-loading-not-11329\"  data-avia-tooltip='Thermory Flooring' src=\"https:\/\/eklandwood.com\/wp-content\/uploads\/2020\/11\/01-Thermory-Flooring-1-1030x687.jpg\" width=\"1030\" height=\"687\"  title='Thermory Flooring' alt='' srcset=\"https:\/\/eklandwood.com\/wp-content\/uploads\/2020\/11\/01-Thermory-Flooring-1-1030x687.jpg 1030w, https:\/\/eklandwood.com\/wp-content\/uploads\/2020\/11\/01-Thermory-Flooring-1-300x200.jpg 300w, https:\/\/eklandwood.com\/wp-content\/uploads\/2020\/11\/01-Thermory-Flooring-1-768x512.jpg 768w, https:\/\/eklandwood.com\/wp-content\/uploads\/2020\/11\/01-Thermory-Flooring-1-705x470.jpg 705w, https:\/\/eklandwood.com\/wp-content\/uploads\/2020\/11\/01-Thermory-Flooring-1-900x600.jpg 900w, https:\/\/eklandwood.com\/wp-content\/uploads\/2020\/11\/01-Thermory-Flooring-1.jpg 1200w\" sizes=\"(max-width: 1030px) 100vw, 1030px\" \/><\/a> <a href='https:\/\/eklandwood.com\/wp-content\/uploads\/2020\/11\/Thermory-Wood-Floor-Installation-1-1030x686.jpg' data-rel='gallery-1' data-prev-img='https:\/\/eklandwood.com\/wp-content\/uploads\/2020\/11\/Thermory-Wood-Floor-Installation-1-495x400.jpg' class='first_thumb lightbox ' data-onclick='3' title=''  itemprop=\"thumbnailUrl\"  ><img decoding=\"async\" class=\"wp-image-11534 avia-img-lazy-loading-not-11534\"  data-avia-tooltip='Thermory Flooring Installation' src=\"https:\/\/eklandwood.com\/wp-content\/uploads\/2020\/11\/Thermory-Wood-Floor-Installation-1-1030x686.jpg\" width=\"1030\" height=\"686\"  title='Thermory Wood Floor Installation' alt='' srcset=\"https:\/\/eklandwood.com\/wp-content\/uploads\/2020\/11\/Thermory-Wood-Floor-Installation-1-1030x686.jpg 1030w, https:\/\/eklandwood.com\/wp-content\/uploads\/2020\/11\/Thermory-Wood-Floor-Installation-1-300x200.jpg 300w, https:\/\/eklandwood.com\/wp-content\/uploads\/2020\/11\/Thermory-Wood-Floor-Installation-1-768x512.jpg 768w, https:\/\/eklandwood.com\/wp-content\/uploads\/2020\/11\/Thermory-Wood-Floor-Installation-1-1536x1024.jpg 1536w, https:\/\/eklandwood.com\/wp-content\/uploads\/2020\/11\/Thermory-Wood-Floor-Installation-1-1500x1000.jpg 1500w, https:\/\/eklandwood.com\/wp-content\/uploads\/2020\/11\/Thermory-Wood-Floor-Installation-1-705x470.jpg 705w, https:\/\/eklandwood.com\/wp-content\/uploads\/2020\/11\/Thermory-Wood-Floor-Installation-1-900x600.jpg 900w, https:\/\/eklandwood.com\/wp-content\/uploads\/2020\/11\/Thermory-Wood-Floor-Installation-1.jpg 2048w\" sizes=\"(max-width: 1030px) 100vw, 1030px\" \/><\/a> <a href='https:\/\/eklandwood.com\/wp-content\/uploads\/2020\/11\/11-Flooring-1-scaled-e1688716245556-1030x687.jpg' data-rel='gallery-1' data-prev-img='https:\/\/eklandwood.com\/wp-content\/uploads\/2020\/11\/11-Flooring-1-scaled-e1688716245556-495x400.jpg' class='lightbox ' data-onclick='4' title=''  itemprop=\"thumbnailUrl\"  ><img decoding=\"async\" class=\"wp-image-11340 avia-img-lazy-loading-not-11340\"   src=\"https:\/\/eklandwood.com\/wp-content\/uploads\/2020\/11\/11-Flooring-1-scaled-e1688716245556-1030x687.jpg\" width=\"1030\" height=\"687\"  title='Restaurant Tuljak, Tallinn. Photo: Andreas Jupits' alt='' srcset=\"https:\/\/eklandwood.com\/wp-content\/uploads\/2020\/11\/11-Flooring-1-scaled-e1688716245556-1030x687.jpg 1030w, https:\/\/eklandwood.com\/wp-content\/uploads\/2020\/11\/11-Flooring-1-scaled-e1688716245556-300x200.jpg 300w, https:\/\/eklandwood.com\/wp-content\/uploads\/2020\/11\/11-Flooring-1-scaled-e1688716245556-768x512.jpg 768w, https:\/\/eklandwood.com\/wp-content\/uploads\/2020\/11\/11-Flooring-1-scaled-e1688716245556-1536x1025.jpg 1536w, https:\/\/eklandwood.com\/wp-content\/uploads\/2020\/11\/11-Flooring-1-scaled-e1688716245556-2048x1366.jpg 2048w, https:\/\/eklandwood.com\/wp-content\/uploads\/2020\/11\/11-Flooring-1-scaled-e1688716245556-1500x1001.jpg 1500w, https:\/\/eklandwood.com\/wp-content\/uploads\/2020\/11\/11-Flooring-1-scaled-e1688716245556-705x470.jpg 705w, https:\/\/eklandwood.com\/wp-content\/uploads\/2020\/11\/11-Flooring-1-scaled-e1688716245556-900x600.jpg 900w\" sizes=\"(max-width: 1030px) 100vw, 1030px\" \/><\/a><\/div><\/div><\/div><\/div><!--close column table wrapper. Autoclose: 1 --><\/div><\/div><\/div><!-- close content main div --><\/div><\/div><div id='after_section_1'  class='main_color av_default_container_wrap container_wrap sidebar_right' style=' '  ><div class='container' ><div class='template-page content  av-content-small alpha units'><div class='post-entry post-entry-type-page post-entry-11527'><div class='entry-content-wrapper clearfix'><div  style='height:10px' class='hr hr-invisible   avia-builder-el-11  el_after_av_section  el_before_av_section  avia-builder-el-no-sibling '><span class='hr-inner ' ><span class='hr-inner-style'><\/span><\/span><\/div><\/p>\n<\/div><\/div><\/div><!-- close content main div --><\/div><\/div><div id='av_section_2'  class='avia-section main_color avia-section-default avia-no-border-styling  avia-bg-style-scroll  avia-builder-el-12  el_after_av_hr  el_before_av_hr   container_wrap sidebar_right' style='background-color: #f6f2ef;  '  ><div class='container' ><div class='template-page content  av-content-small alpha units'><div class='post-entry post-entry-type-page post-entry-11527'><div class='entry-content-wrapper clearfix'>\n<div class='flex_column_table av-equal-height-column-flextable -flextable' style='margin-top:0px; margin-bottom:0px; '><div class=\"flex_column av_one_half  no_margin flex_column_table_cell av-equal-height-column av-align-middle first  avia-builder-el-13  el_before_av_one_half  avia-builder-el-first  mobile-padding mobile-img \" style='background:url(https:\/\/eklandwood.com\/wp-content\/uploads\/2020\/11\/Noya-1jpg-1-495x400.jpg) center center no-repeat ; padding:0px 100px 0px 100px ; border-radius:0px; '><\/div><div class=\"flex_column av_one_half  no_margin flex_column_table_cell av-equal-height-column av-align-middle   avia-builder-el-14  el_after_av_one_half  avia-builder-el-last  mobile-padding \" style='padding:0px 100px 0px 100px ; border-radius:0px; '><p><div  style='height:100px' class='hr hr-invisible   avia-builder-el-15  el_before_av_textblock  avia-builder-el-first '><span class='hr-inner ' ><span class='hr-inner-style'><\/span><\/span><\/div><br \/>\n<section class=\"av_textblock_section \"  itemscope=\"itemscope\" itemtype=\"https:\/\/schema.org\/CreativeWork\" ><div class='avia_textblock  '   itemprop=\"text\" ><h2 style=\"text-align: center;\">Thermory Pod\u0142ogi przemys\u0142owe<\/h2>\n<\/div><\/section><br \/>\n<div  style=' margin-top:10px; margin-bottom:10px;'  class='hr hr-custom hr-center hr-icon-no   avia-builder-el-17  el_after_av_textblock  el_before_av_textblock '><span class='hr-inner  inner-border-av-border-fat' style=' width:180px; border-color:#000000;' ><span class='hr-inner-style'><\/span><\/span><\/div><br \/>\n<section class=\"av_textblock_section \"  itemscope=\"itemscope\" itemtype=\"https:\/\/schema.org\/CreativeWork\" ><div class='avia_textblock  '   itemprop=\"text\" ><p style=\"text-align: center;\">Nasze pod\u0142ogi przemys\u0142owe sprawdzaj\u0105 si\u0119 zar\u00f3wno w domach, jak i w miejscach o du\u017cym nat\u0119\u017ceniu ruchu, takich jak kluby sportowe i budynki u\u017cyteczno\u015bci publicznej. Pod\u0142ogi przemys\u0142owe sk\u0142adaj\u0105 si\u0119 z solidnych listew z drewna drzew li\u015bciastych o wymiarach 14 x 20 mm po\u0142\u0105czonych przezroczyst\u0105 ta\u015bm\u0105. Takie kwadraty mo\u017cna klei\u0107 za pomoc\u0105 standardowego kleju do parkiet\u00f3w.<\/p>\n<p style=\"text-align: center;\">Deski s\u0105 ju\u017c oszlifowane, wi\u0119c po monta\u017cu wystarczy ju\u017c tylko olejowanie lub lakierowanie.<\/p>\n<p style=\"text-align: center;\">Pod\u0142ogi przemys\u0142owe s\u0105 dost\u0119pne w dw\u00f3ch stopniach modyfikacji: jesion intense (ciemny) i jesion medium (jasny br\u0105z).<\/p>\n<p style=\"text-align: center;\"><img loading=\"lazy\" decoding=\"async\" class=\"alignnone size-medium wp-image-8899\" src=\"https:\/\/eklandwood.com\/wp-content\/uploads\/2023\/08\/Thermory_logotype_pos-300x93.png\" alt=\"Thermory logo\" width=\"300\" height=\"93\" srcset=\"https:\/\/eklandwood.com\/wp-content\/uploads\/2023\/08\/Thermory_logotype_pos-300x93.png 300w, https:\/\/eklandwood.com\/wp-content\/uploads\/2023\/08\/Thermory_logotype_pos-1030x320.png 1030w, https:\/\/eklandwood.com\/wp-content\/uploads\/2023\/08\/Thermory_logotype_pos-768x239.png 768w, https:\/\/eklandwood.com\/wp-content\/uploads\/2023\/08\/Thermory_logotype_pos-1536x477.png 1536w, https:\/\/eklandwood.com\/wp-content\/uploads\/2023\/08\/Thermory_logotype_pos-1500x466.png 1500w, https:\/\/eklandwood.com\/wp-content\/uploads\/2023\/08\/Thermory_logotype_pos-705x219.png 705w, https:\/\/eklandwood.com\/wp-content\/uploads\/2023\/08\/Thermory_logotype_pos.png 1902w\" sizes=\"auto, (max-width: 300px) 100vw, 300px\" \/><\/p>\n<\/div><\/section><br \/>\n<div  style='height:10px' class='hr hr-invisible  av-desktop-hide av-medium-hide  avia-builder-el-19  el_after_av_textblock  el_before_av_hr '><span class='hr-inner ' ><span class='hr-inner-style'><\/span><\/span><\/div><br \/>\n<div  style='height:100px' class='hr hr-invisible  av-small-hide av-mini-hide  avia-builder-el-20  el_after_av_hr  avia-builder-el-last '><span class='hr-inner ' ><span class='hr-inner-style'><\/span><\/span><\/div><\/p><\/div><\/div><!--close column table wrapper. Autoclose: 1 -->\n<\/div><\/div><\/div><!-- close content main div --><\/div><\/div><div id='after_section_2'  class='main_color av_default_container_wrap container_wrap sidebar_right' style=' '  ><div class='container' ><div class='template-page content  av-content-small alpha units'><div class='post-entry post-entry-type-page post-entry-11527'><div class='entry-content-wrapper clearfix'>\n<div  style='height:10px' class='hr hr-invisible  av-small-hide av-mini-hide  avia-builder-el-21  el_after_av_section  avia-builder-el-no-sibling '><span class='hr-inner ' ><span class='hr-inner-style'><\/span><\/span><\/div>\n","protected":false},"excerpt":{"rendered":"","protected":false},"author":3,"featured_media":11405,"parent":0,"menu_order":0,"comment_status":"closed","ping_status":"closed","template":"","meta":{"inline_featured_image":false,"footnotes":""},"class_list":["post-11527","page","type-page","status-publish","has-post-thumbnail","hentry"],"_links":{"self":[{"href":"https:\/\/eklandwood.com\/pl\/wp-json\/wp\/v2\/pages\/11527","targetHints":{"allow":["GET"]}}],"collection":[{"href":"https:\/\/eklandwood.com\/pl\/wp-json\/wp\/v2\/pages"}],"about":[{"href":"https:\/\/eklandwood.com\/pl\/wp-json\/wp\/v2\/types\/page"}],"author":[{"embeddable":true,"href":"https:\/\/eklandwood.com\/pl\/wp-json\/wp\/v2\/users\/3"}],"replies":[{"embeddable":true,"href":"https:\/\/eklandwood.com\/pl\/wp-json\/wp\/v2\/comments?post=11527"}],"version-history":[{"count":7,"href":"https:\/\/eklandwood.com\/pl\/wp-json\/wp\/v2\/pages\/11527\/revisions"}],"predecessor-version":[{"id":11675,"href":"https:\/\/eklandwood.com\/pl\/wp-json\/wp\/v2\/pages\/11527\/revisions\/11675"}],"wp:featuredmedia":[{"embeddable":true,"href":"https:\/\/eklandwood.com\/pl\/wp-json\/wp\/v2\/media\/11405"}],"wp:attachment":[{"href":"https:\/\/eklandwood.com\/pl\/wp-json\/wp\/v2\/media?parent=11527"}],"curies":[{"name":"wp","href":"https:\/\/api.w.org\/{rel}","templated":true}]}}