{"id":11471,"date":"2025-08-15T10:47:05","date_gmt":"2025-08-15T07:47:05","guid":{"rendered":"https:\/\/eklandwood.com\/swierk\/"},"modified":"2025-08-15T10:47:06","modified_gmt":"2025-08-15T07:47:06","slug":"swierk","status":"publish","type":"page","link":"https:\/\/eklandwood.com\/pl\/swierk\/","title":{"rendered":"\u015aWIERK"},"content":{"rendered":"<div  style='height:10px' class='hr hr-invisible   avia-builder-el-0  el_before_av_section  avia-builder-el-no-sibling '><span class='hr-inner ' ><span class='hr-inner-style'><\/span><\/span><\/div>\n<\/div><\/div><\/div><!-- close content main div --><\/div><\/div><div id='av_section_1'  class='avia-section main_color avia-section-default avia-no-border-styling  avia-bg-style-scroll  avia-builder-el-1  el_after_av_hr  el_before_av_one_half   container_wrap sidebar_right' style='background-color: #f6f2ef;  '  ><div class='container' ><div class='template-page content  av-content-small alpha units'><div class='post-entry post-entry-type-page post-entry-11471'><div class='entry-content-wrapper clearfix'>\n<div class='flex_column_table av-equal-height-column-flextable -flextable' style='margin-top:0px; margin-bottom:0px; '><div class=\"flex_column av_one_half  no_margin flex_column_table_cell av-equal-height-column av-align-middle first  avia-builder-el-2  el_before_av_one_half  avia-builder-el-first  mobile-padding \" style='padding:0px 100px 0px 100px ; border-radius:0px; '><p><div  style='height:100px' class='hr hr-invisible   avia-builder-el-3  el_before_av_textblock  avia-builder-el-first '><span class='hr-inner ' ><span class='hr-inner-style'><\/span><\/span><\/div><br \/>\n<section class=\"av_textblock_section \"  itemscope=\"itemscope\" itemtype=\"https:\/\/schema.org\/CreativeWork\" ><div class='avia_textblock  '   itemprop=\"text\" ><h2 style=\"text-align: center;\">\u015aWIERK<\/h2>\n<\/div><\/section><br \/>\n<div  style=' margin-top:10px; margin-bottom:10px;'  class='hr hr-custom hr-center hr-icon-no   avia-builder-el-5  el_after_av_textblock  el_before_av_textblock '><span class='hr-inner  inner-border-av-border-fat' style=' width:180px; border-color:#000000;' ><span class='hr-inner-style'><\/span><\/span><\/div><br \/>\n<section class=\"av_textblock_section \"  itemscope=\"itemscope\" itemtype=\"https:\/\/schema.org\/CreativeWork\" ><div class='avia_textblock  '   itemprop=\"text\" ><p style=\"text-align: center;\">Nasze produkty z termicznie modyfikowanego \u015bwierka charakteryzuj\u0105 si\u0119 wyj\u0105tkow\u0105 odporno\u015bci\u0105 na pr\u00f3chnic\u0119 (Klasa trwa\u0142o\u015bci 1, odporno\u015b\u0107 przez 25 lat i wi\u0119cej) i d\u0142ugowieczno\u015bci\u0105 w po\u0142\u0105czeniu z rustykalnymi s\u0119kami i naturalnym jasnym kolorem.<\/p>\n<p style=\"text-align: center;\">Termicznie modyfikowany \u015bwierk nadaje elewacji naturalny rustykalny wygl\u0105d, kt\u00f3ry przetrwa dziesi\u0119ciolecia. W procesie modyfikacji termicznej drzewo \u015bwierkowe zyskuje znakomit\u0105 odporno\u015b\u0107 na warunki atmosferyczne i wytrzyma\u0142o\u015b\u0107 biologiczn\u0105, jak r\u00f3wnie\u017c naturalnie pi\u0119kny jasny z\u0142oty odcie\u0144.<\/p>\n<p style=\"text-align: center;\">Dzi\u0119ki modyfikacji termicznej \u015bwierk zyskuje najwy\u017csz\u0105 klas\u0119 trwa\u0142o\u015bci (Klasa 1), co oznacza, \u017ce przetrwa przez dekady we wszystkich warunkach klimatycznych. Proces obr\u00f3bki dodatkowo nadaje mu pi\u0119kn\u0105 z\u0142otobr\u0105zow\u0105 barw\u0119.<\/p>\n<p style=\"text-align: center;\">W wyniku modyfikacji termicznej zmniejsza si\u0119 poch\u0142anianie wilgoci przez \u015bwierk, co w ogromnym stopniu zapobiega jego pr\u00f3chnieniu.<\/p>\n<\/div><\/section><br \/>\n<div  style='height:10px' class='hr hr-invisible  av-desktop-hide av-medium-hide  avia-builder-el-7  el_after_av_textblock  el_before_av_hr '><span class='hr-inner ' ><span class='hr-inner-style'><\/span><\/span><\/div><br \/>\n<div  style='height:100px' class='hr hr-invisible  av-small-hide av-mini-hide  avia-builder-el-8  el_after_av_hr  avia-builder-el-last '><span class='hr-inner ' ><span class='hr-inner-style'><\/span><\/span><\/div><\/p><\/div><div class=\"flex_column av_one_half  no_margin flex_column_table_cell av-equal-height-column av-align-middle av-zero-column-padding   avia-builder-el-9  el_after_av_one_half  avia-builder-el-last  \" style='border-radius:0px; '><p><div  style='height:10px' class='hr hr-invisible   avia-builder-el-10  el_before_av_textblock  avia-builder-el-first '><span class='hr-inner ' ><span class='hr-inner-style'><\/span><\/span><\/div><br \/>\n<section class=\"av_textblock_section \"  itemscope=\"itemscope\" itemtype=\"https:\/\/schema.org\/CreativeWork\" ><div class='avia_textblock  '   itemprop=\"text\" ><h2 style=\"text-align: center;\">Ewolucja koloru \u015bwierka z up\u0142ywem czasu bez olejowania<\/h2>\n<\/div><\/section><br \/>\n<div  style=' margin-top:10px; margin-bottom:10px;'  class='hr hr-custom hr-center hr-icon-no   avia-builder-el-12  el_after_av_textblock  el_before_av_image '><span class='hr-inner  inner-border-av-border-fat' style=' width:180px; border-color:#000000;' ><span class='hr-inner-style'><\/span><\/span><\/div><br \/>\n<div  class='avia-image-container  av-styling-    avia-builder-el-13  el_after_av_hr  avia-builder-el-last  avia-align-center '  itemprop=\"image\" itemscope=\"itemscope\" itemtype=\"https:\/\/schema.org\/ImageObject\"  ><div class='avia-image-container-inner'><div class='avia-image-overlay-wrap'><img decoding=\"async\" class='wp-image-3271 avia-img-lazy-loading-not-3271 avia_image' src=\"https:\/\/eklandwood.com\/wp-content\/uploads\/2020\/12\/Spruce-Colour-Evolution-Photo-1030x687-1-845x321.png\" alt='Spruce Colour Evolution' title='Spruce Colour Evolution' height=\"321\" width=\"845\"  itemprop=\"thumbnailUrl\"  \/><\/div><\/div><\/div><\/p><\/div><\/div><!--close column table wrapper. Autoclose: 1 --><\/div><\/div><\/div><!-- close content main div --><\/div><\/div><div id='after_section_1'  class='main_color av_default_container_wrap container_wrap sidebar_right' style=' '  ><div class='container' ><div class='template-page content  av-content-small alpha units'><div class='post-entry post-entry-type-page post-entry-11471'><div class='entry-content-wrapper clearfix'><div class='flex_column_table av-equal-height-column-flextable -flextable' style='margin-top:0px; margin-bottom:0px; '><div class=\"flex_column av_one_half  avia-full-stretch no_margin flex_column_table_cell av-equal-height-column av-align-middle av-zero-column-padding first  avia-builder-el-14  el_after_av_section  el_before_av_hr  avia-builder-el-first  mobile-img \" style='background:url(https:\/\/eklandwood.com\/wp-content\/uploads\/2020\/12\/Spruce-Colour-Evolution-Photo-1030x687-1.png) center center no-repeat ; border-radius:0px; '><\/div><\/div><!--close column table wrapper. Autoclose: 1 --><\/p>\n<div  style='height:10px' class='hr hr-invisible   avia-builder-el-15  el_after_av_one_half  el_before_av_section  avia-builder-el-last '><span class='hr-inner ' ><span class='hr-inner-style'><\/span><\/span><\/div>\n<\/div><\/div><\/div><!-- close content main div --><\/div><\/div><div id='av_section_2'  class='avia-section main_color avia-section-default avia-no-border-styling  avia-bg-style-scroll  avia-builder-el-16  el_after_av_hr  el_before_av_hr   container_wrap sidebar_right' style='background-color: #f6f2ef;  '  ><div class='container' ><div class='template-page content  av-content-small alpha units'><div class='post-entry post-entry-type-page post-entry-11471'><div class='entry-content-wrapper clearfix'>\n<div class='flex_column_table av-equal-height-column-flextable -flextable' style='margin-top:0px; margin-bottom:0px; '><div class=\"flex_column av_one_half  avia-full-stretch no_margin flex_column_table_cell av-equal-height-column av-align-middle av-zero-column-padding first  avia-builder-el-17  el_before_av_one_half  avia-builder-el-first  mobile-img \" style='background:url(https:\/\/eklandwood.com\/wp-content\/uploads\/2023\/07\/4.-Spruce-background_credit.jpg) top right no-repeat  #fdf1e0; background-color:#fdf1e0; border-radius:0px; '><\/div><div class=\"flex_column av_one_half  no_margin flex_column_table_cell av-equal-height-column av-align-middle   avia-builder-el-18  el_after_av_one_half  avia-builder-el-last  mobile-padding \" style='padding:0px 100px 0px 100px ; border-radius:0px; '><p><div  style='height:10px' class='hr hr-invisible   avia-builder-el-19  el_before_av_hr  avia-builder-el-first '><span class='hr-inner ' ><span class='hr-inner-style'><\/span><\/span><\/div><br \/>\n<div  style='height:10px' class='hr hr-invisible   avia-builder-el-20  el_after_av_hr  el_before_av_hr '><span class='hr-inner ' ><span class='hr-inner-style'><\/span><\/span><\/div><br \/>\n<div  style='height:10px' class='hr hr-invisible   avia-builder-el-21  el_after_av_hr  el_before_av_textblock '><span class='hr-inner ' ><span class='hr-inner-style'><\/span><\/span><\/div><br \/>\n<section class=\"av_textblock_section \"  itemscope=\"itemscope\" itemtype=\"https:\/\/schema.org\/CreativeWork\" ><div class='avia_textblock  '   itemprop=\"text\" ><p>Oferujemy termicznie modyfikowany \u015bwierk, kt\u00f3ry zosta\u0142 odznaczony certyfikatem Nordic Swan Ecolabel. Oznacza to, \u017ce drewno jest pozyskiwane z las\u00f3w zarz\u0105dzanych w spos\u00f3b zr\u00f3wnowa\u017cony, jest wolne od \u015brodk\u00f3w chemicznych i niezwykle odporne na warunki panuj\u0105ce na zewn\u0105trz.<\/p>\n<p><strong>Pochodzenie:<\/strong> Skandynawia<\/p>\n<p><strong>Zastosowanie:<\/strong> Tarasy i elewacje<\/p>\n<p><strong>Wyko\u0144czenie powierzchni:<\/strong> heblowane, szczotkowane, pi\u0142owane.<\/p>\n<p><strong>Olejowanie:<\/strong> dost\u0119pne deski wst\u0119pnie olejowane.<\/p>\n<p><strong>Ewolucja koloru z up\u0142ywem czasu:<\/strong> S\u0142o\u0144ce i deszcz maj\u0105 wp\u0142yw na szybko\u015b\u0107, z jak\u0105 starzej\u0105 si\u0119 nasze produkty. Je\u017celi zostawimy \u015bwierk bez \u017cadnych zabieg\u00f3w, jego barwa b\u0119dzie si\u0119 zmienia\u0107 w kierunku platynowoszarej.<\/p>\n<\/div><\/section><br \/>\n<div  style='height:10px' class='hr hr-invisible  av-desktop-hide av-medium-hide  avia-builder-el-23  el_after_av_textblock  el_before_av_hr '><span class='hr-inner ' ><span class='hr-inner-style'><\/span><\/span><\/div><br \/>\n<div  style='height:100px' class='hr hr-invisible  av-small-hide av-mini-hide  avia-builder-el-24  el_after_av_hr  avia-builder-el-last '><span class='hr-inner ' ><span class='hr-inner-style'><\/span><\/span><\/div><\/p><\/div><\/div><!--close column table wrapper. Autoclose: 1 --><\/div><\/div><\/div><!-- close content main div --><\/div><\/div><div id='after_section_2'  class='main_color av_default_container_wrap container_wrap sidebar_right' style=' '  ><div class='container' ><div class='template-page content  av-content-small alpha units'><div class='post-entry post-entry-type-page post-entry-11471'><div class='entry-content-wrapper clearfix'><div  style='height:10px' class='hr hr-invisible   avia-builder-el-25  el_after_av_section  avia-builder-el-no-sibling '><span class='hr-inner ' ><span class='hr-inner-style'><\/span><\/span><\/div><\/p>\n","protected":false},"excerpt":{"rendered":"","protected":false},"author":3,"featured_media":0,"parent":0,"menu_order":0,"comment_status":"closed","ping_status":"closed","template":"","meta":{"inline_featured_image":false,"footnotes":""},"class_list":["post-11471","page","type-page","status-publish","hentry"],"_links":{"self":[{"href":"https:\/\/eklandwood.com\/pl\/wp-json\/wp\/v2\/pages\/11471","targetHints":{"allow":["GET"]}}],"collection":[{"href":"https:\/\/eklandwood.com\/pl\/wp-json\/wp\/v2\/pages"}],"about":[{"href":"https:\/\/eklandwood.com\/pl\/wp-json\/wp\/v2\/types\/page"}],"author":[{"embeddable":true,"href":"https:\/\/eklandwood.com\/pl\/wp-json\/wp\/v2\/users\/3"}],"replies":[{"embeddable":true,"href":"https:\/\/eklandwood.com\/pl\/wp-json\/wp\/v2\/comments?post=11471"}],"version-history":[{"count":2,"href":"https:\/\/eklandwood.com\/pl\/wp-json\/wp\/v2\/pages\/11471\/revisions"}],"predecessor-version":[{"id":11475,"href":"https:\/\/eklandwood.com\/pl\/wp-json\/wp\/v2\/pages\/11471\/revisions\/11475"}],"wp:attachment":[{"href":"https:\/\/eklandwood.com\/pl\/wp-json\/wp\/v2\/media?parent=11471"}],"curies":[{"name":"wp","href":"https:\/\/api.w.org\/{rel}","templated":true}]}}