{"id":11465,"date":"2025-08-15T10:42:53","date_gmt":"2025-08-15T07:42:53","guid":{"rendered":"https:\/\/eklandwood.com\/sosna\/"},"modified":"2025-08-15T10:42:53","modified_gmt":"2025-08-15T07:42:53","slug":"sosna","status":"publish","type":"page","link":"https:\/\/eklandwood.com\/pl\/sosna\/","title":{"rendered":"Sosna"},"content":{"rendered":"<div  style='height:10px' class='hr hr-invisible   avia-builder-el-0  el_before_av_section  avia-builder-el-no-sibling '><span class='hr-inner ' ><span class='hr-inner-style'><\/span><\/span><\/div>\n<\/div><\/div><\/div><!-- close content main div --><\/div><\/div><div id='av_section_1'  class='avia-section main_color avia-section-default avia-no-border-styling  avia-bg-style-scroll  avia-builder-el-1  el_after_av_hr  el_before_av_hr   container_wrap sidebar_right' style='background-color: #f6f2ef;  '  ><div class='container' ><div class='template-page content  av-content-small alpha units'><div class='post-entry post-entry-type-page post-entry-11465'><div class='entry-content-wrapper clearfix'>\n<div class='flex_column_table av-equal-height-column-flextable -flextable' style='margin-top:0px; margin-bottom:0px; '><div class=\"flex_column av_one_half  no_margin flex_column_table_cell av-equal-height-column av-align-middle first  avia-builder-el-2  el_before_av_one_half  avia-builder-el-first  mobile-padding \" style='padding:0px 100px 0px 100px ; border-radius:0px; '><p><div  style='height:100px' class='hr hr-invisible   avia-builder-el-3  el_before_av_textblock  avia-builder-el-first '><span class='hr-inner ' ><span class='hr-inner-style'><\/span><\/span><\/div><br \/>\n<section class=\"av_textblock_section \"  itemscope=\"itemscope\" itemtype=\"https:\/\/schema.org\/CreativeWork\" ><div class='avia_textblock  '   itemprop=\"text\" ><h2 style=\"text-align: center;\">SOSNA<\/h2>\n<\/div><\/section><br \/>\n<div  style=' margin-top:10px; margin-bottom:10px;'  class='hr hr-custom hr-center hr-icon-no   avia-builder-el-5  el_after_av_textblock  el_before_av_textblock '><span class='hr-inner  inner-border-av-border-fat' style=' width:180px; border-color:#000000;' ><span class='hr-inner-style'><\/span><\/span><\/div><br \/>\n<section class=\"av_textblock_section \"  itemscope=\"itemscope\" itemtype=\"https:\/\/schema.org\/CreativeWork\" ><div class='avia_textblock  '   itemprop=\"text\" ><p style=\"text-align: center;\">Termososna \u0142\u0105czy w sobie rustykalny wygl\u0105d standardowego drewna sosnowego z d\u0142ugotrwa\u0142\u0105 wytrzyma\u0142o\u015bci\u0105.<\/p>\n<p style=\"text-align: center;\">Modyfikacja termiczna zwi\u0119ksza biologiczn\u0105 wytrzyma\u0142o\u015b\u0107 sosny (klasa 2), co jest niezwykle wa\u017cne w przypadku u\u017cytkowania drewna na powietrzu.<\/p>\n<p style=\"text-align: center;\">Termicznie modyfikowane drewno charakteryzuje si\u0119 ni\u017csz\u0105 absorpcj\u0105 wilgoci i tym samym mniejsz\u0105 podatno\u015bci\u0105 na deformacj\u0119 z powodu wilgoci. Jest to wi\u0119c \u015bwietne rozwi\u0105zanie do zastosowania na zewn\u0105trz.<\/p>\n<p style=\"text-align: center;\">Proces modyfikacji ponadto dodaje so\u015bnie pi\u0119kny z\u0142otobr\u0105zowy ton.<\/p>\n<p style=\"text-align: center;\">Nasza termososna jest nie tylko wytrzyma\u0142a, ale te\u017c ekologiczna, poniewa\u017c modyfikacja termiczna jest wolna od chemikali\u00f3w, a wyprodukowane odpady s\u0105 nieszkodliwe dla \u015brodowiska.<\/p>\n<p style=\"text-align: center;\">Co wi\u0119cej nasza termicznie modyfikowana sosna zosta\u0142a odznaczona certyfikatem Nordic Swan Ecolabel, kt\u00f3ry oznacza, \u017ce drewno jest pozyskiwane z las\u00f3w zarz\u0105dzanych w spos\u00f3b zr\u00f3wnowa\u017cony, jest wolne od \u015brodk\u00f3w chemicznych i niezwykle odporne na warunki panuj\u0105ce na zewn\u0105trz.<\/p>\n<\/div><\/section><br \/>\n<div  style='height:30px' class='hr hr-invisible  av-desktop-hide av-medium-hide  avia-builder-el-7  el_after_av_textblock  el_before_av_hr '><span class='hr-inner ' ><span class='hr-inner-style'><\/span><\/span><\/div><br \/>\n<div  style='height:50px' class='hr hr-invisible  av-small-hide av-mini-hide  avia-builder-el-8  el_after_av_hr  avia-builder-el-last '><span class='hr-inner ' ><span class='hr-inner-style'><\/span><\/span><\/div><\/p><\/div><div class=\"flex_column av_one_half  no_margin flex_column_table_cell av-equal-height-column av-align-middle av-zero-column-padding   avia-builder-el-9  el_after_av_one_half  avia-builder-el-last  \" style='border-radius:0px; '><section class=\"av_textblock_section \"  itemscope=\"itemscope\" itemtype=\"https:\/\/schema.org\/CreativeWork\" ><div class='avia_textblock  '   itemprop=\"text\" ><h2 style=\"text-align: center;\">Ewolucja koloru sosny z up\u0142ywem czasu bez olejowania<\/h2>\n<\/div><\/section><br \/>\n<div  style=' margin-top:20px; margin-bottom:30px;'  class='hr hr-custom hr-center hr-icon-no   avia-builder-el-11  el_after_av_textblock  el_before_av_image '><span class='hr-inner  inner-border-av-border-fat' style=' width:180px; border-color:#000000;' ><span class='hr-inner-style'><\/span><\/span><\/div><br \/>\n<div  class='avia-image-container  av-styling-    avia-builder-el-12  el_after_av_hr  avia-builder-el-last  avia-align-center '  itemprop=\"image\" itemscope=\"itemscope\" itemtype=\"https:\/\/schema.org\/ImageObject\"  ><div class='avia-image-container-inner'><div class='avia-image-overlay-wrap'><img decoding=\"async\" class='wp-image-11466 avia-img-lazy-loading-not-11466 avia_image' src=\"https:\/\/eklandwood.com\/wp-content\/uploads\/2020\/11\/Pine-Colour-Evolution-Chart-1030x148.jpg\" alt='' title='Pine Colour Evolution Chart' height=\"148\" width=\"1030\"  itemprop=\"thumbnailUrl\" srcset=\"https:\/\/eklandwood.com\/wp-content\/uploads\/2020\/11\/Pine-Colour-Evolution-Chart-1030x148.jpg 1030w, https:\/\/eklandwood.com\/wp-content\/uploads\/2020\/11\/Pine-Colour-Evolution-Chart-300x43.jpg 300w, https:\/\/eklandwood.com\/wp-content\/uploads\/2020\/11\/Pine-Colour-Evolution-Chart-768x110.jpg 768w, https:\/\/eklandwood.com\/wp-content\/uploads\/2020\/11\/Pine-Colour-Evolution-Chart-1536x220.jpg 1536w, https:\/\/eklandwood.com\/wp-content\/uploads\/2020\/11\/Pine-Colour-Evolution-Chart-1500x215.jpg 1500w, https:\/\/eklandwood.com\/wp-content\/uploads\/2020\/11\/Pine-Colour-Evolution-Chart-705x101.jpg 705w, https:\/\/eklandwood.com\/wp-content\/uploads\/2020\/11\/Pine-Colour-Evolution-Chart.jpg 1627w\" sizes=\"(max-width: 1030px) 100vw, 1030px\" \/><\/div><\/div><\/div><\/p><\/div><\/div><!--close column table wrapper. Autoclose: 1 -->\n<\/div><\/div><\/div><!-- close content main div --><\/div><\/div><div id='after_section_1'  class='main_color av_default_container_wrap container_wrap sidebar_right' style=' '  ><div class='container' ><div class='template-page content  av-content-small alpha units'><div class='post-entry post-entry-type-page post-entry-11465'><div class='entry-content-wrapper clearfix'>\n<div  style='height:10px' class='hr hr-invisible   avia-builder-el-13  el_after_av_section  el_before_av_section  avia-builder-el-no-sibling '><span class='hr-inner ' ><span class='hr-inner-style'><\/span><\/span><\/div>\n<\/div><\/div><\/div><!-- close content main div --><\/div><\/div><div id='av_section_2'  class='avia-section main_color avia-section-default avia-no-border-styling  avia-bg-style-scroll  avia-builder-el-14  el_after_av_hr  el_before_av_hr   container_wrap sidebar_right' style='background-color: #f6f2ef;  '  ><div class='container' ><div class='template-page content  av-content-small alpha units'><div class='post-entry post-entry-type-page post-entry-11465'><div class='entry-content-wrapper clearfix'>\n<div class='flex_column_table av-equal-height-column-flextable -flextable' style='margin-top:0px; margin-bottom:0px; '><div class=\"flex_column av_one_half  avia-full-stretch no_margin flex_column_table_cell av-equal-height-column av-align-middle av-zero-column-padding first  avia-builder-el-15  el_before_av_one_half  avia-builder-el-first  mobile-img \" style='background:url(https:\/\/eklandwood.com\/wp-content\/uploads\/2023\/06\/Paide-riigigumnaasium-4-1030x773.jpg) center center no-repeat  #fdf1e0; background-color:#fdf1e0; border-radius:0px; '><\/div><div class=\"flex_column av_one_half  no_margin flex_column_table_cell av-equal-height-column av-align-middle   avia-builder-el-16  el_after_av_one_half  avia-builder-el-last  mobile-padding \" style='padding:0px 100px 0px 100px ; border-radius:0px; '><p><div  style='height:10px' class='hr hr-invisible   avia-builder-el-17  el_before_av_hr  avia-builder-el-first '><span class='hr-inner ' ><span class='hr-inner-style'><\/span><\/span><\/div><br \/>\n<div  style='height:10px' class='hr hr-invisible   avia-builder-el-18  el_after_av_hr  el_before_av_hr '><span class='hr-inner ' ><span class='hr-inner-style'><\/span><\/span><\/div><br \/>\n<div  style='height:10px' class='hr hr-invisible   avia-builder-el-19  el_after_av_hr  el_before_av_textblock '><span class='hr-inner ' ><span class='hr-inner-style'><\/span><\/span><\/div><br \/>\n<section class=\"av_textblock_section \"  itemscope=\"itemscope\" itemtype=\"https:\/\/schema.org\/CreativeWork\" ><div class='avia_textblock  '   itemprop=\"text\" ><p>Naturalnie jasna barwa, widoczne s\u0119ki i najwy\u017cszy poziom odporno\u015bci (Klasa trwa\u0142o\u015bci 2, odporno\u015b\u0107 przez 20 lat i wi\u0119cej) w segmencie drewna drzew iglastych.<\/p>\n<p><strong>Pochodzenie:<\/strong> Skandynawia<\/p>\n<p><strong>Zastosowanie:<\/strong> Tarasy i elewacje<\/p>\n<p><strong>Wyko\u0144czenie powierzchni:<\/strong> heblowane, szczotkowane, pi\u0142owane.<\/p>\n<p><strong>Olejowanie:<\/strong> dost\u0119pne deski wst\u0119pnie olejowane.<\/p>\n<p><strong>Ewolucja koloru z up\u0142ywem czasu:<\/strong> S\u0142o\u0144ce i deszcz maj\u0105 wp\u0142yw na szybko\u015b\u0107, z jak\u0105 starzej\u0105 si\u0119 nasze produkty. Je\u017celi zostawimy sosn\u0119 bez \u017cadnych zabieg\u00f3w, jej barwa b\u0119dzie si\u0119 zmienia\u0107 w kierunku platynowoszarej.<\/p>\n<\/div><\/section><br \/>\n<div  style='height:10px' class='hr hr-invisible  av-desktop-hide av-medium-hide  avia-builder-el-21  el_after_av_textblock  el_before_av_hr '><span class='hr-inner ' ><span class='hr-inner-style'><\/span><\/span><\/div><br \/>\n<div  style='height:100px' class='hr hr-invisible  av-small-hide av-mini-hide  avia-builder-el-22  el_after_av_hr  avia-builder-el-last '><span class='hr-inner ' ><span class='hr-inner-style'><\/span><\/span><\/div><\/p><\/div><\/div><!--close column table wrapper. Autoclose: 1 --><\/div><\/div><\/div><!-- close content main div --><\/div><\/div><div id='after_section_2'  class='main_color av_default_container_wrap container_wrap sidebar_right' style=' '  ><div class='container' ><div class='template-page content  av-content-small alpha units'><div class='post-entry post-entry-type-page post-entry-11465'><div class='entry-content-wrapper clearfix'><div  style='height:10px' class='hr hr-invisible   avia-builder-el-23  el_after_av_section  avia-builder-el-no-sibling '><span class='hr-inner ' ><span class='hr-inner-style'><\/span><\/span><\/div><\/p>\n","protected":false},"excerpt":{"rendered":"","protected":false},"author":3,"featured_media":0,"parent":0,"menu_order":0,"comment_status":"closed","ping_status":"closed","template":"","meta":{"inline_featured_image":false,"footnotes":""},"class_list":["post-11465","page","type-page","status-publish","hentry"],"_links":{"self":[{"href":"https:\/\/eklandwood.com\/pl\/wp-json\/wp\/v2\/pages\/11465","targetHints":{"allow":["GET"]}}],"collection":[{"href":"https:\/\/eklandwood.com\/pl\/wp-json\/wp\/v2\/pages"}],"about":[{"href":"https:\/\/eklandwood.com\/pl\/wp-json\/wp\/v2\/types\/page"}],"author":[{"embeddable":true,"href":"https:\/\/eklandwood.com\/pl\/wp-json\/wp\/v2\/users\/3"}],"replies":[{"embeddable":true,"href":"https:\/\/eklandwood.com\/pl\/wp-json\/wp\/v2\/comments?post=11465"}],"version-history":[{"count":3,"href":"https:\/\/eklandwood.com\/pl\/wp-json\/wp\/v2\/pages\/11465\/revisions"}],"predecessor-version":[{"id":11470,"href":"https:\/\/eklandwood.com\/pl\/wp-json\/wp\/v2\/pages\/11465\/revisions\/11470"}],"wp:attachment":[{"href":"https:\/\/eklandwood.com\/pl\/wp-json\/wp\/v2\/media?parent=11465"}],"curies":[{"name":"wp","href":"https:\/\/api.w.org\/{rel}","templated":true}]}}