{"id":11459,"date":"2025-08-15T10:21:31","date_gmt":"2025-08-15T07:21:31","guid":{"rendered":"https:\/\/eklandwood.com\/sosna-kalifornijska\/"},"modified":"2025-12-16T09:07:25","modified_gmt":"2025-12-16T07:07:25","slug":"sosna-kalifornijska","status":"publish","type":"page","link":"https:\/\/eklandwood.com\/pl\/sosna-kalifornijska\/","title":{"rendered":"SOSNA KALIFORNIJSKA"},"content":{"rendered":"<div  style='height:10px' class='hr hr-invisible   avia-builder-el-0  el_before_av_section  avia-builder-el-no-sibling '><span class='hr-inner ' ><span class='hr-inner-style'><\/span><\/span><\/div>\n<\/div><\/div><\/div><!-- close content main div --><\/div><\/div><div id='av_section_1'  class='avia-section main_color avia-section-default avia-no-border-styling  avia-bg-style-scroll  avia-builder-el-1  el_after_av_hr  el_before_av_hr   container_wrap sidebar_right' style='background-color: #f6f2ef;  '  ><div class='container' ><div class='template-page content  av-content-small alpha units'><div class='post-entry post-entry-type-page post-entry-11459'><div class='entry-content-wrapper clearfix'>\n<div class='flex_column_table av-equal-height-column-flextable -flextable' style='margin-top:0px; margin-bottom:0px; '><div class=\"flex_column av_one_half  no_margin flex_column_table_cell av-equal-height-column av-align-middle first  avia-builder-el-2  el_before_av_one_half  avia-builder-el-first  mobile-padding \" style='padding:0px 100px 0px 100px ; border-radius:0px; '><p><div  style='height:100px' class='hr hr-invisible   avia-builder-el-3  el_before_av_textblock  avia-builder-el-first '><span class='hr-inner ' ><span class='hr-inner-style'><\/span><\/span><\/div><br \/>\n<section class=\"av_textblock_section \"  itemscope=\"itemscope\" itemtype=\"https:\/\/schema.org\/CreativeWork\" ><div class='avia_textblock  '   itemprop=\"text\" ><h2 style=\"text-align: center;\">SOSNA KALIFORNIJSKA (sosna radiata)<\/h2>\n<\/div><\/section><br \/>\n<div  style=' margin-top:10px; margin-bottom:10px;'  class='hr hr-custom hr-center hr-icon-no   avia-builder-el-5  el_after_av_textblock  el_before_av_textblock '><span class='hr-inner  inner-border-av-border-fat' style=' width:180px; border-color:#000000;' ><span class='hr-inner-style'><\/span><\/span><\/div><br \/>\n<section class=\"av_textblock_section \"  itemscope=\"itemscope\" itemtype=\"https:\/\/schema.org\/CreativeWork\" ><div class='avia_textblock  '   itemprop=\"text\" ><p style=\"text-align: center;\">Sosna kalifornijska, znana r\u00f3wnie\u017c jako Sosna Radiata, w\u015br\u00f3d innych rodzaj\u00f3w drewna drzew iglastych mo\u017ce pochwali\u0107 si\u0119 najmniejsz\u0105 liczb\u0105 s\u0119k\u00f3w, a ponadto jest odporna na pr\u00f3chnienie. (Klasa trwa\u0142o\u015bci 2, odporno\u015b\u0107 do 25 lat) Termicznie modyfikowana sosna kalifornijska jest ch\u0119tnie wykorzystywana w elewacjach ze wzgl\u0119du na brak s\u0119k\u00f3w i odporno\u015b\u0107 na pogod\u0119 w ka\u017cdym klimacie.<\/p>\n<p style=\"text-align: center;\">Modyfikacja termiczna zwi\u0119ksza wytrzyma\u0142o\u015b\u0107 biologiczn\u0105 sosny kalifornijskiej (Klasa 2), co jest szczeg\u00f3lnie wa\u017cne przy wykorzystaniu drewna na zewn\u0105trz. Obr\u00f3bka termiczna drewna obni\u017ca jego zdolno\u015b\u0107 poch\u0142aniania wilgoci, chroni\u0105c je przed pr\u00f3chnieniem, dzi\u0119ki czemu \u015bwietnie sprawdzi si\u0119 w zastosowaniach na powietrzu.<\/p>\n<p style=\"text-align: center;\">Nasza termososna bezs\u0119czna jest nie tylko wytrzyma\u0142a, ale te\u017c ekologiczna, poniewa\u017c modyfikacja termiczna jest wolna od chemikali\u00f3w, a wyprodukowane odpady s\u0105 nieszkodliwe dla \u015brodowiska. Modyfikacja termiczna nadaje so\u015bnie kalifornijskiej z\u0142otobr\u0105zowy ton.<\/p>\n<\/div><\/section><br \/>\n<div  style='height:10px' class='hr hr-invisible  av-desktop-hide av-medium-hide  avia-builder-el-7  el_after_av_textblock  el_before_av_hr '><span class='hr-inner ' ><span class='hr-inner-style'><\/span><\/span><\/div><br \/>\n<div  style='height:50px' class='hr hr-invisible   avia-builder-el-8  el_after_av_hr  avia-builder-el-last '><span class='hr-inner ' ><span class='hr-inner-style'><\/span><\/span><\/div><\/p><\/div><div class=\"flex_column av_one_half  no_margin flex_column_table_cell av-equal-height-column av-align-middle av-zero-column-padding   avia-builder-el-9  el_after_av_one_half  avia-builder-el-last  \" style='border-radius:0px; '><section class=\"av_textblock_section \"  itemscope=\"itemscope\" itemtype=\"https:\/\/schema.org\/CreativeWork\" ><div class='avia_textblock  '   itemprop=\"text\" ><h2 style=\"text-align: center;\">Ewolucja koloru sosny kalifornijskiej z up\u0142ywem czasu bez olejowania<\/h2>\n<\/div><\/section><br \/>\n<div  style=' margin-top:10px; margin-bottom:30px;'  class='hr hr-custom hr-center hr-icon-no   avia-builder-el-11  el_after_av_textblock  el_before_av_image '><span class='hr-inner  inner-border-av-border-fat' style=' width:180px; border-color:#000000;' ><span class='hr-inner-style'><\/span><\/span><\/div><br \/>\n<div  class='avia-image-container  av-styling-no-styling    avia-builder-el-12  el_after_av_hr  el_before_av_hr  avia-align-center '  itemprop=\"image\" itemscope=\"itemscope\" itemtype=\"https:\/\/schema.org\/ImageObject\"  ><div class='avia-image-container-inner'><div class='avia-image-overlay-wrap'><img decoding=\"async\" class='wp-image-11460 avia-img-lazy-loading-not-11460 avia_image' src=\"https:\/\/eklandwood.com\/wp-content\/uploads\/2020\/11\/Clear-Pine-Colour-Evolution-Photo-1030x147.jpg\" alt='Clear Pine Colour Evolution' title='Clear Pine Colour Evolution' height=\"147\" width=\"1030\"  itemprop=\"thumbnailUrl\" srcset=\"https:\/\/eklandwood.com\/wp-content\/uploads\/2020\/11\/Clear-Pine-Colour-Evolution-Photo-1030x147.jpg 1030w, https:\/\/eklandwood.com\/wp-content\/uploads\/2020\/11\/Clear-Pine-Colour-Evolution-Photo-300x43.jpg 300w, https:\/\/eklandwood.com\/wp-content\/uploads\/2020\/11\/Clear-Pine-Colour-Evolution-Photo-768x110.jpg 768w, https:\/\/eklandwood.com\/wp-content\/uploads\/2020\/11\/Clear-Pine-Colour-Evolution-Photo-1536x219.jpg 1536w, https:\/\/eklandwood.com\/wp-content\/uploads\/2020\/11\/Clear-Pine-Colour-Evolution-Photo-1500x214.jpg 1500w, https:\/\/eklandwood.com\/wp-content\/uploads\/2020\/11\/Clear-Pine-Colour-Evolution-Photo-705x101.jpg 705w, https:\/\/eklandwood.com\/wp-content\/uploads\/2020\/11\/Clear-Pine-Colour-Evolution-Photo.jpg 1626w\" sizes=\"(max-width: 1030px) 100vw, 1030px\" \/><\/div><\/div><\/div><br \/>\n<div  style='height:50px' class='hr hr-invisible   avia-builder-el-13  el_after_av_image  avia-builder-el-last '><span class='hr-inner ' ><span class='hr-inner-style'><\/span><\/span><\/div><\/p><\/div><\/div><!--close column table wrapper. Autoclose: 1 --><\/div><\/div><\/div><!-- close content main div --><\/div><\/div><div id='after_section_1'  class='main_color av_default_container_wrap container_wrap sidebar_right' style=' '  ><div class='container' ><div class='template-page content  av-content-small alpha units'><div class='post-entry post-entry-type-page post-entry-11459'><div class='entry-content-wrapper clearfix'><div  style='height:10px' class='hr hr-invisible   avia-builder-el-14  el_after_av_section  el_before_av_section  avia-builder-el-no-sibling '><span class='hr-inner ' ><span class='hr-inner-style'><\/span><\/span><\/div><\/p>\n<\/div><\/div><\/div><!-- close content main div --><\/div><\/div><div id='av_section_2'  class='avia-section main_color avia-section-default avia-no-border-styling  avia-bg-style-scroll  avia-builder-el-15  el_after_av_hr  el_before_av_hr   container_wrap sidebar_right' style='background-color: #f6f2ef;  '  ><div class='container' ><div class='template-page content  av-content-small alpha units'><div class='post-entry post-entry-type-page post-entry-11459'><div class='entry-content-wrapper clearfix'>\n<div class='flex_column_table av-equal-height-column-flextable -flextable' style='margin-top:0px; margin-bottom:0px; '><div class=\"flex_column av_one_half  avia-full-stretch no_margin flex_column_table_cell av-equal-height-column av-align-middle av-zero-column-padding first  avia-builder-el-16  el_before_av_one_half  avia-builder-el-first  mobile-img \" style='background:url(https:\/\/eklandwood.com\/wp-content\/uploads\/2023\/07\/3.-New-Zealand-background_credit.jpg) bottom right no-repeat  #fdf1e0; background-color:#fdf1e0; border-radius:0px; '><\/div><div class=\"flex_column av_one_half  no_margin flex_column_table_cell av-equal-height-column av-align-middle   avia-builder-el-17  el_after_av_one_half  avia-builder-el-last  mobile-padding \" style='padding:0px 100px 0px 100px ; border-radius:0px; '><p><div  style='height:10px' class='hr hr-invisible   avia-builder-el-18  el_before_av_hr  avia-builder-el-first '><span class='hr-inner ' ><span class='hr-inner-style'><\/span><\/span><\/div><br \/>\n<div  style='height:10px' class='hr hr-invisible   avia-builder-el-19  el_after_av_hr  el_before_av_hr '><span class='hr-inner ' ><span class='hr-inner-style'><\/span><\/span><\/div><br \/>\n<div  style='height:10px' class='hr hr-invisible   avia-builder-el-20  el_after_av_hr  el_before_av_textblock '><span class='hr-inner ' ><span class='hr-inner-style'><\/span><\/span><\/div><br \/>\n<section class=\"av_textblock_section \"  itemscope=\"itemscope\" itemtype=\"https:\/\/schema.org\/CreativeWork\" ><div class='avia_textblock  '   itemprop=\"text\" ><p>Przy zastosowaniu odpowiednich technik monta\u017cu termicznie modyfikowana sosna kalifornijska jest odporna na pr\u00f3chnic\u0119 do 25 lat. Aby zapewni\u0107 wi\u0119ksz\u0105 trwa\u0142o\u015b\u0107, zalecamy na\u0142o\u017cenie oleju z ze wszystkich czterech stron na deski elewacyjne wykonane z sosny kalifornijskiej.<\/p>\n<p><strong>Pochodzenie:<\/strong> Nowa Zelandia<\/p>\n<p><strong>Zastosowanie:<\/strong> Elewacje<\/p>\n<p><strong>Wyko\u0144czenie powierzchni:<\/strong> heblowane, szczotkowane<\/p>\n<p><strong>Olejowanie:<\/strong> dost\u0119pne deski wst\u0119pnie olejowane.<\/p>\n<p><strong>Ewolucja koloru z up\u0142ywem czasu:<\/strong> S\u0142o\u0144ce i deszcz maj\u0105 wp\u0142yw na szybko\u015b\u0107, z jak\u0105 starzej\u0105 si\u0119 nasze produkty. Je\u017celi zostawimy sosn\u0119 kalifornijsk\u0105 bez \u017cadnych zabieg\u00f3w, jej barwa b\u0119dzie si\u0119 zmienia\u0107 w kierunku platynowoszarej.<\/p>\n<\/div><\/section><br \/>\n<div  style='height:10px' class='hr hr-invisible  av-desktop-hide av-medium-hide  avia-builder-el-22  el_after_av_textblock  el_before_av_hr '><span class='hr-inner ' ><span class='hr-inner-style'><\/span><\/span><\/div><br \/>\n<div  style='height:100px' class='hr hr-invisible  av-small-hide av-mini-hide  avia-builder-el-23  el_after_av_hr  avia-builder-el-last '><span class='hr-inner ' ><span class='hr-inner-style'><\/span><\/span><\/div><\/p><\/div><\/div><!--close column table wrapper. Autoclose: 1 -->\n<\/div><\/div><\/div><!-- close content main div --><\/div><\/div><div id='after_section_2'  class='main_color av_default_container_wrap container_wrap sidebar_right' style=' '  ><div class='container' ><div class='template-page content  av-content-small alpha units'><div class='post-entry post-entry-type-page post-entry-11459'><div class='entry-content-wrapper clearfix'>\n<div  style='height:10px' class='hr hr-invisible   avia-builder-el-24  el_after_av_section  avia-builder-el-no-sibling '><span class='hr-inner ' ><span class='hr-inner-style'><\/span><\/span><\/div>\n","protected":false},"excerpt":{"rendered":"","protected":false},"author":3,"featured_media":0,"parent":0,"menu_order":0,"comment_status":"closed","ping_status":"closed","template":"","meta":{"inline_featured_image":false,"footnotes":""},"class_list":["post-11459","page","type-page","status-publish","hentry"],"_links":{"self":[{"href":"https:\/\/eklandwood.com\/pl\/wp-json\/wp\/v2\/pages\/11459","targetHints":{"allow":["GET"]}}],"collection":[{"href":"https:\/\/eklandwood.com\/pl\/wp-json\/wp\/v2\/pages"}],"about":[{"href":"https:\/\/eklandwood.com\/pl\/wp-json\/wp\/v2\/types\/page"}],"author":[{"embeddable":true,"href":"https:\/\/eklandwood.com\/pl\/wp-json\/wp\/v2\/users\/3"}],"replies":[{"embeddable":true,"href":"https:\/\/eklandwood.com\/pl\/wp-json\/wp\/v2\/comments?post=11459"}],"version-history":[{"count":10,"href":"https:\/\/eklandwood.com\/pl\/wp-json\/wp\/v2\/pages\/11459\/revisions"}],"predecessor-version":[{"id":12540,"href":"https:\/\/eklandwood.com\/pl\/wp-json\/wp\/v2\/pages\/11459\/revisions\/12540"}],"wp:attachment":[{"href":"https:\/\/eklandwood.com\/pl\/wp-json\/wp\/v2\/media?parent=11459"}],"curies":[{"name":"wp","href":"https:\/\/api.w.org\/{rel}","templated":true}]}}