{"id":11446,"date":"2025-08-15T09:48:20","date_gmt":"2025-08-15T06:48:20","guid":{"rendered":"https:\/\/eklandwood.com\/o-nas\/"},"modified":"2025-08-15T09:48:21","modified_gmt":"2025-08-15T06:48:21","slug":"o-nas","status":"publish","type":"page","link":"https:\/\/eklandwood.com\/pl\/o-nas\/","title":{"rendered":"O nas"},"content":{"rendered":"<div  style='height:10px' class='hr hr-invisible   avia-builder-el-0  el_before_av_section  avia-builder-el-no-sibling '><span class='hr-inner ' ><span class='hr-inner-style'><\/span><\/span><\/div>\n<\/div><\/div><\/div><!-- close content main div --><\/div><\/div><div id='av_section_1'  class='avia-section main_color avia-section-default avia-no-border-styling  avia-bg-style-scroll  avia-builder-el-1  el_after_av_hr  el_before_av_hr   container_wrap sidebar_right' style='background-color: #f6f2ef;  '  ><div class='container' ><div class='template-page content  av-content-small alpha units'><div class='post-entry post-entry-type-page post-entry-11446'><div class='entry-content-wrapper clearfix'>\n<div class='flex_column_table av-equal-height-column-flextable -flextable' style='margin-top:0px; margin-bottom:0px; '><div class=\"flex_column av_one_half  no_margin flex_column_table_cell av-equal-height-column av-align-middle first  avia-builder-el-2  el_before_av_one_half  avia-builder-el-first  mobile-padding \" style='padding:0px 100px 0px 100px ; border-radius:0px; '><p><div  style='height:100px' class='hr hr-invisible  av-small-hide av-mini-hide  avia-builder-el-3  el_before_av_hr  avia-builder-el-first '><span class='hr-inner ' ><span class='hr-inner-style'><\/span><\/span><\/div><br \/>\n<div  style='height:20px' class='hr hr-invisible  av-desktop-hide av-medium-hide  avia-builder-el-4  el_after_av_hr  el_before_av_textblock '><span class='hr-inner ' ><span class='hr-inner-style'><\/span><\/span><\/div><br \/>\n<section class=\"av_textblock_section \"  itemscope=\"itemscope\" itemtype=\"https:\/\/schema.org\/CreativeWork\" ><div class='avia_textblock  '   itemprop=\"text\" ><h2 style=\"text-align: center;\">Wst\u0119p<\/h2>\n<\/div><\/section><br \/>\n<div  style=' margin-top:10px; margin-bottom:10px;'  class='hr hr-custom hr-center hr-icon-no   avia-builder-el-6  el_after_av_textblock  el_before_av_textblock '><span class='hr-inner  inner-border-av-border-fat' style=' width:180px; border-color:#000000;' ><span class='hr-inner-style'><\/span><\/span><\/div><br \/>\n<section class=\"av_textblock_section \"  itemscope=\"itemscope\" itemtype=\"https:\/\/schema.org\/CreativeWork\" ><div class='avia_textblock  '   itemprop=\"text\" ><p style=\"text-align: center;\">Ekland Wood to rodzinna firma specjalizuj\u0105ca si\u0119 w rozwi\u0105zaniach z termicznie modyfikowanego drewna zar\u00f3wno w budynkach mieszkalnych, jak i komercyjnych, w Skandynawii, Wielkiej Brytanii i w Polsce.<\/p>\n<p style=\"text-align: center;\">Drewno modyfikowane termicznie powstaje w wolnym od chemikali\u00f3w procesie dzia\u0142ania pary wodnej, dzi\u0119ki czemu jest bardziej wytrzyma\u0142e i zachowuje swoje pierwotne wymiary. W wyniku tego procesu drewno r\u00f3wnie\u017c zmienia sw\u00f3j kolor na g\u0142\u0119boki br\u0105z w zale\u017cno\u015bci od wysoko\u015bci temperatury obr\u00f3bki.<\/p>\n<p style=\"text-align: center;\">Nasza termicznie modyfikowana sosna otrzyma\u0142a oznakowanie Nordic Swan Ecolabel. Oznacza to, \u017ce drewno jest pozyskiwane z las\u00f3w obj\u0119tych zr\u00f3wnowa\u017conym le\u015bnictwem, jest wolne od \u015brodk\u00f3w chemicznych i niezwykle wytrzyma\u0142e podczas u\u017cytkowania na powietrzu. Nasze drewno jesionowe jest pozyskiwane w Europie w oparciu o kryteria jak najwy\u017cszej jako\u015bci i jak najni\u017cszego wp\u0142ywu na \u015brodowisko.<\/p>\n<p style=\"text-align: center;\">Wsp\u00f3\u0142pracujemy z architektami i projektantami wn\u0119trz w ca\u0142ej Skandynawii i w Polsce, gdzie pozyskane w odpowiedzialny spos\u00f3b termodrewno cieszy si\u0119 rosn\u0105c\u0105 popularno\u015bci\u0105 zar\u00f3wno w domach, jak i budynkach u\u017cyteczno\u015bci publicznej.<\/p>\n<\/div><\/section><br \/>\n<div  style='height:10px' class='hr hr-invisible  av-desktop-hide av-medium-hide  avia-builder-el-8  el_after_av_textblock  el_before_av_hr '><span class='hr-inner ' ><span class='hr-inner-style'><\/span><\/span><\/div><br \/>\n<div  style='height:100px' class='hr hr-invisible  av-small-hide av-mini-hide  avia-builder-el-9  el_after_av_hr  avia-builder-el-last '><span class='hr-inner ' ><span class='hr-inner-style'><\/span><\/span><\/div><\/p><\/div><div class=\"flex_column av_one_half  avia-full-stretch no_margin flex_column_table_cell av-equal-height-column av-align-middle av-zero-column-padding   avia-builder-el-10  el_after_av_one_half  avia-builder-el-last  mobile-img \" style='background:url(https:\/\/eklandwood.com\/wp-content\/uploads\/2023\/01\/Kiikri6-2-1030x687.jpg) center center no-repeat  #fdf1e0; background-color:#fdf1e0; border-radius:0px; '><\/div><\/div><!--close column table wrapper. Autoclose: 1 --><\/div><\/div><\/div><!-- close content main div --><\/div><\/div><div id='after_section_1'  class='main_color av_default_container_wrap container_wrap sidebar_right' style=' '  ><div class='container' ><div class='template-page content  av-content-small alpha units'><div class='post-entry post-entry-type-page post-entry-11446'><div class='entry-content-wrapper clearfix'><div  style='height:10px' class='hr hr-invisible   avia-builder-el-11  el_after_av_section  avia-builder-el-no-sibling '><span class='hr-inner ' ><span class='hr-inner-style'><\/span><\/span><\/div><\/p>\n","protected":false},"excerpt":{"rendered":"","protected":false},"author":3,"featured_media":0,"parent":0,"menu_order":0,"comment_status":"closed","ping_status":"closed","template":"","meta":{"inline_featured_image":false,"footnotes":""},"class_list":["post-11446","page","type-page","status-publish","hentry"],"_links":{"self":[{"href":"https:\/\/eklandwood.com\/pl\/wp-json\/wp\/v2\/pages\/11446","targetHints":{"allow":["GET"]}}],"collection":[{"href":"https:\/\/eklandwood.com\/pl\/wp-json\/wp\/v2\/pages"}],"about":[{"href":"https:\/\/eklandwood.com\/pl\/wp-json\/wp\/v2\/types\/page"}],"author":[{"embeddable":true,"href":"https:\/\/eklandwood.com\/pl\/wp-json\/wp\/v2\/users\/3"}],"replies":[{"embeddable":true,"href":"https:\/\/eklandwood.com\/pl\/wp-json\/wp\/v2\/comments?post=11446"}],"version-history":[{"count":2,"href":"https:\/\/eklandwood.com\/pl\/wp-json\/wp\/v2\/pages\/11446\/revisions"}],"predecessor-version":[{"id":11449,"href":"https:\/\/eklandwood.com\/pl\/wp-json\/wp\/v2\/pages\/11446\/revisions\/11449"}],"wp:attachment":[{"href":"https:\/\/eklandwood.com\/pl\/wp-json\/wp\/v2\/media?parent=11446"}],"curies":[{"name":"wp","href":"https:\/\/api.w.org\/{rel}","templated":true}]}}