{"id":11426,"date":"2025-08-15T09:32:52","date_gmt":"2025-08-15T06:32:52","guid":{"rendered":"https:\/\/eklandwood.com\/pozyskiwanie\/"},"modified":"2025-08-15T09:32:52","modified_gmt":"2025-08-15T06:32:52","slug":"pozyskiwanie","status":"publish","type":"page","link":"https:\/\/eklandwood.com\/pl\/pozyskiwanie\/","title":{"rendered":"Pozyskiwanie"},"content":{"rendered":"<div  style='height:10px' class='hr hr-invisible   avia-builder-el-0  el_before_av_section  avia-builder-el-no-sibling '><span class='hr-inner ' ><span class='hr-inner-style'><\/span><\/span><\/div>\n<\/div><\/div><\/div><!-- close content main div --><\/div><\/div><div id='av_section_1'  class='avia-section main_color avia-section-default avia-no-border-styling  avia-bg-style-scroll  avia-builder-el-1  el_after_av_hr  el_before_av_hr   container_wrap sidebar_right' style='background-color: #f6f2ef;  '  ><div class='container' ><div class='template-page content  av-content-small alpha units'><div class='post-entry post-entry-type-page post-entry-11426'><div class='entry-content-wrapper clearfix'>\n<div class='flex_column_table av-equal-height-column-flextable -flextable' style='margin-top:0px; margin-bottom:0px; '><div class=\"flex_column av_one_half  no_margin flex_column_table_cell av-equal-height-column av-align-middle first  avia-builder-el-2  el_before_av_one_half  avia-builder-el-first  mobile-padding \" style='padding:0px 100px 0px 100px ; border-radius:0px; '><p><div  style='height:100px' class='hr hr-invisible  av-small-hide av-mini-hide  avia-builder-el-3  el_before_av_hr  avia-builder-el-first '><span class='hr-inner ' ><span class='hr-inner-style'><\/span><\/span><\/div><br \/>\n<div  style='height:20px' class='hr hr-invisible  av-desktop-hide av-medium-hide  avia-builder-el-4  el_after_av_hr  el_before_av_textblock '><span class='hr-inner ' ><span class='hr-inner-style'><\/span><\/span><\/div><br \/>\n<section class=\"av_textblock_section \"  itemscope=\"itemscope\" itemtype=\"https:\/\/schema.org\/CreativeWork\" ><div class='avia_textblock  '   itemprop=\"text\" ><h2 style=\"text-align: center;\">Pozyskiwanie<\/h2>\n<\/div><\/section><br \/>\n<div  style=' margin-top:10px; margin-bottom:10px;'  class='hr hr-custom hr-center hr-icon-no   avia-builder-el-6  el_after_av_textblock  el_before_av_textblock '><span class='hr-inner  inner-border-av-border-fat' style=' width:180px; border-color:#000000;' ><span class='hr-inner-style'><\/span><\/span><\/div><br \/>\n<section class=\"av_textblock_section \"  itemscope=\"itemscope\" itemtype=\"https:\/\/schema.org\/CreativeWork\" ><div class='avia_textblock  '   itemprop=\"text\" ><p style=\"text-align: center;\">Wszystkie nasze produkty s\u0105 pozyskiwane i wyselekcjonowane z dba\u0142o\u015bci\u0105 o zachowanie las\u00f3w.<\/p>\n<p style=\"text-align: center;\">Nasza termososna zosta\u0142a odznaczona certyfikatem Nordic Swan Ecolabel, co oznacza \u017ce drewno jest pozyskiwane z las\u00f3w obj\u0119tych zr\u00f3wnowa\u017conym le\u015bnictwem, jest wolne od \u015brodk\u00f3w chemicznych i niezwykle wytrzyma\u0142e podczas u\u017cytkowania na zewn\u0105trz.<\/p>\n<p style=\"text-align: center;\">Nasz jesion pozyskiwany jest z Ameryki P\u00f3\u0142nocnej i Europy w oparciu o kryteria najwy\u017cszej jako\u015bci i mo\u017cliwie najni\u017cszego wp\u0142ywu na \u015brodowisko.<br \/>\nW procesie produkcyjnym nigdy nie korzystany z drewna z las\u00f3w tropikalnych lub deszczowych.<\/p>\n<p style=\"text-align: center;\">Ekland Wood troszczy si\u0119 o przysz\u0142o\u015b\u0107 naszej planety. Wnosimy sw\u00f3j wk\u0142ad w zr\u00f3wnowa\u017cone le\u015bnictwo i staramy si\u0119, aby jako producent nasza firma mia\u0142a jak najmniejszy wp\u0142yw na \u015brodowisko naturalne.<\/p>\n<p style=\"text-align: center;\">Nie dodajemy chemikali\u00f3w ani tworzyw sztuczny. Tylko prawdziwe 100-procentowe drewno!<\/p>\n<\/div><\/section><br \/>\n<div  style='height:10px' class='hr hr-invisible  av-desktop-hide av-medium-hide  avia-builder-el-8  el_after_av_textblock  el_before_av_hr '><span class='hr-inner ' ><span class='hr-inner-style'><\/span><\/span><\/div><br \/>\n<div  style='height:100px' class='hr hr-invisible  av-small-hide av-mini-hide  avia-builder-el-9  el_after_av_hr  avia-builder-el-last '><span class='hr-inner ' ><span class='hr-inner-style'><\/span><\/span><\/div><\/p><\/div><div class=\"flex_column av_one_half  avia-full-stretch no_margin flex_column_table_cell av-equal-height-column av-align-middle av-zero-column-padding   avia-builder-el-10  el_after_av_one_half  avia-builder-el-last  mobile-img \" style='background:url(https:\/\/eklandwood.com\/wp-content\/uploads\/2023\/06\/spruce-forest-min-1030x687.jpg) center center no-repeat  #fdf1e0; background-color:#fdf1e0; border-radius:0px; '><\/div><\/div><!--close column table wrapper. Autoclose: 1 --><\/div><\/div><\/div><!-- close content main div --><\/div><\/div><div id='after_section_1'  class='main_color av_default_container_wrap container_wrap sidebar_right' style=' '  ><div class='container' ><div class='template-page content  av-content-small alpha units'><div class='post-entry post-entry-type-page post-entry-11426'><div class='entry-content-wrapper clearfix'><div  style='height:10px' class='hr hr-invisible   avia-builder-el-11  el_after_av_section  avia-builder-el-no-sibling '><span class='hr-inner ' ><span class='hr-inner-style'><\/span><\/span><\/div><\/p>\n","protected":false},"excerpt":{"rendered":"","protected":false},"author":3,"featured_media":0,"parent":0,"menu_order":0,"comment_status":"closed","ping_status":"closed","template":"","meta":{"inline_featured_image":false,"footnotes":""},"class_list":["post-11426","page","type-page","status-publish","hentry"],"_links":{"self":[{"href":"https:\/\/eklandwood.com\/pl\/wp-json\/wp\/v2\/pages\/11426","targetHints":{"allow":["GET"]}}],"collection":[{"href":"https:\/\/eklandwood.com\/pl\/wp-json\/wp\/v2\/pages"}],"about":[{"href":"https:\/\/eklandwood.com\/pl\/wp-json\/wp\/v2\/types\/page"}],"author":[{"embeddable":true,"href":"https:\/\/eklandwood.com\/pl\/wp-json\/wp\/v2\/users\/3"}],"replies":[{"embeddable":true,"href":"https:\/\/eklandwood.com\/pl\/wp-json\/wp\/v2\/comments?post=11426"}],"version-history":[{"count":2,"href":"https:\/\/eklandwood.com\/pl\/wp-json\/wp\/v2\/pages\/11426\/revisions"}],"predecessor-version":[{"id":11429,"href":"https:\/\/eklandwood.com\/pl\/wp-json\/wp\/v2\/pages\/11426\/revisions\/11429"}],"wp:attachment":[{"href":"https:\/\/eklandwood.com\/pl\/wp-json\/wp\/v2\/media?parent=11426"}],"curies":[{"name":"wp","href":"https:\/\/api.w.org\/{rel}","templated":true}]}}