{"id":9895,"date":"2023-09-25T09:03:01","date_gmt":"2023-09-25T06:03:01","guid":{"rendered":"https:\/\/eklandwood.com\/palonestava-kasittely-puuverhouksiin\/"},"modified":"2023-09-25T09:03:02","modified_gmt":"2023-09-25T06:03:02","slug":"palonestava-kasittely-puuverhouksiin","status":"publish","type":"page","link":"https:\/\/eklandwood.com\/fi\/palonestava-kasittely-puuverhouksiin\/","title":{"rendered":"PALONEST\u00c4V\u00c4 K\u00c4SITTELY PUUVERHOUKSIIN"},"content":{"rendered":"<div  style='height:10px' class='hr hr-invisible   avia-builder-el-0  el_before_av_section  avia-builder-el-no-sibling '><span class='hr-inner ' ><span class='hr-inner-style'><\/span><\/span><\/div>\n<\/div><\/div><\/div><!-- close content main div --><\/div><\/div><div id='av_section_1'  class='avia-section main_color avia-section-default avia-no-border-styling  avia-bg-style-scroll  avia-builder-el-1  el_after_av_hr  el_before_av_hr   container_wrap sidebar_right' style='background-color: #f6f2ef;  '  ><div class='container' ><div class='template-page content  av-content-small alpha units'><div class='post-entry post-entry-type-page post-entry-9895'><div class='entry-content-wrapper clearfix'>\n<div class='flex_column_table av-equal-height-column-flextable -flextable' style='margin-top:0px; margin-bottom:0px; '><div class=\"flex_column av_one_half  no_margin flex_column_table_cell av-equal-height-column av-align-middle first  avia-builder-el-2  el_before_av_one_half  avia-builder-el-first  mobile-padding \" style='padding:0px 100px 0px 100px ; border-radius:0px; '><p><div  style='height:100px' class='hr hr-invisible   avia-builder-el-3  el_before_av_textblock  avia-builder-el-first '><span class='hr-inner ' ><span class='hr-inner-style'><\/span><\/span><\/div><br \/>\n<section class=\"av_textblock_section \"  itemscope=\"itemscope\" itemtype=\"https:\/\/schema.org\/CreativeWork\" ><div class='avia_textblock  '   itemprop=\"text\" ><h2 style=\"text-align: center;\">PALONEST\u00c4V\u00c4 K\u00c4SITTELY PUUVERHOUKSIIN<\/h2>\n<\/div><\/section><br \/>\n<div  style=' margin-top:10px; margin-bottom:10px;'  class='hr hr-custom hr-center hr-icon-no   avia-builder-el-5  el_after_av_textblock  el_before_av_textblock '><span class='hr-inner  inner-border-av-border-fat' style=' width:180px; border-color:#000000;' ><span class='hr-inner-style'><\/span><\/span><\/div><br \/>\n<section class=\"av_textblock_section \"  itemscope=\"itemscope\" itemtype=\"https:\/\/schema.org\/CreativeWork\" ><div class='avia_textblock  '   itemprop=\"text\" ><p style=\"text-align: center;\">Ekland Wood tarjoaa l\u00e4mp\u00f6k\u00e4siteltyj\u00e4 kuusi- ja m\u00e4ntyverhouksia BURNBLOCK-palonestoaineella, jolla on paloluokka B, Bs1, d0 (s2), korkein Euroluokka palavien materiaalien osalta.\u00a0BURNBLOCK on my\u00f6s luokiteltu terveydelle tai ymp\u00e4rist\u00f6lle vaarattomaksi.<\/p>\n<p style=\"text-align: center;\">Palosuojaus luodaan kiinte\u00e4\u00e4n syvyyteen jokaisen paneelin kaikilla kuudella sivulla valvotussa tyhji\u00f6kammiossa korkean l\u00e4mp\u00f6tilan kovetusprosessilla.\u00a0Sertifiointi on EN13501-1 puun tulenkest\u00e4v\u00e4\u00e4n ulkoymp\u00e4rist\u00f6\u00f6n ilman suojaavaa maalikerrosta.<\/p>\n<p style=\"text-align: center;\">BURNBLOCKin k\u00e4ytt\u00f6 ei muuta puun rakennetta ja k\u00e4ytt\u00f6i\u00e4n arvioidaan olevan 30 vuotta tai pidempi.\u00a0Kyll\u00e4stetty l\u00e4mp\u00f6puu muuttuu hopeanharmaaksi normaalisti, ellei sit\u00e4 k\u00e4sitell\u00e4 UV-valolta suojaamiseksi.<\/p>\n<p style=\"text-align: center;\"><strong>BURNBLOCK palonestoaine<\/strong> on testattu onnistuneesti useissa akkreditoiduissa testauslaitoksissa: DBI ja DTU Tanskassa, RISE Ruotsissa, MPA Saksassa ja BRE Englannissa.<\/p>\n<p style=\"text-align: center;\">100 % luonnollinen, myrkyt\u00f6n ja PH-neutraali.<\/p>\n<\/div><\/section><br \/>\n<div  style='height:10px' class='hr hr-invisible  av-desktop-hide av-medium-hide  avia-builder-el-7  el_after_av_textblock  el_before_av_hr '><span class='hr-inner ' ><span class='hr-inner-style'><\/span><\/span><\/div><br \/>\n<div  style='height:100px' class='hr hr-invisible  av-small-hide av-mini-hide  avia-builder-el-8  el_after_av_hr  avia-builder-el-last '><span class='hr-inner ' ><span class='hr-inner-style'><\/span><\/span><\/div><\/p><\/div><div class=\"flex_column av_one_half  avia-full-stretch no_margin flex_column_table_cell av-equal-height-column av-align-middle av-zero-column-padding   avia-builder-el-9  el_after_av_one_half  avia-builder-el-last  mobile-img \" style='background:url(https:\/\/eklandwood.com\/wp-content\/uploads\/2023\/09\/BurnBlock-production-1030x514.jpg) center center no-repeat  #fdf1e0; background-color:#fdf1e0; border-radius:0px; '><\/div><\/div><!--close column table wrapper. Autoclose: 1 -->\n<\/div><\/div><\/div><!-- close content main div --><\/div><\/div><div id='after_section_1'  class='main_color av_default_container_wrap container_wrap sidebar_right' style=' '  ><div class='container' ><div class='template-page content  av-content-small alpha units'><div class='post-entry post-entry-type-page post-entry-9895'><div class='entry-content-wrapper clearfix'>\n<div  style='height:10px' class='hr hr-invisible   avia-builder-el-10  el_after_av_section  el_before_av_section  avia-builder-el-no-sibling '><span class='hr-inner ' ><span class='hr-inner-style'><\/span><\/span><\/div>\n<\/div><\/div><\/div><!-- close content main div --><\/div><\/div><div id='av_section_2'  class='avia-section main_color avia-section-default avia-no-border-styling  avia-bg-style-scroll  avia-builder-el-11  el_after_av_hr  el_before_av_hr   container_wrap sidebar_right' style='background-color: #f6f2ef;  '  ><div class='container' ><div class='template-page content  av-content-small alpha units'><div class='post-entry post-entry-type-page post-entry-9895'><div class='entry-content-wrapper clearfix'>\n<div  class='av-horizontal-gallery av-horizontal-gallery-large-gap av-horizontal-gallery--effect av-horizontal-gallery-1  avia-builder-el-12  avia-builder-el-no-sibling  pacs-slider av-control-default '  itemprop=\"image\" itemscope=\"itemscope\" itemtype=\"https:\/\/schema.org\/ImageObject\"   ><div class='avia-slideshow-arrows avia-slideshow-controls'><a href='#prev' class='prev-slide av-horizontal-gallery-prev' aria-hidden='true' data-av_icon='\ue87c' data-av_iconfont='entypo-fontello'>Previous<\/a><a href='#next' class='next-slide av-horizontal-gallery-next' aria-hidden='true' data-av_icon='\ue87d' data-av_iconfont='entypo-fontello'>Next <\/a><\/div><div class='av-horizontal-gallery-inner' style='padding-bottom:20%' data-av-height='20'><div class='av-horizontal-gallery-slider'><div class='av-horizontal-gallery-wrap noHover'><img decoding=\"async\" class='wp-image-9874 avia-img-lazy-loading-not-9874 av-horizontal-gallery-img' width=\"543\" height=\"347\" src=\"https:\/\/eklandwood.com\/wp-content\/uploads\/2023\/09\/EGO-Oslo-Norway-Burnblock-1.jpg\" title='EGO - Oslo, Norway' alt='EGO - Oslo, Norway' srcset=\"https:\/\/eklandwood.com\/wp-content\/uploads\/2023\/09\/EGO-Oslo-Norway-Burnblock-1.jpg 543w, https:\/\/eklandwood.com\/wp-content\/uploads\/2023\/09\/EGO-Oslo-Norway-Burnblock-1-300x192.jpg 300w\" sizes=\"(max-width: 543px) 100vw, 543px\" \/><a href='https:\/\/eklandwood.com\/wp-content\/uploads\/2023\/09\/EGO-Oslo-Norway-Burnblock-1.jpg' class='av-horizontal-gallery-link' aria-hidden='true' data-av_icon='\ue869' data-av_iconfont='entypo-fontello' title='' alt='EGO - Oslo, Norway'><\/a><\/div><div class='av-horizontal-gallery-wrap noHover'><img decoding=\"async\" class='wp-image-9866 avia-img-lazy-loading-not-9866 av-horizontal-gallery-img' width=\"858\" height=\"445\" src=\"https:\/\/eklandwood.com\/wp-content\/uploads\/2023\/09\/BurnBlock-Hjertet-Ikast-Denmark-1.jpg\" title='Hjertet - Ikast, Denmark' alt='Hjertet - Ikast, Denmark' srcset=\"https:\/\/eklandwood.com\/wp-content\/uploads\/2023\/09\/BurnBlock-Hjertet-Ikast-Denmark-1.jpg 858w, https:\/\/eklandwood.com\/wp-content\/uploads\/2023\/09\/BurnBlock-Hjertet-Ikast-Denmark-1-300x156.jpg 300w, https:\/\/eklandwood.com\/wp-content\/uploads\/2023\/09\/BurnBlock-Hjertet-Ikast-Denmark-1-768x398.jpg 768w, https:\/\/eklandwood.com\/wp-content\/uploads\/2023\/09\/BurnBlock-Hjertet-Ikast-Denmark-1-705x366.jpg 705w\" sizes=\"(max-width: 858px) 100vw, 858px\" \/><a href='https:\/\/eklandwood.com\/wp-content\/uploads\/2023\/09\/BurnBlock-Hjertet-Ikast-Denmark-1.jpg' class='av-horizontal-gallery-link' aria-hidden='true' data-av_icon='\ue869' data-av_iconfont='entypo-fontello' title='' alt='Hjertet - Ikast, Denmark'><\/a><\/div><div class='av-horizontal-gallery-wrap noHover'><img decoding=\"async\" class='wp-image-9870 avia-img-lazy-loading-not-9870 av-horizontal-gallery-img' width=\"547\" height=\"673\" src=\"https:\/\/eklandwood.com\/wp-content\/uploads\/2023\/09\/BurnBlock-production-2.jpg\" title='BURNBLOCK production' alt='BURNBLOCK production' srcset=\"https:\/\/eklandwood.com\/wp-content\/uploads\/2023\/09\/BurnBlock-production-2.jpg 547w, https:\/\/eklandwood.com\/wp-content\/uploads\/2023\/09\/BurnBlock-production-2-244x300.jpg 244w\" sizes=\"(max-width: 547px) 100vw, 547px\" \/><a href='https:\/\/eklandwood.com\/wp-content\/uploads\/2023\/09\/BurnBlock-production-2.jpg' class='av-horizontal-gallery-link' aria-hidden='true' data-av_icon='\ue869' data-av_iconfont='entypo-fontello' title='' alt='BURNBLOCK production'><\/a><\/div><div class='av-horizontal-gallery-wrap noHover'><img decoding=\"async\" class='wp-image-9878 avia-img-lazy-loading-not-9878 av-horizontal-gallery-img' width=\"442\" height=\"444\" src=\"https:\/\/eklandwood.com\/wp-content\/uploads\/2023\/09\/Burnblock-fire-retardant.jpg\" title='BURNBLOCK fire retardant' alt='BURNBLOCK fire retardant' srcset=\"https:\/\/eklandwood.com\/wp-content\/uploads\/2023\/09\/Burnblock-fire-retardant.jpg 442w, https:\/\/eklandwood.com\/wp-content\/uploads\/2023\/09\/Burnblock-fire-retardant-300x300.jpg 300w, https:\/\/eklandwood.com\/wp-content\/uploads\/2023\/09\/Burnblock-fire-retardant-80x80.jpg 80w, https:\/\/eklandwood.com\/wp-content\/uploads\/2023\/09\/Burnblock-fire-retardant-36x36.jpg 36w, https:\/\/eklandwood.com\/wp-content\/uploads\/2023\/09\/Burnblock-fire-retardant-180x180.jpg 180w\" sizes=\"(max-width: 442px) 100vw, 442px\" \/><a href='https:\/\/eklandwood.com\/wp-content\/uploads\/2023\/09\/Burnblock-fire-retardant.jpg' class='av-horizontal-gallery-link' aria-hidden='true' data-av_icon='\ue869' data-av_iconfont='entypo-fontello' title='' alt='BURNBLOCK fire retardant'><\/a><\/div><div class='av-horizontal-gallery-wrap noHover'><img decoding=\"async\" class='wp-image-9882 avia-img-lazy-loading-not-9882 av-horizontal-gallery-img' width=\"546\" height=\"345\" src=\"https:\/\/eklandwood.com\/wp-content\/uploads\/2023\/09\/Larch-Burnblock.jpg\" title='Larch BURNBLOCK' alt='Larch BURNBLOCK' srcset=\"https:\/\/eklandwood.com\/wp-content\/uploads\/2023\/09\/Larch-Burnblock.jpg 546w, https:\/\/eklandwood.com\/wp-content\/uploads\/2023\/09\/Larch-Burnblock-300x190.jpg 300w\" sizes=\"(max-width: 546px) 100vw, 546px\" \/><a href='https:\/\/eklandwood.com\/wp-content\/uploads\/2023\/09\/Larch-Burnblock.jpg' class='av-horizontal-gallery-link' aria-hidden='true' data-av_icon='\ue869' data-av_iconfont='entypo-fontello' title='' alt='Larch BURNBLOCK'><\/a><\/div><\/div><\/div><\/div>\n<\/div><\/div><\/div><!-- close content main div --><\/div><\/div><div id='after_section_2'  class='main_color av_default_container_wrap container_wrap sidebar_right' style=' '  ><div class='container' ><div class='template-page content  av-content-small alpha units'><div class='post-entry post-entry-type-page post-entry-9895'><div class='entry-content-wrapper clearfix'>\n<div  style='height:10px' class='hr hr-invisible  av-small-hide av-mini-hide  avia-builder-el-13  el_after_av_section  avia-builder-el-no-sibling '><span class='hr-inner ' ><span class='hr-inner-style'><\/span><\/span><\/div>\n","protected":false},"excerpt":{"rendered":"","protected":false},"author":4,"featured_media":0,"parent":0,"menu_order":0,"comment_status":"closed","ping_status":"closed","template":"","meta":{"inline_featured_image":false,"footnotes":""},"class_list":["post-9895","page","type-page","status-publish","hentry"],"_links":{"self":[{"href":"https:\/\/eklandwood.com\/fi\/wp-json\/wp\/v2\/pages\/9895","targetHints":{"allow":["GET"]}}],"collection":[{"href":"https:\/\/eklandwood.com\/fi\/wp-json\/wp\/v2\/pages"}],"about":[{"href":"https:\/\/eklandwood.com\/fi\/wp-json\/wp\/v2\/types\/page"}],"author":[{"embeddable":true,"href":"https:\/\/eklandwood.com\/fi\/wp-json\/wp\/v2\/users\/4"}],"replies":[{"embeddable":true,"href":"https:\/\/eklandwood.com\/fi\/wp-json\/wp\/v2\/comments?post=9895"}],"version-history":[{"count":2,"href":"https:\/\/eklandwood.com\/fi\/wp-json\/wp\/v2\/pages\/9895\/revisions"}],"predecessor-version":[{"id":9897,"href":"https:\/\/eklandwood.com\/fi\/wp-json\/wp\/v2\/pages\/9895\/revisions\/9897"}],"wp:attachment":[{"href":"https:\/\/eklandwood.com\/fi\/wp-json\/wp\/v2\/media?parent=9895"}],"curies":[{"name":"wp","href":"https:\/\/api.w.org\/{rel}","templated":true}]}}