{"id":4990,"date":"2021-02-05T16:22:30","date_gmt":"2021-02-05T14:22:30","guid":{"rendered":"https:\/\/eklandwood.com\/pacs-asennusjarjestelma-verhoukseen\/"},"modified":"2023-09-01T10:08:37","modified_gmt":"2023-09-01T07:08:37","slug":"pacs-asennusjarjestelma-verhoukseen","status":"publish","type":"page","link":"https:\/\/eklandwood.com\/fi\/pacs-asennusjarjestelma-verhoukseen\/","title":{"rendered":"PaCS asennusj\u00e4rjestelm\u00e4 verhoukseen"},"content":{"rendered":"<div  style='height:10px' class='hr hr-invisible   avia-builder-el-0  el_before_av_section  avia-builder-el-no-sibling '><span class='hr-inner ' ><span class='hr-inner-style'><\/span><\/span><\/div>\n<\/div><\/div><\/div><!-- close content main div --><\/div><\/div><div id='av_section_1'  class='avia-section main_color avia-section-default avia-no-border-styling  avia-bg-style-scroll  avia-builder-el-1  el_after_av_hr  el_before_av_hr   container_wrap sidebar_right' style='background-color: #f6f2ef;  '  ><div class='container' ><div class='template-page content  av-content-small alpha units'><div class='post-entry post-entry-type-page post-entry-4990'><div class='entry-content-wrapper clearfix'>\n<div class='flex_column_table av-equal-height-column-flextable -flextable' style='margin-top:0px; margin-bottom:0px; '><div class=\"flex_column av_one_half  no_margin flex_column_table_cell av-equal-height-column av-align-middle first  avia-builder-el-2  el_before_av_one_half  avia-builder-el-first  mobile-padding \" style='padding:0px 100px 0px 100px ; border-radius:0px; '><p><div  style='height:100px' class='hr hr-invisible   avia-builder-el-3  el_before_av_textblock  avia-builder-el-first '><span class='hr-inner ' ><span class='hr-inner-style'><\/span><\/span><\/div><br \/>\n<section class=\"av_textblock_section \"  itemscope=\"itemscope\" itemtype=\"https:\/\/schema.org\/CreativeWork\" ><div class='avia_textblock  '   itemprop=\"text\" ><h2 style=\"text-align: center;\">Thermory PaCS asennusj\u00e4rjestelm\u00e4 verhoukseen<\/h2>\n<\/div><\/section><br \/>\n<div  style=' margin-top:10px; margin-bottom:10px;'  class='hr hr-custom hr-center hr-icon-no   avia-builder-el-5  el_after_av_textblock  el_before_av_textblock '><span class='hr-inner  inner-border-av-border-fat' style=' width:180px; border-color:#000000;' ><span class='hr-inner-style'><\/span><\/span><\/div><br \/>\n<section class=\"av_textblock_section \"  itemscope=\"itemscope\" itemtype=\"https:\/\/schema.org\/CreativeWork\" ><div class='avia_textblock  '   itemprop=\"text\" ><p style=\"text-align: center;\">Meid\u00e4n suosittelema asennusj\u00e4rjestelm\u00e4 on Thermory PaCS.<\/p>\n<p style=\"text-align: center;\">PaCS on innovatiivinen kiinnitysratkaisu, joka on suunniteltu nopeaan ja helppoon asennukseen. Se koostuu erikoisprofiloiduista laudoista, joiden takapuolella on ura JuAn \u2013 pidikkeiden t\u00e4ydelliseen sovittamiseen. Tuloksessa ei ole mit\u00e4\u00e4n n\u00e4kyvi\u00e4 ruuvinkantoja. Levyt yksinkertaisesti painetaan ja napsautetaan paikoilleen. Yksi pidike tarjoaa 160kg kest\u00e4vyytt\u00e4, virheett\u00f6m\u00e4n, kest\u00e4v\u00e4n ja ty\u00f6voimaa s\u00e4\u00e4st\u00e4v\u00e4n asennuksen.<\/p>\n<p style=\"text-align: center;\">Paina ja napsauta PaCS k\u00e4ytt\u00e4\u00e4 JuAn pidikkeit\u00e4, jotka ovat kiinnitetty joko ulkopuoliseen koivuvaneriin tai 2mm pituisiin m\u00e4ntyrimoihin.<\/p>\n<p style=\"text-align: center;\">Helpoin ja varmasti nopein verhoussysteemi koko maailmassa!<\/p>\n<p style=\"text-align: center;\">PaCS mahdollistaa nopean asennuksen kaikkiin meid\u00e4n ulko- ja sis\u00e4verhouksiin s\u00e4\u00e4st\u00e4en ty\u00f6voimaa merkitt\u00e4v\u00e4sti.<\/p>\n<\/div><\/section><br \/>\n<div  class='avia-button-wrap avia-button-center  avia-builder-el-7  el_after_av_textblock  el_before_av_button ' ><a href='https:\/\/eklandwood.com\/wp-content\/uploads\/2023\/09\/Thermory_Installation_Guide_Cladding-boards_A4_1021_ENG.pdf'  class='avia-button  avia-color-dark   avia-icon_select-yes-left-icon avia-size-large avia-position-center '   ><span class='avia_button_icon avia_button_icon_left ' aria-hidden='true' data-av_icon='\ue82d' data-av_iconfont='entypo-fontello'><\/span><span class='avia_iconbox_title' >Thermory PaCS asennus verhouksiin<\/span><\/a><\/div><br \/>\n<div  class='avia-button-wrap avia-button-center  avia-builder-el-8  el_after_av_button  el_before_av_hr ' ><a href='https:\/\/eklandwood.com\/wp-content\/uploads\/2020\/12\/exterior-cladding-profiles.pdf'  class='avia-button  avia-color-dark   avia-icon_select-yes-left-icon avia-size-large avia-position-center '   ><span class='avia_button_icon avia_button_icon_left ' aria-hidden='true' data-av_icon='\ue82d' data-av_iconfont='entypo-fontello'><\/span><span class='avia_iconbox_title' >Thermory PaCS profiilit<\/span><\/a><\/div><br \/>\n<div  style='height:10px' class='hr hr-invisible  av-desktop-hide av-medium-hide  avia-builder-el-9  el_after_av_button  el_before_av_hr '><span class='hr-inner ' ><span class='hr-inner-style'><\/span><\/span><\/div><br \/>\n<div  style='height:100px' class='hr hr-invisible  av-small-hide av-mini-hide  avia-builder-el-10  el_after_av_hr  avia-builder-el-last '><span class='hr-inner ' ><span class='hr-inner-style'><\/span><\/span><\/div><\/p><\/div><div class=\"flex_column av_one_half  avia-full-stretch no_margin flex_column_table_cell av-equal-height-column av-align-middle av-zero-column-padding   avia-builder-el-11  el_after_av_one_half  avia-builder-el-last  mobile-img \" style='background:url(https:\/\/eklandwood.com\/wp-content\/uploads\/2020\/12\/E-Cladding-PaCS-1.jpg) center center no-repeat  #fdf1e0; background-color:#fdf1e0; border-radius:0px; '><\/div><\/div><!--close column table wrapper. Autoclose: 1 --><\/div><\/div><\/div><!-- close content main div --><\/div><\/div><div id='after_section_1'  class='main_color av_default_container_wrap container_wrap sidebar_right' style=' '  ><div class='container' ><div class='template-page content  av-content-small alpha units'><div class='post-entry post-entry-type-page post-entry-4990'><div class='entry-content-wrapper clearfix'><div  style='height:10px' class='hr hr-invisible   avia-builder-el-12  el_after_av_section  el_before_av_section  avia-builder-el-no-sibling '><span class='hr-inner ' ><span class='hr-inner-style'><\/span><\/span><\/div><\/p>\n<\/div><\/div><\/div><!-- close content main div --><\/div><\/div><div id='av_section_2'  class='avia-section main_color avia-section-default avia-no-border-styling  avia-bg-style-scroll  avia-builder-el-13  el_after_av_hr  el_before_av_hr   container_wrap sidebar_right' style='background-color: #f6f2ef;  '  ><div class='container' ><div class='template-page content  av-content-small alpha units'><div class='post-entry post-entry-type-page post-entry-4990'><div class='entry-content-wrapper clearfix'>\n<div  class='av-horizontal-gallery av-horizontal-gallery-large-gap av-horizontal-gallery--effect av-horizontal-gallery-1  avia-builder-el-14  avia-builder-el-no-sibling  pacs-slider av-control-default '  itemprop=\"image\" itemscope=\"itemscope\" itemtype=\"https:\/\/schema.org\/ImageObject\"   ><div class='avia-slideshow-arrows avia-slideshow-controls'><a href='#prev' class='prev-slide av-horizontal-gallery-prev' aria-hidden='true' data-av_icon='\ue87c' data-av_iconfont='entypo-fontello'>Previous<\/a><a href='#next' class='next-slide av-horizontal-gallery-next' aria-hidden='true' data-av_icon='\ue87d' data-av_iconfont='entypo-fontello'>Next <\/a><\/div><div class='av-horizontal-gallery-inner' style='padding-bottom:20%' data-av-height='20'><div class='av-horizontal-gallery-slider'><div class='av-horizontal-gallery-wrap noHover'><img decoding=\"async\" class='wp-image-4104 avia-img-lazy-loading-not-4104 av-horizontal-gallery-img' width=\"1030\" height=\"687\" src=\"https:\/\/eklandwood.com\/wp-content\/uploads\/2020\/11\/Decking-PaCS-1-1030x687.jpg\" title='Decking PaCS 1' alt='' srcset=\"https:\/\/eklandwood.com\/wp-content\/uploads\/2020\/11\/Decking-PaCS-1-1030x687.jpg 1030w, https:\/\/eklandwood.com\/wp-content\/uploads\/2020\/11\/Decking-PaCS-1-300x200.jpg 300w, https:\/\/eklandwood.com\/wp-content\/uploads\/2020\/11\/Decking-PaCS-1-768x513.jpg 768w, https:\/\/eklandwood.com\/wp-content\/uploads\/2020\/11\/Decking-PaCS-1-705x470.jpg 705w, https:\/\/eklandwood.com\/wp-content\/uploads\/2020\/11\/Decking-PaCS-1-900x600.jpg 900w, https:\/\/eklandwood.com\/wp-content\/uploads\/2020\/11\/Decking-PaCS-1.jpg 1500w\" sizes=\"(max-width: 1030px) 100vw, 1030px\" \/><a href='https:\/\/eklandwood.com\/wp-content\/uploads\/2020\/11\/Decking-PaCS-1-1030x687.jpg' class='av-horizontal-gallery-link' aria-hidden='true' data-av_icon='\ue869' data-av_iconfont='entypo-fontello' title='' alt=''><\/a><\/div><div class='av-horizontal-gallery-wrap noHover'><img decoding=\"async\" class='wp-image-4106 avia-img-lazy-loading-not-4106 av-horizontal-gallery-img' width=\"1024\" height=\"684\" src=\"https:\/\/eklandwood.com\/wp-content\/uploads\/2020\/11\/Decking-PaCS-2.jpg\" title='Decking PaCS 2' alt='' srcset=\"https:\/\/eklandwood.com\/wp-content\/uploads\/2020\/11\/Decking-PaCS-2.jpg 1024w, https:\/\/eklandwood.com\/wp-content\/uploads\/2020\/11\/Decking-PaCS-2-300x200.jpg 300w, https:\/\/eklandwood.com\/wp-content\/uploads\/2020\/11\/Decking-PaCS-2-768x513.jpg 768w, https:\/\/eklandwood.com\/wp-content\/uploads\/2020\/11\/Decking-PaCS-2-705x471.jpg 705w, https:\/\/eklandwood.com\/wp-content\/uploads\/2020\/11\/Decking-PaCS-2-900x600.jpg 900w\" sizes=\"(max-width: 1024px) 100vw, 1024px\" \/><a href='https:\/\/eklandwood.com\/wp-content\/uploads\/2020\/11\/Decking-PaCS-2.jpg' class='av-horizontal-gallery-link' aria-hidden='true' data-av_icon='\ue869' data-av_iconfont='entypo-fontello' title='' alt=''><\/a><\/div><div class='av-horizontal-gallery-wrap noHover'><img decoding=\"async\" class='wp-image-4108 avia-img-lazy-loading-not-4108 av-horizontal-gallery-img' width=\"1024\" height=\"683\" src=\"https:\/\/eklandwood.com\/wp-content\/uploads\/2020\/11\/Decking-PaCS-4.jpg\" title='Decking PaCS 4' alt='' srcset=\"https:\/\/eklandwood.com\/wp-content\/uploads\/2020\/11\/Decking-PaCS-4.jpg 1024w, https:\/\/eklandwood.com\/wp-content\/uploads\/2020\/11\/Decking-PaCS-4-300x200.jpg 300w, https:\/\/eklandwood.com\/wp-content\/uploads\/2020\/11\/Decking-PaCS-4-768x512.jpg 768w, https:\/\/eklandwood.com\/wp-content\/uploads\/2020\/11\/Decking-PaCS-4-705x470.jpg 705w, https:\/\/eklandwood.com\/wp-content\/uploads\/2020\/11\/Decking-PaCS-4-900x600.jpg 900w\" sizes=\"(max-width: 1024px) 100vw, 1024px\" \/><a href='https:\/\/eklandwood.com\/wp-content\/uploads\/2020\/11\/Decking-PaCS-4.jpg' class='av-horizontal-gallery-link' aria-hidden='true' data-av_icon='\ue869' data-av_iconfont='entypo-fontello' title='' alt=''><\/a><\/div><div class='av-horizontal-gallery-wrap noHover'><img decoding=\"async\" class='wp-image-8888 avia-img-lazy-loading-not-8888 av-horizontal-gallery-img' width=\"727\" height=\"564\" src=\"https:\/\/eklandwood.com\/wp-content\/uploads\/2023\/08\/PaCS.jpg\" title='PaCS' alt='PaCS' srcset=\"https:\/\/eklandwood.com\/wp-content\/uploads\/2023\/08\/PaCS.jpg 727w, https:\/\/eklandwood.com\/wp-content\/uploads\/2023\/08\/PaCS-300x233.jpg 300w, https:\/\/eklandwood.com\/wp-content\/uploads\/2023\/08\/PaCS-705x547.jpg 705w\" sizes=\"(max-width: 727px) 100vw, 727px\" \/><a href='https:\/\/eklandwood.com\/wp-content\/uploads\/2023\/08\/PaCS.jpg' class='av-horizontal-gallery-link' aria-hidden='true' data-av_icon='\ue869' data-av_iconfont='entypo-fontello' title='' alt='PaCS'><\/a><\/div><div class='av-horizontal-gallery-wrap noHover'><img decoding=\"async\" class='wp-image-4836 avia-img-lazy-loading-not-4836 av-horizontal-gallery-img' width=\"1030\" height=\"688\" src=\"https:\/\/eklandwood.com\/wp-content\/uploads\/2021\/01\/Decking-PaCS-Pine-3-1-1030x688-1.jpg\" title='Decking PaCS Pine' alt='' srcset=\"https:\/\/eklandwood.com\/wp-content\/uploads\/2021\/01\/Decking-PaCS-Pine-3-1-1030x688-1.jpg 1030w, https:\/\/eklandwood.com\/wp-content\/uploads\/2021\/01\/Decking-PaCS-Pine-3-1-1030x688-1-300x200.jpg 300w, https:\/\/eklandwood.com\/wp-content\/uploads\/2021\/01\/Decking-PaCS-Pine-3-1-1030x688-1-768x513.jpg 768w, https:\/\/eklandwood.com\/wp-content\/uploads\/2021\/01\/Decking-PaCS-Pine-3-1-1030x688-1-705x471.jpg 705w, https:\/\/eklandwood.com\/wp-content\/uploads\/2021\/01\/Decking-PaCS-Pine-3-1-1030x688-1-900x600.jpg 900w\" sizes=\"(max-width: 1030px) 100vw, 1030px\" \/><a href='https:\/\/eklandwood.com\/wp-content\/uploads\/2021\/01\/Decking-PaCS-Pine-3-1-1030x688-1.jpg' class='av-horizontal-gallery-link' aria-hidden='true' data-av_icon='\ue869' data-av_iconfont='entypo-fontello' title='' alt=''><\/a><\/div><div class='av-horizontal-gallery-wrap noHover'><img decoding=\"async\" class='wp-image-4112 avia-img-lazy-loading-not-4112 av-horizontal-gallery-img' width=\"1030\" height=\"483\" src=\"https:\/\/eklandwood.com\/wp-content\/uploads\/2020\/11\/Decking-PaCS-Scots-Pine-5-1030x483.jpg\" title='Decking PaCS Scots Pine 5' alt='' srcset=\"https:\/\/eklandwood.com\/wp-content\/uploads\/2020\/11\/Decking-PaCS-Scots-Pine-5-1030x483.jpg 1030w, https:\/\/eklandwood.com\/wp-content\/uploads\/2020\/11\/Decking-PaCS-Scots-Pine-5-300x141.jpg 300w, https:\/\/eklandwood.com\/wp-content\/uploads\/2020\/11\/Decking-PaCS-Scots-Pine-5-768x360.jpg 768w, https:\/\/eklandwood.com\/wp-content\/uploads\/2020\/11\/Decking-PaCS-Scots-Pine-5-1536x720.jpg 1536w, https:\/\/eklandwood.com\/wp-content\/uploads\/2020\/11\/Decking-PaCS-Scots-Pine-5-1500x703.jpg 1500w, https:\/\/eklandwood.com\/wp-content\/uploads\/2020\/11\/Decking-PaCS-Scots-Pine-5-705x330.jpg 705w, https:\/\/eklandwood.com\/wp-content\/uploads\/2020\/11\/Decking-PaCS-Scots-Pine-5.jpg 1920w\" sizes=\"(max-width: 1030px) 100vw, 1030px\" \/><a href='https:\/\/eklandwood.com\/wp-content\/uploads\/2020\/11\/Decking-PaCS-Scots-Pine-5-1030x483.jpg' class='av-horizontal-gallery-link' aria-hidden='true' data-av_icon='\ue869' data-av_iconfont='entypo-fontello' title='' alt=''><\/a><\/div><div class='av-horizontal-gallery-wrap noHover'><img decoding=\"async\" class='wp-image-4114 avia-img-lazy-loading-not-4114 av-horizontal-gallery-img' width=\"1030\" height=\"772\" src=\"https:\/\/eklandwood.com\/wp-content\/uploads\/2020\/11\/Decking-PaCS-1030x772.jpg\" title='Decking PaCS' alt='' srcset=\"https:\/\/eklandwood.com\/wp-content\/uploads\/2020\/11\/Decking-PaCS-1030x772.jpg 1030w, https:\/\/eklandwood.com\/wp-content\/uploads\/2020\/11\/Decking-PaCS-300x225.jpg 300w, https:\/\/eklandwood.com\/wp-content\/uploads\/2020\/11\/Decking-PaCS-768x576.jpg 768w, https:\/\/eklandwood.com\/wp-content\/uploads\/2020\/11\/Decking-PaCS-705x528.jpg 705w, https:\/\/eklandwood.com\/wp-content\/uploads\/2020\/11\/Decking-PaCS.jpg 1334w\" sizes=\"(max-width: 1030px) 100vw, 1030px\" \/><a href='https:\/\/eklandwood.com\/wp-content\/uploads\/2020\/11\/Decking-PaCS-1030x772.jpg' class='av-horizontal-gallery-link' aria-hidden='true' data-av_icon='\ue869' data-av_iconfont='entypo-fontello' title='' alt=''><\/a><\/div><div class='av-horizontal-gallery-wrap noHover'><img decoding=\"async\" class='wp-image-4116 avia-img-lazy-loading-not-4116 av-horizontal-gallery-img' width=\"1000\" height=\"1000\" src=\"https:\/\/eklandwood.com\/wp-content\/uploads\/2020\/11\/E-Cladding-PaCS-1-1.jpg\" title='E Cladding PaCS 1' alt='' srcset=\"https:\/\/eklandwood.com\/wp-content\/uploads\/2020\/11\/E-Cladding-PaCS-1-1.jpg 1000w, https:\/\/eklandwood.com\/wp-content\/uploads\/2020\/11\/E-Cladding-PaCS-1-1-300x300.jpg 300w, https:\/\/eklandwood.com\/wp-content\/uploads\/2020\/11\/E-Cladding-PaCS-1-1-80x80.jpg 80w, https:\/\/eklandwood.com\/wp-content\/uploads\/2020\/11\/E-Cladding-PaCS-1-1-768x768.jpg 768w, https:\/\/eklandwood.com\/wp-content\/uploads\/2020\/11\/E-Cladding-PaCS-1-1-36x36.jpg 36w, https:\/\/eklandwood.com\/wp-content\/uploads\/2020\/11\/E-Cladding-PaCS-1-1-180x180.jpg 180w, https:\/\/eklandwood.com\/wp-content\/uploads\/2020\/11\/E-Cladding-PaCS-1-1-705x705.jpg 705w\" sizes=\"(max-width: 1000px) 100vw, 1000px\" \/><a href='https:\/\/eklandwood.com\/wp-content\/uploads\/2020\/11\/E-Cladding-PaCS-1-1.jpg' class='av-horizontal-gallery-link' aria-hidden='true' data-av_icon='\ue869' data-av_iconfont='entypo-fontello' title='' alt=''><\/a><\/div><div class='av-horizontal-gallery-wrap noHover'><img decoding=\"async\" class='wp-image-4118 avia-img-lazy-loading-not-4118 av-horizontal-gallery-img' width=\"640\" height=\"1024\" src=\"https:\/\/eklandwood.com\/wp-content\/uploads\/2020\/11\/E-Cladding-PaCS-2.jpg\" title='E Cladding PaCS 2' alt='' srcset=\"https:\/\/eklandwood.com\/wp-content\/uploads\/2020\/11\/E-Cladding-PaCS-2.jpg 640w, https:\/\/eklandwood.com\/wp-content\/uploads\/2020\/11\/E-Cladding-PaCS-2-188x300.jpg 188w, https:\/\/eklandwood.com\/wp-content\/uploads\/2020\/11\/E-Cladding-PaCS-2-441x705.jpg 441w\" sizes=\"(max-width: 640px) 100vw, 640px\" \/><a href='https:\/\/eklandwood.com\/wp-content\/uploads\/2020\/11\/E-Cladding-PaCS-2.jpg' class='av-horizontal-gallery-link' aria-hidden='true' data-av_icon='\ue869' data-av_iconfont='entypo-fontello' title='' alt=''><\/a><\/div><div class='av-horizontal-gallery-wrap noHover'><img decoding=\"async\" class='wp-image-4120 avia-img-lazy-loading-not-4120 av-horizontal-gallery-img' width=\"1000\" height=\"1000\" src=\"https:\/\/eklandwood.com\/wp-content\/uploads\/2020\/11\/E-Cladding-PaCS-3.jpg\" title='E Cladding PaCS 3' alt='' srcset=\"https:\/\/eklandwood.com\/wp-content\/uploads\/2020\/11\/E-Cladding-PaCS-3.jpg 1000w, https:\/\/eklandwood.com\/wp-content\/uploads\/2020\/11\/E-Cladding-PaCS-3-300x300.jpg 300w, https:\/\/eklandwood.com\/wp-content\/uploads\/2020\/11\/E-Cladding-PaCS-3-80x80.jpg 80w, https:\/\/eklandwood.com\/wp-content\/uploads\/2020\/11\/E-Cladding-PaCS-3-768x768.jpg 768w, https:\/\/eklandwood.com\/wp-content\/uploads\/2020\/11\/E-Cladding-PaCS-3-36x36.jpg 36w, https:\/\/eklandwood.com\/wp-content\/uploads\/2020\/11\/E-Cladding-PaCS-3-180x180.jpg 180w, https:\/\/eklandwood.com\/wp-content\/uploads\/2020\/11\/E-Cladding-PaCS-3-705x705.jpg 705w\" sizes=\"(max-width: 1000px) 100vw, 1000px\" \/><a href='https:\/\/eklandwood.com\/wp-content\/uploads\/2020\/11\/E-Cladding-PaCS-3.jpg' class='av-horizontal-gallery-link' aria-hidden='true' data-av_icon='\ue869' data-av_iconfont='entypo-fontello' title='' alt=''><\/a><\/div><div class='av-horizontal-gallery-wrap noHover'><img decoding=\"async\" class='wp-image-4122 avia-img-lazy-loading-not-4122 av-horizontal-gallery-img' width=\"1030\" height=\"687\" src=\"https:\/\/eklandwood.com\/wp-content\/uploads\/2020\/11\/E-Cladding-PaCS-4-1030x687.jpg\" title='E Cladding PaCS 4' alt='' srcset=\"https:\/\/eklandwood.com\/wp-content\/uploads\/2020\/11\/E-Cladding-PaCS-4-1030x687.jpg 1030w, https:\/\/eklandwood.com\/wp-content\/uploads\/2020\/11\/E-Cladding-PaCS-4-300x200.jpg 300w, https:\/\/eklandwood.com\/wp-content\/uploads\/2020\/11\/E-Cladding-PaCS-4-768x512.jpg 768w, https:\/\/eklandwood.com\/wp-content\/uploads\/2020\/11\/E-Cladding-PaCS-4-705x470.jpg 705w, https:\/\/eklandwood.com\/wp-content\/uploads\/2020\/11\/E-Cladding-PaCS-4-900x600.jpg 900w, https:\/\/eklandwood.com\/wp-content\/uploads\/2020\/11\/E-Cladding-PaCS-4.jpg 1200w\" sizes=\"(max-width: 1030px) 100vw, 1030px\" \/><a href='https:\/\/eklandwood.com\/wp-content\/uploads\/2020\/11\/E-Cladding-PaCS-4-1030x687.jpg' class='av-horizontal-gallery-link' aria-hidden='true' data-av_icon='\ue869' data-av_iconfont='entypo-fontello' title='' alt=''><\/a><\/div><div class='av-horizontal-gallery-wrap noHover'><img decoding=\"async\" class='wp-image-4124 avia-img-lazy-loading-not-4124 av-horizontal-gallery-img' width=\"1030\" height=\"687\" src=\"https:\/\/eklandwood.com\/wp-content\/uploads\/2020\/11\/PaCS-Clad-1030x687.jpg\" title='PaCS Clad' alt='' srcset=\"https:\/\/eklandwood.com\/wp-content\/uploads\/2020\/11\/PaCS-Clad-1030x687.jpg 1030w, https:\/\/eklandwood.com\/wp-content\/uploads\/2020\/11\/PaCS-Clad-300x200.jpg 300w, https:\/\/eklandwood.com\/wp-content\/uploads\/2020\/11\/PaCS-Clad-768x512.jpg 768w, https:\/\/eklandwood.com\/wp-content\/uploads\/2020\/11\/PaCS-Clad-1536x1024.jpg 1536w, https:\/\/eklandwood.com\/wp-content\/uploads\/2020\/11\/PaCS-Clad-2048x1365.jpg 2048w, https:\/\/eklandwood.com\/wp-content\/uploads\/2020\/11\/PaCS-Clad-1500x1000.jpg 1500w, https:\/\/eklandwood.com\/wp-content\/uploads\/2020\/11\/PaCS-Clad-705x470.jpg 705w, https:\/\/eklandwood.com\/wp-content\/uploads\/2020\/11\/PaCS-Clad-900x600.jpg 900w\" sizes=\"(max-width: 1030px) 100vw, 1030px\" \/><a href='https:\/\/eklandwood.com\/wp-content\/uploads\/2020\/11\/PaCS-Clad-1030x687.jpg' class='av-horizontal-gallery-link' aria-hidden='true' data-av_icon='\ue869' data-av_iconfont='entypo-fontello' title='' alt=''><\/a><\/div><div class='av-horizontal-gallery-wrap noHover'><img decoding=\"async\" class='wp-image-4126 avia-img-lazy-loading-not-4126 av-horizontal-gallery-img' width=\"1030\" height=\"687\" src=\"https:\/\/eklandwood.com\/wp-content\/uploads\/2020\/11\/Thermory-PaCS_press-and-click-1030x687.jpg\" title='Thermory PaCS_press and click' alt='Thermory PaCS_press and click' srcset=\"https:\/\/eklandwood.com\/wp-content\/uploads\/2020\/11\/Thermory-PaCS_press-and-click-1030x687.jpg 1030w, https:\/\/eklandwood.com\/wp-content\/uploads\/2020\/11\/Thermory-PaCS_press-and-click-300x200.jpg 300w, https:\/\/eklandwood.com\/wp-content\/uploads\/2020\/11\/Thermory-PaCS_press-and-click-768x513.jpg 768w, https:\/\/eklandwood.com\/wp-content\/uploads\/2020\/11\/Thermory-PaCS_press-and-click-1536x1025.jpg 1536w, https:\/\/eklandwood.com\/wp-content\/uploads\/2020\/11\/Thermory-PaCS_press-and-click-2048x1367.jpg 2048w, https:\/\/eklandwood.com\/wp-content\/uploads\/2020\/11\/Thermory-PaCS_press-and-click-1500x1001.jpg 1500w, https:\/\/eklandwood.com\/wp-content\/uploads\/2020\/11\/Thermory-PaCS_press-and-click-705x471.jpg 705w, https:\/\/eklandwood.com\/wp-content\/uploads\/2020\/11\/Thermory-PaCS_press-and-click-900x600.jpg 900w\" sizes=\"(max-width: 1030px) 100vw, 1030px\" \/><a href='https:\/\/eklandwood.com\/wp-content\/uploads\/2020\/11\/Thermory-PaCS_press-and-click-1030x687.jpg' class='av-horizontal-gallery-link' aria-hidden='true' data-av_icon='\ue869' data-av_iconfont='entypo-fontello' title='' alt='Thermory PaCS_press and click'><\/a><\/div><\/div><\/div><\/div>\n<\/div><\/div><\/div><!-- close content main div --><\/div><\/div><div id='after_section_2'  class='main_color av_default_container_wrap container_wrap sidebar_right' style=' '  ><div class='container' ><div class='template-page content  av-content-small alpha units'><div class='post-entry post-entry-type-page post-entry-4990'><div class='entry-content-wrapper clearfix'>\n<div  style='height:10px' class='hr hr-invisible  av-small-hide av-mini-hide  avia-builder-el-15  el_after_av_section  el_before_av_hr  avia-builder-el-first '><span class='hr-inner ' ><span class='hr-inner-style'><\/span><\/span><\/div>\n<div  style='height:10px' class='hr hr-invisible  av-small-hide av-mini-hide  avia-builder-el-16  el_after_av_hr  avia-builder-el-last '><span class='hr-inner ' ><span class='hr-inner-style'><\/span><\/span><\/div>\n","protected":false},"excerpt":{"rendered":"","protected":false},"author":3,"featured_media":4126,"parent":0,"menu_order":0,"comment_status":"closed","ping_status":"closed","template":"","meta":{"inline_featured_image":false,"footnotes":""},"class_list":["post-4990","page","type-page","status-publish","has-post-thumbnail","hentry"],"_links":{"self":[{"href":"https:\/\/eklandwood.com\/fi\/wp-json\/wp\/v2\/pages\/4990","targetHints":{"allow":["GET"]}}],"collection":[{"href":"https:\/\/eklandwood.com\/fi\/wp-json\/wp\/v2\/pages"}],"about":[{"href":"https:\/\/eklandwood.com\/fi\/wp-json\/wp\/v2\/types\/page"}],"author":[{"embeddable":true,"href":"https:\/\/eklandwood.com\/fi\/wp-json\/wp\/v2\/users\/3"}],"replies":[{"embeddable":true,"href":"https:\/\/eklandwood.com\/fi\/wp-json\/wp\/v2\/comments?post=4990"}],"version-history":[{"count":22,"href":"https:\/\/eklandwood.com\/fi\/wp-json\/wp\/v2\/pages\/4990\/revisions"}],"predecessor-version":[{"id":9730,"href":"https:\/\/eklandwood.com\/fi\/wp-json\/wp\/v2\/pages\/4990\/revisions\/9730"}],"wp:featuredmedia":[{"embeddable":true,"href":"https:\/\/eklandwood.com\/fi\/wp-json\/wp\/v2\/media\/4126"}],"wp:attachment":[{"href":"https:\/\/eklandwood.com\/fi\/wp-json\/wp\/v2\/media?parent=4990"}],"curies":[{"name":"wp","href":"https:\/\/api.w.org\/{rel}","templated":true}]}}