{"id":4909,"date":"2021-02-05T14:57:48","date_gmt":"2021-02-05T12:57:48","guid":{"rendered":"https:\/\/eklandwood.com\/paanukatot\/"},"modified":"2023-09-01T10:15:18","modified_gmt":"2023-09-01T07:15:18","slug":"paanut","status":"publish","type":"page","link":"https:\/\/eklandwood.com\/fi\/paanut\/","title":{"rendered":"PAANUT"},"content":{"rendered":"<div  style='height:10px' class='hr hr-invisible   avia-builder-el-0  el_before_av_section  avia-builder-el-no-sibling '><span class='hr-inner ' ><span class='hr-inner-style'><\/span><\/span><\/div>\n<\/div><\/div><\/div><!-- close content main div --><\/div><\/div><div id='av_section_1'  class='avia-section main_color avia-section-default avia-no-border-styling  avia-bg-style-scroll  avia-builder-el-1  el_after_av_hr  el_before_av_hr   container_wrap sidebar_right' style='background-color: #f6f2ef;  '  ><div class='container' ><div class='template-page content  av-content-small alpha units'><div class='post-entry post-entry-type-page post-entry-4909'><div class='entry-content-wrapper clearfix'>\n<div class='flex_column_table av-equal-height-column-flextable -flextable' style='margin-top:0px; margin-bottom:0px; '><div class=\"flex_column av_one_half  no_margin flex_column_table_cell av-equal-height-column av-align-middle first  avia-builder-el-2  el_before_av_one_half  avia-builder-el-first  mobile-padding \" style='padding:0px 100px 0px 100px ; border-radius:0px; '><p><div  style='height:100px' class='hr hr-invisible   avia-builder-el-3  el_before_av_textblock  avia-builder-el-first '><span class='hr-inner ' ><span class='hr-inner-style'><\/span><\/span><\/div><br \/>\n<section class=\"av_textblock_section \"  itemscope=\"itemscope\" itemtype=\"https:\/\/schema.org\/CreativeWork\" ><div class='avia_textblock  '   itemprop=\"text\" ><h2 style=\"text-align: center;\">PAANUT<\/h2>\n<\/div><\/section><br \/>\n<div  style=' margin-top:10px; margin-bottom:10px;'  class='hr hr-custom hr-center hr-icon-no   avia-builder-el-5  el_after_av_textblock  el_before_av_textblock '><span class='hr-inner  inner-border-av-border-fat' style=' width:180px; border-color:#000000;' ><span class='hr-inner-style'><\/span><\/span><\/div><br \/>\n<section class=\"av_textblock_section \"  itemscope=\"itemscope\" itemtype=\"https:\/\/schema.org\/CreativeWork\" ><div class='avia_textblock  '   itemprop=\"text\" ><p style=\"text-align: center;\">Uudistetulla pinnalla olevien saarnipaanulevyjen suosio on kasvamassa ulkoseinien verhouksessa. Voimakas l\u00e4mp\u00f6k\u00e4sittely lis\u00e4\u00e4 paanujen mittavakautta ja kest\u00e4vyytt\u00e4 ja k\u00e4sittelem\u00e4tt\u00f6m\u00e4n\u00e4 ne harmaantuvat kauniisti ajan my\u00f6t\u00e4.<\/p>\n<\/div><\/section><br \/>\n<div  style='height:10px' class='hr hr-invisible   avia-builder-el-7  el_after_av_textblock  el_before_av_textblock '><span class='hr-inner ' ><span class='hr-inner-style'><\/span><\/span><\/div><br \/>\n<section class=\"av_textblock_section \"  itemscope=\"itemscope\" itemtype=\"https:\/\/schema.org\/CreativeWork\" ><div class='avia_textblock  '   itemprop=\"text\" ><h3 style=\"text-align: center;\">PAANUN S\u00c4VYMUUTOS AJAN MY\u00d6T\u00c4 ILMAN \u00d6LJY\u00c4MIST\u00c4<\/h3>\n<\/div><\/section><br \/>\n<div  style=' margin-top:10px; margin-bottom:10px;'  class='hr hr-custom hr-center hr-icon-no   avia-builder-el-9  el_after_av_textblock  el_before_av_image '><span class='hr-inner  inner-border-av-border-fat' style=' width:180px; border-color:#000000;' ><span class='hr-inner-style'><\/span><\/span><\/div><br \/>\n<div  class='avia-image-container  av-styling-    avia-builder-el-10  el_after_av_hr  el_before_av_hr  avia-align-center '  itemprop=\"image\" itemscope=\"itemscope\" itemtype=\"https:\/\/schema.org\/ImageObject\"  ><div class='avia-image-container-inner'><div class='avia-image-overlay-wrap'><img decoding=\"async\" class='wp-image-4072 avia-img-lazy-loading-not-4072 avia_image' src=\"https:\/\/eklandwood.com\/wp-content\/uploads\/2020\/11\/Ash-Colour-Evolution-Photo-1030x147.jpg\" alt='Saarni v\u00e4ri-ik\u00e4kehitys valokuva' title='Saarni v\u00e4ri-ik\u00e4kehitys valokuva' height=\"147\" width=\"1030\"  itemprop=\"thumbnailUrl\" srcset=\"https:\/\/eklandwood.com\/wp-content\/uploads\/2020\/11\/Ash-Colour-Evolution-Photo-1030x147.jpg 1030w, https:\/\/eklandwood.com\/wp-content\/uploads\/2020\/11\/Ash-Colour-Evolution-Photo-300x43.jpg 300w, https:\/\/eklandwood.com\/wp-content\/uploads\/2020\/11\/Ash-Colour-Evolution-Photo-768x110.jpg 768w, https:\/\/eklandwood.com\/wp-content\/uploads\/2020\/11\/Ash-Colour-Evolution-Photo-1536x219.jpg 1536w, https:\/\/eklandwood.com\/wp-content\/uploads\/2020\/11\/Ash-Colour-Evolution-Photo-1500x214.jpg 1500w, https:\/\/eklandwood.com\/wp-content\/uploads\/2020\/11\/Ash-Colour-Evolution-Photo-705x101.jpg 705w, https:\/\/eklandwood.com\/wp-content\/uploads\/2020\/11\/Ash-Colour-Evolution-Photo.jpg 1626w\" sizes=\"(max-width: 1030px) 100vw, 1030px\" \/><\/div><\/div><\/div><br \/>\n<div  style='height:10px' class='hr hr-invisible  av-desktop-hide av-medium-hide  avia-builder-el-11  el_after_av_image  el_before_av_textblock '><span class='hr-inner ' ><span class='hr-inner-style'><\/span><\/span><\/div><br \/>\n<section class=\"av_textblock_section \"  itemscope=\"itemscope\" itemtype=\"https:\/\/schema.org\/CreativeWork\" ><div class='avia_textblock  '   itemprop=\"text\" ><p>Paanupaneelit on helppo asentaa Thermory PaCS systeemill\u00e4.<\/p>\n<p>Paanupaneelimme ovat yhdistelm\u00e4 saarnipaanuja Baltic Koivuvanerin pohjalla, jossa on h\u00f6yry\u00e4 l\u00e4p\u00e4isev\u00e4 kattokalvo, joka antaa paneelin hengitt\u00e4\u00e4 ja kosteuden haihtua.<\/p>\n<p><strong>Paneelin paksuus:<\/strong>\u00a031 mm<\/p>\n<p><strong>Paneelin leveys:\u00a0<\/strong>350 mm<\/p>\n<p><strong>Paneelin pituus:<\/strong>\u00a01250 mm<\/p>\n<p>Paanut voivat olla porrastettuja tai tasaisia.<\/p>\n<\/div><\/section><br \/>\n<div  style='height:10px' class='hr hr-invisible  av-desktop-hide av-medium-hide  avia-builder-el-13  el_after_av_textblock  el_before_av_button '><span class='hr-inner ' ><span class='hr-inner-style'><\/span><\/span><\/div><br \/>\n<div  class='avia-button-wrap avia-button-left  avia-builder-el-14  el_after_av_hr  el_before_av_button ' ><a href='https:\/\/eklandwood.com\/wp-content\/uploads\/2023\/09\/Shingles_by_Thermory_Ash_individual-S1_May_2018_EN.pdf'  class='avia-button  avia-color-dark   avia-icon_select-yes-left-icon avia-size-large avia-position-left '   ><span class='avia_button_icon avia_button_icon_left ' aria-hidden='true' data-av_icon='\ue82d' data-av_iconfont='entypo-fontello'><\/span><span class='avia_iconbox_title' >Yksitt\u00e4isten paanujen asennus<\/span><\/a><\/div><br \/>\n<div  class='avia-button-wrap avia-button-left  avia-builder-el-15  el_after_av_button  el_before_av_button ' ><a href='https:\/\/eklandwood.com\/wp-content\/uploads\/2023\/09\/Shingles_by_Thermory_Ash_BB_panels-S2-BBME-Even_Jan_2019_EN.pdf'  class='avia-button  avia-color-dark   avia-icon_select-yes-left-icon avia-size-large avia-position-left '   ><span class='avia_button_icon avia_button_icon_left ' aria-hidden='true' data-av_icon='\ue82d' data-av_iconfont='entypo-fontello'><\/span><span class='avia_iconbox_title' >Paneelien asennus<\/span><\/a><\/div><br \/>\n<div  style='height:100px' class='hr hr-invisible  av-small-hide av-mini-hide '><span class='hr-inner ' ><span class='hr-inner-style'><\/span><\/span><\/div><\/p><\/div><div class=\"flex_column av_one_half  no_margin flex_column_table_cell av-equal-height-column av-align-middle   mobile-padding \" style='padding:0px 100px 0px 100px ; border-radius:0px; '><div  class='avia-gallery  avia-gallery-1 avia_lazyload avia-gallery-animate avia_animate_when_visible '  itemprop=\"image\" itemscope=\"itemscope\" itemtype=\"https:\/\/schema.org\/ImageObject\" ><div class='avia-gallery-thumb'> <a href='https:\/\/eklandwood.com\/wp-content\/uploads\/2020\/11\/Shingle-PaCS.jpg' data-rel='gallery-1' data-prev-img='https:\/\/eklandwood.com\/wp-content\/uploads\/2020\/11\/Shingle-PaCS-495x400.jpg' class='first_thumb lightbox ' data-onclick='1' title=''  itemprop=\"thumbnailUrl\"  ><img decoding=\"async\" class=\"wp-image-4288 avia-img-lazy-loading-not-4288\"   src=\"https:\/\/eklandwood.com\/wp-content\/uploads\/2020\/11\/Shingle-PaCS.jpg\" width=\"640\" height=\"1024\"  title='Shingle PaCS' alt='' srcset=\"https:\/\/eklandwood.com\/wp-content\/uploads\/2020\/11\/Shingle-PaCS.jpg 640w, https:\/\/eklandwood.com\/wp-content\/uploads\/2020\/11\/Shingle-PaCS-188x300.jpg 188w, https:\/\/eklandwood.com\/wp-content\/uploads\/2020\/11\/Shingle-PaCS-441x705.jpg 441w\" sizes=\"(max-width: 640px) 100vw, 640px\" \/><\/a> <a href='https:\/\/eklandwood.com\/wp-content\/uploads\/2020\/12\/Shingles-2.jpg' data-rel='gallery-1' data-prev-img='https:\/\/eklandwood.com\/wp-content\/uploads\/2020\/12\/Shingles-2-495x400.jpg' class='lightbox ' data-onclick='2' title=''  itemprop=\"thumbnailUrl\"  ><img decoding=\"async\" class=\"wp-image-4780 avia-img-lazy-loading-not-4780\"   src=\"https:\/\/eklandwood.com\/wp-content\/uploads\/2020\/12\/Shingles-2.jpg\" width=\"867\" height=\"500\"  title='Shingles' alt='Shingles' srcset=\"https:\/\/eklandwood.com\/wp-content\/uploads\/2020\/12\/Shingles-2.jpg 867w, https:\/\/eklandwood.com\/wp-content\/uploads\/2020\/12\/Shingles-2-300x173.jpg 300w, https:\/\/eklandwood.com\/wp-content\/uploads\/2020\/12\/Shingles-2-768x443.jpg 768w, https:\/\/eklandwood.com\/wp-content\/uploads\/2020\/12\/Shingles-2-705x407.jpg 705w\" sizes=\"(max-width: 867px) 100vw, 867px\" \/><\/a> <a href='https:\/\/eklandwood.com\/wp-content\/uploads\/2020\/12\/Shingles-1.jpg' data-rel='gallery-1' data-prev-img='https:\/\/eklandwood.com\/wp-content\/uploads\/2020\/12\/Shingles-1-495x400.jpg' class='first_thumb lightbox ' data-onclick='3' title=''  itemprop=\"thumbnailUrl\"  ><img decoding=\"async\" class=\"wp-image-4782 avia-img-lazy-loading-not-4782\"  data-avia-tooltip='Architects: Contekton Arkitekter Fyrstad AB,Contractor: Kraftstaden Properties, Sweden,Photography: Devis Bionaz Fotograf' src=\"https:\/\/eklandwood.com\/wp-content\/uploads\/2020\/12\/Shingles-1.jpg\" width=\"800\" height=\"800\"  title='Schoolhouse, Trollh\u00e4ttan, Sweden. Photo: Devis Bionaz Fotograf' alt='Schoolhouse, Trollh\u00e4ttan, Sweden' srcset=\"https:\/\/eklandwood.com\/wp-content\/uploads\/2020\/12\/Shingles-1.jpg 800w, https:\/\/eklandwood.com\/wp-content\/uploads\/2020\/12\/Shingles-1-300x300.jpg 300w, https:\/\/eklandwood.com\/wp-content\/uploads\/2020\/12\/Shingles-1-80x80.jpg 80w, https:\/\/eklandwood.com\/wp-content\/uploads\/2020\/12\/Shingles-1-768x768.jpg 768w, https:\/\/eklandwood.com\/wp-content\/uploads\/2020\/12\/Shingles-1-36x36.jpg 36w, https:\/\/eklandwood.com\/wp-content\/uploads\/2020\/12\/Shingles-1-180x180.jpg 180w, https:\/\/eklandwood.com\/wp-content\/uploads\/2020\/12\/Shingles-1-705x705.jpg 705w\" sizes=\"(max-width: 800px) 100vw, 800px\" \/><\/a> <a href='https:\/\/eklandwood.com\/wp-content\/uploads\/2023\/08\/Shingles.jpg' data-rel='gallery-1' data-prev-img='https:\/\/eklandwood.com\/wp-content\/uploads\/2023\/08\/Shingles-495x312.jpg' class='lightbox ' data-onclick='4' title=''  itemprop=\"thumbnailUrl\"  ><img decoding=\"async\" class=\"wp-image-8892 avia-img-lazy-loading-not-8892\"   src=\"https:\/\/eklandwood.com\/wp-content\/uploads\/2023\/08\/Shingles.jpg\" width=\"752\" height=\"312\"  title='Shingles' alt='Shingles' srcset=\"https:\/\/eklandwood.com\/wp-content\/uploads\/2023\/08\/Shingles.jpg 752w, https:\/\/eklandwood.com\/wp-content\/uploads\/2023\/08\/Shingles-300x124.jpg 300w, https:\/\/eklandwood.com\/wp-content\/uploads\/2023\/08\/Shingles-705x293.jpg 705w\" sizes=\"(max-width: 752px) 100vw, 752px\" \/><\/a><\/div><\/div><\/div><\/div><!--close column table wrapper. Autoclose: 1 --><\/div><\/div><\/div><!-- close content main div --><\/div><\/div><div id='after_section_1'  class='main_color av_default_container_wrap container_wrap sidebar_right' style=' '  ><div class='container' ><div class='template-page content  av-content-small alpha units'><div class='post-entry post-entry-type-page post-entry-4909'><div class='entry-content-wrapper clearfix'><div  style='height:10px' class='hr hr-invisible  '><span class='hr-inner ' ><span class='hr-inner-style'><\/span><\/span><\/div><\/p>\n","protected":false},"excerpt":{"rendered":"","protected":false},"author":3,"featured_media":4294,"parent":0,"menu_order":0,"comment_status":"closed","ping_status":"closed","template":"","meta":{"inline_featured_image":false,"footnotes":""},"class_list":["post-4909","page","type-page","status-publish","has-post-thumbnail","hentry"],"_links":{"self":[{"href":"https:\/\/eklandwood.com\/fi\/wp-json\/wp\/v2\/pages\/4909","targetHints":{"allow":["GET"]}}],"collection":[{"href":"https:\/\/eklandwood.com\/fi\/wp-json\/wp\/v2\/pages"}],"about":[{"href":"https:\/\/eklandwood.com\/fi\/wp-json\/wp\/v2\/types\/page"}],"author":[{"embeddable":true,"href":"https:\/\/eklandwood.com\/fi\/wp-json\/wp\/v2\/users\/3"}],"replies":[{"embeddable":true,"href":"https:\/\/eklandwood.com\/fi\/wp-json\/wp\/v2\/comments?post=4909"}],"version-history":[{"count":22,"href":"https:\/\/eklandwood.com\/fi\/wp-json\/wp\/v2\/pages\/4909\/revisions"}],"predecessor-version":[{"id":9741,"href":"https:\/\/eklandwood.com\/fi\/wp-json\/wp\/v2\/pages\/4909\/revisions\/9741"}],"wp:featuredmedia":[{"embeddable":true,"href":"https:\/\/eklandwood.com\/fi\/wp-json\/wp\/v2\/media\/4294"}],"wp:attachment":[{"href":"https:\/\/eklandwood.com\/fi\/wp-json\/wp\/v2\/media?parent=4909"}],"curies":[{"name":"wp","href":"https:\/\/api.w.org\/{rel}","templated":true}]}}