{"id":4895,"date":"2021-02-05T11:00:25","date_gmt":"2021-02-05T09:00:25","guid":{"rendered":"https:\/\/eklandwood.com\/kuusi\/"},"modified":"2023-09-01T09:39:05","modified_gmt":"2023-09-01T06:39:05","slug":"kuusi","status":"publish","type":"page","link":"https:\/\/eklandwood.com\/fi\/kuusi\/","title":{"rendered":"KUUSI"},"content":{"rendered":"<div  style='height:10px' class='hr hr-invisible   avia-builder-el-0  el_before_av_section  avia-builder-el-no-sibling '><span class='hr-inner ' ><span class='hr-inner-style'><\/span><\/span><\/div>\n<\/div><\/div><\/div><!-- close content main div --><\/div><\/div><div id='av_section_1'  class='avia-section main_color avia-section-default avia-no-border-styling  avia-bg-style-scroll  avia-builder-el-1  el_after_av_hr  el_before_av_one_half   container_wrap sidebar_right' style='background-color: #f6f2ef;  '  ><div class='container' ><div class='template-page content  av-content-small alpha units'><div class='post-entry post-entry-type-page post-entry-4895'><div class='entry-content-wrapper clearfix'>\n<div class='flex_column_table av-equal-height-column-flextable -flextable' style='margin-top:0px; margin-bottom:0px; '><div class=\"flex_column av_one_half  no_margin flex_column_table_cell av-equal-height-column av-align-middle first  avia-builder-el-2  el_before_av_one_half  avia-builder-el-first  mobile-padding \" style='padding:0px 100px 0px 100px ; border-radius:0px; '><p><div  style='height:100px' class='hr hr-invisible   avia-builder-el-3  el_before_av_textblock  avia-builder-el-first '><span class='hr-inner ' ><span class='hr-inner-style'><\/span><\/span><\/div><br \/>\n<section class=\"av_textblock_section \"  itemscope=\"itemscope\" itemtype=\"https:\/\/schema.org\/CreativeWork\" ><div class='avia_textblock  '   itemprop=\"text\" ><h2 style=\"text-align: center;\">KUUSI<\/h2>\n<\/div><\/section><br \/>\n<div  style=' margin-top:10px; margin-bottom:10px;'  class='hr hr-custom hr-center hr-icon-no   avia-builder-el-5  el_after_av_textblock  el_before_av_textblock '><span class='hr-inner  inner-border-av-border-fat' style=' width:180px; border-color:#000000;' ><span class='hr-inner-style'><\/span><\/span><\/div><br \/>\n<section class=\"av_textblock_section \"  itemscope=\"itemscope\" itemtype=\"https:\/\/schema.org\/CreativeWork\" ><div class='avia_textblock  '   itemprop=\"text\" ><p style=\"text-align: center;\">L\u00e4mp\u00f6k\u00e4sitellyt kuusituotteemme tarjoavat havupuuratkaisun poikkeuksellisella lahonkest\u00e4vyydell\u00e4. (Luokka 1 kest\u00e4vyysluokka 25+ vuotta) ja pitk\u00e4ik\u00e4isyys yhdistettyn\u00e4 rustiikkisuuteen ja luonnollisesti vaaleaan s\u00e4vyyn.<\/p>\n<p style=\"text-align: center;\">L\u00e4mp\u00f6k\u00e4sitelty kuusi antaa julkisivuille luonnollisen rustiikkisen ilmeen, joka kest\u00e4\u00e4 vuosikymmeni\u00e4. Kuusi saavuttaa l\u00e4mp\u00f6k\u00e4sittelyn tuloksena erinomaisen s\u00e4\u00e4nkest\u00e4vyyden ja biologisen kest\u00e4vyyden ja my\u00f6s luonnollisesti kauniin vaalean kullan s\u00e4vyn.<\/p>\n<p style=\"text-align: center;\">L\u00e4mp\u00f6k\u00e4sittely antaa kuuselle\u00a0<strong>korkeimman kest\u00e4vyys tason<\/strong>\u00a0(<a href=\"https:\/\/eklandwood.com\/wp-content\/uploads\/2020\/11\/ce-spruce-thermory.pdf\">luokka 1<\/a>), joka tarkoittaa sit\u00e4, ett\u00e4 se kest\u00e4\u00e4 vuosikymmeni\u00e4 kaikissa ilmasto-olosuhteissa. Prosessi lis\u00e4\u00e4 my\u00f6s kauniin kullanruskean s\u00e4vyn puulle.<\/p>\n<p style=\"text-align: center;\">Kuusen kosteuden imukyky v\u00e4henee l\u00e4mp\u00f6k\u00e4sittelyn seurauksena, mik\u00e4 v\u00e4hent\u00e4\u00e4 huomattavasti sen lahonkest\u00e4vyytt\u00e4.<\/p>\n<\/div><\/section><br \/>\n<div  style='height:10px' class='hr hr-invisible  av-desktop-hide av-medium-hide  avia-builder-el-7  el_after_av_textblock  el_before_av_hr '><span class='hr-inner ' ><span class='hr-inner-style'><\/span><\/span><\/div><br \/>\n<div  style='height:100px' class='hr hr-invisible  av-small-hide av-mini-hide  avia-builder-el-8  el_after_av_hr  avia-builder-el-last '><span class='hr-inner ' ><span class='hr-inner-style'><\/span><\/span><\/div><\/p><\/div><div class=\"flex_column av_one_half  no_margin flex_column_table_cell av-equal-height-column av-align-middle av-zero-column-padding   avia-builder-el-9  el_after_av_one_half  avia-builder-el-last  \" style='border-radius:0px; '><p><div  style='height:10px' class='hr hr-invisible   avia-builder-el-10  el_before_av_textblock  avia-builder-el-first '><span class='hr-inner ' ><span class='hr-inner-style'><\/span><\/span><\/div><br \/>\n<section class=\"av_textblock_section \"  itemscope=\"itemscope\" itemtype=\"https:\/\/schema.org\/CreativeWork\" ><div class='avia_textblock  '   itemprop=\"text\" ><h2 style=\"text-align: center;\">KUUSEN V\u00c4RI-IK\u00c4KEHITYS ILMAN \u00d6LJY\u00c4MIST\u00c4<\/h2>\n<\/div><\/section><br \/>\n<div  style=' margin-top:10px; margin-bottom:10px;'  class='hr hr-custom hr-center hr-icon-no   avia-builder-el-12  el_after_av_textblock  el_before_av_image '><span class='hr-inner  inner-border-av-border-fat' style=' width:180px; border-color:#000000;' ><span class='hr-inner-style'><\/span><\/span><\/div><br \/>\n<div  class='avia-image-container  av-styling-    avia-builder-el-13  el_after_av_hr  avia-builder-el-last  avia-align-center '  itemprop=\"image\" itemscope=\"itemscope\" itemtype=\"https:\/\/schema.org\/ImageObject\"  ><div class='avia-image-container-inner'><div class='avia-image-overlay-wrap'><img decoding=\"async\" class='wp-image-4804 avia-img-lazy-loading-not-4804 avia_image' src=\"https:\/\/eklandwood.com\/wp-content\/uploads\/2020\/12\/Spruce-Colour-Evolution-Photo-1030x687-1-845x321.png\" alt='Spruce Colour Evolution' title='Spruce Colour Evolution' height=\"321\" width=\"845\"  itemprop=\"thumbnailUrl\"  \/><\/div><\/div><\/div><\/p><\/div><\/div><!--close column table wrapper. Autoclose: 1 --><\/div><\/div><\/div><!-- close content main div --><\/div><\/div><div id='after_section_1'  class='main_color av_default_container_wrap container_wrap sidebar_right' style=' '  ><div class='container' ><div class='template-page content  av-content-small alpha units'><div class='post-entry post-entry-type-page post-entry-4895'><div class='entry-content-wrapper clearfix'><div class='flex_column_table av-equal-height-column-flextable -flextable' style='margin-top:0px; margin-bottom:0px; '><div class=\"flex_column av_one_half  avia-full-stretch no_margin flex_column_table_cell av-equal-height-column av-align-middle av-zero-column-padding first  avia-builder-el-14  el_after_av_section  el_before_av_hr  avia-builder-el-first  mobile-img \" style='background:url(https:\/\/eklandwood.com\/wp-content\/uploads\/2020\/12\/Spruce-Colour-Evolution-Photo-1030x687-1.png) center center no-repeat ; border-radius:0px; '><\/div><\/div><!--close column table wrapper. Autoclose: 1 --><\/p>\n<div  style='height:10px' class='hr hr-invisible   avia-builder-el-15  el_after_av_one_half  el_before_av_section  avia-builder-el-last '><span class='hr-inner ' ><span class='hr-inner-style'><\/span><\/span><\/div>\n<\/div><\/div><\/div><!-- close content main div --><\/div><\/div><div id='av_section_2'  class='avia-section main_color avia-section-default avia-no-border-styling  avia-bg-style-scroll  avia-builder-el-16  el_after_av_hr  el_before_av_hr   container_wrap sidebar_right' style='background-color: #f6f2ef;  '  ><div class='container' ><div class='template-page content  av-content-small alpha units'><div class='post-entry post-entry-type-page post-entry-4895'><div class='entry-content-wrapper clearfix'>\n<div class='flex_column_table av-equal-height-column-flextable -flextable' style='margin-top:0px; margin-bottom:0px; '><div class=\"flex_column av_one_half  avia-full-stretch no_margin flex_column_table_cell av-equal-height-column av-align-middle av-zero-column-padding first  avia-builder-el-17  el_before_av_one_half  avia-builder-el-first  mobile-img \" style='background:url(https:\/\/eklandwood.com\/wp-content\/uploads\/2023\/07\/4.-Spruce-background_credit.jpg) top right no-repeat  #fdf1e0; background-color:#fdf1e0; border-radius:0px; '><\/div><div class=\"flex_column av_one_half  no_margin flex_column_table_cell av-equal-height-column av-align-middle   avia-builder-el-18  el_after_av_one_half  avia-builder-el-last  mobile-padding \" style='padding:0px 100px 0px 100px ; border-radius:0px; '><p><div  style='height:10px' class='hr hr-invisible   avia-builder-el-19  el_before_av_hr  avia-builder-el-first '><span class='hr-inner ' ><span class='hr-inner-style'><\/span><\/span><\/div><br \/>\n<div  style='height:10px' class='hr hr-invisible   avia-builder-el-20  el_after_av_hr  el_before_av_hr '><span class='hr-inner ' ><span class='hr-inner-style'><\/span><\/span><\/div><br \/>\n<div  style='height:10px' class='hr hr-invisible   avia-builder-el-21  el_after_av_hr  el_before_av_textblock '><span class='hr-inner ' ><span class='hr-inner-style'><\/span><\/span><\/div><br \/>\n<section class=\"av_textblock_section \"  itemscope=\"itemscope\" itemtype=\"https:\/\/schema.org\/CreativeWork\" ><div class='avia_textblock  '   itemprop=\"text\" ><p>Puu on hankittu vastuullisesti hoidetuista metsist\u00e4, siin\u00e4 ei ole kemikaaleja ja se on eritt\u00e4in kest\u00e4v\u00e4\u00e4 ulkok\u00e4yt\u00f6ss\u00e4.<\/p>\n<p><strong>Alkuper\u00e4<\/strong>: Skandinavia<\/p>\n<p><strong>K\u00e4ytt\u00f6<\/strong>: Terassit ja verhoukset<\/p>\n<p><strong>Pintak\u00e4sittely<\/strong>: H\u00f6yl\u00e4tty, harjattu ja sahattu<\/p>\n<p><strong>\u00d6ljytt\u00e4minen<\/strong>: Valmiiksi \u00f6ljyttyj\u00e4 levyj\u00e4 on saatavilla<\/p>\n<p><strong>V\u00c4RIEN IK\u00c4\u00c4NTYMINEN<\/strong>: Auringonvalo ja sade vaikuttavat tuotteiden ik\u00e4\u00e4ntymisnopeuteen. Hoitamattomana kuusi muuttuu platinanharmaaksi.<\/p>\n<\/div><\/section><br \/>\n<div  style='height:10px' class='hr hr-invisible  av-desktop-hide av-medium-hide  avia-builder-el-23  el_after_av_textblock  el_before_av_hr '><span class='hr-inner ' ><span class='hr-inner-style'><\/span><\/span><\/div><br \/>\n<div  style='height:100px' class='hr hr-invisible  av-small-hide av-mini-hide  avia-builder-el-24  el_after_av_hr  avia-builder-el-last '><span class='hr-inner ' ><span class='hr-inner-style'><\/span><\/span><\/div><\/p><\/div><\/div><!--close column table wrapper. Autoclose: 1 --><\/div><\/div><\/div><!-- close content main div --><\/div><\/div><div id='after_section_2'  class='main_color av_default_container_wrap container_wrap sidebar_right' style=' '  ><div class='container' ><div class='template-page content  av-content-small alpha units'><div class='post-entry post-entry-type-page post-entry-4895'><div class='entry-content-wrapper clearfix'><div  style='height:10px' class='hr hr-invisible   avia-builder-el-25  el_after_av_section  avia-builder-el-no-sibling '><span class='hr-inner ' ><span class='hr-inner-style'><\/span><\/span><\/div><\/p>\n","protected":false},"excerpt":{"rendered":"","protected":false},"author":3,"featured_media":0,"parent":0,"menu_order":0,"comment_status":"closed","ping_status":"closed","template":"","meta":{"inline_featured_image":false,"footnotes":""},"class_list":["post-4895","page","type-page","status-publish","hentry"],"_links":{"self":[{"href":"https:\/\/eklandwood.com\/fi\/wp-json\/wp\/v2\/pages\/4895","targetHints":{"allow":["GET"]}}],"collection":[{"href":"https:\/\/eklandwood.com\/fi\/wp-json\/wp\/v2\/pages"}],"about":[{"href":"https:\/\/eklandwood.com\/fi\/wp-json\/wp\/v2\/types\/page"}],"author":[{"embeddable":true,"href":"https:\/\/eklandwood.com\/fi\/wp-json\/wp\/v2\/users\/3"}],"replies":[{"embeddable":true,"href":"https:\/\/eklandwood.com\/fi\/wp-json\/wp\/v2\/comments?post=4895"}],"version-history":[{"count":20,"href":"https:\/\/eklandwood.com\/fi\/wp-json\/wp\/v2\/pages\/4895\/revisions"}],"predecessor-version":[{"id":9695,"href":"https:\/\/eklandwood.com\/fi\/wp-json\/wp\/v2\/pages\/4895\/revisions\/9695"}],"wp:attachment":[{"href":"https:\/\/eklandwood.com\/fi\/wp-json\/wp\/v2\/media?parent=4895"}],"curies":[{"name":"wp","href":"https:\/\/api.w.org\/{rel}","templated":true}]}}