{"id":4892,"date":"2021-02-05T10:53:59","date_gmt":"2021-02-05T08:53:59","guid":{"rendered":"https:\/\/eklandwood.com\/oksaton-manty\/"},"modified":"2025-12-16T08:22:58","modified_gmt":"2025-12-16T06:22:58","slug":"oksaton-manty","status":"publish","type":"page","link":"https:\/\/eklandwood.com\/fi\/oksaton-manty\/","title":{"rendered":"OKSATON M\u00c4NTY"},"content":{"rendered":"<div  style='height:10px' class='hr hr-invisible   avia-builder-el-0  el_before_av_section  avia-builder-el-no-sibling '><span class='hr-inner ' ><span class='hr-inner-style'><\/span><\/span><\/div>\n<\/div><\/div><\/div><!-- close content main div --><\/div><\/div><div id='av_section_1'  class='avia-section main_color avia-section-default avia-no-border-styling  avia-bg-style-scroll  avia-builder-el-1  el_after_av_hr  el_before_av_hr   container_wrap sidebar_right' style='background-color: #f6f2ef;  '  ><div class='container' ><div class='template-page content  av-content-small alpha units'><div class='post-entry post-entry-type-page post-entry-4892'><div class='entry-content-wrapper clearfix'>\n<div class='flex_column_table av-equal-height-column-flextable -flextable' style='margin-top:0px; margin-bottom:0px; '><div class=\"flex_column av_one_half  no_margin flex_column_table_cell av-equal-height-column av-align-middle first  avia-builder-el-2  el_before_av_one_half  avia-builder-el-first  mobile-padding \" style='padding:0px 100px 0px 100px ; border-radius:0px; '><p><div  style='height:100px' class='hr hr-invisible   avia-builder-el-3  el_before_av_textblock  avia-builder-el-first '><span class='hr-inner ' ><span class='hr-inner-style'><\/span><\/span><\/div><br \/>\n<section class=\"av_textblock_section \"  itemscope=\"itemscope\" itemtype=\"https:\/\/schema.org\/CreativeWork\" ><div class='avia_textblock  '   itemprop=\"text\" ><h2 style=\"text-align: center;\">OKSATON M\u00c4NTY<\/h2>\n<\/div><\/section><br \/>\n<div  style=' margin-top:10px; margin-bottom:10px;'  class='hr hr-custom hr-center hr-icon-no   avia-builder-el-5  el_after_av_textblock  el_before_av_textblock '><span class='hr-inner  inner-border-av-border-fat' style=' width:180px; border-color:#000000;' ><span class='hr-inner-style'><\/span><\/span><\/div><br \/>\n<section class=\"av_textblock_section \"  itemscope=\"itemscope\" itemtype=\"https:\/\/schema.org\/CreativeWork\" ><div class='avia_textblock  '   itemprop=\"text\" ><p style=\"text-align: center;\">Oksaton M\u00e4nty, joka tunnetaan my\u00f6s nimell\u00e4 Radiata M\u00e4nty, on oksattominta havupuista ja siin\u00e4 on korkea lahonkest\u00e4vyys. (Luokka 2 kest\u00e4vyysluokka 20+ vuotta). L\u00e4mp\u00f6k\u00e4sitelty\u00e4 Oksatonta M\u00e4nty\u00e4 k\u00e4ytet\u00e4\u00e4n yleisesti sein\u00e4verhouksessa, sill\u00e4 se on oksattominta ja s\u00e4\u00e4nkest\u00e4v\u00e4\u00e4 kaikissa ilmastoissa.<\/p>\n<p style=\"text-align: center;\">L\u00e4mp\u00f6k\u00e4sittely nostaa Oksattoman M\u00e4nnyn biologista kest\u00e4vyytt\u00e4 (<a href=\"https:\/\/eklandwood.com\/wp-content\/uploads\/2020\/11\/ce-pine-exterior.pdf\">Luokka 2<\/a>), joka on eritt\u00e4in t\u00e4rke\u00e4\u00e4 ulkok\u00e4yt\u00f6ss\u00e4. Puun l\u00e4mp\u00f6k\u00e4sittely v\u00e4hent\u00e4\u00e4 kosteuden imukyky\u00e4, mik\u00e4 tekee siit\u00e4 lahonkest\u00e4v\u00e4n ja ideaalin vaihtoehdon ulkok\u00e4ytt\u00f6\u00f6n.<\/p>\n<p style=\"text-align: center;\">Kest\u00e4vyyden lis\u00e4ksi l\u00e4mp\u00f6k\u00e4sitelty Oksaton M\u00e4nty on ymp\u00e4rist\u00f6yst\u00e4v\u00e4llist\u00e4 sill\u00e4 l\u00e4mp\u00f6k\u00e4sittelyss\u00e4 ei ole kemikaaleja, ja siit\u00e4 syntyv\u00e4 j\u00e4te ei ole ymp\u00e4rist\u00f6lle haitallista. L\u00e4mp\u00f6k\u00e4sittely my\u00f6s antaa kullanruskean s\u00e4vyn Oksattomaan M\u00e4ntyyn.<\/p>\n<\/div><\/section><br \/>\n<div  style='height:10px' class='hr hr-invisible  av-desktop-hide av-medium-hide  avia-builder-el-7  el_after_av_textblock  el_before_av_hr '><span class='hr-inner ' ><span class='hr-inner-style'><\/span><\/span><\/div><br \/>\n<div  style='height:50px' class='hr hr-invisible   avia-builder-el-8  el_after_av_hr  avia-builder-el-last '><span class='hr-inner ' ><span class='hr-inner-style'><\/span><\/span><\/div><\/p><\/div><div class=\"flex_column av_one_half  no_margin flex_column_table_cell av-equal-height-column av-align-middle av-zero-column-padding   avia-builder-el-9  el_after_av_one_half  avia-builder-el-last  \" style='border-radius:0px; '><section class=\"av_textblock_section \"  itemscope=\"itemscope\" itemtype=\"https:\/\/schema.org\/CreativeWork\" ><div class='avia_textblock  '   itemprop=\"text\" ><h2 style=\"text-align: center;\">OKSATTOMAN M\u00c4NNYN S\u00c4VYMUUTOS ILMAN \u00d6LJY\u00c4MIST\u00c4<\/h2>\n<\/div><\/section><br \/>\n<div  style=' margin-top:10px; margin-bottom:30px;'  class='hr hr-custom hr-center hr-icon-no   avia-builder-el-11  el_after_av_textblock  el_before_av_image '><span class='hr-inner  inner-border-av-border-fat' style=' width:180px; border-color:#000000;' ><span class='hr-inner-style'><\/span><\/span><\/div><br \/>\n<div  class='avia-image-container  av-styling-no-styling    avia-builder-el-12  el_after_av_hr  el_before_av_hr  avia-align-center '  itemprop=\"image\" itemscope=\"itemscope\" itemtype=\"https:\/\/schema.org\/ImageObject\"  ><div class='avia-image-container-inner'><div class='avia-image-overlay-wrap'><img decoding=\"async\" class='wp-image-4082 avia-img-lazy-loading-not-4082 avia_image' src=\"https:\/\/eklandwood.com\/wp-content\/uploads\/2020\/11\/Clear-Pine-Colour-Evolution-Photo-1030x147.jpg\" alt='Oksattoman m\u00e4nnyn v\u00e4ri-ik\u00e4kehitys valokuva' title='Oksattoman m\u00e4nnyn v\u00e4ri-ik\u00e4kehitys valokuva' height=\"147\" width=\"1030\"  itemprop=\"thumbnailUrl\" srcset=\"https:\/\/eklandwood.com\/wp-content\/uploads\/2020\/11\/Clear-Pine-Colour-Evolution-Photo-1030x147.jpg 1030w, https:\/\/eklandwood.com\/wp-content\/uploads\/2020\/11\/Clear-Pine-Colour-Evolution-Photo-300x43.jpg 300w, https:\/\/eklandwood.com\/wp-content\/uploads\/2020\/11\/Clear-Pine-Colour-Evolution-Photo-768x110.jpg 768w, https:\/\/eklandwood.com\/wp-content\/uploads\/2020\/11\/Clear-Pine-Colour-Evolution-Photo-1536x219.jpg 1536w, https:\/\/eklandwood.com\/wp-content\/uploads\/2020\/11\/Clear-Pine-Colour-Evolution-Photo-1500x214.jpg 1500w, https:\/\/eklandwood.com\/wp-content\/uploads\/2020\/11\/Clear-Pine-Colour-Evolution-Photo-705x101.jpg 705w, https:\/\/eklandwood.com\/wp-content\/uploads\/2020\/11\/Clear-Pine-Colour-Evolution-Photo.jpg 1626w\" sizes=\"(max-width: 1030px) 100vw, 1030px\" \/><\/div><\/div><\/div><br \/>\n<div  style='height:50px' class='hr hr-invisible   avia-builder-el-13  el_after_av_image  avia-builder-el-last '><span class='hr-inner ' ><span class='hr-inner-style'><\/span><\/span><\/div><\/p><\/div><\/div><!--close column table wrapper. Autoclose: 1 --><\/div><\/div><\/div><!-- close content main div --><\/div><\/div><div id='after_section_1'  class='main_color av_default_container_wrap container_wrap sidebar_right' style=' '  ><div class='container' ><div class='template-page content  av-content-small alpha units'><div class='post-entry post-entry-type-page post-entry-4892'><div class='entry-content-wrapper clearfix'><div  style='height:10px' class='hr hr-invisible   avia-builder-el-14  el_after_av_section  el_before_av_section  avia-builder-el-no-sibling '><span class='hr-inner ' ><span class='hr-inner-style'><\/span><\/span><\/div><\/p>\n<\/div><\/div><\/div><!-- close content main div --><\/div><\/div><div id='av_section_2'  class='avia-section main_color avia-section-default avia-no-border-styling  avia-bg-style-scroll  avia-builder-el-15  el_after_av_hr  el_before_av_hr   container_wrap sidebar_right' style='background-color: #f6f2ef;  '  ><div class='container' ><div class='template-page content  av-content-small alpha units'><div class='post-entry post-entry-type-page post-entry-4892'><div class='entry-content-wrapper clearfix'>\n<div class='flex_column_table av-equal-height-column-flextable -flextable' style='margin-top:0px; margin-bottom:0px; '><div class=\"flex_column av_one_half  avia-full-stretch no_margin flex_column_table_cell av-equal-height-column av-align-middle av-zero-column-padding first  avia-builder-el-16  el_before_av_one_half  avia-builder-el-first  mobile-img \" style='background:url(https:\/\/eklandwood.com\/wp-content\/uploads\/2023\/07\/3.-New-Zealand-background_credit.jpg) bottom right no-repeat  #fdf1e0; background-color:#fdf1e0; border-radius:0px; '><\/div><div class=\"flex_column av_one_half  no_margin flex_column_table_cell av-equal-height-column av-align-middle   avia-builder-el-17  el_after_av_one_half  avia-builder-el-last  mobile-padding \" style='padding:0px 100px 0px 100px ; border-radius:0px; '><p><div  style='height:10px' class='hr hr-invisible   avia-builder-el-18  el_before_av_hr  avia-builder-el-first '><span class='hr-inner ' ><span class='hr-inner-style'><\/span><\/span><\/div><br \/>\n<div  style='height:10px' class='hr hr-invisible   avia-builder-el-19  el_after_av_hr  el_before_av_hr '><span class='hr-inner ' ><span class='hr-inner-style'><\/span><\/span><\/div><br \/>\n<div  style='height:10px' class='hr hr-invisible   avia-builder-el-20  el_after_av_hr  el_before_av_textblock '><span class='hr-inner ' ><span class='hr-inner-style'><\/span><\/span><\/div><br \/>\n<section class=\"av_textblock_section \"  itemscope=\"itemscope\" itemtype=\"https:\/\/schema.org\/CreativeWork\" ><div class='avia_textblock  '   itemprop=\"text\" ><p>Oikeaa asennustekniikkaa k\u00e4ytt\u00e4en l\u00e4mp\u00f6k\u00e4sitelty Oksaton M\u00e4nty kest\u00e4\u00e4 lahoamista jopa 25 vuoden ajan. Paremman kest\u00e4vyyden takaamiseksi suosittelemme ennen asennusta k\u00e4sittelem\u00e4\u00e4n kaikki nelj\u00e4 sivua \u00f6ljyll\u00e4.<\/p>\n<p><strong>Alkuper\u00e4<\/strong>: Uusi-Seelanti<\/p>\n<p><strong>K\u00e4ytt\u00f6<\/strong>: Verhoukset<\/p>\n<p><strong>Pintak\u00e4sittely<\/strong>: H\u00f6yl\u00e4tty ja harjattu<\/p>\n<p><strong>\u00d6ljy\u00e4minen:<\/strong>\u00a0Valmiiksi \u00f6ljyttyj\u00e4 paneeleita on saatavilla<\/p>\n<p><strong>V\u00c4RIEN IK\u00c4\u00c4NTYMINEN<\/strong>: Auringonvalo ja sade vaikuttavat tuotteiden ik\u00e4\u00e4ntymisnopeuteen. K\u00e4sittelem\u00e4tt\u00f6m\u00e4n\u00e4 oksaton m\u00e4nty muuttuu platinanharmaaksi.<\/p>\n<\/div><\/section><br \/>\n<div  style='height:10px' class='hr hr-invisible  av-desktop-hide av-medium-hide  avia-builder-el-22  el_after_av_textblock  el_before_av_hr '><span class='hr-inner ' ><span class='hr-inner-style'><\/span><\/span><\/div><br \/>\n<div  style='height:100px' class='hr hr-invisible  av-small-hide av-mini-hide  avia-builder-el-23  el_after_av_hr  avia-builder-el-last '><span class='hr-inner ' ><span class='hr-inner-style'><\/span><\/span><\/div><\/p><\/div><\/div><!--close column table wrapper. Autoclose: 1 -->\n<\/div><\/div><\/div><!-- close content main div --><\/div><\/div><div id='after_section_2'  class='main_color av_default_container_wrap container_wrap sidebar_right' style=' '  ><div class='container' ><div class='template-page content  av-content-small alpha units'><div class='post-entry post-entry-type-page post-entry-4892'><div class='entry-content-wrapper clearfix'>\n<div  style='height:10px' class='hr hr-invisible   avia-builder-el-24  el_after_av_section  avia-builder-el-no-sibling '><span class='hr-inner ' ><span class='hr-inner-style'><\/span><\/span><\/div>\n","protected":false},"excerpt":{"rendered":"","protected":false},"author":3,"featured_media":0,"parent":0,"menu_order":0,"comment_status":"closed","ping_status":"closed","template":"","meta":{"inline_featured_image":false,"footnotes":""},"class_list":["post-4892","page","type-page","status-publish","hentry"],"_links":{"self":[{"href":"https:\/\/eklandwood.com\/fi\/wp-json\/wp\/v2\/pages\/4892","targetHints":{"allow":["GET"]}}],"collection":[{"href":"https:\/\/eklandwood.com\/fi\/wp-json\/wp\/v2\/pages"}],"about":[{"href":"https:\/\/eklandwood.com\/fi\/wp-json\/wp\/v2\/types\/page"}],"author":[{"embeddable":true,"href":"https:\/\/eklandwood.com\/fi\/wp-json\/wp\/v2\/users\/3"}],"replies":[{"embeddable":true,"href":"https:\/\/eklandwood.com\/fi\/wp-json\/wp\/v2\/comments?post=4892"}],"version-history":[{"count":33,"href":"https:\/\/eklandwood.com\/fi\/wp-json\/wp\/v2\/pages\/4892\/revisions"}],"predecessor-version":[{"id":12518,"href":"https:\/\/eklandwood.com\/fi\/wp-json\/wp\/v2\/pages\/4892\/revisions\/12518"}],"wp:attachment":[{"href":"https:\/\/eklandwood.com\/fi\/wp-json\/wp\/v2\/media?parent=4892"}],"curies":[{"name":"wp","href":"https:\/\/api.w.org\/{rel}","templated":true}]}}