{"id":4889,"date":"2021-02-05T10:31:37","date_gmt":"2021-02-05T08:31:37","guid":{"rendered":"https:\/\/eklandwood.com\/manty\/"},"modified":"2024-05-15T10:11:11","modified_gmt":"2024-05-15T07:11:11","slug":"manty","status":"publish","type":"page","link":"https:\/\/eklandwood.com\/fi\/manty\/","title":{"rendered":"M\u00c4NTY"},"content":{"rendered":"<div  style='height:10px' class='hr hr-invisible   avia-builder-el-0  el_before_av_section  avia-builder-el-no-sibling '><span class='hr-inner ' ><span class='hr-inner-style'><\/span><\/span><\/div>\n<\/div><\/div><\/div><!-- close content main div --><\/div><\/div><div id='av_section_1'  class='avia-section main_color avia-section-default avia-no-border-styling  avia-bg-style-scroll  avia-builder-el-1  el_after_av_hr  el_before_av_hr   container_wrap sidebar_right' style='background-color: #f6f2ef;  '  ><div class='container' ><div class='template-page content  av-content-small alpha units'><div class='post-entry post-entry-type-page post-entry-4889'><div class='entry-content-wrapper clearfix'>\n<div class='flex_column_table av-equal-height-column-flextable -flextable' style='margin-top:0px; margin-bottom:0px; '><div class=\"flex_column av_one_half  no_margin flex_column_table_cell av-equal-height-column av-align-middle first  avia-builder-el-2  el_before_av_one_half  avia-builder-el-first  mobile-padding \" style='padding:0px 100px 0px 100px ; border-radius:0px; '><p><div  style='height:100px' class='hr hr-invisible   avia-builder-el-3  el_before_av_textblock  avia-builder-el-first '><span class='hr-inner ' ><span class='hr-inner-style'><\/span><\/span><\/div><br \/>\n<section class=\"av_textblock_section \"  itemscope=\"itemscope\" itemtype=\"https:\/\/schema.org\/CreativeWork\" ><div class='avia_textblock  '   itemprop=\"text\" ><h2 style=\"text-align: center;\">M\u00c4NTY<\/h2>\n<\/div><\/section><br \/>\n<div  style=' margin-top:10px; margin-bottom:10px;'  class='hr hr-custom hr-center hr-icon-no   avia-builder-el-5  el_after_av_textblock  el_before_av_textblock '><span class='hr-inner  inner-border-av-border-fat' style=' width:180px; border-color:#000000;' ><span class='hr-inner-style'><\/span><\/span><\/div><br \/>\n<section class=\"av_textblock_section \"  itemscope=\"itemscope\" itemtype=\"https:\/\/schema.org\/CreativeWork\" ><div class='avia_textblock  '   itemprop=\"text\" ><p style=\"text-align: center;\">L\u00e4mp\u00f6k\u00e4sitelty m\u00e4nty yhdist\u00e4\u00e4 tavallisen m\u00e4nnyn rustiikkisen ilmeen pitk\u00e4kestoisempaan ja kest\u00e4v\u00e4\u00e4n\u00a0 tulokseen.\u00a0L\u00e4mp\u00f6k\u00e4sittely lis\u00e4\u00e4 m\u00e4nnyn biologista kest\u00e4vyytt\u00e4 (Luokka 2), mik\u00e4 on eritt\u00e4in t\u00e4rke\u00e4\u00e4 ulkok\u00e4yt\u00f6ss\u00e4.<\/p>\n<p style=\"text-align: center;\">L\u00e4mp\u00f6k\u00e4sitellyll\u00e4 puulla on alhaisempi kosteuden imukyky ja sen seurauksena siin\u00e4 on v\u00e4hemm\u00e4n kosteuden aiheuttamia muutoksia. T\u00e4m\u00e4n takia se on loistava valinta ulkok\u00e4ytt\u00f6\u00f6n.<\/p>\n<p style=\"text-align: center;\">L\u00e4mp\u00f6k\u00e4sittelyprosessi antaa m\u00e4nnylle kauniin kullanruskean s\u00e4vyn. Kest\u00e4vyyden lis\u00e4ksi l\u00e4mp\u00f6k\u00e4sitelty puu on ymp\u00e4rist\u00f6yst\u00e4v\u00e4llist\u00e4 sill\u00e4 siin\u00e4 ei ole kemikaaleja, ja siit\u00e4 syntyv\u00e4 j\u00e4te ei ole haitallista ymp\u00e4rist\u00f6lle.<\/p>\n<p style=\"text-align: center;\">Puu on hankittu vastuullisesti hoidetuista metsist\u00e4, siin\u00e4 ei ole kemikaaleja ja se on eritt\u00e4in kest\u00e4v\u00e4\u00e4 ulkok\u00e4yt\u00f6ss\u00e4.<\/p>\n<\/div><\/section><br \/>\n<div  style='height:30px' class='hr hr-invisible  av-desktop-hide av-medium-hide  avia-builder-el-7  el_after_av_textblock  el_before_av_hr '><span class='hr-inner ' ><span class='hr-inner-style'><\/span><\/span><\/div><br \/>\n<div  style='height:50px' class='hr hr-invisible  av-small-hide av-mini-hide  avia-builder-el-8  el_after_av_hr  avia-builder-el-last '><span class='hr-inner ' ><span class='hr-inner-style'><\/span><\/span><\/div><\/p><\/div><div class=\"flex_column av_one_half  no_margin flex_column_table_cell av-equal-height-column av-align-middle av-zero-column-padding   avia-builder-el-9  el_after_av_one_half  avia-builder-el-last  \" style='border-radius:0px; '><section class=\"av_textblock_section \"  itemscope=\"itemscope\" itemtype=\"https:\/\/schema.org\/CreativeWork\" ><div class='avia_textblock  '   itemprop=\"text\" ><h2 style=\"text-align: center;\">M\u00e4nnyn v\u00e4ri-ik\u00e4kehitys,<br \/>\nIlman \u00f6ljy\u00e4mist\u00e4<\/h2>\n<\/div><\/section><br \/>\n<div  style=' margin-top:20px; margin-bottom:30px;'  class='hr hr-custom hr-center hr-icon-no   avia-builder-el-11  el_after_av_textblock  el_before_av_image '><span class='hr-inner  inner-border-av-border-fat' style=' width:180px; border-color:#000000;' ><span class='hr-inner-style'><\/span><\/span><\/div><br \/>\n<div  class='avia-image-container  av-styling-    avia-builder-el-12  el_after_av_hr  avia-builder-el-last  avia-align-center '  itemprop=\"image\" itemscope=\"itemscope\" itemtype=\"https:\/\/schema.org\/ImageObject\"  ><div class='avia-image-container-inner'><div class='avia-image-overlay-wrap'><img decoding=\"async\" class='wp-image-4076 avia-img-lazy-loading-not-4076 avia_image' src=\"https:\/\/eklandwood.com\/wp-content\/uploads\/2020\/11\/Pine-Colour-Evolution-Chart-1030x148.jpg\" alt='Pine Colour Evolution Chart' title='Pine Colour Evolution Chart' height=\"148\" width=\"1030\"  itemprop=\"thumbnailUrl\" srcset=\"https:\/\/eklandwood.com\/wp-content\/uploads\/2020\/11\/Pine-Colour-Evolution-Chart-1030x148.jpg 1030w, https:\/\/eklandwood.com\/wp-content\/uploads\/2020\/11\/Pine-Colour-Evolution-Chart-300x43.jpg 300w, https:\/\/eklandwood.com\/wp-content\/uploads\/2020\/11\/Pine-Colour-Evolution-Chart-768x110.jpg 768w, https:\/\/eklandwood.com\/wp-content\/uploads\/2020\/11\/Pine-Colour-Evolution-Chart-1536x220.jpg 1536w, https:\/\/eklandwood.com\/wp-content\/uploads\/2020\/11\/Pine-Colour-Evolution-Chart-1500x215.jpg 1500w, https:\/\/eklandwood.com\/wp-content\/uploads\/2020\/11\/Pine-Colour-Evolution-Chart-705x101.jpg 705w, https:\/\/eklandwood.com\/wp-content\/uploads\/2020\/11\/Pine-Colour-Evolution-Chart.jpg 1627w\" sizes=\"(max-width: 1030px) 100vw, 1030px\" \/><\/div><\/div><\/div><\/p><\/div><\/div><!--close column table wrapper. Autoclose: 1 -->\n<\/div><\/div><\/div><!-- close content main div --><\/div><\/div><div id='after_section_1'  class='main_color av_default_container_wrap container_wrap sidebar_right' style=' '  ><div class='container' ><div class='template-page content  av-content-small alpha units'><div class='post-entry post-entry-type-page post-entry-4889'><div class='entry-content-wrapper clearfix'>\n<div  style='height:10px' class='hr hr-invisible   avia-builder-el-13  el_after_av_section  el_before_av_section  avia-builder-el-no-sibling '><span class='hr-inner ' ><span class='hr-inner-style'><\/span><\/span><\/div>\n<\/div><\/div><\/div><!-- close content main div --><\/div><\/div><div id='av_section_2'  class='avia-section main_color avia-section-default avia-no-border-styling  avia-bg-style-scroll  avia-builder-el-14  el_after_av_hr  el_before_av_hr   container_wrap sidebar_right' style='background-color: #f6f2ef;  '  ><div class='container' ><div class='template-page content  av-content-small alpha units'><div class='post-entry post-entry-type-page post-entry-4889'><div class='entry-content-wrapper clearfix'>\n<div class='flex_column_table av-equal-height-column-flextable -flextable' style='margin-top:0px; margin-bottom:0px; '><div class=\"flex_column av_one_half  avia-full-stretch no_margin flex_column_table_cell av-equal-height-column av-align-middle av-zero-column-padding first  avia-builder-el-15  el_before_av_one_half  avia-builder-el-first  mobile-img \" style='background:url(https:\/\/eklandwood.com\/wp-content\/uploads\/2023\/06\/Paide-riigigumnaasium-4-1030x773.jpg) center center no-repeat  #fdf1e0; background-color:#fdf1e0; border-radius:0px; '><\/div><div class=\"flex_column av_one_half  no_margin flex_column_table_cell av-equal-height-column av-align-middle   avia-builder-el-16  el_after_av_one_half  avia-builder-el-last  mobile-padding \" style='padding:0px 100px 0px 100px ; border-radius:0px; '><p><div  style='height:10px' class='hr hr-invisible   avia-builder-el-17  el_before_av_hr  avia-builder-el-first '><span class='hr-inner ' ><span class='hr-inner-style'><\/span><\/span><\/div><br \/>\n<div  style='height:10px' class='hr hr-invisible   avia-builder-el-18  el_after_av_hr  el_before_av_hr '><span class='hr-inner ' ><span class='hr-inner-style'><\/span><\/span><\/div><br \/>\n<div  style='height:10px' class='hr hr-invisible   avia-builder-el-19  el_after_av_hr  el_before_av_textblock '><span class='hr-inner ' ><span class='hr-inner-style'><\/span><\/span><\/div><br \/>\n<section class=\"av_textblock_section \"  itemscope=\"itemscope\" itemtype=\"https:\/\/schema.org\/CreativeWork\" ><div class='avia_textblock  '   itemprop=\"text\" ><p>Luonnollisesti vaalea v\u00e4ris\u00e4vy, erottuvia oksia tai korkein lahonkest\u00e4vyys (luokka 2 kest\u00e4vyysluokka 20+ vuotta) havupuiden markkinoilla.<\/p>\n<p><strong>Alkuper\u00e4<\/strong>: Skandinavia<\/p>\n<p><strong>K\u00e4ytt\u00f6<\/strong>: Terassit ja verhoukset<\/p>\n<p><strong>Pintak\u00e4sittely<\/strong>: H\u00f6yl\u00e4tty, harjattu ja sahattu.<\/p>\n<p><strong>\u00d6ljy\u00e4minen:<\/strong>\u00a0valmiiksi \u00f6ljyttyj\u00e4 paneeleita on saatavilla<\/p>\n<p><strong>V\u00e4rien ik\u00e4\u00e4ntyminen<\/strong>: Auringonvalo ja sade vaikuttavat tuotteiden ik\u00e4\u00e4ntymisnopeuteen. K\u00e4sittelem\u00e4tt\u00f6m\u00e4n\u00e4 m\u00e4nty muuttuu platinanharmaaksi.<\/p>\n<\/div><\/section><br \/>\n<div  style='height:10px' class='hr hr-invisible  av-desktop-hide av-medium-hide  avia-builder-el-21  el_after_av_textblock  el_before_av_hr '><span class='hr-inner ' ><span class='hr-inner-style'><\/span><\/span><\/div><br \/>\n<div  style='height:100px' class='hr hr-invisible  av-small-hide av-mini-hide  avia-builder-el-22  el_after_av_hr  avia-builder-el-last '><span class='hr-inner ' ><span class='hr-inner-style'><\/span><\/span><\/div><\/p><\/div><\/div><!--close column table wrapper. Autoclose: 1 --><\/div><\/div><\/div><!-- close content main div --><\/div><\/div><div id='after_section_2'  class='main_color av_default_container_wrap container_wrap sidebar_right' style=' '  ><div class='container' ><div class='template-page content  av-content-small alpha units'><div class='post-entry post-entry-type-page post-entry-4889'><div class='entry-content-wrapper clearfix'><div  style='height:10px' class='hr hr-invisible   avia-builder-el-23  el_after_av_section  avia-builder-el-no-sibling '><span class='hr-inner ' ><span class='hr-inner-style'><\/span><\/span><\/div><\/p>\n","protected":false},"excerpt":{"rendered":"","protected":false},"author":3,"featured_media":0,"parent":0,"menu_order":0,"comment_status":"closed","ping_status":"closed","template":"","meta":{"inline_featured_image":false,"footnotes":""},"class_list":["post-4889","page","type-page","status-publish","hentry"],"_links":{"self":[{"href":"https:\/\/eklandwood.com\/fi\/wp-json\/wp\/v2\/pages\/4889","targetHints":{"allow":["GET"]}}],"collection":[{"href":"https:\/\/eklandwood.com\/fi\/wp-json\/wp\/v2\/pages"}],"about":[{"href":"https:\/\/eklandwood.com\/fi\/wp-json\/wp\/v2\/types\/page"}],"author":[{"embeddable":true,"href":"https:\/\/eklandwood.com\/fi\/wp-json\/wp\/v2\/users\/3"}],"replies":[{"embeddable":true,"href":"https:\/\/eklandwood.com\/fi\/wp-json\/wp\/v2\/comments?post=4889"}],"version-history":[{"count":35,"href":"https:\/\/eklandwood.com\/fi\/wp-json\/wp\/v2\/pages\/4889\/revisions"}],"predecessor-version":[{"id":11101,"href":"https:\/\/eklandwood.com\/fi\/wp-json\/wp\/v2\/pages\/4889\/revisions\/11101"}],"wp:attachment":[{"href":"https:\/\/eklandwood.com\/fi\/wp-json\/wp\/v2\/media?parent=4889"}],"curies":[{"name":"wp","href":"https:\/\/api.w.org\/{rel}","templated":true}]}}