{"id":12624,"date":"2026-02-13T09:19:32","date_gmt":"2026-02-13T07:19:32","guid":{"rendered":"https:\/\/eklandwood.com\/piharakennukset\/"},"modified":"2026-02-13T11:10:38","modified_gmt":"2026-02-13T09:10:38","slug":"piharakennukset","status":"publish","type":"page","link":"https:\/\/eklandwood.com\/fi\/piharakennukset\/","title":{"rendered":"Piharakennukset"},"content":{"rendered":"<div  style='height:10px' class='hr hr-invisible   avia-builder-el-0  el_before_av_section  avia-builder-el-no-sibling '><span class='hr-inner ' ><span class='hr-inner-style'><\/span><\/span><\/div>\n<\/div><\/div><\/div><!-- close content main div --><\/div><\/div><div id='av_section_1'  class='avia-section main_color avia-section-default avia-no-border-styling  avia-bg-style-scroll  avia-builder-el-1  el_after_av_hr  el_before_av_hr   container_wrap sidebar_right' style='background-color: #f6f2ef;  '  ><div class='container' ><div class='template-page content  av-content-small alpha units'><div class='post-entry post-entry-type-page post-entry-12624'><div class='entry-content-wrapper clearfix'>\n<div class='flex_column_table av-equal-height-column-flextable -flextable' style='margin-top:0px; margin-bottom:0px; '><div class=\"flex_column av_one_half  no_margin flex_column_table_cell av-equal-height-column av-align-middle first  avia-builder-el-2  el_before_av_one_half  avia-builder-el-first  mobile-padding \" style='padding:0px 100px 0px 100px ; border-radius:0px; '><p><div  style='height:100px' class='hr hr-invisible   avia-builder-el-3  el_before_av_textblock  avia-builder-el-first '><span class='hr-inner ' ><span class='hr-inner-style'><\/span><\/span><\/div><br \/>\n<section class=\"av_textblock_section \"  itemscope=\"itemscope\" itemtype=\"https:\/\/schema.org\/CreativeWork\" ><div class='avia_textblock  '   itemprop=\"text\" ><h2 style=\"text-align: center;\">Piharakennukset<\/h2>\n<\/div><\/section><br \/>\n<div  style=' margin-top:10px; margin-bottom:10px;'  class='hr hr-custom hr-center hr-icon-no   avia-builder-el-5  el_after_av_textblock  el_before_av_textblock '><span class='hr-inner  inner-border-av-border-fat' style=' width:180px; border-color:#000000;' ><span class='hr-inner-style'><\/span><\/span><\/div><br \/>\n<section class=\"av_textblock_section \"  itemscope=\"itemscope\" itemtype=\"https:\/\/schema.org\/CreativeWork\" ><div class='avia_textblock  '   itemprop=\"text\" ><p style=\"text-align: center;\">L\u00e4mp\u00f6k\u00e4sitelty puu ja hiilletty puu soveltuvat erinomaisesti pihastudioiden ja kotitoimistojen verhoukseen.\u00a0N\u00e4it\u00e4 monik\u00e4ytt\u00f6isi\u00e4 tiloja voidaan k\u00e4ytt\u00e4\u00e4 perheen ja yst\u00e4vien kestitsemiseen, harrastetiloina, vierassviittein\u00e4 tai lasten leikkihuoneina.<\/p>\n<p style=\"text-align: center;\">Yhteisty\u00f6ss\u00e4 arvostetun arkkitehtitoimiston George &amp; James Architects kanssa toimitimme hiilletty\u00e4 ja harjattua it\u00e4valtalaista lehtikuusta pihastudioprojektiin Godalmingin l\u00e4helle. Kohde on esitetty oikealla olevassa kuvassa.<\/p>\n<\/div><\/section><br \/>\n<div  style='height:30px' class='hr hr-invisible  av-desktop-hide av-medium-hide  avia-builder-el-7  el_after_av_textblock  el_before_av_hr '><span class='hr-inner ' ><span class='hr-inner-style'><\/span><\/span><\/div><br \/>\n<div  style='height:50px' class='hr hr-invisible  av-small-hide av-mini-hide  avia-builder-el-8  el_after_av_hr  avia-builder-el-last '><span class='hr-inner ' ><span class='hr-inner-style'><\/span><\/span><\/div><\/p><\/div><div class=\"flex_column av_one_half  no_margin flex_column_table_cell av-equal-height-column av-align-middle av-zero-column-padding   avia-builder-el-9  el_after_av_one_half  avia-builder-el-last  \" style='border-radius:0px; '><div  class='avia-gallery  avia-gallery-1 avia_lazyload avia-gallery-animate avia_animate_when_visible  avia-builder-el-10  avia-builder-el-no-sibling '  itemprop=\"image\" itemscope=\"itemscope\" itemtype=\"https:\/\/schema.org\/ImageObject\" ><div class='avia-gallery-thumb'> <a href='https:\/\/eklandwood.com\/wp-content\/uploads\/2025\/03\/George-and-James-charred-wood-project-1-e1742197281832.jpeg' data-rel='gallery-1' data-prev-img='https:\/\/eklandwood.com\/wp-content\/uploads\/2025\/03\/George-and-James-charred-wood-project-1-495x400.jpeg' class='first_thumb lightbox ' data-onclick='1' title='Product: Austrian Larch, charred, brushed and oiled. Architects: George &#038; James Architects'  itemprop=\"thumbnailUrl\"  ><img decoding=\"async\" class=\"wp-image-11166 avia-img-lazy-loading-not-11166\"  data-avia-tooltip='Product: Austrian Larch, charred, brushed and oiled. Architects: George &#038; James Architects' src=\"https:\/\/eklandwood.com\/wp-content\/uploads\/2025\/03\/George-and-James-charred-wood-project-1-710x375.jpeg\" width=\"710\" height=\"375\"  title='Product: Austrian Larch, charred, brushed and oiled. Architects: George &amp; James Architects' alt='Private house, Sweden' \/><\/a> <a href='https:\/\/eklandwood.com\/wp-content\/uploads\/2025\/11\/Charred-Austrian-Larch-Garden-Room-833x1030.jpeg' data-rel='gallery-1' data-prev-img='https:\/\/eklandwood.com\/wp-content\/uploads\/2025\/11\/Charred-Austrian-Larch-Garden-Room-495x400.jpeg' class='lightbox ' data-onclick='2' title='Product: Austrian Larch, charred, brushed and oiled. Architects: George &amp; James Architects'  itemprop=\"thumbnailUrl\"  ><img decoding=\"async\" class=\"wp-image-12423 avia-img-lazy-loading-not-12423\"   src=\"https:\/\/eklandwood.com\/wp-content\/uploads\/2025\/11\/Charred-Austrian-Larch-Garden-Room-710x375.jpeg\" width=\"710\" height=\"375\"  title='Product: Austrian Larch, charred, brushed and oiled. Architects: George &amp; James Architects' alt='' \/><\/a> <a href='https:\/\/eklandwood.com\/wp-content\/uploads\/2025\/11\/Charred-Austrian-Larch-Garden-Room-close-up-825x1030.jpeg' data-rel='gallery-1' data-prev-img='https:\/\/eklandwood.com\/wp-content\/uploads\/2025\/11\/Charred-Austrian-Larch-Garden-Room-close-up-495x400.jpeg' class='first_thumb lightbox ' data-onclick='3' title='Product: Austrian Larch, charred, brushed and oiled. Architects: George &#038; James Architects'  itemprop=\"thumbnailUrl\"  ><img decoding=\"async\" class=\"wp-image-12424 avia-img-lazy-loading-not-12424\"  data-avia-tooltip='Product: Austrian Larch, charred, brushed and oiled. Architects: George &#038; James Architects' src=\"https:\/\/eklandwood.com\/wp-content\/uploads\/2025\/11\/Charred-Austrian-Larch-Garden-Room-close-up-710x375.jpeg\" width=\"710\" height=\"375\"  title='Product: Austrian Larch, charred, brushed and oiled. Architects: George &amp; James Architects' alt='' \/><\/a> <a href='https:\/\/eklandwood.com\/wp-content\/uploads\/2025\/03\/Garden-room-Surrey-England.jpg' data-rel='gallery-1' data-prev-img='https:\/\/eklandwood.com\/wp-content\/uploads\/2025\/03\/Garden-room-Surrey-England-495x400.jpg' class='lightbox ' data-onclick='4' title='Product: Austrian Larch, charred, brushed and oiled. Architects: George &#038; James Architects'  itemprop=\"thumbnailUrl\"  ><img decoding=\"async\" class=\"wp-image-11200 avia-img-lazy-loading-not-11200\"  data-avia-tooltip='Product: Austrian Larch, charred, brushed and oiled. Architects: George &#038; James Architects' src=\"https:\/\/eklandwood.com\/wp-content\/uploads\/2025\/03\/Garden-room-Surrey-England-710x375.jpg\" width=\"710\" height=\"375\"  title='Product: Austrian Larch, charred, brushed and oiled. Architects: George &amp; James Architects' alt='' \/><\/a><\/div><\/div><\/div><\/div><!--close column table wrapper. Autoclose: 1 -->\n<\/div><\/div><\/div><!-- close content main div --><\/div><\/div><div id='after_section_1'  class='main_color av_default_container_wrap container_wrap sidebar_right' style=' '  ><div class='container' ><div class='template-page content  av-content-small alpha units'><div class='post-entry post-entry-type-page post-entry-12624'><div class='entry-content-wrapper clearfix'>\n<div  style='height:10px' class='hr hr-invisible   avia-builder-el-11  el_after_av_section  el_before_av_section  avia-builder-el-no-sibling '><span class='hr-inner ' ><span class='hr-inner-style'><\/span><\/span><\/div>\n<\/div><\/div><\/div><!-- close content main div --><\/div><\/div><div id='av_section_2'  class='avia-section main_color avia-section-default avia-no-border-styling  avia-bg-style-scroll  avia-builder-el-12  el_after_av_hr  el_before_av_hr   container_wrap sidebar_right' style='background-color: #f6f2ef;  '  ><div class='container' ><div class='template-page content  av-content-small alpha units'><div class='post-entry post-entry-type-page post-entry-12624'><div class='entry-content-wrapper clearfix'>\n<div class='flex_column_table av-equal-height-column-flextable -flextable' style='margin-top:0px; margin-bottom:0px; '><div class=\"flex_column av_one_half  avia-full-stretch no_margin flex_column_table_cell av-equal-height-column av-align-middle first  avia-builder-el-13  el_before_av_one_half  avia-builder-el-first  mobile-img \" style='padding:0px 0px 0px 25px ; border-radius:0px; '><div  class='avia-image-container  av-styling-  av-has-copyright av-copyright-always   avia-builder-el-14  avia-builder-el-no-sibling  avia-align-center '  itemprop=\"image\" itemscope=\"itemscope\" itemtype=\"https:\/\/schema.org\/ImageObject\"  ><div class='avia-image-container-inner'><div class='avia-image-overlay-wrap'><img decoding=\"async\" class='wp-image-12623 avia-img-lazy-loading-not-12623 avia_image' src=\"https:\/\/eklandwood.com\/wp-content\/uploads\/2025\/11\/Benchmark-thermo-pine-cladding-and-decking.-Architect-Mari-Hunt.-Photo-Maria-Ilves-900x600.jpg\" alt='' title='Product: Thermory Benchmark thermo-pine cladding and decking. Architect: Mari Hunt. Photo: Maria Ilves' height=\"600\" width=\"900\"  itemprop=\"thumbnailUrl\"  \/><\/div><small class='avia-copyright'>Product: Thermory Benchmark thermo-pine cladding and decking. Architect: Mari Hunt. Photo: Maria Ilves<\/small><\/div><\/div><\/div><div class=\"flex_column av_one_half  no_margin flex_column_table_cell av-equal-height-column av-align-middle   avia-builder-el-15  el_after_av_one_half  avia-builder-el-last  mobile-padding \" style='padding:0px 100px 0px 100px ; border-radius:0px; '><p><div  style='height:10px' class='hr hr-invisible   avia-builder-el-16  el_before_av_hr  avia-builder-el-first '><span class='hr-inner ' ><span class='hr-inner-style'><\/span><\/span><\/div><br \/>\n<div  style='height:10px' class='hr hr-invisible   avia-builder-el-17  el_after_av_hr  el_before_av_hr '><span class='hr-inner ' ><span class='hr-inner-style'><\/span><\/span><\/div><br \/>\n<div  style='height:10px' class='hr hr-invisible   avia-builder-el-18  el_after_av_hr  el_before_av_textblock '><span class='hr-inner ' ><span class='hr-inner-style'><\/span><\/span><\/div><br \/>\n<section class=\"av_textblock_section \"  itemscope=\"itemscope\" itemtype=\"https:\/\/schema.org\/CreativeWork\" ><div class='avia_textblock  '   itemprop=\"text\" ><h2 style=\"text-align: center;\">Kotitoimistot<\/h2>\n<\/div><\/section><br \/>\n<div  style=' margin-top:10px; margin-bottom:10px;'  class='hr hr-custom hr-center hr-icon-no   avia-builder-el-20  el_after_av_textblock  el_before_av_textblock '><span class='hr-inner  inner-border-av-border-fat' style=' width:180px; border-color:#000000;' ><span class='hr-inner-style'><\/span><\/span><\/div><br \/>\n<section class=\"av_textblock_section \"  itemscope=\"itemscope\" itemtype=\"https:\/\/schema.org\/CreativeWork\" ><div class='avia_textblock  '   itemprop=\"text\" ><p data-start=\"675\" data-end=\"823\">Piharakennukset tuovat merkitt\u00e4v\u00e4\u00e4 lis\u00e4arvoa kotiin ja tarjoavat samalla mahdollisuuden ty\u00f6skennell\u00e4 rauhassa ja hiljaisuudessa omassa ymp\u00e4rist\u00f6ss\u00e4.<\/p>\n<p data-start=\"825\" data-end=\"1187\">Vasemmanpuoleisessa kuvassa n\u00e4kyv\u00e4 m\u00f6kki rakennettiin skandinaaviselle asiakkaalle. Rakennuksessa on 17 m\u00b2 k\u00e4ytett\u00e4v\u00e4\u00e4 lattiatilaa sek\u00e4 pieni parvimainen makuutila yl\u00e4puolella. L\u00e4mp\u00f6k\u00e4sitelty\u00e4 m\u00e4ntyverhoustamme k\u00e4ytettiin sek\u00e4 sis\u00e4- ett\u00e4 ulkopinnoissa. Ulkopaneelit j\u00e4tettiin tarkoituksella \u00f6ljy\u00e4m\u00e4tt\u00e4, jolloin ne harmaantuvat ajan my\u00f6t\u00e4 kauniin hopeanharmaiksi.<\/p>\n<p data-start=\"1189\" data-end=\"1359\">Tarjoamme verhoilulautoja l\u00e4mp\u00f6k\u00e4sitellyst\u00e4 saarnista, m\u00e4nnyst\u00e4, oksattomasta m\u00e4nnyst\u00e4 ja kuusesta sek\u00e4 vaihtoehtoja hiilletyst\u00e4 it\u00e4valtalaisesta lehtikuusesta ja m\u00e4nnyst\u00e4.<\/p>\n<p data-start=\"1361\" data-end=\"1444\" data-is-last-node=\"\" data-is-only-node=\"\"><strong data-start=\"1361\" data-end=\"1374\">Puulajit:<\/strong> L\u00e4mp\u00f6k\u00e4sitelty saarni, m\u00e4nty ja kuusi. Hiilletty lehtikuusi ja kuusi.<\/p>\n<\/div><\/section><br \/>\n<div  style='height:10px' class='hr hr-invisible  av-desktop-hide av-medium-hide  avia-builder-el-22  el_after_av_textblock  el_before_av_hr '><span class='hr-inner ' ><span class='hr-inner-style'><\/span><\/span><\/div><br \/>\n<div  style='height:100px' class='hr hr-invisible  av-small-hide av-mini-hide  avia-builder-el-23  el_after_av_hr  avia-builder-el-last '><span class='hr-inner ' ><span class='hr-inner-style'><\/span><\/span><\/div><\/p><\/div><\/div><!--close column table wrapper. Autoclose: 1 --><\/div><\/div><\/div><!-- close content main div --><\/div><\/div><div id='after_section_2'  class='main_color av_default_container_wrap container_wrap sidebar_right' style=' '  ><div class='container' ><div class='template-page content  av-content-small alpha units'><div class='post-entry post-entry-type-page post-entry-12624'><div class='entry-content-wrapper clearfix'><div  style='height:10px' class='hr hr-invisible   avia-builder-el-24  el_after_av_section  avia-builder-el-no-sibling '><span class='hr-inner ' ><span class='hr-inner-style'><\/span><\/span><\/div><\/p>\n","protected":false},"excerpt":{"rendered":"","protected":false},"author":4,"featured_media":12423,"parent":0,"menu_order":0,"comment_status":"closed","ping_status":"closed","template":"","meta":{"inline_featured_image":false,"footnotes":""},"class_list":["post-12624","page","type-page","status-publish","has-post-thumbnail","hentry"],"_links":{"self":[{"href":"https:\/\/eklandwood.com\/fi\/wp-json\/wp\/v2\/pages\/12624","targetHints":{"allow":["GET"]}}],"collection":[{"href":"https:\/\/eklandwood.com\/fi\/wp-json\/wp\/v2\/pages"}],"about":[{"href":"https:\/\/eklandwood.com\/fi\/wp-json\/wp\/v2\/types\/page"}],"author":[{"embeddable":true,"href":"https:\/\/eklandwood.com\/fi\/wp-json\/wp\/v2\/users\/4"}],"replies":[{"embeddable":true,"href":"https:\/\/eklandwood.com\/fi\/wp-json\/wp\/v2\/comments?post=12624"}],"version-history":[{"count":5,"href":"https:\/\/eklandwood.com\/fi\/wp-json\/wp\/v2\/pages\/12624\/revisions"}],"predecessor-version":[{"id":12656,"href":"https:\/\/eklandwood.com\/fi\/wp-json\/wp\/v2\/pages\/12624\/revisions\/12656"}],"wp:featuredmedia":[{"embeddable":true,"href":"https:\/\/eklandwood.com\/fi\/wp-json\/wp\/v2\/media\/12423"}],"wp:attachment":[{"href":"https:\/\/eklandwood.com\/fi\/wp-json\/wp\/v2\/media?parent=12624"}],"curies":[{"name":"wp","href":"https:\/\/api.w.org\/{rel}","templated":true}]}}