{"id":6406,"date":"2022-09-09T12:22:16","date_gmt":"2022-09-09T09:22:16","guid":{"rendered":"https:\/\/eklandwood.com\/fichte\/"},"modified":"2023-09-01T09:39:54","modified_gmt":"2023-09-01T06:39:54","slug":"fichte","status":"publish","type":"page","link":"https:\/\/eklandwood.com\/de\/fichte\/","title":{"rendered":"FICHTE"},"content":{"rendered":"<div  style='height:10px' class='hr hr-invisible   avia-builder-el-0  el_before_av_section  avia-builder-el-no-sibling '><span class='hr-inner ' ><span class='hr-inner-style'><\/span><\/span><\/div>\n<\/div><\/div><\/div><!-- close content main div --><\/div><\/div><div id='av_section_1'  class='avia-section main_color avia-section-default avia-no-border-styling  avia-bg-style-scroll  avia-builder-el-1  el_after_av_hr  el_before_av_one_half   container_wrap sidebar_right' style='background-color: #f6f2ef;  '  ><div class='container' ><div class='template-page content  av-content-small alpha units'><div class='post-entry post-entry-type-page post-entry-6406'><div class='entry-content-wrapper clearfix'>\n<div class='flex_column_table av-equal-height-column-flextable -flextable' style='margin-top:0px; margin-bottom:0px; '><div class=\"flex_column av_one_half  no_margin flex_column_table_cell av-equal-height-column av-align-middle first  avia-builder-el-2  el_before_av_one_half  avia-builder-el-first  mobile-padding \" style='padding:0px 100px 0px 100px ; border-radius:0px; '><p><div  style='height:100px' class='hr hr-invisible   avia-builder-el-3  el_before_av_textblock  avia-builder-el-first '><span class='hr-inner ' ><span class='hr-inner-style'><\/span><\/span><\/div><br \/>\n<section class=\"av_textblock_section \"  itemscope=\"itemscope\" itemtype=\"https:\/\/schema.org\/CreativeWork\" ><div class='avia_textblock  '   itemprop=\"text\" ><h2 style=\"text-align: center;\">FICHTE<\/h2>\n<\/div><\/section><br \/>\n<div  style=' margin-top:10px; margin-bottom:10px;'  class='hr hr-custom hr-center hr-icon-no   avia-builder-el-5  el_after_av_textblock  el_before_av_textblock '><span class='hr-inner  inner-border-av-border-fat' style=' width:180px; border-color:#000000;' ><span class='hr-inner-style'><\/span><\/span><\/div><br \/>\n<section class=\"av_textblock_section \"  itemscope=\"itemscope\" itemtype=\"https:\/\/schema.org\/CreativeWork\" ><div class='avia_textblock  '   itemprop=\"text\" ><p style=\"text-align: center;\">Thermisch bearbeiten Produkte aus Fichtenholz bieten eine Nadelholzl\u00f6sung mit rustikalen \u00c4sten und einer nat\u00fcrlich hellen Farbe in Kombination mit au\u00dfergew\u00f6hnlicher F\u00e4ulnisbest\u00e4ndigkeit und Langlebigkeit.<\/p>\n<p style=\"text-align: center;\">Thermisch bearbeitetes Fichtenholz verleiht einer Fassade ein nat\u00fcrliches, rustikales Aussehen, das jahrzehntelang h\u00e4lt. Fichtenholz erh\u00e4lt durch thermische Bearbeitung eine hervorragende Witterungsbest\u00e4ndigkeit und biologische Haltbarkeit sowie einen nat\u00fcrlich sch\u00f6nen hellen Goldton.<\/p>\n<p style=\"text-align: center;\">Mittels thermischer Bearbeitung wird Fichtenholz so ver\u00e4ndert, dass es in die h\u00f6chste Haltbarkeitsklasse (<a href=\"https:\/\/eklandwood.com\/wp-content\/uploads\/2020\/11\/ce-spruce-thermory.pdf\">klasse 1<\/a>) eingeteilt werden kann, das bedeutet, dass es unter allen Klimabedingungen jahrzehntelang h\u00e4lt. Dar\u00fcber hinaus erh\u00e4lt das Fichtenholz durch die Bearbeitung einen sch\u00f6nen goldbraunen Farbton.<\/p>\n<p style=\"text-align: center;\">Die Feuchtigkeitsaufnahmef\u00e4higkeit von Fichtenholz wird durch die thermische Bearbeitung reduziert, wodurch die F\u00e4ulnisf\u00e4higkeit drastisch reduziert wird.<\/p>\n<\/div><\/section><br \/>\n<div  style='height:10px' class='hr hr-invisible  av-desktop-hide av-medium-hide  avia-builder-el-7  el_after_av_textblock  el_before_av_hr '><span class='hr-inner ' ><span class='hr-inner-style'><\/span><\/span><\/div><br \/>\n<div  style='height:100px' class='hr hr-invisible  av-small-hide av-mini-hide  avia-builder-el-8  el_after_av_hr  avia-builder-el-last '><span class='hr-inner ' ><span class='hr-inner-style'><\/span><\/span><\/div><\/p><\/div><div class=\"flex_column av_one_half  no_margin flex_column_table_cell av-equal-height-column av-align-middle av-zero-column-padding   avia-builder-el-9  el_after_av_one_half  avia-builder-el-last  \" style='border-radius:0px; '><p><div  style='height:10px' class='hr hr-invisible   avia-builder-el-10  el_before_av_textblock  avia-builder-el-first '><span class='hr-inner ' ><span class='hr-inner-style'><\/span><\/span><\/div><br \/>\n<section class=\"av_textblock_section \"  itemscope=\"itemscope\" itemtype=\"https:\/\/schema.org\/CreativeWork\" ><div class='avia_textblock  '   itemprop=\"text\" ><h2 style=\"text-align: center;\">Farbalterentwicklung Des Holzes Der Fichte Ohne \u00d6lung<\/h2>\n<\/div><\/section><br \/>\n<div  style=' margin-top:10px; margin-bottom:10px;'  class='hr hr-custom hr-center hr-icon-no   avia-builder-el-12  el_after_av_textblock  el_before_av_image '><span class='hr-inner  inner-border-av-border-fat' style=' width:180px; border-color:#000000;' ><span class='hr-inner-style'><\/span><\/span><\/div><br \/>\n<div  class='avia-image-container  av-styling-    avia-builder-el-13  el_after_av_hr  avia-builder-el-last  avia-align-center '  itemprop=\"image\" itemscope=\"itemscope\" itemtype=\"https:\/\/schema.org\/ImageObject\"  ><div class='avia-image-container-inner'><div class='avia-image-overlay-wrap'><img decoding=\"async\" class='wp-image-6218 avia-img-lazy-loading-not-6218 avia_image' src=\"https:\/\/eklandwood.com\/wp-content\/uploads\/2020\/12\/Spruce-Colour-Evolution-Photo-1030x687-1-845x321.png\" alt='Spruce Colour Evolution' title='Spruce Colour Evolution' height=\"321\" width=\"845\"  itemprop=\"thumbnailUrl\"  \/><\/div><\/div><\/div><\/p><\/div><\/div><!--close column table wrapper. Autoclose: 1 --><\/div><\/div><\/div><!-- close content main div --><\/div><\/div><div id='after_section_1'  class='main_color av_default_container_wrap container_wrap sidebar_right' style=' '  ><div class='container' ><div class='template-page content  av-content-small alpha units'><div class='post-entry post-entry-type-page post-entry-6406'><div class='entry-content-wrapper clearfix'><div class='flex_column_table av-equal-height-column-flextable -flextable' style='margin-top:0px; margin-bottom:0px; '><div class=\"flex_column av_one_half  avia-full-stretch no_margin flex_column_table_cell av-equal-height-column av-align-middle av-zero-column-padding first  avia-builder-el-14  el_after_av_section  el_before_av_hr  avia-builder-el-first  mobile-img \" style='background:url(https:\/\/eklandwood.com\/wp-content\/uploads\/2020\/12\/Spruce-Colour-Evolution-Photo-1030x687-1.png) center center no-repeat ; border-radius:0px; '><\/div><\/div><!--close column table wrapper. Autoclose: 1 --><\/p>\n<div  style='height:10px' class='hr hr-invisible   avia-builder-el-15  el_after_av_one_half  el_before_av_section  avia-builder-el-last '><span class='hr-inner ' ><span class='hr-inner-style'><\/span><\/span><\/div>\n<\/div><\/div><\/div><!-- close content main div --><\/div><\/div><div id='av_section_2'  class='avia-section main_color avia-section-default avia-no-border-styling  avia-bg-style-scroll  avia-builder-el-16  el_after_av_hr  el_before_av_hr   container_wrap sidebar_right' style='background-color: #f6f2ef;  '  ><div class='container' ><div class='template-page content  av-content-small alpha units'><div class='post-entry post-entry-type-page post-entry-6406'><div class='entry-content-wrapper clearfix'>\n<div class='flex_column_table av-equal-height-column-flextable -flextable' style='margin-top:0px; margin-bottom:0px; '><div class=\"flex_column av_one_half  avia-full-stretch no_margin flex_column_table_cell av-equal-height-column av-align-middle av-zero-column-padding first  avia-builder-el-17  el_before_av_one_half  avia-builder-el-first  mobile-img \" style='background:url(https:\/\/eklandwood.com\/wp-content\/uploads\/2023\/07\/4.-Spruce-background_credit.jpg) top right no-repeat  #fdf1e0; background-color:#fdf1e0; border-radius:0px; '><\/div><div class=\"flex_column av_one_half  no_margin flex_column_table_cell av-equal-height-column av-align-middle   avia-builder-el-18  el_after_av_one_half  avia-builder-el-last  mobile-padding \" style='padding:0px 100px 0px 100px ; border-radius:0px; '><p><div  style='height:10px' class='hr hr-invisible   avia-builder-el-19  el_before_av_hr  avia-builder-el-first '><span class='hr-inner ' ><span class='hr-inner-style'><\/span><\/span><\/div><br \/>\n<div  style='height:10px' class='hr hr-invisible   avia-builder-el-20  el_after_av_hr  el_before_av_hr '><span class='hr-inner ' ><span class='hr-inner-style'><\/span><\/span><\/div><br \/>\n<div  style='height:10px' class='hr hr-invisible   avia-builder-el-21  el_after_av_hr  el_before_av_textblock '><span class='hr-inner ' ><span class='hr-inner-style'><\/span><\/span><\/div><br \/>\n<section class=\"av_textblock_section \"  itemscope=\"itemscope\" itemtype=\"https:\/\/schema.org\/CreativeWork\" ><div class='avia_textblock  '   itemprop=\"text\" ><section class=\"av_textblock_section \">\n<div class=\"avia_textblock \">\n<p>Das Holz stammt aus verantwortungsvoll bewirtschafteten W\u00e4ldern, ist frei von Chemikalien und bei der Verwendung im Freien \u00e4u\u00dferst haltbar.<\/p>\n<p><strong>Herkunftsregion:<\/strong>\u00a0Skandinavien<\/p>\n<p><strong>Anwendungsbereich:<\/strong>\u00a0Terrassendielen und Verkleidungen<\/p>\n<p><strong>Oberfl\u00e4chenbehandlungen:<\/strong>\u00a0gehobelt, geb\u00fcrstet, ges\u00e4gt<\/p>\n<p><strong>\u00d6lung:<\/strong>\u00a0vorge\u00f6lte Bretter sind erh\u00e4ltlich<\/p>\n<p><strong>Entwicklung der Farbalterung:<\/strong> Sonnenlicht und Regen beeinflussen die Geschwindigkeit, mit der Produkte altern. Unbehandelt entwickelt Fichtenholz mit zunehmendem Alter eine platingraue Farbe.<\/p>\n<\/div>\n<\/section>\n<\/div><\/section><br \/>\n<div  style='height:10px' class='hr hr-invisible  av-desktop-hide av-medium-hide  avia-builder-el-23  el_after_av_textblock  el_before_av_hr '><span class='hr-inner ' ><span class='hr-inner-style'><\/span><\/span><\/div><br \/>\n<div  style='height:100px' class='hr hr-invisible  av-small-hide av-mini-hide  avia-builder-el-24  el_after_av_hr  avia-builder-el-last '><span class='hr-inner ' ><span class='hr-inner-style'><\/span><\/span><\/div><\/p><\/div><\/div><!--close column table wrapper. Autoclose: 1 --><\/div><\/div><\/div><!-- close content main div --><\/div><\/div><div id='after_section_2'  class='main_color av_default_container_wrap container_wrap sidebar_right' style=' '  ><div class='container' ><div class='template-page content  av-content-small alpha units'><div class='post-entry post-entry-type-page post-entry-6406'><div class='entry-content-wrapper clearfix'><div  style='height:10px' class='hr hr-invisible   avia-builder-el-25  el_after_av_section  avia-builder-el-no-sibling '><span class='hr-inner ' ><span class='hr-inner-style'><\/span><\/span><\/div><\/p>\n","protected":false},"excerpt":{"rendered":"","protected":false},"author":3,"featured_media":0,"parent":0,"menu_order":0,"comment_status":"closed","ping_status":"closed","template":"","meta":{"inline_featured_image":false,"footnotes":""},"class_list":["post-6406","page","type-page","status-publish","hentry"],"_links":{"self":[{"href":"https:\/\/eklandwood.com\/de\/wp-json\/wp\/v2\/pages\/6406","targetHints":{"allow":["GET"]}}],"collection":[{"href":"https:\/\/eklandwood.com\/de\/wp-json\/wp\/v2\/pages"}],"about":[{"href":"https:\/\/eklandwood.com\/de\/wp-json\/wp\/v2\/types\/page"}],"author":[{"embeddable":true,"href":"https:\/\/eklandwood.com\/de\/wp-json\/wp\/v2\/users\/3"}],"replies":[{"embeddable":true,"href":"https:\/\/eklandwood.com\/de\/wp-json\/wp\/v2\/comments?post=6406"}],"version-history":[{"count":13,"href":"https:\/\/eklandwood.com\/de\/wp-json\/wp\/v2\/pages\/6406\/revisions"}],"predecessor-version":[{"id":9698,"href":"https:\/\/eklandwood.com\/de\/wp-json\/wp\/v2\/pages\/6406\/revisions\/9698"}],"wp:attachment":[{"href":"https:\/\/eklandwood.com\/de\/wp-json\/wp\/v2\/media?parent=6406"}],"curies":[{"name":"wp","href":"https:\/\/api.w.org\/{rel}","templated":true}]}}