{"id":6403,"date":"2022-09-09T12:18:01","date_gmt":"2022-09-09T09:18:01","guid":{"rendered":"https:\/\/eklandwood.com\/bezugsquellen\/"},"modified":"2024-04-26T09:06:05","modified_gmt":"2024-04-26T06:06:05","slug":"bezugsquellen","status":"publish","type":"page","link":"https:\/\/eklandwood.com\/de\/bezugsquellen\/","title":{"rendered":"Bezugsquellen"},"content":{"rendered":"<div  style='height:10px' class='hr hr-invisible   avia-builder-el-0  el_before_av_section  avia-builder-el-no-sibling '><span class='hr-inner ' ><span class='hr-inner-style'><\/span><\/span><\/div>\n<\/div><\/div><\/div><!-- close content main div --><\/div><\/div><div id='av_section_1'  class='avia-section main_color avia-section-default avia-no-border-styling  avia-bg-style-scroll  avia-builder-el-1  el_after_av_hr  el_before_av_hr   container_wrap sidebar_right' style='background-color: #f6f2ef;  '  ><div class='container' ><div class='template-page content  av-content-small alpha units'><div class='post-entry post-entry-type-page post-entry-6403'><div class='entry-content-wrapper clearfix'>\n<div class='flex_column_table av-equal-height-column-flextable -flextable' style='margin-top:0px; margin-bottom:0px; '><div class=\"flex_column av_one_half  no_margin flex_column_table_cell av-equal-height-column av-align-middle first  avia-builder-el-2  el_before_av_one_half  avia-builder-el-first  mobile-padding \" style='padding:0px 100px 0px 100px ; border-radius:0px; '><p><div  style='height:100px' class='hr hr-invisible  av-small-hide av-mini-hide  avia-builder-el-3  el_before_av_hr  avia-builder-el-first '><span class='hr-inner ' ><span class='hr-inner-style'><\/span><\/span><\/div><br \/>\n<div  style='height:20px' class='hr hr-invisible  av-desktop-hide av-medium-hide  avia-builder-el-4  el_after_av_hr  el_before_av_textblock '><span class='hr-inner ' ><span class='hr-inner-style'><\/span><\/span><\/div><br \/>\n<section class=\"av_textblock_section \"  itemscope=\"itemscope\" itemtype=\"https:\/\/schema.org\/CreativeWork\" ><div class='avia_textblock  '   itemprop=\"text\" ><h2 style=\"text-align: center;\">Bezugsquellen<\/h2>\n<\/div><\/section><br \/>\n<div  style=' margin-top:10px; margin-bottom:10px;'  class='hr hr-custom hr-center hr-icon-no   avia-builder-el-6  el_after_av_textblock  el_before_av_textblock '><span class='hr-inner  inner-border-av-border-fat' style=' width:180px; border-color:#000000;' ><span class='hr-inner-style'><\/span><\/span><\/div><br \/>\n<section class=\"av_textblock_section \"  itemscope=\"itemscope\" itemtype=\"https:\/\/schema.org\/CreativeWork\" ><div class='avia_textblock  '   itemprop=\"text\" ><p style=\"text-align: center;\"><span style=\"font-weight: 400;\">Die Auswahl unserer Produkte erfolgt unter dem Aspekt der Erhaltung unserer W\u00e4lder.<\/span><\/p>\n<p style=\"text-align: center;\"><span style=\"font-weight: 400;\">Thermory Thermokiefer tr\u00e4gt das <strong><a href=\"https:\/\/eklandwood.com\/wp-content\/uploads\/2024\/04\/Nordic-Swan-Ecolabel-Licence-2024-25.pdf\">Nordic Swan Ecolabel<\/a><\/strong>. Dieses G\u00fctesiegel besagt, dass das Holz einerseits frei von Chemikalien ist, andererseits aus verantwortungsvoll bewirtschafteten W\u00e4ldern stammt und zudem bei der Verwendung im Freien von \u00e4u\u00dferster Haltbarkeit gekennzeichnet ist.<\/span><\/p>\n<p style=\"text-align: center;\"><span style=\"font-weight: 400;\">Wir beziehen Eschenholz aus Nordamerika und Europa, wobei die Beschaffungskriterien auf h\u00f6chster Qualit\u00e4t und geringster Umweltbelastung beruhen.<\/span><\/p>\n<p style=\"text-align: center;\"><span style=\"font-weight: 400;\">F\u00fcr unsere Produkte werden weder Tropen- noch Regenwaldh\u00f6lzer verwendet!<\/span><\/p>\n<p style=\"text-align: center;\"><span style=\"font-weight: 400;\">Ekland Wood liegt die Zukunft unseres Planeten sehr am Herzen. Wir tragen zur nachhaltigen Bewirtschaftung der W\u00e4lder bei und bem\u00fchen uns, als Hersteller einen m\u00f6glichst kleinen \u00f6kologischen Fu\u00dfabdruck zu verursachen.<\/span><\/p>\n<p style=\"text-align: center;\"><span style=\"font-weight: 400;\">Ohne Zusatz von Chemikalien oder Kunststoffen. Nur 100 % Echtholz.<\/span><\/p>\n<\/div><\/section><br \/>\n<div  style='height:10px' class='hr hr-invisible  av-desktop-hide av-medium-hide  avia-builder-el-8  el_after_av_textblock  el_before_av_hr '><span class='hr-inner ' ><span class='hr-inner-style'><\/span><\/span><\/div><br \/>\n<div  style='height:100px' class='hr hr-invisible  av-small-hide av-mini-hide  avia-builder-el-9  el_after_av_hr  avia-builder-el-last '><span class='hr-inner ' ><span class='hr-inner-style'><\/span><\/span><\/div><\/p><\/div><div class=\"flex_column av_one_half  avia-full-stretch no_margin flex_column_table_cell av-equal-height-column av-align-middle av-zero-column-padding   avia-builder-el-10  el_after_av_one_half  avia-builder-el-last  mobile-img \" style='background:url(https:\/\/eklandwood.com\/wp-content\/uploads\/2023\/06\/spruce-forest-min-1030x687.jpg) center center no-repeat  #fdf1e0; background-color:#fdf1e0; border-radius:0px; '><\/div><\/div><!--close column table wrapper. Autoclose: 1 --><\/div><\/div><\/div><!-- close content main div --><\/div><\/div><div id='after_section_1'  class='main_color av_default_container_wrap container_wrap sidebar_right' style=' '  ><div class='container' ><div class='template-page content  av-content-small alpha units'><div class='post-entry post-entry-type-page post-entry-6403'><div class='entry-content-wrapper clearfix'><div  style='height:10px' class='hr hr-invisible   avia-builder-el-11  el_after_av_section  avia-builder-el-no-sibling '><span class='hr-inner ' ><span class='hr-inner-style'><\/span><\/span><\/div><\/p>\n","protected":false},"excerpt":{"rendered":"","protected":false},"author":3,"featured_media":0,"parent":0,"menu_order":0,"comment_status":"closed","ping_status":"closed","template":"","meta":{"inline_featured_image":false,"footnotes":""},"class_list":["post-6403","page","type-page","status-publish","hentry"],"_links":{"self":[{"href":"https:\/\/eklandwood.com\/de\/wp-json\/wp\/v2\/pages\/6403","targetHints":{"allow":["GET"]}}],"collection":[{"href":"https:\/\/eklandwood.com\/de\/wp-json\/wp\/v2\/pages"}],"about":[{"href":"https:\/\/eklandwood.com\/de\/wp-json\/wp\/v2\/types\/page"}],"author":[{"embeddable":true,"href":"https:\/\/eklandwood.com\/de\/wp-json\/wp\/v2\/users\/3"}],"replies":[{"embeddable":true,"href":"https:\/\/eklandwood.com\/de\/wp-json\/wp\/v2\/comments?post=6403"}],"version-history":[{"count":12,"href":"https:\/\/eklandwood.com\/de\/wp-json\/wp\/v2\/pages\/6403\/revisions"}],"predecessor-version":[{"id":10870,"href":"https:\/\/eklandwood.com\/de\/wp-json\/wp\/v2\/pages\/6403\/revisions\/10870"}],"wp:attachment":[{"href":"https:\/\/eklandwood.com\/de\/wp-json\/wp\/v2\/media?parent=6403"}],"curies":[{"name":"wp","href":"https:\/\/api.w.org\/{rel}","templated":true}]}}