{"id":6400,"date":"2022-09-09T12:16:04","date_gmt":"2022-09-09T09:16:04","guid":{"rendered":"https:\/\/eklandwood.com\/schindeln\/"},"modified":"2023-09-01T10:16:13","modified_gmt":"2023-09-01T07:16:13","slug":"schindeln","status":"publish","type":"page","link":"https:\/\/eklandwood.com\/de\/schindeln\/","title":{"rendered":"Schindeln"},"content":{"rendered":"<div  style='height:10px' class='hr hr-invisible   avia-builder-el-0  el_before_av_section  avia-builder-el-no-sibling '><span class='hr-inner ' ><span class='hr-inner-style'><\/span><\/span><\/div>\n<\/div><\/div><\/div><!-- close content main div --><\/div><\/div><div id='av_section_1'  class='avia-section main_color avia-section-default avia-no-border-styling  avia-bg-style-scroll  avia-builder-el-1  el_after_av_hr  el_before_av_hr   container_wrap sidebar_right' style='background-color: #f6f2ef;  '  ><div class='container' ><div class='template-page content  av-content-small alpha units'><div class='post-entry post-entry-type-page post-entry-6400'><div class='entry-content-wrapper clearfix'>\n<div class='flex_column_table av-equal-height-column-flextable -flextable' style='margin-top:0px; margin-bottom:0px; '><div class=\"flex_column av_one_half  no_margin flex_column_table_cell av-equal-height-column av-align-middle first  avia-builder-el-2  el_before_av_one_half  avia-builder-el-first  mobile-padding \" style='padding:0px 100px 0px 100px ; border-radius:0px; '><p><div  style='height:100px' class='hr hr-invisible   avia-builder-el-3  el_before_av_textblock  avia-builder-el-first '><span class='hr-inner ' ><span class='hr-inner-style'><\/span><\/span><\/div><br \/>\n<section class=\"av_textblock_section \"  itemscope=\"itemscope\" itemtype=\"https:\/\/schema.org\/CreativeWork\" ><div class='avia_textblock  '   itemprop=\"text\" ><h2 style=\"text-align: center;\">Schindeln<\/h2>\n<\/div><\/section><br \/>\n<div  style=' margin-top:10px; margin-bottom:10px;'  class='hr hr-custom hr-center hr-icon-no   avia-builder-el-5  el_after_av_textblock  el_before_av_textblock '><span class='hr-inner  inner-border-av-border-fat' style=' width:180px; border-color:#000000;' ><span class='hr-inner-style'><\/span><\/span><\/div><br \/>\n<section class=\"av_textblock_section \"  itemscope=\"itemscope\" itemtype=\"https:\/\/schema.org\/CreativeWork\" ><div class='avia_textblock  '   itemprop=\"text\" ><p style=\"text-align: center;\"><span style=\"font-weight: 400;\">Eschenschindeln mit aufges\u00e4gter Oberfl\u00e4che werden f\u00fcr Au\u00dfenwandverkleidungen immer beliebter. Die intensive thermische Bearbeitung erh\u00f6ht die Formbest\u00e4ndigkeit und Haltbarkeit und vergraut im Laufe der Zeit auf nat\u00fcrliche Weise, wenn es nicht mit \u00d6l behandelt wird.<\/span><\/p>\n<\/div><\/section><br \/>\n<div  style='height:10px' class='hr hr-invisible   avia-builder-el-7  el_after_av_textblock  el_before_av_textblock '><span class='hr-inner ' ><span class='hr-inner-style'><\/span><\/span><\/div><br \/>\n<section class=\"av_textblock_section \"  itemscope=\"itemscope\" itemtype=\"https:\/\/schema.org\/CreativeWork\" ><div class='avia_textblock  '   itemprop=\"text\" ><h3 style=\"text-align: center;\"><strong>FARBALTERENTWICKLUNG VON SCHINDELN OHNE \u00d6LUNG<\/strong><\/h3>\n<\/div><\/section><br \/>\n<div  style=' margin-top:10px; margin-bottom:10px;'  class='hr hr-custom hr-center hr-icon-no   avia-builder-el-9  el_after_av_textblock  el_before_av_image '><span class='hr-inner  inner-border-av-border-fat' style=' width:180px; border-color:#000000;' ><span class='hr-inner-style'><\/span><\/span><\/div><br \/>\n<div  class='avia-image-container  av-styling-    avia-builder-el-10  el_after_av_hr  el_before_av_hr  avia-align-center '  itemprop=\"image\" itemscope=\"itemscope\" itemtype=\"https:\/\/schema.org\/ImageObject\"  ><div class='avia-image-container-inner'><div class='avia-image-overlay-wrap'><img decoding=\"async\" class='wp-image-5852 avia-img-lazy-loading-not-5852 avia_image' src=\"https:\/\/eklandwood.com\/wp-content\/uploads\/2020\/11\/Ash-Colour-Evolution-Photo-1030x147.jpg\" alt='Ash Colour Evolution' title='Ash Colour Evolution Photo' height=\"147\" width=\"1030\"  itemprop=\"thumbnailUrl\" srcset=\"https:\/\/eklandwood.com\/wp-content\/uploads\/2020\/11\/Ash-Colour-Evolution-Photo-1030x147.jpg 1030w, https:\/\/eklandwood.com\/wp-content\/uploads\/2020\/11\/Ash-Colour-Evolution-Photo-300x43.jpg 300w, https:\/\/eklandwood.com\/wp-content\/uploads\/2020\/11\/Ash-Colour-Evolution-Photo-768x110.jpg 768w, https:\/\/eklandwood.com\/wp-content\/uploads\/2020\/11\/Ash-Colour-Evolution-Photo-1536x219.jpg 1536w, https:\/\/eklandwood.com\/wp-content\/uploads\/2020\/11\/Ash-Colour-Evolution-Photo-1500x214.jpg 1500w, https:\/\/eklandwood.com\/wp-content\/uploads\/2020\/11\/Ash-Colour-Evolution-Photo-705x101.jpg 705w, https:\/\/eklandwood.com\/wp-content\/uploads\/2020\/11\/Ash-Colour-Evolution-Photo.jpg 1626w\" sizes=\"(max-width: 1030px) 100vw, 1030px\" \/><\/div><\/div><\/div><br \/>\n<div  style='height:10px' class='hr hr-invisible  av-desktop-hide av-medium-hide  avia-builder-el-11  el_after_av_image  el_before_av_textblock '><span class='hr-inner ' ><span class='hr-inner-style'><\/span><\/span><\/div><br \/>\n<section class=\"av_textblock_section \"  itemscope=\"itemscope\" itemtype=\"https:\/\/schema.org\/CreativeWork\" ><div class='avia_textblock  '   itemprop=\"text\" ><p><span style=\"font-weight: 400;\">Unsere vorbearbeiteten Schindelpaneele lassen sich mittels Thermory PaCS leicht verlegen.<\/span><\/p>\n<p><span style=\"font-weight: 400;\">Schindelpaneele sind eine Kombination aus Eschenschindeln auf einer Unterlage aus baltischem Birkensperrholz mit einer dampfdurchl\u00e4ssigen Dachmembran, die die Paneele atmen und die Feuchtigkeit verdampfen l\u00e4sst.<\/span><\/p>\n<p><strong>Dicke der Paneele: <\/strong>31 mm<\/p>\n<p><strong>Breite der Paneele:\u00a0<\/strong>350 mm<\/p>\n<p><span style=\"font-weight: 400;\"><strong>L\u00e4nge der Paneele:\u00a0<\/strong>1250 mm<\/span><\/p>\n<p><span style=\"font-weight: 400;\">Die Schindeln k\u00f6nnen gestaffelt oder eben sein.<\/span><\/p>\n<\/div><\/section><br \/>\n<div  style='height:10px' class='hr hr-invisible  av-desktop-hide av-medium-hide  avia-builder-el-13  el_after_av_textblock  el_before_av_button '><span class='hr-inner ' ><span class='hr-inner-style'><\/span><\/span><\/div><br \/>\n<div  class='avia-button-wrap avia-button-left  avia-builder-el-14  el_after_av_hr  el_before_av_button ' ><a href='https:\/\/eklandwood.com\/wp-content\/uploads\/2023\/09\/Shingles_by_Thermory_Ash_individual-S1_May_2018_EN.pdf'  class='avia-button  avia-color-dark   avia-icon_select-yes-left-icon avia-size-large avia-position-left '   ><span class='avia_button_icon avia_button_icon_left ' aria-hidden='true' data-av_icon='\ue82d' data-av_iconfont='entypo-fontello'><\/span><span class='avia_iconbox_title' >Montage einzelner Schindel<\/span><\/a><\/div><br \/>\n<div  class='avia-button-wrap avia-button-left  avia-builder-el-15  el_after_av_button  el_before_av_button ' ><a href='https:\/\/eklandwood.com\/wp-content\/uploads\/2023\/09\/Shingles_by_Thermory_Ash_BB_panels-S2-BBME-Even_Jan_2019_EN.pdf'  class='avia-button  avia-color-dark   avia-icon_select-yes-left-icon avia-size-large avia-position-left '   ><span class='avia_button_icon avia_button_icon_left ' aria-hidden='true' data-av_icon='\ue82d' data-av_iconfont='entypo-fontello'><\/span><span class='avia_iconbox_title' >Montage der Paneele<\/span><\/a><\/div><br \/>\n<div  style='height:100px' class='hr hr-invisible  av-small-hide av-mini-hide '><span class='hr-inner ' ><span class='hr-inner-style'><\/span><\/span><\/div><\/p><\/div><div class=\"flex_column av_one_half  no_margin flex_column_table_cell av-equal-height-column av-align-middle   mobile-padding \" style='padding:0px 100px 0px 100px ; border-radius:0px; '><div  class='avia-gallery  avia-gallery-1 avia_lazyload avia-gallery-animate avia_animate_when_visible '  itemprop=\"image\" itemscope=\"itemscope\" itemtype=\"https:\/\/schema.org\/ImageObject\" ><div class='avia-gallery-thumb'> <a href='https:\/\/eklandwood.com\/wp-content\/uploads\/2020\/11\/Shingle-PaCS.jpg' data-rel='gallery-1' data-prev-img='https:\/\/eklandwood.com\/wp-content\/uploads\/2020\/11\/Shingle-PaCS-495x400.jpg' class='first_thumb lightbox ' data-onclick='1' title=''  itemprop=\"thumbnailUrl\"  ><img decoding=\"async\" class=\"wp-image-5960 avia-img-lazy-loading-not-5960\"   src=\"https:\/\/eklandwood.com\/wp-content\/uploads\/2020\/11\/Shingle-PaCS.jpg\" width=\"640\" height=\"1024\"  title='Shingle PaCS' alt='' srcset=\"https:\/\/eklandwood.com\/wp-content\/uploads\/2020\/11\/Shingle-PaCS.jpg 640w, https:\/\/eklandwood.com\/wp-content\/uploads\/2020\/11\/Shingle-PaCS-188x300.jpg 188w, https:\/\/eklandwood.com\/wp-content\/uploads\/2020\/11\/Shingle-PaCS-441x705.jpg 441w\" sizes=\"(max-width: 640px) 100vw, 640px\" \/><\/a> <a href='https:\/\/eklandwood.com\/wp-content\/uploads\/2020\/12\/Shingles-2.jpg' data-rel='gallery-1' data-prev-img='https:\/\/eklandwood.com\/wp-content\/uploads\/2020\/12\/Shingles-2-495x400.jpg' class='lightbox ' data-onclick='2' title=''  itemprop=\"thumbnailUrl\"  ><img decoding=\"async\" class=\"wp-image-6206 avia-img-lazy-loading-not-6206\"   src=\"https:\/\/eklandwood.com\/wp-content\/uploads\/2020\/12\/Shingles-2.jpg\" width=\"867\" height=\"500\"  title='Shingles' alt='Shingles' srcset=\"https:\/\/eklandwood.com\/wp-content\/uploads\/2020\/12\/Shingles-2.jpg 867w, https:\/\/eklandwood.com\/wp-content\/uploads\/2020\/12\/Shingles-2-300x173.jpg 300w, https:\/\/eklandwood.com\/wp-content\/uploads\/2020\/12\/Shingles-2-768x443.jpg 768w, https:\/\/eklandwood.com\/wp-content\/uploads\/2020\/12\/Shingles-2-705x407.jpg 705w\" sizes=\"(max-width: 867px) 100vw, 867px\" \/><\/a> <a href='https:\/\/eklandwood.com\/wp-content\/uploads\/2020\/12\/Shingles-1.jpg' data-rel='gallery-1' data-prev-img='https:\/\/eklandwood.com\/wp-content\/uploads\/2020\/12\/Shingles-1-495x400.jpg' class='first_thumb lightbox ' data-onclick='3' title=''  itemprop=\"thumbnailUrl\"  ><img decoding=\"async\" class=\"wp-image-6207 avia-img-lazy-loading-not-6207\"  data-avia-tooltip='Architects: Contekton Arkitekter Fyrstad AB,Contractor: Kraftstaden Properties, Sweden,Photography: Devis Bionaz Fotograf' src=\"https:\/\/eklandwood.com\/wp-content\/uploads\/2020\/12\/Shingles-1.jpg\" width=\"800\" height=\"800\"  title='Schoolhouse, Trollh\u00e4ttan, Sweden. Photo: Devis Bionaz Fotograf' alt='Schoolhouse, Trollh\u00e4ttan, Sweden' srcset=\"https:\/\/eklandwood.com\/wp-content\/uploads\/2020\/12\/Shingles-1.jpg 800w, https:\/\/eklandwood.com\/wp-content\/uploads\/2020\/12\/Shingles-1-300x300.jpg 300w, https:\/\/eklandwood.com\/wp-content\/uploads\/2020\/12\/Shingles-1-80x80.jpg 80w, https:\/\/eklandwood.com\/wp-content\/uploads\/2020\/12\/Shingles-1-768x768.jpg 768w, https:\/\/eklandwood.com\/wp-content\/uploads\/2020\/12\/Shingles-1-36x36.jpg 36w, https:\/\/eklandwood.com\/wp-content\/uploads\/2020\/12\/Shingles-1-180x180.jpg 180w, https:\/\/eklandwood.com\/wp-content\/uploads\/2020\/12\/Shingles-1-705x705.jpg 705w\" sizes=\"(max-width: 800px) 100vw, 800px\" \/><\/a> <a href='https:\/\/eklandwood.com\/wp-content\/uploads\/2023\/08\/Shingles.jpg' data-rel='gallery-1' data-prev-img='https:\/\/eklandwood.com\/wp-content\/uploads\/2023\/08\/Shingles-495x312.jpg' class='lightbox ' data-onclick='4' title=''  itemprop=\"thumbnailUrl\"  ><img decoding=\"async\" class=\"wp-image-8893 avia-img-lazy-loading-not-8893\"   src=\"https:\/\/eklandwood.com\/wp-content\/uploads\/2023\/08\/Shingles.jpg\" width=\"752\" height=\"312\"  title='Shingles' alt='Shingles' srcset=\"https:\/\/eklandwood.com\/wp-content\/uploads\/2023\/08\/Shingles.jpg 752w, https:\/\/eklandwood.com\/wp-content\/uploads\/2023\/08\/Shingles-300x124.jpg 300w, https:\/\/eklandwood.com\/wp-content\/uploads\/2023\/08\/Shingles-705x293.jpg 705w\" sizes=\"(max-width: 752px) 100vw, 752px\" \/><\/a><\/div><\/div><\/div><\/div><!--close column table wrapper. Autoclose: 1 --><\/div><\/div><\/div><!-- close content main div --><\/div><\/div><div id='after_section_1'  class='main_color av_default_container_wrap container_wrap sidebar_right' style=' '  ><div class='container' ><div class='template-page content  av-content-small alpha units'><div class='post-entry post-entry-type-page post-entry-6400'><div class='entry-content-wrapper clearfix'><div  style='height:10px' class='hr hr-invisible  '><span class='hr-inner ' ><span class='hr-inner-style'><\/span><\/span><\/div><\/p>\n","protected":false},"excerpt":{"rendered":"","protected":false},"author":3,"featured_media":5963,"parent":0,"menu_order":0,"comment_status":"closed","ping_status":"closed","template":"","meta":{"inline_featured_image":false,"footnotes":""},"class_list":["post-6400","page","type-page","status-publish","has-post-thumbnail","hentry"],"_links":{"self":[{"href":"https:\/\/eklandwood.com\/de\/wp-json\/wp\/v2\/pages\/6400","targetHints":{"allow":["GET"]}}],"collection":[{"href":"https:\/\/eklandwood.com\/de\/wp-json\/wp\/v2\/pages"}],"about":[{"href":"https:\/\/eklandwood.com\/de\/wp-json\/wp\/v2\/types\/page"}],"author":[{"embeddable":true,"href":"https:\/\/eklandwood.com\/de\/wp-json\/wp\/v2\/users\/3"}],"replies":[{"embeddable":true,"href":"https:\/\/eklandwood.com\/de\/wp-json\/wp\/v2\/comments?post=6400"}],"version-history":[{"count":17,"href":"https:\/\/eklandwood.com\/de\/wp-json\/wp\/v2\/pages\/6400\/revisions"}],"predecessor-version":[{"id":9744,"href":"https:\/\/eklandwood.com\/de\/wp-json\/wp\/v2\/pages\/6400\/revisions\/9744"}],"wp:featuredmedia":[{"embeddable":true,"href":"https:\/\/eklandwood.com\/de\/wp-json\/wp\/v2\/media\/5963"}],"wp:attachment":[{"href":"https:\/\/eklandwood.com\/de\/wp-json\/wp\/v2\/media?parent=6400"}],"curies":[{"name":"wp","href":"https:\/\/api.w.org\/{rel}","templated":true}]}}