{"id":6324,"date":"2022-09-07T15:08:18","date_gmt":"2022-09-07T12:08:18","guid":{"rendered":"https:\/\/eklandwood.com\/terrassendielen\/"},"modified":"2023-08-08T11:35:57","modified_gmt":"2023-08-08T08:35:57","slug":"terrassendielen","status":"publish","type":"page","link":"https:\/\/eklandwood.com\/de\/terrassendielen\/","title":{"rendered":"Terrassendielen"},"content":{"rendered":"<div  style='height:10px' class='hr hr-invisible   avia-builder-el-0  el_before_av_section  avia-builder-el-no-sibling '><span class='hr-inner ' ><span class='hr-inner-style'><\/span><\/span><\/div>\n<\/div><\/div><\/div><!-- close content main div --><\/div><\/div><div id='av_section_1'  class='avia-section main_color avia-section-default avia-no-border-styling  avia-bg-style-scroll  avia-builder-el-1  el_after_av_hr  el_before_av_hr   container_wrap sidebar_right' style='background-color: #f6f2ef;  '  ><div class='container' ><div class='template-page content  av-content-small alpha units'><div class='post-entry post-entry-type-page post-entry-6324'><div class='entry-content-wrapper clearfix'>\n<div class='flex_column_table av-equal-height-column-flextable -flextable' style='margin-top:0px; margin-bottom:0px; '><div class=\"flex_column av_one_half  no_margin flex_column_table_cell av-equal-height-column av-align-middle first  avia-builder-el-2  el_before_av_one_half  avia-builder-el-first  mobile-padding \" style='padding:0px 100px 0px 100px ; border-radius:0px; '><p><div  style='height:140px' class='hr hr-invisible   avia-builder-el-3  el_before_av_textblock  avia-builder-el-first '><span class='hr-inner ' ><span class='hr-inner-style'><\/span><\/span><\/div><br \/>\n<section class=\"av_textblock_section \"  itemscope=\"itemscope\" itemtype=\"https:\/\/schema.org\/CreativeWork\" ><div class='avia_textblock  '   itemprop=\"text\" ><h2 style=\"text-align: center;\">Terrassendielen<\/h2>\n<\/div><\/section><br \/>\n<div  style=' margin-top:10px; margin-bottom:10px;'  class='hr hr-custom hr-center hr-icon-no   avia-builder-el-5  el_after_av_textblock  el_before_av_textblock '><span class='hr-inner  inner-border-av-border-fat' style=' width:180px; border-color:#000000;' ><span class='hr-inner-style'><\/span><\/span><\/div><br \/>\n<section class=\"av_textblock_section \"  itemscope=\"itemscope\" itemtype=\"https:\/\/schema.org\/CreativeWork\" ><div class='avia_textblock  '   itemprop=\"text\" ><p style=\"text-align: center;\">Die Haltbarkeit der Platten f\u00fcr unsere Terrassendielen wird durch eine intensive Bearbeitung erreicht, die eine umweltfreundliche Alternative zu tropischen Harth\u00f6lzern und chemisch impr\u00e4gniertem Holz darstellt. Die thermische Bearbeitung verbessert die F\u00e4ulnisbest\u00e4ndigkeit von Holz erheblich.<\/p>\n<p style=\"text-align: center;\">Terrassendielen m\u00fcssen nicht oberfl\u00e4chenbehandelt werden. Wie jedes Holz ohne \u00d6lbehandlung wird jedoch auch das Holz der Thermory Thermo-Esche und der Thermo-Kiefer im Laufe der Zeit auf nat\u00fcrliche Weise silbrig\/grau altern.<\/p>\n<\/div><\/section><br \/>\n<div  style='height:10px' class='hr hr-invisible  av-desktop-hide av-medium-hide  avia-builder-el-7  el_after_av_textblock  el_before_av_hr '><span class='hr-inner ' ><span class='hr-inner-style'><\/span><\/span><\/div><br \/>\n<div  style='height:100px' class='hr hr-invisible  av-small-hide av-mini-hide  avia-builder-el-8  el_after_av_hr  avia-builder-el-last '><span class='hr-inner ' ><span class='hr-inner-style'><\/span><\/span><\/div><\/p><\/div><div class=\"flex_column av_one_half  no_margin flex_column_table_cell av-equal-height-column av-align-middle av-zero-column-padding   avia-builder-el-9  el_after_av_one_half  avia-builder-el-last  \" style='border-radius:0px; '><section class=\"av_textblock_section \"  itemscope=\"itemscope\" itemtype=\"https:\/\/schema.org\/CreativeWork\" ><div class='avia_textblock  '   itemprop=\"text\" ><h2 style=\"text-align: center;\">Farbalterentwicklung Ohne \u00d6lung<\/h2>\n<\/div><\/section><br \/>\n<div  style=' margin-top:10px; margin-bottom:10px;'  class='hr hr-custom hr-center hr-icon-no   avia-builder-el-11  el_after_av_textblock  el_before_av_hr '><span class='hr-inner  inner-border-av-border-fat' style=' width:180px; border-color:#000000;' ><span class='hr-inner-style'><\/span><\/span><\/div><br \/>\n<div  style='height:20px' class='hr hr-invisible   avia-builder-el-12  el_after_av_hr  el_before_av_image '><span class='hr-inner ' ><span class='hr-inner-style'><\/span><\/span><\/div><br \/>\n<div  class='avia-image-container  av-styling-    avia-builder-el-13  el_after_av_hr  avia-builder-el-last  avia-align-center '  itemprop=\"image\" itemscope=\"itemscope\" itemtype=\"https:\/\/schema.org\/ImageObject\"  ><div class='avia-image-container-inner'><div class='avia-image-overlay-wrap'><img decoding=\"async\" class='wp-image-5947 avia-img-lazy-loading-not-5947 avia_image' src=\"https:\/\/eklandwood.com\/wp-content\/uploads\/2020\/11\/White-Ash-Colour-evolution-Photo-1030x147.jpg\" alt='White Ash Colour evolution' title='White Ash Colour evolution' height=\"147\" width=\"1030\"  itemprop=\"thumbnailUrl\" srcset=\"https:\/\/eklandwood.com\/wp-content\/uploads\/2020\/11\/White-Ash-Colour-evolution-Photo-1030x147.jpg 1030w, https:\/\/eklandwood.com\/wp-content\/uploads\/2020\/11\/White-Ash-Colour-evolution-Photo-300x43.jpg 300w, https:\/\/eklandwood.com\/wp-content\/uploads\/2020\/11\/White-Ash-Colour-evolution-Photo-768x110.jpg 768w, https:\/\/eklandwood.com\/wp-content\/uploads\/2020\/11\/White-Ash-Colour-evolution-Photo-1536x219.jpg 1536w, https:\/\/eklandwood.com\/wp-content\/uploads\/2020\/11\/White-Ash-Colour-evolution-Photo-1500x214.jpg 1500w, https:\/\/eklandwood.com\/wp-content\/uploads\/2020\/11\/White-Ash-Colour-evolution-Photo-705x101.jpg 705w, https:\/\/eklandwood.com\/wp-content\/uploads\/2020\/11\/White-Ash-Colour-evolution-Photo.jpg 1626w\" sizes=\"(max-width: 1030px) 100vw, 1030px\" \/><\/div><\/div><\/div><\/p><\/div><\/div><!--close column table wrapper. Autoclose: 1 -->\n<\/div><\/div><\/div><!-- close content main div --><\/div><\/div><div id='after_section_1'  class='main_color av_default_container_wrap container_wrap sidebar_right' style=' '  ><div class='container' ><div class='template-page content  av-content-small alpha units'><div class='post-entry post-entry-type-page post-entry-6324'><div class='entry-content-wrapper clearfix'>\n<div  style='height:10px' class='hr hr-invisible   avia-builder-el-14  el_after_av_section  el_before_av_section  avia-builder-el-no-sibling '><span class='hr-inner ' ><span class='hr-inner-style'><\/span><\/span><\/div>\n<\/div><\/div><\/div><!-- close content main div --><\/div><\/div><div id='av_section_2'  class='avia-section main_color avia-section-default avia-no-border-styling  avia-bg-style-scroll  avia-builder-el-15  el_after_av_hr  el_before_av_hr   container_wrap sidebar_right' style='background-color: #f6f2ef;  '  ><div class='container' ><div class='template-page content  av-content-small alpha units'><div class='post-entry post-entry-type-page post-entry-6324'><div class='entry-content-wrapper clearfix'>\n<div  style='height:40px' class='hr hr-invisible  av-medium-hide av-small-hide av-mini-hide  avia-builder-el-16  el_before_av_textblock  avia-builder-el-first '><span class='hr-inner ' ><span class='hr-inner-style'><\/span><\/span><\/div>\n<section class=\"av_textblock_section \"  itemscope=\"itemscope\" itemtype=\"https:\/\/schema.org\/CreativeWork\" ><div class='avia_textblock  '   itemprop=\"text\" ><p style=\"text-align: center;\">Terrassendielen sind in vielen Abmessungen und Profilen erh\u00e4ltlich.<\/p>\n<p style=\"text-align: center;\">Die Installation ist mit dem Thermory PaCS einfach.<\/p>\n<\/div><\/section>\n<div  class='avia-button-wrap avia-button-center  avia-builder-el-18  el_after_av_textblock  el_before_av_hr ' ><a href='https:\/\/eklandwood.com\/wp-content\/uploads\/2023\/08\/2023_Thermory_Decking_Profiles_Selection_Catalogue.pdf'  class='avia-button  avia-color-dark   avia-icon_select-yes-left-icon avia-size-large avia-position-center '   ><span class='avia_button_icon avia_button_icon_left ' aria-hidden='true' data-av_icon='\ue82d' data-av_iconfont='entypo-fontello'><\/span><span class='avia_iconbox_title' >Profile der Terrassendielen<\/span><\/a><\/div>\n<div  style='height:40px' class='hr hr-invisible   avia-builder-el-19  el_after_av_button  el_before_av_one_fifth '><span class='hr-inner ' ><span class='hr-inner-style'><\/span><\/span><\/div>\n<div class=\"flex_column av_one_fifth  flex_column_div av-zero-column-padding first  avia-builder-el-20  el_after_av_hr  el_before_av_three_fifth  \" style='border-radius:0px; '><\/div><div class=\"flex_column av_three_fifth  flex_column_div av-zero-column-padding   avia-builder-el-21  el_after_av_one_fifth  el_before_av_one_fifth  \" style='border-radius:0px; '><div  class='avia-gallery  avia-gallery-1 animations_off  avia_animate_when_visible  avia-builder-el-22  avia-builder-el-no-sibling '  itemprop=\"image\" itemscope=\"itemscope\" itemtype=\"https:\/\/schema.org\/ImageObject\" ><div class='avia-gallery-thumb'> <a href='https:\/\/eklandwood.com\/wp-content\/uploads\/2021\/01\/Decking-PaCS-Pine-3-1-1030x688-1.jpg' data-rel='gallery-1' data-prev-img='https:\/\/eklandwood.com\/wp-content\/uploads\/2021\/01\/Decking-PaCS-Pine-3-1-1030x688-1-495x400.jpg' class='first_thumb lightbox ' data-onclick='1' title='Decking PaCS Pine'  itemprop=\"thumbnailUrl\"  ><img decoding=\"async\" class=\"wp-image-6234 avia-img-lazy-loading-not-6234\"   src=\"https:\/\/eklandwood.com\/wp-content\/uploads\/2021\/01\/Decking-PaCS-Pine-3-1-1030x688-1-300x200.jpg\" width=\"300\" height=\"200\"  title='Decking PaCS Pine' alt='' srcset=\"https:\/\/eklandwood.com\/wp-content\/uploads\/2021\/01\/Decking-PaCS-Pine-3-1-1030x688-1-300x200.jpg 300w, https:\/\/eklandwood.com\/wp-content\/uploads\/2021\/01\/Decking-PaCS-Pine-3-1-1030x688-1-768x513.jpg 768w, https:\/\/eklandwood.com\/wp-content\/uploads\/2021\/01\/Decking-PaCS-Pine-3-1-1030x688-1-705x471.jpg 705w, https:\/\/eklandwood.com\/wp-content\/uploads\/2021\/01\/Decking-PaCS-Pine-3-1-1030x688-1-900x600.jpg 900w, https:\/\/eklandwood.com\/wp-content\/uploads\/2021\/01\/Decking-PaCS-Pine-3-1-1030x688-1.jpg 1030w\" sizes=\"(max-width: 300px) 100vw, 300px\" \/><\/a> <a href='https:\/\/eklandwood.com\/wp-content\/uploads\/2020\/11\/Decking-PaCS-2-1.jpg' data-rel='gallery-1' data-prev-img='https:\/\/eklandwood.com\/wp-content\/uploads\/2020\/11\/Decking-PaCS-2-1-495x400.jpg' class='lightbox ' data-onclick='2' title='Decking PaCS'  itemprop=\"thumbnailUrl\"  ><img decoding=\"async\" class=\"wp-image-5948 avia-img-lazy-loading-not-5948\"   src=\"https:\/\/eklandwood.com\/wp-content\/uploads\/2020\/11\/Decking-PaCS-2-1-300x200.jpg\" width=\"300\" height=\"200\"  title='Decking PaCS' alt='' srcset=\"https:\/\/eklandwood.com\/wp-content\/uploads\/2020\/11\/Decking-PaCS-2-1-300x200.jpg 300w, https:\/\/eklandwood.com\/wp-content\/uploads\/2020\/11\/Decking-PaCS-2-1-768x513.jpg 768w, https:\/\/eklandwood.com\/wp-content\/uploads\/2020\/11\/Decking-PaCS-2-1-705x471.jpg 705w, https:\/\/eklandwood.com\/wp-content\/uploads\/2020\/11\/Decking-PaCS-2-1-900x600.jpg 900w, https:\/\/eklandwood.com\/wp-content\/uploads\/2020\/11\/Decking-PaCS-2-1.jpg 1024w\" sizes=\"(max-width: 300px) 100vw, 300px\" \/><\/a> <a href='https:\/\/eklandwood.com\/wp-content\/uploads\/2023\/08\/Benchmark-e1691046194457.jpg' data-rel='gallery-1' data-prev-img='https:\/\/eklandwood.com\/wp-content\/uploads\/2023\/08\/Benchmark-495x290.jpg' class='lightbox ' data-onclick='3' title='Benchmark by Thermory'  itemprop=\"thumbnailUrl\"  ><img decoding=\"async\" class=\"wp-image-8881 avia-img-lazy-loading-not-8881\"   src=\"https:\/\/eklandwood.com\/wp-content\/uploads\/2023\/08\/Benchmark-300x93.jpg\" width=\"300\" height=\"93\"  title='Benchmark by Thermory' alt='Benchmark by Thermory' srcset=\"https:\/\/eklandwood.com\/wp-content\/uploads\/2023\/08\/Benchmark-300x93.jpg 300w, https:\/\/eklandwood.com\/wp-content\/uploads\/2023\/08\/Benchmark-768x239.jpg 768w, https:\/\/eklandwood.com\/wp-content\/uploads\/2023\/08\/Benchmark-705x219.jpg 705w, https:\/\/eklandwood.com\/wp-content\/uploads\/2023\/08\/Benchmark.jpg 933w\" sizes=\"(max-width: 300px) 100vw, 300px\" \/><\/a><\/div><\/div><\/div><div class=\"flex_column av_one_fifth  flex_column_div av-zero-column-padding   avia-builder-el-23  el_after_av_three_fifth  avia-builder-el-last  \" style='border-radius:0px; '><\/div><\/div><\/div><\/div><!-- close content main div --><\/div><\/div><div id='after_section_2'  class='main_color av_default_container_wrap container_wrap sidebar_right' style=' '  ><div class='container' ><div class='template-page content  av-content-small alpha units'><div class='post-entry post-entry-type-page post-entry-6324'><div class='entry-content-wrapper clearfix'><div  style='height:10px' class='hr hr-invisible   avia-builder-el-24  el_after_av_section  el_before_av_hr  avia-builder-el-first '><span class='hr-inner ' ><span class='hr-inner-style'><\/span><\/span><\/div><\/p>\n<div  style='height:10px' class='hr hr-invisible  av-small-hide av-mini-hide  avia-builder-el-25  el_after_av_hr  avia-builder-el-last '><span class='hr-inner ' ><span class='hr-inner-style'><\/span><\/span><\/div>\n","protected":false},"excerpt":{"rendered":"","protected":false},"author":3,"featured_media":6237,"parent":0,"menu_order":0,"comment_status":"closed","ping_status":"closed","template":"","meta":{"inline_featured_image":false,"footnotes":""},"class_list":["post-6324","page","type-page","status-publish","has-post-thumbnail","hentry"],"_links":{"self":[{"href":"https:\/\/eklandwood.com\/de\/wp-json\/wp\/v2\/pages\/6324","targetHints":{"allow":["GET"]}}],"collection":[{"href":"https:\/\/eklandwood.com\/de\/wp-json\/wp\/v2\/pages"}],"about":[{"href":"https:\/\/eklandwood.com\/de\/wp-json\/wp\/v2\/types\/page"}],"author":[{"embeddable":true,"href":"https:\/\/eklandwood.com\/de\/wp-json\/wp\/v2\/users\/3"}],"replies":[{"embeddable":true,"href":"https:\/\/eklandwood.com\/de\/wp-json\/wp\/v2\/comments?post=6324"}],"version-history":[{"count":22,"href":"https:\/\/eklandwood.com\/de\/wp-json\/wp\/v2\/pages\/6324\/revisions"}],"predecessor-version":[{"id":9332,"href":"https:\/\/eklandwood.com\/de\/wp-json\/wp\/v2\/pages\/6324\/revisions\/9332"}],"wp:featuredmedia":[{"embeddable":true,"href":"https:\/\/eklandwood.com\/de\/wp-json\/wp\/v2\/media\/6237"}],"wp:attachment":[{"href":"https:\/\/eklandwood.com\/de\/wp-json\/wp\/v2\/media?parent=6324"}],"curies":[{"name":"wp","href":"https:\/\/api.w.org\/{rel}","templated":true}]}}