{"id":6302,"date":"2022-09-07T14:25:35","date_gmt":"2022-09-07T11:25:35","guid":{"rendered":"https:\/\/eklandwood.com\/ueber-uns\/"},"modified":"2023-09-01T10:21:09","modified_gmt":"2023-09-01T07:21:09","slug":"ueber-uns","status":"publish","type":"page","link":"https:\/\/eklandwood.com\/de\/ueber-uns\/","title":{"rendered":"\u00dcber uns"},"content":{"rendered":"<div  style='height:10px' class='hr hr-invisible   avia-builder-el-0  el_before_av_section  avia-builder-el-no-sibling '><span class='hr-inner ' ><span class='hr-inner-style'><\/span><\/span><\/div>\n<\/div><\/div><\/div><!-- close content main div --><\/div><\/div><div id='av_section_1'  class='avia-section main_color avia-section-default avia-no-border-styling  avia-bg-style-scroll  avia-builder-el-1  el_after_av_hr  el_before_av_hr   container_wrap sidebar_right' style='background-color: #f6f2ef;  '  ><div class='container' ><div class='template-page content  av-content-small alpha units'><div class='post-entry post-entry-type-page post-entry-6302'><div class='entry-content-wrapper clearfix'>\n<div class='flex_column_table av-equal-height-column-flextable -flextable' style='margin-top:0px; margin-bottom:0px; '><div class=\"flex_column av_one_half  no_margin flex_column_table_cell av-equal-height-column av-align-middle first  avia-builder-el-2  el_before_av_one_half  avia-builder-el-first  mobile-padding \" style='padding:0px 100px 0px 100px ; border-radius:0px; '><p><div  style='height:100px' class='hr hr-invisible  av-small-hide av-mini-hide  avia-builder-el-3  el_before_av_hr  avia-builder-el-first '><span class='hr-inner ' ><span class='hr-inner-style'><\/span><\/span><\/div><br \/>\n<div  style='height:20px' class='hr hr-invisible  av-desktop-hide av-medium-hide  avia-builder-el-4  el_after_av_hr  el_before_av_textblock '><span class='hr-inner ' ><span class='hr-inner-style'><\/span><\/span><\/div><br \/>\n<section class=\"av_textblock_section \"  itemscope=\"itemscope\" itemtype=\"https:\/\/schema.org\/CreativeWork\" ><div class='avia_textblock  '   itemprop=\"text\" ><h2 style=\"text-align: center;\">Einleitung<\/h2>\n<\/div><\/section><br \/>\n<div  style=' margin-top:10px; margin-bottom:10px;'  class='hr hr-custom hr-center hr-icon-no   avia-builder-el-6  el_after_av_textblock  el_before_av_textblock '><span class='hr-inner  inner-border-av-border-fat' style=' width:180px; border-color:#000000;' ><span class='hr-inner-style'><\/span><\/span><\/div><br \/>\n<section class=\"av_textblock_section \"  itemscope=\"itemscope\" itemtype=\"https:\/\/schema.org\/CreativeWork\" ><div class='avia_textblock  '   itemprop=\"text\" ><section class=\"av_textblock_section \">\n<div class=\"avia_textblock \">\n<p style=\"text-align: center;\">Ekland Wood\u00a0ist ein Familienunternehmen, das sich auf thermisch bearbeitete Holzl\u00f6sungen f\u00fcr Wohn- und Gesch\u00e4ftsgeb\u00e4ude in Skandinavien und im Vereinigten K\u00f6nigreich spezialisiert hat.<\/p>\n<p style=\"text-align: center;\">Thermisch bearbeitetes Holz ist das Ergebnis einer chemiefreien Dampfbehandlung von Holz, wodurch es haltbarer und formstabiler wird.\u00a0 Das Verfahren f\u00fchrt auch dazu, dass das Holz je nach der verwendeten W\u00e4rmeintensit\u00e4t eine tiefbraune Farbe annimmt.<\/p>\n<p style=\"text-align: center;\">Thermory thermisch bearbeitete Kiefer tr\u00e4gt das\u00a0<a href=\"https:\/\/eklandwood.com\/wp-content\/uploads\/2023\/09\/NORDIC_SWAN_ECOLABEL_certificate_thermory_valid31122023_EN.pdf\">Nordic Swan Ecolabel<\/a>. Dies bedeutet, dass das Holz aus verantwortungsvoll bewirtschafteten W\u00e4ldern stammt, frei von Chemikalien und bei der Verwendung im Freien \u00e4u\u00dferst haltbar ist. Eschenholz wird aus Nordamerika und Europa bezogen, wobei die Auswahlkriterien auf h\u00f6chster Qualit\u00e4t und geringster Umweltbelastung beruhen.<\/p>\n<p style=\"text-align: center;\">Wir arbeiten mit Architekten und Innenarchitekten in ganz Skandinavien und im Vereinigten K\u00f6nigreich zusammen, wo verantwortungsvoll beschafftes, thermisch behandeltes Holz f\u00fcr den Einsatz in Wohnh\u00e4usern und \u00f6ffentlichen Geb\u00e4uden immer beliebter wird.<\/p>\n<\/div>\n<\/section>\n<\/div><\/section><br \/>\n<div  style='height:10px' class='hr hr-invisible  av-desktop-hide av-medium-hide  avia-builder-el-8  el_after_av_textblock  el_before_av_hr '><span class='hr-inner ' ><span class='hr-inner-style'><\/span><\/span><\/div><br \/>\n<div  style='height:100px' class='hr hr-invisible  av-small-hide av-mini-hide  avia-builder-el-9  el_after_av_hr  avia-builder-el-last '><span class='hr-inner ' ><span class='hr-inner-style'><\/span><\/span><\/div><\/p><\/div><div class=\"flex_column av_one_half  avia-full-stretch no_margin flex_column_table_cell av-equal-height-column av-align-middle av-zero-column-padding   avia-builder-el-10  el_after_av_one_half  avia-builder-el-last  mobile-img \" style='background:url(https:\/\/eklandwood.com\/wp-content\/uploads\/2023\/01\/Kiikri6-2-1030x687.jpg) center center no-repeat  #fdf1e0; background-color:#fdf1e0; border-radius:0px; '><\/div><\/div><!--close column table wrapper. Autoclose: 1 --><\/div><\/div><\/div><!-- close content main div --><\/div><\/div><div id='after_section_1'  class='main_color av_default_container_wrap container_wrap sidebar_right' style=' '  ><div class='container' ><div class='template-page content  av-content-small alpha units'><div class='post-entry post-entry-type-page post-entry-6302'><div class='entry-content-wrapper clearfix'><div  style='height:10px' class='hr hr-invisible   avia-builder-el-11  el_after_av_section  avia-builder-el-no-sibling '><span class='hr-inner ' ><span class='hr-inner-style'><\/span><\/span><\/div><\/p>\n","protected":false},"excerpt":{"rendered":"","protected":false},"author":3,"featured_media":0,"parent":0,"menu_order":0,"comment_status":"closed","ping_status":"closed","template":"","meta":{"inline_featured_image":false,"footnotes":""},"class_list":["post-6302","page","type-page","status-publish","hentry"],"_links":{"self":[{"href":"https:\/\/eklandwood.com\/de\/wp-json\/wp\/v2\/pages\/6302","targetHints":{"allow":["GET"]}}],"collection":[{"href":"https:\/\/eklandwood.com\/de\/wp-json\/wp\/v2\/pages"}],"about":[{"href":"https:\/\/eklandwood.com\/de\/wp-json\/wp\/v2\/types\/page"}],"author":[{"embeddable":true,"href":"https:\/\/eklandwood.com\/de\/wp-json\/wp\/v2\/users\/3"}],"replies":[{"embeddable":true,"href":"https:\/\/eklandwood.com\/de\/wp-json\/wp\/v2\/comments?post=6302"}],"version-history":[{"count":10,"href":"https:\/\/eklandwood.com\/de\/wp-json\/wp\/v2\/pages\/6302\/revisions"}],"predecessor-version":[{"id":9759,"href":"https:\/\/eklandwood.com\/de\/wp-json\/wp\/v2\/pages\/6302\/revisions\/9759"}],"wp:attachment":[{"href":"https:\/\/eklandwood.com\/de\/wp-json\/wp\/v2\/media?parent=6302"}],"curies":[{"name":"wp","href":"https:\/\/api.w.org\/{rel}","templated":true}]}}