{"id":13259,"date":"2026-05-14T09:31:48","date_gmt":"2026-05-14T06:31:48","guid":{"rendered":"https:\/\/eklandwood.com\/gartenhaeuser-gartenstudios\/"},"modified":"2026-05-14T09:31:49","modified_gmt":"2026-05-14T06:31:49","slug":"gartenhaeuser-gartenstudios","status":"publish","type":"page","link":"https:\/\/eklandwood.com\/de\/gartenhaeuser-gartenstudios\/","title":{"rendered":"Gartenh\u00e4user &#038; Gartenstudios"},"content":{"rendered":"<div  style='height:10px' class='hr hr-invisible   avia-builder-el-0  el_before_av_section  avia-builder-el-no-sibling '><span class='hr-inner ' ><span class='hr-inner-style'><\/span><\/span><\/div>\n<\/div><\/div><\/div><!-- close content main div --><\/div><\/div><div id='av_section_1'  class='avia-section main_color avia-section-default avia-no-border-styling  avia-bg-style-scroll  avia-builder-el-1  el_after_av_hr  el_before_av_hr   container_wrap sidebar_right' style='background-color: #f6f2ef;  '  ><div class='container' ><div class='template-page content  av-content-small alpha units'><div class='post-entry post-entry-type-page post-entry-13259'><div class='entry-content-wrapper clearfix'>\n<div class='flex_column_table av-equal-height-column-flextable -flextable' style='margin-top:0px; margin-bottom:0px; '><div class=\"flex_column av_one_half  no_margin flex_column_table_cell av-equal-height-column av-align-middle first  avia-builder-el-2  el_before_av_one_half  avia-builder-el-first  mobile-padding \" style='padding:0px 100px 0px 100px ; border-radius:0px; '><p><div  style='height:100px' class='hr hr-invisible   avia-builder-el-3  el_before_av_textblock  avia-builder-el-first '><span class='hr-inner ' ><span class='hr-inner-style'><\/span><\/span><\/div><br \/>\n<section class=\"av_textblock_section \"  itemscope=\"itemscope\" itemtype=\"https:\/\/schema.org\/CreativeWork\" ><div class='avia_textblock  '   itemprop=\"text\" ><h2 style=\"text-align: center;\">Gartenh\u00e4user &amp; Gartenstudios<\/h2>\n<\/div><\/section><br \/>\n<div  style=' margin-top:10px; margin-bottom:10px;'  class='hr hr-custom hr-center hr-icon-no   avia-builder-el-5  el_after_av_textblock  el_before_av_textblock '><span class='hr-inner  inner-border-av-border-fat' style=' width:180px; border-color:#000000;' ><span class='hr-inner-style'><\/span><\/span><\/div><br \/>\n<section class=\"av_textblock_section \"  itemscope=\"itemscope\" itemtype=\"https:\/\/schema.org\/CreativeWork\" ><div class='avia_textblock  '   itemprop=\"text\" ><p style=\"text-align: center;\">Unsere thermisch modifizierten und verkohlten Holzprodukte eignen sich ideal als Fassadenverkleidung f\u00fcr Gartenstudios, Gartenh\u00e4user und Homeoffices.<\/p>\n<p style=\"text-align: center;\">Diese vielseitigen R\u00e4ume k\u00f6nnen zum Empfang von Familie und Freunden, als Hobbyraum, G\u00e4steunterkunft oder Spielzimmer f\u00fcr Kinder genutzt werden.<\/p>\n<p style=\"text-align: center;\">In Zusammenarbeit mit dem renommierten Architekturb\u00fcro George &amp; James Architects in West Sussex lieferten wir unsere verkohlte und geb\u00fcrstete \u00f6sterreichische L\u00e4rche f\u00fcr ein Gartenstudio-Projekt in der N\u00e4he von Godalming. Dieses ist auf dem Foto rechts zu sehen.<\/p>\n<\/div><\/section><br \/>\n<div  style='height:30px' class='hr hr-invisible  av-desktop-hide av-medium-hide  avia-builder-el-7  el_after_av_textblock  el_before_av_hr '><span class='hr-inner ' ><span class='hr-inner-style'><\/span><\/span><\/div><br \/>\n<div  style='height:50px' class='hr hr-invisible  av-small-hide av-mini-hide  avia-builder-el-8  el_after_av_hr  avia-builder-el-last '><span class='hr-inner ' ><span class='hr-inner-style'><\/span><\/span><\/div><\/p><\/div><div class=\"flex_column av_one_half  no_margin flex_column_table_cell av-equal-height-column av-align-middle av-zero-column-padding   avia-builder-el-9  el_after_av_one_half  avia-builder-el-last  \" style='border-radius:0px; '><div  class='avia-gallery  avia-gallery-1 avia_lazyload avia-gallery-animate avia_animate_when_visible  avia-builder-el-10  avia-builder-el-no-sibling '  itemprop=\"image\" itemscope=\"itemscope\" itemtype=\"https:\/\/schema.org\/ImageObject\" ><div class='avia-gallery-thumb'> <a href='https:\/\/eklandwood.com\/wp-content\/uploads\/2025\/03\/George-and-James-charred-wood-project-1-e1742197281832.jpeg' data-rel='gallery-1' data-prev-img='https:\/\/eklandwood.com\/wp-content\/uploads\/2025\/03\/George-and-James-charred-wood-project-1-495x400.jpeg' class='first_thumb lightbox ' data-onclick='1' title='Product: Austrian Larch, charred, brushed and oiled. Architects: George &#038; James Architects'  itemprop=\"thumbnailUrl\"  ><img decoding=\"async\" class=\"wp-image-11167 avia-img-lazy-loading-not-11167\"  data-avia-tooltip='Product: Austrian Larch, charred, brushed and oiled. Architects: George &#038; James Architects' src=\"https:\/\/eklandwood.com\/wp-content\/uploads\/2025\/03\/George-and-James-charred-wood-project-1-710x375.jpeg\" width=\"710\" height=\"375\"  title='Gartenraum, Surrey, England' alt='Private house, Sweden' \/><\/a> <a href='https:\/\/eklandwood.com\/wp-content\/uploads\/2025\/11\/Charred-Austrian-Larch-Garden-Room-833x1030.jpeg' data-rel='gallery-1' data-prev-img='https:\/\/eklandwood.com\/wp-content\/uploads\/2025\/11\/Charred-Austrian-Larch-Garden-Room-495x400.jpeg' class='lightbox ' data-onclick='2' title='Product: Austrian Larch, charred, brushed and oiled. Architects: George &amp; James Architects'  itemprop=\"thumbnailUrl\"  ><img decoding=\"async\" class=\"wp-image-13142 avia-img-lazy-loading-not-13142\"   src=\"https:\/\/eklandwood.com\/wp-content\/uploads\/2025\/11\/Charred-Austrian-Larch-Garden-Room-710x375.jpeg\" width=\"710\" height=\"375\"  title='Product: Austrian Larch, charred, brushed and oiled. Architects: George &amp; James Architects' alt='' \/><\/a> <a href='https:\/\/eklandwood.com\/wp-content\/uploads\/2025\/11\/Charred-Austrian-Larch-Garden-Room-close-up-825x1030.jpeg' data-rel='gallery-1' data-prev-img='https:\/\/eklandwood.com\/wp-content\/uploads\/2025\/11\/Charred-Austrian-Larch-Garden-Room-close-up-495x400.jpeg' class='first_thumb lightbox ' data-onclick='3' title='Product: Austrian Larch, charred, brushed and oiled. Architects: George &#038; James Architects'  itemprop=\"thumbnailUrl\"  ><img decoding=\"async\" class=\"wp-image-13143 avia-img-lazy-loading-not-13143\"  data-avia-tooltip='Product: Austrian Larch, charred, brushed and oiled. Architects: George &#038; James Architects' src=\"https:\/\/eklandwood.com\/wp-content\/uploads\/2025\/11\/Charred-Austrian-Larch-Garden-Room-close-up-710x375.jpeg\" width=\"710\" height=\"375\"  title='Product: Austrian Larch, charred, brushed and oiled. Architects: George &amp; James Architects' alt='' \/><\/a> <a href='https:\/\/eklandwood.com\/wp-content\/uploads\/2025\/03\/Garden-room-Surrey-England.jpg' data-rel='gallery-1' data-prev-img='https:\/\/eklandwood.com\/wp-content\/uploads\/2025\/03\/Garden-room-Surrey-England-495x400.jpg' class='lightbox ' data-onclick='4' title='Product: Austrian Larch, charred, brushed and oiled. Architects: George &#038; James Architects'  itemprop=\"thumbnailUrl\"  ><img decoding=\"async\" class=\"wp-image-11201 avia-img-lazy-loading-not-11201\"  data-avia-tooltip='Product: Austrian Larch, charred, brushed and oiled. Architects: George &#038; James Architects' src=\"https:\/\/eklandwood.com\/wp-content\/uploads\/2025\/03\/Garden-room-Surrey-England-710x375.jpg\" width=\"710\" height=\"375\"  title='Gartenraum, Surrey, England' alt='' \/><\/a><\/div><\/div><\/div><\/div><!--close column table wrapper. Autoclose: 1 --><\/div><\/div><\/div><!-- close content main div --><\/div><\/div><div id='after_section_1'  class='main_color av_default_container_wrap container_wrap sidebar_right' style=' '  ><div class='container' ><div class='template-page content  av-content-small alpha units'><div class='post-entry post-entry-type-page post-entry-13259'><div class='entry-content-wrapper clearfix'><div  style='height:10px' class='hr hr-invisible   avia-builder-el-11  el_after_av_section  el_before_av_section  avia-builder-el-no-sibling '><span class='hr-inner ' ><span class='hr-inner-style'><\/span><\/span><\/div><\/p>\n<\/div><\/div><\/div><!-- close content main div --><\/div><\/div><div id='av_section_2'  class='avia-section main_color avia-section-default avia-no-border-styling  avia-bg-style-scroll  avia-builder-el-12  el_after_av_hr  el_before_av_hr   container_wrap sidebar_right' style='background-color: #f6f2ef;  '  ><div class='container' ><div class='template-page content  av-content-small alpha units'><div class='post-entry post-entry-type-page post-entry-13259'><div class='entry-content-wrapper clearfix'>\n<div class='flex_column_table av-equal-height-column-flextable -flextable' style='margin-top:0px; margin-bottom:0px; '><div class=\"flex_column av_one_half  avia-full-stretch no_margin flex_column_table_cell av-equal-height-column av-align-middle first  avia-builder-el-13  el_before_av_one_half  avia-builder-el-first  mobile-img \" style='padding:0px 0px 0px 25px ; border-radius:0px; '><div  class='avia-image-container  av-styling-  av-has-copyright av-copyright-always   avia-builder-el-14  avia-builder-el-no-sibling  avia-align-center '  itemprop=\"image\" itemscope=\"itemscope\" itemtype=\"https:\/\/schema.org\/ImageObject\"  ><div class='avia-image-container-inner'><div class='avia-image-overlay-wrap'><img decoding=\"async\" class='wp-image-13258 avia-img-lazy-loading-not-13258 avia_image' src=\"https:\/\/eklandwood.com\/wp-content\/uploads\/2025\/11\/Benchmark-thermo-pine-cladding-and-decking.-Architect-Mari-Hunt.-Photo-Maria-Ilves-900x600.jpg\" alt='' title='Product: Thermory Benchmark thermo-pine cladding and decking. Architect: Mari Hunt. Photo: Maria Ilves' height=\"600\" width=\"900\"  itemprop=\"thumbnailUrl\"  \/><\/div><small class='avia-copyright'>Product: Thermory Benchmark thermo-pine cladding and decking. Architect: Mari Hunt. Photo: Maria Ilves<\/small><\/div><\/div><\/div><div class=\"flex_column av_one_half  no_margin flex_column_table_cell av-equal-height-column av-align-middle   avia-builder-el-15  el_after_av_one_half  avia-builder-el-last  mobile-padding \" style='padding:0px 100px 0px 100px ; border-radius:0px; '><p><div  style='height:10px' class='hr hr-invisible   avia-builder-el-16  el_before_av_hr  avia-builder-el-first '><span class='hr-inner ' ><span class='hr-inner-style'><\/span><\/span><\/div><br \/>\n<div  style='height:10px' class='hr hr-invisible   avia-builder-el-17  el_after_av_hr  el_before_av_hr '><span class='hr-inner ' ><span class='hr-inner-style'><\/span><\/span><\/div><br \/>\n<div  style='height:10px' class='hr hr-invisible   avia-builder-el-18  el_after_av_hr  el_before_av_textblock '><span class='hr-inner ' ><span class='hr-inner-style'><\/span><\/span><\/div><br \/>\n<section class=\"av_textblock_section \"  itemscope=\"itemscope\" itemtype=\"https:\/\/schema.org\/CreativeWork\" ><div class='avia_textblock  '   itemprop=\"text\" ><h2 style=\"text-align: center;\">Gartenb\u00fcros<\/h2>\n<\/div><\/section><br \/>\n<div  style=' margin-top:10px; margin-bottom:10px;'  class='hr hr-custom hr-center hr-icon-no   avia-builder-el-20  el_after_av_textblock  el_before_av_textblock '><span class='hr-inner  inner-border-av-border-fat' style=' width:180px; border-color:#000000;' ><span class='hr-inner-style'><\/span><\/span><\/div><br \/>\n<section class=\"av_textblock_section \"  itemscope=\"itemscope\" itemtype=\"https:\/\/schema.org\/CreativeWork\" ><div class='avia_textblock  '   itemprop=\"text\" ><p data-start=\"702\" data-end=\"886\">Gartenh\u00e4user und Gartenstudios steigern den Wert einer Immobilie erheblich und bieten zus\u00e4tzlich den Vorteil, ungest\u00f6rt und in ruhiger Atmosph\u00e4re von zu Hause aus arbeiten zu k\u00f6nnen.<\/p>\n<p data-start=\"888\" data-end=\"1299\">Die auf dem Foto links gezeigte Kabine wurde f\u00fcr einen skandinavischen Kunden gebaut und bietet 17 m\u00b2 nutzbare Grundfl\u00e4che sowie einen kleinen Schlafbereich im Loftstil dar\u00fcber. Unsere thermisch modifizierte Kiefer wurde sowohl im Innen- als auch im Au\u00dfenbereich als Verkleidung eingesetzt. Die Au\u00dfenpaneele wurden bewusst unbehandelt gelassen, sodass sie im Laufe der Zeit eine silbergraue Patina entwickeln.<\/p>\n<p data-start=\"1301\" data-end=\"1488\">Wir bieten Fassaden- und Verkleidungsbretter aus thermisch modifizierter Esche, Kiefer, astreiner Kiefer und Fichte sowie Varianten aus verkohlter \u00f6sterreichischer L\u00e4rche und Kiefer an.<\/p>\n<p data-start=\"1490\" data-end=\"1565\" data-is-last-node=\"\" data-is-only-node=\"\"><strong data-start=\"1490\" data-end=\"1504\">Holzarten:<\/strong> Thermoesche, Kiefer und Fichte. Verkohlte L\u00e4rche und Fichte.<\/p>\n<\/div><\/section><br \/>\n<div  style='height:10px' class='hr hr-invisible  av-desktop-hide av-medium-hide  avia-builder-el-22  el_after_av_textblock  el_before_av_hr '><span class='hr-inner ' ><span class='hr-inner-style'><\/span><\/span><\/div><br \/>\n<div  style='height:100px' class='hr hr-invisible  av-small-hide av-mini-hide  avia-builder-el-23  el_after_av_hr  avia-builder-el-last '><span class='hr-inner ' ><span class='hr-inner-style'><\/span><\/span><\/div><\/p><\/div><\/div><!--close column table wrapper. Autoclose: 1 --><\/div><\/div><\/div><!-- close content main div --><\/div><\/div><div id='after_section_2'  class='main_color av_default_container_wrap container_wrap sidebar_right' style=' '  ><div class='container' ><div class='template-page content  av-content-small alpha units'><div class='post-entry post-entry-type-page post-entry-13259'><div class='entry-content-wrapper clearfix'><div  style='height:10px' class='hr hr-invisible   avia-builder-el-24  el_after_av_section  avia-builder-el-no-sibling '><span class='hr-inner ' ><span class='hr-inner-style'><\/span><\/span><\/div><\/p>\n","protected":false},"excerpt":{"rendered":"","protected":false},"author":4,"featured_media":13142,"parent":0,"menu_order":0,"comment_status":"closed","ping_status":"closed","template":"","meta":{"inline_featured_image":false,"footnotes":""},"class_list":["post-13259","page","type-page","status-publish","has-post-thumbnail","hentry"],"_links":{"self":[{"href":"https:\/\/eklandwood.com\/de\/wp-json\/wp\/v2\/pages\/13259","targetHints":{"allow":["GET"]}}],"collection":[{"href":"https:\/\/eklandwood.com\/de\/wp-json\/wp\/v2\/pages"}],"about":[{"href":"https:\/\/eklandwood.com\/de\/wp-json\/wp\/v2\/types\/page"}],"author":[{"embeddable":true,"href":"https:\/\/eklandwood.com\/de\/wp-json\/wp\/v2\/users\/4"}],"replies":[{"embeddable":true,"href":"https:\/\/eklandwood.com\/de\/wp-json\/wp\/v2\/comments?post=13259"}],"version-history":[{"count":3,"href":"https:\/\/eklandwood.com\/de\/wp-json\/wp\/v2\/pages\/13259\/revisions"}],"predecessor-version":[{"id":13262,"href":"https:\/\/eklandwood.com\/de\/wp-json\/wp\/v2\/pages\/13259\/revisions\/13262"}],"wp:featuredmedia":[{"embeddable":true,"href":"https:\/\/eklandwood.com\/de\/wp-json\/wp\/v2\/media\/13142"}],"wp:attachment":[{"href":"https:\/\/eklandwood.com\/de\/wp-json\/wp\/v2\/media?parent=13259"}],"curies":[{"name":"wp","href":"https:\/\/api.w.org\/{rel}","templated":true}]}}